{"id":2056,"date":"2011-08-20T17:31:49","date_gmt":"2011-08-20T15:31:49","guid":{"rendered":"http:\/\/museumek.eu\/?page_id=2056"},"modified":"2021-05-29T10:32:22","modified_gmt":"2021-05-29T08:32:22","slug":"dxiii1","status":"publish","type":"page","link":"http:\/\/museumek.eu\/?page_id=2056","title":{"rendered":"D\/XIII\/1"},"content":{"rendered":"<p><strong>Abteilung Deutschland, Keramik 1860 \u2013 1960, Inventarnummer D\/XIII\/1<\/strong><\/p>\n<p>Porzellanfabriken Lorenz Hutschenreuther AG, vormals Porzellanfabrik Lorenz Hutschenreuther, Deutschland, Selb, um 1924 &#8211; 1939, Figur Habicht (Entwurf vor 1913), K\u00fcnstler Fritz Klee, Werks.-Nr. ohne, Exemplar Nr. ohne, gemarkt Firmenmarke Oval mit L\u00f6wen und LHS, dar\u00fcber Hutschenreuther, darunter Selb Bavaria sowie Abteilung f\u00fcr Kunst gr\u00fcner Stempel unter Glasur, gerahmter Entwurfstempel mit Entwurf: Professor Fritz Klee Direktor der K. (Keramischen) Fachschule Selb gr\u00fcner Stempel unter Glasur, nicht signiert, Literatur: J. G. Th. Graesse und E. Jaennicke, F\u00fchrer f\u00fcr Sammler von Porzellan und Fayence, Steinzeug, Steingut usw., Seite 509, Marke Nr. 4 identisch, weitere Literatur: Ellen Mey, Im Zeichen des L\u00f6wen, Die Kunstabteilung Lorenz Hutschenreuther, Selb, 1918 &#8211; 1945 mit Werkverzeichnis, Seite 270, Nr. 61 identischer Habicht abgebildet, Seite 458, Marke Nr. 2 identisch, weitere Literatur: Emanuel Poche, Porzellanmarken, Marke 1118 identisch (dort nur die Ovalmarke ohne Beschriftung abgebildet, Marke f\u00fcr die Zeit nach 1920 bis 1938), weitere Literatur: Gustav Wei\u00df, Ullstein Porzellanbuch, Seite 302, Beschreibung der Fabrik sowie Marke Nr. 6 identisch (dort nur die Ovalmarke ohne Beschriftung abgebildet), weitere Literatur: Otto Pelka, Keramik der Neuzeit, Markentafel IX, Markenkasten Mr. 139 (dort die Ovalmarke mit \u00e4hnlicher Beschriftung abgebildet), Seite 212, Herstellerverzeichnis, Selb, Porzellanfabriken Lorenz Hutschenreuther AG, 139 sowie Seite 218, Namenverzeichnis, Hutschenreuther, Lorenz, 66, M 139, 1856 gr\u00fcndete der Sohn des Porzellanfabrikanten Carolus (Carl) Magnus Hutschenreuther, Porzellanfabrikant in Hohenberg an der Eger, Lorenz Hutschenreuther (geb. 1817, gest. 1886), der vormals in der v\u00e4terlichen Fabrik t\u00e4tig war, die Porzellanfabrik Lorenz Hutschenreuther, die erste Produktionsst\u00e4tte befand sich in der Ludwigsm\u00fchle in Selb, dann wurde eine neue Fabrik gebaut, die 1859 in Betrieb genommen wurde, 1864 wurde die Fabrik erweitert und der Schwager Hans Pabst als Teilhaber aufgenommen, Lorenz Hutschenreuther zog sich 1877 aus der Fabrik zur\u00fcck und seine S\u00f6hne Viktor Hutschenreuther (geb. 1854, gest. 1907) und Eugen Hutschenreuther (geb. 1860, gest. 1899) \u00fcbernahmen zusammen mit Hans Pabst, die Leitung der Fabrik, ab 1880 arbeitete Leopold Gmelin als k\u00fcnstlerischer Leiter in der Fabrik, bis zum Anfang der 1880&#8217;ziger Jahre wurde nur weisses Gebrauchsgeschirr hergestellt, dann wurde auch fein dekoriertes Tafelgeschirr und Hotelporzellan hergestellt, 1902 wurde die Fabrik in eine AG umgewandelt und firmierte als Porzellanfabriken Lorenz Hutschenreuther AG, beteiligt war das Meininger Bankhaus Strupp, 1906 wurde die Porzellanfabrik J\u00e4ger, Werner &#038; Co. \u00fcbernommen, interne Bezeichnung f\u00fcr diese Fabrik &#8222;Abteilung B&#8220;, 1917 wurde die Porzellanfabrik Paul M\u00fcller in Selb \u00fcbernommen und eine Kunstabteilung gegr\u00fcndet, die in der ehemaligen M\u00fcller&#8216; schen Fabrik produzierte, die Lorenz Hutschenreuther Fabriken konnten das Kaolin aus den eigenen Gruben in Fischern (B\u00f6hmen) nutzen, 1927 wurde die Porzellanfabrik Tirschenreuth zugekauft, wohl ungef\u00e4hr zur gleichen Zeit, die Porzellanfabrik Gebr. Bauscher, 1928 wurde die Porzellanfabrik K\u00f6nigszelt AG zugekauft, 1930 erwarb die Fabrik von der Mei\u00dfner Ofen- und Porzellanfabrik, vorm. C. Teichert, die Formen &#8222;Neuer Ausschnitt&#8220; und &#8222;Brandenstein&#8220; sowie Dekorkopien &#8222;Zwiebelmuster&#8220; und &#8222;Alt-Meissner Blumen&#8220;, 1969 \u00fcbernahm die Fabrik die Aktienmehrheit der C. M. Hutschenreuther AG, 1972 Fusion mit der Kahla AG, H\u00f6he 20 cm, Breite 19 cm<\/p>\n<p><a href=\"http:\/\/museumek.eu\/wp-content\/uploads\/2011\/08\/Museum-Europ\u00e4ischer-Keramikkunst-Qualit\u00e4tsfotos-418.jpg\"><img loading=\"lazy\" src=\"http:\/\/museumek.eu\/wp-content\/uploads\/2011\/08\/Museum-Europ\u00e4ischer-Keramikkunst-Qualit\u00e4tsfotos-418-201x300.jpg\" alt=\"\" title=\"Museum Europ\u00e4ischer Keramikkunst Qualit\u00e4tsfotos 418\" width=\"201\" height=\"300\" class=\"alignnone size-medium wp-image-2057\" srcset=\"http:\/\/museumek.eu\/wp-content\/uploads\/2011\/08\/Museum-Europ\u00e4ischer-Keramikkunst-Qualit\u00e4tsfotos-418-201x300.jpg 201w, http:\/\/museumek.eu\/wp-content\/uploads\/2011\/08\/Museum-Europ\u00e4ischer-Keramikkunst-Qualit\u00e4tsfotos-418.jpg 548w\" sizes=\"(max-width: 201px) 100vw, 201px\" \/><\/a><\/p>\n<p><a href=\"http:\/\/museumek.eu\/wp-content\/uploads\/2011\/08\/Museum-Europ\u00e4ischer-Keramikkunst-734.jpg\"><img loading=\"lazy\" src=\"http:\/\/museumek.eu\/wp-content\/uploads\/2011\/08\/Museum-Europ\u00e4ischer-Keramikkunst-734-179x300.jpg\" alt=\"\" title=\"Museum Europ\u00e4ischer Keramikkunst 734\" width=\"179\" height=\"300\" class=\"alignnone size-medium wp-image-2058\" srcset=\"http:\/\/museumek.eu\/wp-content\/uploads\/2011\/08\/Museum-Europ\u00e4ischer-Keramikkunst-734-179x300.jpg 179w, http:\/\/museumek.eu\/wp-content\/uploads\/2011\/08\/Museum-Europ\u00e4ischer-Keramikkunst-734.jpg 477w\" sizes=\"(max-width: 179px) 100vw, 179px\" \/><\/a><\/p>\n","protected":false},"excerpt":{"rendered":"<p>Abteilung Deutschland, Keramik 1860 \u2013 1960, Inventarnummer D\/XIII\/1 Porzellanfabriken Lorenz Hutschenreuther AG, vormals Porzellanfabrik Lorenz Hutschenreuther, Deutschland, Selb, um 1924 &#8211; 1939, Figur Habicht (Entwurf vor 1913), K\u00fcnstler Fritz Klee, Werks.-Nr. ohne, Exemplar Nr. ohne, gemarkt Firmenmarke Oval mit L\u00f6wen &hellip; <a href=\"http:\/\/museumek.eu\/?page_id=2056\">Weiterlesen <span class=\"meta-nav\">&rarr;<\/span><\/a><\/p>\n","protected":false},"author":1,"featured_media":0,"parent":2053,"menu_order":1,"comment_status":"closed","ping_status":"closed","template":"","meta":[],"_links":{"self":[{"href":"http:\/\/museumek.eu\/index.php?rest_route=\/wp\/v2\/pages\/2056"}],"collection":[{"href":"http:\/\/museumek.eu\/index.php?rest_route=\/wp\/v2\/pages"}],"about":[{"href":"http:\/\/museumek.eu\/index.php?rest_route=\/wp\/v2\/types\/page"}],"author":[{"embeddable":true,"href":"http:\/\/museumek.eu\/index.php?rest_route=\/wp\/v2\/users\/1"}],"replies":[{"embeddable":true,"href":"http:\/\/museumek.eu\/index.php?rest_route=%2Fwp%2Fv2%2Fcomments&post=2056"}],"version-history":[{"count":8,"href":"http:\/\/museumek.eu\/index.php?rest_route=\/wp\/v2\/pages\/2056\/revisions"}],"predecessor-version":[{"id":57252,"href":"http:\/\/museumek.eu\/index.php?rest_route=\/wp\/v2\/pages\/2056\/revisions\/57252"}],"up":[{"embeddable":true,"href":"http:\/\/museumek.eu\/index.php?rest_route=\/wp\/v2\/pages\/2053"}],"wp:attachment":[{"href":"http:\/\/museumek.eu\/index.php?rest_route=%2Fwp%2Fv2%2Fmedia&parent=2056"}],"curies":[{"name":"wp","href":"https:\/\/api.w.org\/{rel}","templated":true}]}}