{"id":20701,"date":"2013-04-26T23:58:06","date_gmt":"2013-04-26T21:58:06","guid":{"rendered":"http:\/\/museumek.eu\/?page_id=20701"},"modified":"2014-06-13T17:32:20","modified_gmt":"2014-06-13T15:32:20","slug":"dlxx1","status":"publish","type":"page","link":"http:\/\/museumek.eu\/?page_id=20701","title":{"rendered":"D\/LXXI\/1"},"content":{"rendered":"<p><strong>Abteilung Deutschland, Keramik 1860 \u2013 1960, Inventarnummer D\/LXXI\/1<\/strong><\/p>\n<p>Steinzeugfabrik Walter M\u00fcller, Deutschland, Grenzhausen, um 1905, Kanne, K\u00fcnstler Paul Wynand, Werks.-Nr. 202, Exemplar Nr. ohne, gemarkt keine Firmenmarke aber 202, 3 sowie 3 L gepresst, nicht signiert, Literatur: J\u00fcrgen Schimanski und J\u00fcrgen Erlebach, Westerw\u00e4lder Steinzeug, Die Neue \u00c4ra, Seite 48, Abbildung Nr. 35 identische Kanne in der Ausf\u00fchrung Steinzeug, graue Salzglasur, blau bemalt, als Fabrik Simon Peter Gerz I benannt und als Entwerfer Paul Wynand aufgef\u00fchrt, als Werks.-Nr. wurde 202 angegeben, weitere Literatur: J\u00fcrgen Schimanski, Braun geflammt und grau gesalzen, Seite 219, Fabrikbeschreibung sowie Seite 99, Abbildung Nr. 147, identische Kanne in der Ausf\u00fchrung Steinzeug, grau-blau, als Fabrik Walter M\u00fcller, Grenzhausen vermutet, der Entwurf wurde Paul Wynand zugeschrieben, als Werks.-Nr. wurde 202 angegeben, Zuordnung: die Werks-Nr. des MEK Exemplares lautet 202, insofern ordnet das MEK die Kanne vorl\u00e4ufig der Fabrik Walter M\u00fcller zu, weil die Fabrik Simon Peter Gerz I vierstellige Modellnummern verwendete, dreistellige Sondernummern wurden nur selten vergeben und blieben wohl Einzelentw\u00fcrfen von Behrens, Ehmke und Breuhaus vorbehalten, da Wynand diverse Entw\u00fcrfe lieferte wurden seine Entw\u00fcrfe wohl eher mit vierstelligen Werks.-Nr. versehen, die Zuordnung zu Paul Wynand ist schl\u00fcssig und wird deshalb \u00fcbernommen, Walter M\u00fcller gr\u00fcndete 1858 in Grenzhausen eine Steinzeugfabrik, Firmierung wohl Steinzeugfabrik Walter M\u00fcller, sein am 23.04.1889 geborener Sohn Erich M\u00fcller arbeitete in der Fabrik mit und besuchte au\u00dferdem die K\u00f6nigliche Keramische Fachschule in H\u00f6hr, um 1910 schuf Erich M\u00fcller wohl Jugendstilentw\u00fcrfe f\u00fcr die Fabrik, um 1908 gr\u00fcndete Walter M\u00fcller zusammen mit Wilhelm Werner eine zweite Fabrik in Grenzhausen, Firmierung Steinzeugfabrik Walter M\u00fcller, Inhaber M\u00fcller und Werner oder Wilhelm Werner wurde lediglich Mitinhaber der Steinzeugfabrik Walter M\u00fcller und M\u00fcller gr\u00fcndete keine zweite Fabrik, 1912 schloss sich die Fabrik zusammen mit den Steinzeugfabriken, Gerz, Merkelbach und Hanke zu der Vereinigte Steinzeugfabriken Grenzhausen GmbH zusammen, 1914 trat Walter M\u00fcller in den Ruhestand, Wilhelm Werner verlie\u00df die Fabrik und Erich M\u00fcller wurde als Soldat eingezogen, die Produktion wurde eingestellt und die Fabrik geschlossen, gleichfalls schied die Steinzeugfabrik Walter M\u00fcller aus der o. g. GmbH aus, Ausf\u00fchrung als Elfenbeinsteinzeug mit partieller<br \/>\ngr\u00fcner Bemalung, H\u00f6he 28 cm, Breite 21 cm<\/p>\n<p><a href=\"http:\/\/museumek.eu\/wp-content\/uploads\/2013\/04\/0013.jpg\"><img loading=\"lazy\" src=\"http:\/\/museumek.eu\/wp-content\/uploads\/2013\/04\/0013-242x300.jpg\" alt=\"\" title=\"001(3)\" width=\"242\" height=\"300\" class=\"alignnone size-medium wp-image-20702\" srcset=\"http:\/\/museumek.eu\/wp-content\/uploads\/2013\/04\/0013-242x300.jpg 242w, http:\/\/museumek.eu\/wp-content\/uploads\/2013\/04\/0013.jpg 600w\" sizes=\"(max-width: 242px) 100vw, 242px\" \/><\/a><\/p>\n<p><a href=\"http:\/\/museumek.eu\/wp-content\/uploads\/2013\/04\/0011.jpg\"><img loading=\"lazy\" src=\"http:\/\/museumek.eu\/wp-content\/uploads\/2013\/04\/0011-300x235.jpg\" alt=\"\" title=\"001(1)\" width=\"300\" height=\"235\" class=\"alignnone size-medium wp-image-20703\" srcset=\"http:\/\/museumek.eu\/wp-content\/uploads\/2013\/04\/0011-300x235.jpg 300w, http:\/\/museumek.eu\/wp-content\/uploads\/2013\/04\/0011-382x300.jpg 382w, http:\/\/museumek.eu\/wp-content\/uploads\/2013\/04\/0011.jpg 645w\" sizes=\"(max-width: 300px) 100vw, 300px\" \/><\/a><\/p>\n<p><a href=\"http:\/\/museumek.eu\/wp-content\/uploads\/2013\/04\/0012.jpg\"><img loading=\"lazy\" src=\"http:\/\/museumek.eu\/wp-content\/uploads\/2013\/04\/0012-300x249.jpg\" alt=\"\" title=\"001(2)\" width=\"300\" height=\"249\" class=\"alignnone size-medium wp-image-20704\" srcset=\"http:\/\/museumek.eu\/wp-content\/uploads\/2013\/04\/0012-300x249.jpg 300w, http:\/\/museumek.eu\/wp-content\/uploads\/2013\/04\/0012-360x300.jpg 360w, http:\/\/museumek.eu\/wp-content\/uploads\/2013\/04\/0012.jpg 721w\" sizes=\"(max-width: 300px) 100vw, 300px\" \/><\/a><\/p>\n<p><a href=\"http:\/\/museumek.eu\/wp-content\/uploads\/2013\/04\/0014.jpg\"><img loading=\"lazy\" src=\"http:\/\/museumek.eu\/wp-content\/uploads\/2013\/04\/0014-300x210.jpg\" alt=\"\" title=\"001(4)\" width=\"300\" height=\"210\" class=\"alignnone size-medium wp-image-20705\" srcset=\"http:\/\/museumek.eu\/wp-content\/uploads\/2013\/04\/0014-300x210.jpg 300w, http:\/\/museumek.eu\/wp-content\/uploads\/2013\/04\/0014-428x300.jpg 428w, http:\/\/museumek.eu\/wp-content\/uploads\/2013\/04\/0014.jpg 471w\" sizes=\"(max-width: 300px) 100vw, 300px\" \/><\/a><\/p>\n","protected":false},"excerpt":{"rendered":"<p>Abteilung Deutschland, Keramik 1860 \u2013 1960, Inventarnummer D\/LXXI\/1 Steinzeugfabrik Walter M\u00fcller, Deutschland, Grenzhausen, um 1905, Kanne, K\u00fcnstler Paul Wynand, Werks.-Nr. 202, Exemplar Nr. ohne, gemarkt keine Firmenmarke aber 202, 3 sowie 3 L gepresst, nicht signiert, Literatur: J\u00fcrgen Schimanski und &hellip; <a href=\"http:\/\/museumek.eu\/?page_id=20701\">Weiterlesen <span class=\"meta-nav\">&rarr;<\/span><\/a><\/p>\n","protected":false},"author":1,"featured_media":0,"parent":20698,"menu_order":1,"comment_status":"closed","ping_status":"open","template":"","meta":[],"_links":{"self":[{"href":"http:\/\/museumek.eu\/index.php?rest_route=\/wp\/v2\/pages\/20701"}],"collection":[{"href":"http:\/\/museumek.eu\/index.php?rest_route=\/wp\/v2\/pages"}],"about":[{"href":"http:\/\/museumek.eu\/index.php?rest_route=\/wp\/v2\/types\/page"}],"author":[{"embeddable":true,"href":"http:\/\/museumek.eu\/index.php?rest_route=\/wp\/v2\/users\/1"}],"replies":[{"embeddable":true,"href":"http:\/\/museumek.eu\/index.php?rest_route=%2Fwp%2Fv2%2Fcomments&post=20701"}],"version-history":[{"count":6,"href":"http:\/\/museumek.eu\/index.php?rest_route=\/wp\/v2\/pages\/20701\/revisions"}],"predecessor-version":[{"id":31760,"href":"http:\/\/museumek.eu\/index.php?rest_route=\/wp\/v2\/pages\/20701\/revisions\/31760"}],"up":[{"embeddable":true,"href":"http:\/\/museumek.eu\/index.php?rest_route=\/wp\/v2\/pages\/20698"}],"wp:attachment":[{"href":"http:\/\/museumek.eu\/index.php?rest_route=%2Fwp%2Fv2%2Fmedia&parent=20701"}],"curies":[{"name":"wp","href":"https:\/\/api.w.org\/{rel}","templated":true}]}}