{"id":2083,"date":"2011-08-20T18:17:26","date_gmt":"2011-08-20T16:17:26","guid":{"rendered":"http:\/\/museumek.eu\/?page_id=2083"},"modified":"2021-01-14T18:09:05","modified_gmt":"2021-01-14T17:09:05","slug":"dxv1","status":"publish","type":"page","link":"http:\/\/museumek.eu\/?page_id=2083","title":{"rendered":"D\/XV\/1"},"content":{"rendered":"<p><strong>Abteilung Deutschland, Keramik 1860 \u2013 1960, Inventarnummer D\/XV\/1<\/strong><\/p>\n<p>Porzellanfabrik Karl Ens, Deutschland, Volkstedt, um 1930, Figur Sitzendes kleines M\u00e4dchen, K\u00fcnstler unbekannt, Werks.-Nr. 0716, Exemplar Nr. ohne, gemarkt gr\u00fcner M\u00fchlenstempel, Ens, Diaphan-Porzellan unter Glasur, 0716 sowie 2 gepresst, nicht signiert, Literatur: Emanuel Poche, Porzellanmarken aus aller Welt, Marke Nr. 1295 identisch, weitere Literatur: J. G. Th. Graesse und E. Jaennicke, F\u00fchrer f\u00fcr Sammler von Porzellan und Fayence, Steinzeug, Steingut usw., Seite 521, Marke Nr. 3 identisch, Ausf\u00fchrung in Diaphan-Porzellan, weitere Literatur: Robert E. R\u00f6ntgen, Deutsche Porzellanmarken von 1710 bis heute, Seite 357, Marke 2835 (g\u00fcltig ab 1919) identisch, weitere Literatur: Gustav Wei\u00df, Ullstein Porzellanbuch, Seite 313, Marke Nr. 4 identisch, weitere Literatur: Dieter Z\u00fchlsdorff, Markenlexikon, Porzellan und Keramik Report 1885 &#8211; 1935, Werkteil Nummer 1., Gruppennummer 18., fortlaufende Nummer der Gruppe 82, Marke identisch (Zeit ab 1919) sowie Werkteil Nr. 3, Nr. 1330, etwas fehlerhafte Beschreibung der Fabrik, 1899 gr\u00fcndete Karl Ens, Sohn von Friedrich Karl Ens (Mitinhaber der Porzellanmalerei Ens &#038; Greiner in Lauscha und seit 1860 Mitinhaber der \u00c4lteste Volkstedter Porzellanfabrik), in Volkstedt eine Porzellanfabrik, Firmierung Porzellanfabrik Karl Ens, Ens war vorher Mitinhaber der Porzellanfabrik Triebner, Ens &#038; Eckert in Rudolstadt, seine S\u00f6hne Paul, Eduard und Hermann arbeiteten in der Fabrik mit, anscheinend und nicht gesichert ist, dass die Porzellan Malerei Ens &#038; Greiner in Lauscha zur Gr\u00fcndung 1899 eingegliedert wurde, besonders zu vermerken ist, dass ab 1931 der Porzellanmaler Franz Rauch Mitarbeiter wurde, dieser pr\u00e4gte ab da das k\u00fcnstlerische Niveau, Rauch modellierte vor allem Vogelfiguren und Vogelgruppen, nach WK II wurde die Fabrik verstaatlicht,<br \/>\nH\u00f6he 10 cm, Breite 10 cm<\/p>\n<p><a href=\"http:\/\/museumek.eu\/wp-content\/uploads\/2011\/08\/Museum-Europ\u00e4ischer-Keramikkunst-Qualit\u00e4tsfotos-422.jpg\"><img loading=\"lazy\" src=\"http:\/\/museumek.eu\/wp-content\/uploads\/2011\/08\/Museum-Europ\u00e4ischer-Keramikkunst-Qualit\u00e4tsfotos-422-231x300.jpg\" alt=\"\" title=\"Museum Europ\u00e4ischer Keramikkunst Qualit\u00e4tsfotos 422\" width=\"231\" height=\"300\" class=\"alignnone size-medium wp-image-2084\" srcset=\"http:\/\/museumek.eu\/wp-content\/uploads\/2011\/08\/Museum-Europ\u00e4ischer-Keramikkunst-Qualit\u00e4tsfotos-422-231x300.jpg 231w, http:\/\/museumek.eu\/wp-content\/uploads\/2011\/08\/Museum-Europ\u00e4ischer-Keramikkunst-Qualit\u00e4tsfotos-422.jpg 525w\" sizes=\"(max-width: 231px) 100vw, 231px\" \/><\/a><\/p>\n<p><a href=\"http:\/\/museumek.eu\/wp-content\/uploads\/2011\/08\/Museum-Europ\u00e4ischer-Keramikkunst-711.jpg\"><img loading=\"lazy\" src=\"http:\/\/museumek.eu\/wp-content\/uploads\/2011\/08\/Museum-Europ\u00e4ischer-Keramikkunst-711-300x200.jpg\" alt=\"\" title=\"Museum Europ\u00e4ischer Keramikkunst 711\" width=\"300\" height=\"200\" class=\"alignnone size-medium wp-image-2085\" srcset=\"http:\/\/museumek.eu\/wp-content\/uploads\/2011\/08\/Museum-Europ\u00e4ischer-Keramikkunst-711-300x200.jpg 300w, http:\/\/museumek.eu\/wp-content\/uploads\/2011\/08\/Museum-Europ\u00e4ischer-Keramikkunst-711-447x300.jpg 447w, http:\/\/museumek.eu\/wp-content\/uploads\/2011\/08\/Museum-Europ\u00e4ischer-Keramikkunst-711.jpg 669w\" sizes=\"(max-width: 300px) 100vw, 300px\" \/><\/a><\/p>\n","protected":false},"excerpt":{"rendered":"<p>Abteilung Deutschland, Keramik 1860 \u2013 1960, Inventarnummer D\/XV\/1 Porzellanfabrik Karl Ens, Deutschland, Volkstedt, um 1930, Figur Sitzendes kleines M\u00e4dchen, K\u00fcnstler unbekannt, Werks.-Nr. 0716, Exemplar Nr. ohne, gemarkt gr\u00fcner M\u00fchlenstempel, Ens, Diaphan-Porzellan unter Glasur, 0716 sowie 2 gepresst, nicht signiert, Literatur: &hellip; <a href=\"http:\/\/museumek.eu\/?page_id=2083\">Weiterlesen <span class=\"meta-nav\">&rarr;<\/span><\/a><\/p>\n","protected":false},"author":1,"featured_media":0,"parent":2080,"menu_order":1,"comment_status":"closed","ping_status":"closed","template":"","meta":[],"_links":{"self":[{"href":"http:\/\/museumek.eu\/index.php?rest_route=\/wp\/v2\/pages\/2083"}],"collection":[{"href":"http:\/\/museumek.eu\/index.php?rest_route=\/wp\/v2\/pages"}],"about":[{"href":"http:\/\/museumek.eu\/index.php?rest_route=\/wp\/v2\/types\/page"}],"author":[{"embeddable":true,"href":"http:\/\/museumek.eu\/index.php?rest_route=\/wp\/v2\/users\/1"}],"replies":[{"embeddable":true,"href":"http:\/\/museumek.eu\/index.php?rest_route=%2Fwp%2Fv2%2Fcomments&post=2083"}],"version-history":[{"count":7,"href":"http:\/\/museumek.eu\/index.php?rest_route=\/wp\/v2\/pages\/2083\/revisions"}],"predecessor-version":[{"id":52188,"href":"http:\/\/museumek.eu\/index.php?rest_route=\/wp\/v2\/pages\/2083\/revisions\/52188"}],"up":[{"embeddable":true,"href":"http:\/\/museumek.eu\/index.php?rest_route=\/wp\/v2\/pages\/2080"}],"wp:attachment":[{"href":"http:\/\/museumek.eu\/index.php?rest_route=%2Fwp%2Fv2%2Fmedia&parent=2083"}],"curies":[{"name":"wp","href":"https:\/\/api.w.org\/{rel}","templated":true}]}}