{"id":2089,"date":"2011-08-20T18:20:55","date_gmt":"2011-08-20T16:20:55","guid":{"rendered":"http:\/\/museumek.eu\/?page_id=2089"},"modified":"2015-08-10T15:05:21","modified_gmt":"2015-08-10T13:05:21","slug":"manufaktur-koniglich-sachsische-porzellan-manufaktur-meissen","status":"publish","type":"page","link":"http:\/\/museumek.eu\/?page_id=2089","title":{"rendered":"K\u00f6niglich-Polnische und Churf\u00fcrstlich-S\u00e4chsische Porcelain-Fabrique Meissen u. Nachf. Churf\u00fcrstliche Porcelain-Fabrique Meissen u. Nachf. K\u00f6niglich-S\u00e4chsische Porzellan-Manufactur Meissen u. Nachf. Staatliche Porzellan-Manufaktur Meissen"},"content":{"rendered":"","protected":false},"excerpt":{"rendered":"","protected":false},"author":1,"featured_media":0,"parent":44,"menu_order":16,"comment_status":"open","ping_status":"open","template":"","meta":[],"_links":{"self":[{"href":"http:\/\/museumek.eu\/index.php?rest_route=\/wp\/v2\/pages\/2089"}],"collection":[{"href":"http:\/\/museumek.eu\/index.php?rest_route=\/wp\/v2\/pages"}],"about":[{"href":"http:\/\/museumek.eu\/index.php?rest_route=\/wp\/v2\/types\/page"}],"author":[{"embeddable":true,"href":"http:\/\/museumek.eu\/index.php?rest_route=\/wp\/v2\/users\/1"}],"replies":[{"embeddable":true,"href":"http:\/\/museumek.eu\/index.php?rest_route=%2Fwp%2Fv2%2Fcomments&post=2089"}],"version-history":[{"count":4,"href":"http:\/\/museumek.eu\/index.php?rest_route=\/wp\/v2\/pages\/2089\/revisions"}],"predecessor-version":[{"id":43617,"href":"http:\/\/museumek.eu\/index.php?rest_route=\/wp\/v2\/pages\/2089\/revisions\/43617"}],"up":[{"embeddable":true,"href":"http:\/\/museumek.eu\/index.php?rest_route=\/wp\/v2\/pages\/44"}],"wp:attachment":[{"href":"http:\/\/museumek.eu\/index.php?rest_route=%2Fwp%2Fv2%2Fmedia&parent=2089"}],"curies":[{"name":"wp","href":"https:\/\/api.w.org\/{rel}","templated":true}]}}