{"id":21034,"date":"2013-04-28T00:02:05","date_gmt":"2013-04-27T22:02:05","guid":{"rendered":"http:\/\/museumek.eu\/?page_id=21034"},"modified":"2015-01-05T16:48:46","modified_gmt":"2015-01-05T15:48:46","slug":"kurzbiografie-und-inventar-zum-kunstler","status":"publish","type":"page","link":"http:\/\/museumek.eu\/?page_id=21034","title":{"rendered":"Kurzbiografie und Inventar zum K\u00fcnstler"},"content":{"rendered":"<p>\u00dcber Thora Hjorth konnten keine weiteren Lebensdaten recherchiert werden, sie lebte und arbeitete in D\u00e4nemark, R\u00f6nne\/Bornholm in der familieneigenen T\u00f6pferei L. Hjorth.<\/p>\n<p><strong>Abteilung D\u00e4nemark, Keramik 1860 \u2013 1960, Inventarnummer D\u00e4\/IV\/2<\/strong><\/p>\n<p>L. Hjorth Kunstt\u00f6pferei, D\u00e4nemark, R\u00f6nne\/Bornholm, um 1927, Vase, K\u00fcnstler Hans Adolph Hjorth (attr.) und Thora Hjorth (attr.), Werks.-Nr. ohne, Exemplar Nr. ohne, gemarkt Firmenmarke mit L.Hjorth, Danmark sowie Hirsch gepresst, nicht signiert, siehe auch Auktionshaus Quittenbaum, 25. Auktion, Jugendstil \u2013 Art D\u00e9co vom 03. Dezember 2001, Lot Nr. 621, sandgrauer Steinzeugscherben, hell sandfarben glasiert, umlaufende Uferlandschaft mit B\u00e4umen und Str\u00e4uchern, kupferrote und gr\u00fcnliche Oxydmalerei, dickwandige schwere Ausf\u00fchrung, die T\u00f6pferei wurde 1859 von Lauritz Hjorth gegr\u00fcndet und erhielt internationale Auszeichnungen, Lauritz Hjorth verstarb 1912 und die T\u00f6pferei ging auf die S\u00f6hne Peter Christian Hjorth und Hans Adolph Hjorth \u00fcber, die T\u00f6pferei produzierte als Familienbetrieb bis 1993, danach wurde sie als Museum eingerichtet, der Hirsch als zus\u00e4tzliche Firmenmarke wurde wohl ab 1927 verwendet, Zuschreibung zu Hans und Thora Hjorth nach Internetrecherchen,<br \/>\nH\u00f6he 11 cm, Breite 9 cm<\/p>\n<p><a href=\"http:\/\/museumek.eu\/wp-content\/uploads\/2013\/04\/Museum-Europ\u00e4ischer-Keramikkunst-4167.jpg\"><img loading=\"lazy\" src=\"http:\/\/museumek.eu\/wp-content\/uploads\/2013\/04\/Museum-Europ\u00e4ischer-Keramikkunst-4167-224x300.jpg\" alt=\"\" title=\"Museum Europ\u00e4ischer Keramikkunst 4167\" width=\"224\" height=\"300\" class=\"alignnone size-medium wp-image-21013\" srcset=\"http:\/\/museumek.eu\/wp-content\/uploads\/2013\/04\/Museum-Europ\u00e4ischer-Keramikkunst-4167-224x300.jpg 224w, http:\/\/museumek.eu\/wp-content\/uploads\/2013\/04\/Museum-Europ\u00e4ischer-Keramikkunst-4167.jpg 552w\" sizes=\"(max-width: 224px) 100vw, 224px\" \/><\/a><\/p>\n<p><a href=\"http:\/\/museumek.eu\/wp-content\/uploads\/2013\/04\/Museum-Europ\u00e4ischer-Keramikkunst-4168.jpg\"><img loading=\"lazy\" src=\"http:\/\/museumek.eu\/wp-content\/uploads\/2013\/04\/Museum-Europ\u00e4ischer-Keramikkunst-4168-216x300.jpg\" alt=\"\" title=\"Museum Europ\u00e4ischer Keramikkunst 4168\" width=\"216\" height=\"300\" class=\"alignnone size-medium wp-image-21014\" srcset=\"http:\/\/museumek.eu\/wp-content\/uploads\/2013\/04\/Museum-Europ\u00e4ischer-Keramikkunst-4168-216x300.jpg 216w, http:\/\/museumek.eu\/wp-content\/uploads\/2013\/04\/Museum-Europ\u00e4ischer-Keramikkunst-4168.jpg 520w\" sizes=\"(max-width: 216px) 100vw, 216px\" \/><\/a><\/p>\n<p><a href=\"http:\/\/museumek.eu\/wp-content\/uploads\/2013\/04\/Museum-Europ\u00e4ischer-Keramikkunst-4169.jpg\"><img loading=\"lazy\" src=\"http:\/\/museumek.eu\/wp-content\/uploads\/2013\/04\/Museum-Europ\u00e4ischer-Keramikkunst-4169-204x300.jpg\" alt=\"\" title=\"Museum Europ\u00e4ischer Keramikkunst 4169\" width=\"204\" height=\"300\" class=\"alignnone size-medium wp-image-21015\" srcset=\"http:\/\/museumek.eu\/wp-content\/uploads\/2013\/04\/Museum-Europ\u00e4ischer-Keramikkunst-4169-204x300.jpg 204w, http:\/\/museumek.eu\/wp-content\/uploads\/2013\/04\/Museum-Europ\u00e4ischer-Keramikkunst-4169.jpg 504w\" sizes=\"(max-width: 204px) 100vw, 204px\" \/><\/a><\/p>\n<p><a href=\"http:\/\/museumek.eu\/wp-content\/uploads\/2013\/04\/Museum-Europ\u00e4ischer-Keramikkunst-4170.jpg\"><img loading=\"lazy\" src=\"http:\/\/museumek.eu\/wp-content\/uploads\/2013\/04\/Museum-Europ\u00e4ischer-Keramikkunst-4170-206x300.jpg\" alt=\"\" title=\"Museum Europ\u00e4ischer Keramikkunst 4170\" width=\"206\" height=\"300\" class=\"alignnone size-medium wp-image-21016\" srcset=\"http:\/\/museumek.eu\/wp-content\/uploads\/2013\/04\/Museum-Europ\u00e4ischer-Keramikkunst-4170-206x300.jpg 206w, http:\/\/museumek.eu\/wp-content\/uploads\/2013\/04\/Museum-Europ\u00e4ischer-Keramikkunst-4170.jpg 516w\" sizes=\"(max-width: 206px) 100vw, 206px\" \/><\/a><\/p>\n<p><a href=\"http:\/\/museumek.eu\/wp-content\/uploads\/2013\/04\/Museum-Europ\u00e4ischer-Keramikkunst-4171.jpg\"><img loading=\"lazy\" src=\"http:\/\/museumek.eu\/wp-content\/uploads\/2013\/04\/Museum-Europ\u00e4ischer-Keramikkunst-4171-277x300.jpg\" alt=\"\" title=\"Museum Europ\u00e4ischer Keramikkunst 4171\" width=\"277\" height=\"300\" class=\"alignnone size-medium wp-image-21017\" srcset=\"http:\/\/museumek.eu\/wp-content\/uploads\/2013\/04\/Museum-Europ\u00e4ischer-Keramikkunst-4171-277x300.jpg 277w, http:\/\/museumek.eu\/wp-content\/uploads\/2013\/04\/Museum-Europ\u00e4ischer-Keramikkunst-4171.jpg 364w\" sizes=\"(max-width: 277px) 100vw, 277px\" \/><\/a><\/p>\n<p><a href=\"http:\/\/museumek.eu\/wp-content\/uploads\/2013\/04\/Museum-Europ\u00e4ischer-Keramikkunst-4186.jpg\"><img loading=\"lazy\" src=\"http:\/\/museumek.eu\/wp-content\/uploads\/2013\/04\/Museum-Europ\u00e4ischer-Keramikkunst-4186-147x300.jpg\" alt=\"\" title=\"Museum Europ\u00e4ischer Keramikkunst 4186\" width=\"147\" height=\"300\" class=\"alignnone size-medium wp-image-21018\" srcset=\"http:\/\/museumek.eu\/wp-content\/uploads\/2013\/04\/Museum-Europ\u00e4ischer-Keramikkunst-4186-147x300.jpg 147w, http:\/\/museumek.eu\/wp-content\/uploads\/2013\/04\/Museum-Europ\u00e4ischer-Keramikkunst-4186.jpg 455w\" sizes=\"(max-width: 147px) 100vw, 147px\" \/><\/a><\/p>\n<p><strong>Abteilung D\u00e4nemark, Keramik 1860 \u2013 1960, Inventarnummer D\u00e4\/IV\/3<\/strong><\/p>\n<p>L. Hjorth Kunstt\u00f6pferei, D\u00e4nemark, R\u00f6nne\/Bornholm, um 1927, Vase, K\u00fcnstler Hans Adolph Hjorth (attr.) und Thora Hjorth (attr.), Werks.-Nr. 422, Exemplar Nr. ohne, gemarkt Firmenmarke Hirsch gepresst, 422 geritzt, nicht signiert, die T\u00f6pferei wurde 1859 von Lauritz Hjorth gegr\u00fcndet und erhielt internationale Auszeichnungen, Lauritz Hjorth verstarb 1912 und die T\u00f6pferei ging auf die S\u00f6hne Peter Christian Hjorth und Hans Adolph Hjorth \u00fcber, die T\u00f6pferei produzierte als Familienbetrieb bis 1993, danach wurde sie als Museum eingerichtet, der Hirsch als zus\u00e4tzliche Firmenmarke wurde wohl ab 1927 verwendet, Zuschreibung zu Hans und Thora Hjorth nach Internetrecherchen, siehe auch MEK D\u00e4\/IV\/2 Vase im gleichen Stil, Ausf\u00fchrung als sandgrauer Steinzeugscherben, hell sandfarben glasiert, umlaufende Landschaft mit Palmen und Giraffen, kupferrote und gr\u00fcnliche Oxydmalerei, dickwandige schwere Ausf\u00fchrung, H\u00f6he 10 cm, Breite 8 cm<\/p>\n<p><a href=\"http:\/\/museumek.eu\/?attachment_id=35806\" rel=\"attachment wp-att-35806\"><img loading=\"lazy\" src=\"http:\/\/museumek.eu\/wp-content\/uploads\/2015\/01\/1739-262x300.jpg\" alt=\"\" title=\"1739\" width=\"262\" height=\"300\" class=\"alignnone size-medium wp-image-35806\" srcset=\"http:\/\/museumek.eu\/wp-content\/uploads\/2015\/01\/1739-262x300.jpg 262w, http:\/\/museumek.eu\/wp-content\/uploads\/2015\/01\/1739-131x150.jpg 131w, http:\/\/museumek.eu\/wp-content\/uploads\/2015\/01\/1739.jpg 600w\" sizes=\"(max-width: 262px) 100vw, 262px\" \/><\/a><\/p>\n<p><a href=\"http:\/\/museumek.eu\/?attachment_id=35807\" rel=\"attachment wp-att-35807\"><img loading=\"lazy\" src=\"http:\/\/museumek.eu\/wp-content\/uploads\/2015\/01\/1740-244x300.jpg\" alt=\"\" title=\"1740\" width=\"244\" height=\"300\" class=\"alignnone size-medium wp-image-35807\" srcset=\"http:\/\/museumek.eu\/wp-content\/uploads\/2015\/01\/1740-244x300.jpg 244w, http:\/\/museumek.eu\/wp-content\/uploads\/2015\/01\/1740-122x150.jpg 122w, http:\/\/museumek.eu\/wp-content\/uploads\/2015\/01\/1740.jpg 600w\" sizes=\"(max-width: 244px) 100vw, 244px\" \/><\/a><\/p>\n<p><a href=\"http:\/\/museumek.eu\/?attachment_id=35808\" rel=\"attachment wp-att-35808\"><img loading=\"lazy\" src=\"http:\/\/museumek.eu\/wp-content\/uploads\/2015\/01\/1741-251x300.jpg\" alt=\"\" title=\"1741\" width=\"251\" height=\"300\" class=\"alignnone size-medium wp-image-35808\" srcset=\"http:\/\/museumek.eu\/wp-content\/uploads\/2015\/01\/1741-251x300.jpg 251w, http:\/\/museumek.eu\/wp-content\/uploads\/2015\/01\/1741-125x150.jpg 125w, http:\/\/museumek.eu\/wp-content\/uploads\/2015\/01\/1741.jpg 600w\" sizes=\"(max-width: 251px) 100vw, 251px\" \/><\/a><\/p>\n<p><a href=\"http:\/\/museumek.eu\/?attachment_id=35809\" rel=\"attachment wp-att-35809\"><img loading=\"lazy\" src=\"http:\/\/museumek.eu\/wp-content\/uploads\/2015\/01\/1742-288x300.jpg\" alt=\"\" title=\"1742\" width=\"288\" height=\"300\" class=\"alignnone size-medium wp-image-35809\" srcset=\"http:\/\/museumek.eu\/wp-content\/uploads\/2015\/01\/1742-288x300.jpg 288w, http:\/\/museumek.eu\/wp-content\/uploads\/2015\/01\/1742-144x150.jpg 144w, http:\/\/museumek.eu\/wp-content\/uploads\/2015\/01\/1742.jpg 647w\" sizes=\"(max-width: 288px) 100vw, 288px\" \/><\/a><\/p>\n","protected":false},"excerpt":{"rendered":"<p>\u00dcber Thora Hjorth konnten keine weiteren Lebensdaten recherchiert werden, sie lebte und arbeitete in D\u00e4nemark, R\u00f6nne\/Bornholm in der familieneigenen T\u00f6pferei L. Hjorth. Abteilung D\u00e4nemark, Keramik 1860 \u2013 1960, Inventarnummer D\u00e4\/IV\/2 L. Hjorth Kunstt\u00f6pferei, D\u00e4nemark, R\u00f6nne\/Bornholm, um 1927, Vase, K\u00fcnstler Hans &hellip; <a href=\"http:\/\/museumek.eu\/?page_id=21034\">Weiterlesen <span class=\"meta-nav\">&rarr;<\/span><\/a><\/p>\n","protected":false},"author":1,"featured_media":0,"parent":21031,"menu_order":1,"comment_status":"closed","ping_status":"closed","template":"","meta":[],"_links":{"self":[{"href":"http:\/\/museumek.eu\/index.php?rest_route=\/wp\/v2\/pages\/21034"}],"collection":[{"href":"http:\/\/museumek.eu\/index.php?rest_route=\/wp\/v2\/pages"}],"about":[{"href":"http:\/\/museumek.eu\/index.php?rest_route=\/wp\/v2\/types\/page"}],"author":[{"embeddable":true,"href":"http:\/\/museumek.eu\/index.php?rest_route=\/wp\/v2\/users\/1"}],"replies":[{"embeddable":true,"href":"http:\/\/museumek.eu\/index.php?rest_route=%2Fwp%2Fv2%2Fcomments&post=21034"}],"version-history":[{"count":4,"href":"http:\/\/museumek.eu\/index.php?rest_route=\/wp\/v2\/pages\/21034\/revisions"}],"predecessor-version":[{"id":35822,"href":"http:\/\/museumek.eu\/index.php?rest_route=\/wp\/v2\/pages\/21034\/revisions\/35822"}],"up":[{"embeddable":true,"href":"http:\/\/museumek.eu\/index.php?rest_route=\/wp\/v2\/pages\/21031"}],"wp:attachment":[{"href":"http:\/\/museumek.eu\/index.php?rest_route=%2Fwp%2Fv2%2Fmedia&parent=21034"}],"curies":[{"name":"wp","href":"https:\/\/api.w.org\/{rel}","templated":true}]}}