{"id":21065,"date":"2013-04-28T13:11:06","date_gmt":"2013-04-28T11:11:06","guid":{"rendered":"http:\/\/museumek.eu\/?page_id=21065"},"modified":"2015-07-19T15:03:52","modified_gmt":"2015-07-19T13:03:52","slug":"fotos-und-beschreibung","status":"publish","type":"page","link":"http:\/\/museumek.eu\/?page_id=21065","title":{"rendered":"Fotos und Beschreibung"},"content":{"rendered":"<p><strong>Abteilung Deutschland\/B\u00f6hmen, Keramik 1860 \u2013 1960, Inventarnummer D\/XI\/1<\/strong><\/p>\n<p>Allg\u00e4uer Keramik Hans Rebstock, Deutschland, Altst\u00e4dten, um 1925, Schale, K\u00fcnstler unbekannt, Werks.-Nr. 400, Exemplar Nr. 1 (?), gemarkt Firmenmarke mit senkrechtem Pfeil durch einen Kreis gehend, in der Kreismitte ein waagerechter Strich der sich mit dem Pfeilschaft kreuzt, am Pfeilschaftende links daneben H (f\u00fcr Hans), rechts daneben Re (f\u00fcr Rebstock, Handarbeit sowie G\u00f6 braun unter Glasur gemalt, weitere Firmenmarke mit senkrechtem Pfeil durch einen Kreis gehend, in der Kreismitte ein waagerechter Strich der sich mit dem Pfeilschaft kreuzt, am Pfeilschaftende links daneben H (f\u00fcr Hans), rechts daneben R (f\u00fcr Rebstock), Allg\u00e4uer Keramik, Handarbeit, 400, 1 alles gepresst, nicht signiert, das Malmotiv wird auch heute noch in der neuesten Produktion verwendet, da beim MEK Exemplar die Glasur aber bereits kraqueliert ist und die gesamt Schale bereits Alterungsmerkmale aufweist, erfolgt die Zuschreibung in einen fr\u00fcheren Herstellungszeitraum, die T\u00f6pferei wurde 1923 von Hans Rebstock gegr\u00fcndet und besteht noch heute, die gepresste Firmenmarke links neben der gemalten Firmenmarke, ist sehr schwach gepresst und deshalb nur halb sichtbar,<br \/>\nH\u00f6he 6,5 cm, Breite 13 cm<\/p>\n<p><a href=\"http:\/\/museumek.eu\/wp-content\/uploads\/2011\/08\/Museum-Europ\u00e4ischer-Keramikkunst-4314.jpg\"><img loading=\"lazy\" src=\"http:\/\/museumek.eu\/wp-content\/uploads\/2011\/08\/Museum-Europ\u00e4ischer-Keramikkunst-4314-300x189.jpg\" alt=\"\" title=\"Museum Europ\u00e4ischer Keramikkunst 4314\" width=\"300\" height=\"189\" class=\"alignnone size-medium wp-image-21056\" srcset=\"http:\/\/museumek.eu\/wp-content\/uploads\/2011\/08\/Museum-Europ\u00e4ischer-Keramikkunst-4314-300x189.jpg 300w, http:\/\/museumek.eu\/wp-content\/uploads\/2011\/08\/Museum-Europ\u00e4ischer-Keramikkunst-4314-474x300.jpg 474w, http:\/\/museumek.eu\/wp-content\/uploads\/2011\/08\/Museum-Europ\u00e4ischer-Keramikkunst-4314.jpg 800w\" sizes=\"(max-width: 300px) 100vw, 300px\" \/><\/a><\/p>\n<p><a href=\"http:\/\/museumek.eu\/wp-content\/uploads\/2011\/08\/Museum-Europ\u00e4ischer-Keramikkunst-4315.jpg\"><img loading=\"lazy\" src=\"http:\/\/museumek.eu\/wp-content\/uploads\/2011\/08\/Museum-Europ\u00e4ischer-Keramikkunst-4315-281x300.jpg\" alt=\"\" title=\"Museum Europ\u00e4ischer Keramikkunst 4315\" width=\"281\" height=\"300\" class=\"alignnone size-medium wp-image-21057\" srcset=\"http:\/\/museumek.eu\/wp-content\/uploads\/2011\/08\/Museum-Europ\u00e4ischer-Keramikkunst-4315-281x300.jpg 281w, http:\/\/museumek.eu\/wp-content\/uploads\/2011\/08\/Museum-Europ\u00e4ischer-Keramikkunst-4315.jpg 450w\" sizes=\"(max-width: 281px) 100vw, 281px\" \/><\/a><\/p>\n<p><a href=\"http:\/\/museumek.eu\/wp-content\/uploads\/2011\/08\/Museum-Europ\u00e4ischer-Keramikkunst-4316.jpg\"><img loading=\"lazy\" src=\"http:\/\/museumek.eu\/wp-content\/uploads\/2011\/08\/Museum-Europ\u00e4ischer-Keramikkunst-4316-300x293.jpg\" alt=\"\" title=\"Museum Europ\u00e4ischer Keramikkunst 4316\" width=\"300\" height=\"293\" class=\"alignnone size-medium wp-image-21058\" srcset=\"http:\/\/museumek.eu\/wp-content\/uploads\/2011\/08\/Museum-Europ\u00e4ischer-Keramikkunst-4316-300x293.jpg 300w, http:\/\/museumek.eu\/wp-content\/uploads\/2011\/08\/Museum-Europ\u00e4ischer-Keramikkunst-4316-306x300.jpg 306w, http:\/\/museumek.eu\/wp-content\/uploads\/2011\/08\/Museum-Europ\u00e4ischer-Keramikkunst-4316.jpg 613w\" sizes=\"(max-width: 300px) 100vw, 300px\" \/><\/a><\/p>\n<p><a href=\"http:\/\/museumek.eu\/wp-content\/uploads\/2011\/08\/Museum-Europ\u00e4ischer-Keramikkunst-4318.jpg\"><img loading=\"lazy\" src=\"http:\/\/museumek.eu\/wp-content\/uploads\/2011\/08\/Museum-Europ\u00e4ischer-Keramikkunst-4318-300x217.jpg\" alt=\"\" title=\"Museum Europ\u00e4ischer Keramikkunst 4318\" width=\"300\" height=\"217\" class=\"alignnone size-medium wp-image-21059\" srcset=\"http:\/\/museumek.eu\/wp-content\/uploads\/2011\/08\/Museum-Europ\u00e4ischer-Keramikkunst-4318-300x217.jpg 300w, http:\/\/museumek.eu\/wp-content\/uploads\/2011\/08\/Museum-Europ\u00e4ischer-Keramikkunst-4318-413x300.jpg 413w, http:\/\/museumek.eu\/wp-content\/uploads\/2011\/08\/Museum-Europ\u00e4ischer-Keramikkunst-4318.jpg 800w\" sizes=\"(max-width: 300px) 100vw, 300px\" \/><\/a><\/p>\n<p><strong>Abteilung Deutschland, Keramik 1860 \u2013 1960, Inventarnummer D\/XI\/2<\/strong><\/p>\n<p>Allg\u00e4uer Keramik Hans Rebstock, Deutschland, Altst\u00e4dten, um 1925, Kanne, K\u00fcnstler unbekannt, Werks.-Nr. ohne, Exemplar Nr. ohne, gemarkt Firmenmarke mit senkrechtem Pfeil durch einen Kreis gehend, in der Kreismitte ein waagerechter Strich der sich mit dem Pfeilschaft kreuzt, am Pfeilschaftende links daneben H (f\u00fcr Hans), rechts daneben R (f\u00fcr Rebstock), in einem Rechteckrahmen Germany, darunter B. K. V. (wohl f\u00fcr Bayerischer Kunstgewerbe-Verein, M\u00fcnchen) alles gepresst, nicht signiert, die T\u00f6pferei wurde 1923 von Hans Rebstock gegr\u00fcndet und besteht noch heute, evtl. war die Kanne eine Auftragsarbeit des B. K. V., H\u00f6he 19,5 cm, Breite 22 cm<\/p>\n<p><a href=\"http:\/\/museumek.eu\/?attachment_id=42527\" rel=\"attachment wp-att-42527\"><img loading=\"lazy\" src=\"http:\/\/museumek.eu\/wp-content\/uploads\/2015\/07\/4250-234x300.jpg\" alt=\"\" title=\"4250\" width=\"234\" height=\"300\" class=\"alignnone size-medium wp-image-42527\" srcset=\"http:\/\/museumek.eu\/wp-content\/uploads\/2015\/07\/4250-234x300.jpg 234w, http:\/\/museumek.eu\/wp-content\/uploads\/2015\/07\/4250-117x150.jpg 117w, http:\/\/museumek.eu\/wp-content\/uploads\/2015\/07\/4250.jpg 600w\" sizes=\"(max-width: 234px) 100vw, 234px\" \/><\/a><\/p>\n<p><a href=\"http:\/\/museumek.eu\/?attachment_id=42528\" rel=\"attachment wp-att-42528\"><img loading=\"lazy\" src=\"http:\/\/museumek.eu\/wp-content\/uploads\/2015\/07\/4251-300x292.jpg\" alt=\"\" title=\"4251\" width=\"300\" height=\"292\" class=\"alignnone size-medium wp-image-42528\" srcset=\"http:\/\/museumek.eu\/wp-content\/uploads\/2015\/07\/4251-300x292.jpg 300w, http:\/\/museumek.eu\/wp-content\/uploads\/2015\/07\/4251-150x146.jpg 150w, http:\/\/museumek.eu\/wp-content\/uploads\/2015\/07\/4251-308x300.jpg 308w, http:\/\/museumek.eu\/wp-content\/uploads\/2015\/07\/4251.jpg 616w\" sizes=\"(max-width: 300px) 100vw, 300px\" \/><\/a><\/p>\n<p><a href=\"http:\/\/museumek.eu\/?attachment_id=42529\" rel=\"attachment wp-att-42529\"><img loading=\"lazy\" src=\"http:\/\/museumek.eu\/wp-content\/uploads\/2015\/07\/4252-300x295.jpg\" alt=\"\" title=\"4252\" width=\"300\" height=\"295\" class=\"alignnone size-medium wp-image-42529\" srcset=\"http:\/\/museumek.eu\/wp-content\/uploads\/2015\/07\/4252-300x295.jpg 300w, http:\/\/museumek.eu\/wp-content\/uploads\/2015\/07\/4252-150x147.jpg 150w, http:\/\/museumek.eu\/wp-content\/uploads\/2015\/07\/4252-305x300.jpg 305w, http:\/\/museumek.eu\/wp-content\/uploads\/2015\/07\/4252.jpg 610w\" sizes=\"(max-width: 300px) 100vw, 300px\" \/><\/a><\/p>\n<p><a href=\"http:\/\/museumek.eu\/?attachment_id=42530\" rel=\"attachment wp-att-42530\"><img loading=\"lazy\" src=\"http:\/\/museumek.eu\/wp-content\/uploads\/2015\/07\/4253-226x300.jpg\" alt=\"\" title=\"4253\" width=\"226\" height=\"300\" class=\"alignnone size-medium wp-image-42530\" srcset=\"http:\/\/museumek.eu\/wp-content\/uploads\/2015\/07\/4253-226x300.jpg 226w, http:\/\/museumek.eu\/wp-content\/uploads\/2015\/07\/4253-113x150.jpg 113w, http:\/\/museumek.eu\/wp-content\/uploads\/2015\/07\/4253.jpg 600w\" sizes=\"(max-width: 226px) 100vw, 226px\" \/><\/a><\/p>\n<p><a href=\"http:\/\/museumek.eu\/?attachment_id=42531\" rel=\"attachment wp-att-42531\"><img loading=\"lazy\" src=\"http:\/\/museumek.eu\/wp-content\/uploads\/2015\/07\/4254-208x300.jpg\" alt=\"\" title=\"4254\" width=\"208\" height=\"300\" class=\"alignnone size-medium wp-image-42531\" srcset=\"http:\/\/museumek.eu\/wp-content\/uploads\/2015\/07\/4254-208x300.jpg 208w, http:\/\/museumek.eu\/wp-content\/uploads\/2015\/07\/4254-104x150.jpg 104w, http:\/\/museumek.eu\/wp-content\/uploads\/2015\/07\/4254.jpg 555w\" sizes=\"(max-width: 208px) 100vw, 208px\" \/><\/a><\/p>\n<p><a href=\"http:\/\/museumek.eu\/?attachment_id=42532\" rel=\"attachment wp-att-42532\"><img loading=\"lazy\" src=\"http:\/\/museumek.eu\/wp-content\/uploads\/2015\/07\/4255-219x300.jpg\" alt=\"\" title=\"4255\" width=\"219\" height=\"300\" class=\"alignnone size-medium wp-image-42532\" srcset=\"http:\/\/museumek.eu\/wp-content\/uploads\/2015\/07\/4255-219x300.jpg 219w, http:\/\/museumek.eu\/wp-content\/uploads\/2015\/07\/4255-109x150.jpg 109w, http:\/\/museumek.eu\/wp-content\/uploads\/2015\/07\/4255.jpg 584w\" sizes=\"(max-width: 219px) 100vw, 219px\" \/><\/a><\/p>\n<p><a href=\"http:\/\/museumek.eu\/?attachment_id=42533\" rel=\"attachment wp-att-42533\"><img loading=\"lazy\" src=\"http:\/\/museumek.eu\/wp-content\/uploads\/2015\/07\/4256-153x300.jpg\" alt=\"\" title=\"4256\" width=\"153\" height=\"300\" class=\"alignnone size-medium wp-image-42533\" srcset=\"http:\/\/museumek.eu\/wp-content\/uploads\/2015\/07\/4256-153x300.jpg 153w, http:\/\/museumek.eu\/wp-content\/uploads\/2015\/07\/4256-76x150.jpg 76w, http:\/\/museumek.eu\/wp-content\/uploads\/2015\/07\/4256.jpg 408w\" sizes=\"(max-width: 153px) 100vw, 153px\" \/><\/a><\/p>\n<p><a href=\"http:\/\/museumek.eu\/?attachment_id=42534\" rel=\"attachment wp-att-42534\"><img loading=\"lazy\" src=\"http:\/\/museumek.eu\/wp-content\/uploads\/2015\/07\/4257-143x300.jpg\" alt=\"\" title=\"4257\" width=\"143\" height=\"300\" class=\"alignnone size-medium wp-image-42534\" srcset=\"http:\/\/museumek.eu\/wp-content\/uploads\/2015\/07\/4257-143x300.jpg 143w, http:\/\/museumek.eu\/wp-content\/uploads\/2015\/07\/4257-71x150.jpg 71w, http:\/\/museumek.eu\/wp-content\/uploads\/2015\/07\/4257.jpg 237w\" sizes=\"(max-width: 143px) 100vw, 143px\" \/><\/a><\/p>\n<p><a href=\"http:\/\/museumek.eu\/?attachment_id=42535\" rel=\"attachment wp-att-42535\"><img loading=\"lazy\" src=\"http:\/\/museumek.eu\/wp-content\/uploads\/2015\/07\/4258-300x173.jpg\" alt=\"\" title=\"4258\" width=\"300\" height=\"173\" class=\"alignnone size-medium wp-image-42535\" srcset=\"http:\/\/museumek.eu\/wp-content\/uploads\/2015\/07\/4258-300x173.jpg 300w, http:\/\/museumek.eu\/wp-content\/uploads\/2015\/07\/4258-150x86.jpg 150w, http:\/\/museumek.eu\/wp-content\/uploads\/2015\/07\/4258-500x289.jpg 500w, http:\/\/museumek.eu\/wp-content\/uploads\/2015\/07\/4258.jpg 800w\" sizes=\"(max-width: 300px) 100vw, 300px\" \/><\/a><\/p>\n<p><strong>Abteilung Deutschland, Keramik 1860 \u2013 1960, Inventarnummer D\/XI\/3<\/strong><\/p>\n<p>Allg\u00e4uer Keramik Hans Rebstock, Deutschland, Altst\u00e4dten, um 1925, Kanne, K\u00fcnstler unbekannt, Werks.-Nr. ohne, Exemplar Nr. ohne, gemarkt Firmenmarke mit senkrechtem Pfeil durch einen Kreis gehend, in der Kreismitte ein waagerechter Strich der sich mit dem Pfeilschaft kreuzt, am Pfeilschaftende links daneben H (f\u00fcr Hans), rechts daneben R (f\u00fcr Rebstock), Allg\u00e4uer Keramik, darunter Handarbeit alles gepresst, nicht signiert, die T\u00f6pferei wurde 1923 von Hans Rebstock gegr\u00fcndet und besteht noch heute, H\u00f6he 15,5 cm, Breite 15,3 cm<\/p>\n<p><a href=\"http:\/\/museumek.eu\/?attachment_id=42551\" rel=\"attachment wp-att-42551\"><img loading=\"lazy\" src=\"http:\/\/museumek.eu\/wp-content\/uploads\/2015\/07\/4210-213x300.jpg\" alt=\"\" title=\"4210\" width=\"213\" height=\"300\" class=\"alignnone size-medium wp-image-42551\" srcset=\"http:\/\/museumek.eu\/wp-content\/uploads\/2015\/07\/4210-213x300.jpg 213w, http:\/\/museumek.eu\/wp-content\/uploads\/2015\/07\/4210-106x150.jpg 106w, http:\/\/museumek.eu\/wp-content\/uploads\/2015\/07\/4210.jpg 569w\" sizes=\"(max-width: 213px) 100vw, 213px\" \/><\/a><\/p>\n<p><a href=\"http:\/\/museumek.eu\/?attachment_id=42552\" rel=\"attachment wp-att-42552\"><img loading=\"lazy\" src=\"http:\/\/museumek.eu\/wp-content\/uploads\/2015\/07\/4211-270x300.jpg\" alt=\"\" title=\"4211\" width=\"270\" height=\"300\" class=\"alignnone size-medium wp-image-42552\" srcset=\"http:\/\/museumek.eu\/wp-content\/uploads\/2015\/07\/4211-270x300.jpg 270w, http:\/\/museumek.eu\/wp-content\/uploads\/2015\/07\/4211-135x150.jpg 135w, http:\/\/museumek.eu\/wp-content\/uploads\/2015\/07\/4211.jpg 600w\" sizes=\"(max-width: 270px) 100vw, 270px\" \/><\/a><\/p>\n<p><a href=\"http:\/\/museumek.eu\/?attachment_id=42553\" rel=\"attachment wp-att-42553\"><img loading=\"lazy\" src=\"http:\/\/museumek.eu\/wp-content\/uploads\/2015\/07\/4212-273x300.jpg\" alt=\"\" title=\"4212\" width=\"273\" height=\"300\" class=\"alignnone size-medium wp-image-42553\" srcset=\"http:\/\/museumek.eu\/wp-content\/uploads\/2015\/07\/4212-273x300.jpg 273w, http:\/\/museumek.eu\/wp-content\/uploads\/2015\/07\/4212-136x150.jpg 136w, http:\/\/museumek.eu\/wp-content\/uploads\/2015\/07\/4212.jpg 600w\" sizes=\"(max-width: 273px) 100vw, 273px\" \/><\/a><\/p>\n<p><a href=\"http:\/\/museumek.eu\/?attachment_id=42554\" rel=\"attachment wp-att-42554\"><img loading=\"lazy\" src=\"http:\/\/museumek.eu\/wp-content\/uploads\/2015\/07\/4213-212x300.jpg\" alt=\"\" title=\"4213\" width=\"212\" height=\"300\" class=\"alignnone size-medium wp-image-42554\" srcset=\"http:\/\/museumek.eu\/wp-content\/uploads\/2015\/07\/4213-212x300.jpg 212w, http:\/\/museumek.eu\/wp-content\/uploads\/2015\/07\/4213-106x150.jpg 106w, http:\/\/museumek.eu\/wp-content\/uploads\/2015\/07\/4213.jpg 567w\" sizes=\"(max-width: 212px) 100vw, 212px\" \/><\/a><\/p>\n<p><a href=\"http:\/\/museumek.eu\/?attachment_id=42555\" rel=\"attachment wp-att-42555\"><img loading=\"lazy\" src=\"http:\/\/museumek.eu\/wp-content\/uploads\/2015\/07\/4214-228x300.jpg\" alt=\"\" title=\"4214\" width=\"228\" height=\"300\" class=\"alignnone size-medium wp-image-42555\" srcset=\"http:\/\/museumek.eu\/wp-content\/uploads\/2015\/07\/4214-228x300.jpg 228w, http:\/\/museumek.eu\/wp-content\/uploads\/2015\/07\/4214-114x150.jpg 114w, http:\/\/museumek.eu\/wp-content\/uploads\/2015\/07\/4214.jpg 600w\" sizes=\"(max-width: 228px) 100vw, 228px\" \/><\/a><\/p>\n<p><a href=\"http:\/\/museumek.eu\/?attachment_id=42556\" rel=\"attachment wp-att-42556\"><img loading=\"lazy\" src=\"http:\/\/museumek.eu\/wp-content\/uploads\/2015\/07\/4215-300x250.jpg\" alt=\"\" title=\"4215\" width=\"300\" height=\"250\" class=\"alignnone size-medium wp-image-42556\" srcset=\"http:\/\/museumek.eu\/wp-content\/uploads\/2015\/07\/4215-300x250.jpg 300w, http:\/\/museumek.eu\/wp-content\/uploads\/2015\/07\/4215-150x125.jpg 150w, http:\/\/museumek.eu\/wp-content\/uploads\/2015\/07\/4215-359x300.jpg 359w, http:\/\/museumek.eu\/wp-content\/uploads\/2015\/07\/4215.jpg 719w\" sizes=\"(max-width: 300px) 100vw, 300px\" \/><\/a><\/p>\n<p><a href=\"http:\/\/museumek.eu\/?attachment_id=42557\" rel=\"attachment wp-att-42557\"><img loading=\"lazy\" src=\"http:\/\/museumek.eu\/wp-content\/uploads\/2015\/07\/4217-222x300.jpg\" alt=\"\" title=\"4217\" width=\"222\" height=\"300\" class=\"alignnone size-medium wp-image-42557\" srcset=\"http:\/\/museumek.eu\/wp-content\/uploads\/2015\/07\/4217-222x300.jpg 222w, http:\/\/museumek.eu\/wp-content\/uploads\/2015\/07\/4217-111x150.jpg 111w, http:\/\/museumek.eu\/wp-content\/uploads\/2015\/07\/4217.jpg 350w\" sizes=\"(max-width: 222px) 100vw, 222px\" \/><\/a><\/p>\n<p><a href=\"http:\/\/museumek.eu\/?attachment_id=42558\" rel=\"attachment wp-att-42558\"><img loading=\"lazy\" src=\"http:\/\/museumek.eu\/wp-content\/uploads\/2015\/07\/4218-300x139.jpg\" alt=\"\" title=\"4218\" width=\"300\" height=\"139\" class=\"alignnone size-medium wp-image-42558\" srcset=\"http:\/\/museumek.eu\/wp-content\/uploads\/2015\/07\/4218-300x139.jpg 300w, http:\/\/museumek.eu\/wp-content\/uploads\/2015\/07\/4218-150x69.jpg 150w, http:\/\/museumek.eu\/wp-content\/uploads\/2015\/07\/4218-500x233.jpg 500w, http:\/\/museumek.eu\/wp-content\/uploads\/2015\/07\/4218.jpg 731w\" sizes=\"(max-width: 300px) 100vw, 300px\" \/><\/a><\/p>\n","protected":false},"excerpt":{"rendered":"<p>Abteilung Deutschland\/B\u00f6hmen, Keramik 1860 \u2013 1960, Inventarnummer D\/XI\/1 Allg\u00e4uer Keramik Hans Rebstock, Deutschland, Altst\u00e4dten, um 1925, Schale, K\u00fcnstler unbekannt, Werks.-Nr. 400, Exemplar Nr. 1 (?), gemarkt Firmenmarke mit senkrechtem Pfeil durch einen Kreis gehend, in der Kreismitte ein waagerechter Strich &hellip; <a href=\"http:\/\/museumek.eu\/?page_id=21065\">Weiterlesen <span class=\"meta-nav\">&rarr;<\/span><\/a><\/p>\n","protected":false},"author":1,"featured_media":0,"parent":21062,"menu_order":1,"comment_status":"closed","ping_status":"open","template":"","meta":[],"_links":{"self":[{"href":"http:\/\/museumek.eu\/index.php?rest_route=\/wp\/v2\/pages\/21065"}],"collection":[{"href":"http:\/\/museumek.eu\/index.php?rest_route=\/wp\/v2\/pages"}],"about":[{"href":"http:\/\/museumek.eu\/index.php?rest_route=\/wp\/v2\/types\/page"}],"author":[{"embeddable":true,"href":"http:\/\/museumek.eu\/index.php?rest_route=\/wp\/v2\/users\/1"}],"replies":[{"embeddable":true,"href":"http:\/\/museumek.eu\/index.php?rest_route=%2Fwp%2Fv2%2Fcomments&post=21065"}],"version-history":[{"count":8,"href":"http:\/\/museumek.eu\/index.php?rest_route=\/wp\/v2\/pages\/21065\/revisions"}],"predecessor-version":[{"id":42566,"href":"http:\/\/museumek.eu\/index.php?rest_route=\/wp\/v2\/pages\/21065\/revisions\/42566"}],"up":[{"embeddable":true,"href":"http:\/\/museumek.eu\/index.php?rest_route=\/wp\/v2\/pages\/21062"}],"wp:attachment":[{"href":"http:\/\/museumek.eu\/index.php?rest_route=%2Fwp%2Fv2%2Fmedia&parent=21065"}],"curies":[{"name":"wp","href":"https:\/\/api.w.org\/{rel}","templated":true}]}}