{"id":21090,"date":"2013-04-28T14:30:55","date_gmt":"2013-04-28T12:30:55","guid":{"rendered":"http:\/\/museumek.eu\/?page_id=21090"},"modified":"2021-02-10T20:52:09","modified_gmt":"2021-02-10T19:52:09","slug":"axxxvii2","status":"publish","type":"page","link":"http:\/\/museumek.eu\/?page_id=21090","title":{"rendered":"A\/XXXVII\/2"},"content":{"rendered":"<p><strong>Abteilung Austria\/Ungarn\/B\u00f6hmen, Keramik 1860 \u2013 1960, Inventarnummer A\/XXXVII\/2<\/strong><\/p>\n<p>Eduard Eichler, Porzellan-, Majolika-, Fayence- und Terracottafabrik vormals Porzellanfabrik Dux Anton Gierschick und Nachf. Duxer Porzellanmanufaktur AG und Nachf. Royal Dux Czechoslowakia, B\u00f6hmen\/Deutschland, Berlin (Sitz der AG), Dux\/Duchkov (Produktionsort), vor 1945, Figur Dame, K\u00fcnstler Elly Strobach-K\u00f6nigova, Werks.-Nr. 197 (?), Exemplar Nr. 17 P (?), gemarkt Firmenmarke Dreieck mit den Buchstaben D P M um eine Eichel (Marke schwer bzw. nicht lesbar) dunkelgr\u00fcner Stempel unter Glasur, K\u00f6nigova geritzt, 197, 17 P, 2, 11. sowie 30. gepresst, nicht gedeutete Zeichen (evtl. Nummern) blau und schwarz gemalt, signiert K\u00f6nigova, Literatur: Volker M\u00f6lle Riessner, Amphora, Die Porzellan- und Keramikmanufaktur in Nord-B\u00f6hmen, Seite 182, Beschreibung der Eichler\u2018schen Fabriken sowie Seite 195, evtl. Marke Nr. 34 identisch, 1853 gr\u00fcndet Anton Gierschick die Duxer Porzellanfabrik,Firmierung wohl Porzellanfabrik Dux Anton Gierschick, diese wurde 1865 von Eduard Eichler \u00fcbernommen und firmierte als Eduard Eichler, Porzellan-, Majolika-, Fayence- und Terracottafabrik, Eduard Eichler hatte durch Heirat bereits 1860 die Manufaktur \u201ePalme\u201c in Scheltau (Selty) \u00fcbernommen, die 1898 liquidiert wurde und zu der keine Rechercheergebnisse vorliegen, am 01.01.1887 stirbt Eduard Eichler und seine Witwe Amalie sowie die beiden S\u00f6hne Anton-Franz und Eduard jr. f\u00fchren die Duxer Fabrik fort, 1891 wird die Fabrik an den H\u00e4ndler Wilhelm Hans verkauft, Miteigent\u00fcmer bleibt Anton-Franz Eichler, evtl. \u00e4ndert sich jetzt der Fabrikname in Royal Dux Austria (Bohemia), 1898 erfolgt eine Umstrukturierung in eine AG mit Sitz in Berlin, die Fabrik firmiert als Duxer Porzellan-Manufaktur AG, vormals Eduard Eichler, Porzellan-, Majolika-, Fayence- und Terracottefabrik, um diese Zeit wurde auch die rosa Dreiecksmarke eingef\u00fchrt, zuerst mit dem Buchstaben E in der Eichel, ab 1918 in der Regel mit Zusatzmarken oder Worten die auf die Tschechoslowakei hinweisen, so dass man bei einer allein stehenden Dreieckmarke mit dem Buchstaben E und sonst nur werksinternen Pressnummern, davon ausgehen kann, dass diese Keramiken vor 1918 produziert worden sind, nach dem WK II wurde der Buchstabe E durch die Buchstaben D (f\u00fcr Dux) oder M (M ungedeutet) ersetzt, neue Modelle der 1990\u2018 Jahre dann wieder mit mit dem Buchstaben D aber auf jeden Fall mit dem Copyright Zeichen und Hinweisstempeln auf Tschechien, 1898 kauft die AG die Porzellanfabrik Fasolt &#038; Eichel in Blankenhain\/Th\u00fcrigen (Anteile an dieser Fabrik hatte Sie bereits \u00fcber Eduard Eichler), die sie 1917 wieder an die Keramischen Werke C. &#038; E. Carstens verkauft, 1918 firmiert die Fabrik als Royal Dux Czechoslowakia, 1938 als Royal Dux Deutschland, 1941 wieder als Duxer Porzellan-Manufaktur AG, 1945 erfolgte die Nationalisierung und Umbennung in Royal Dux-Bohemia, 1948 erfolgte die Verstaatlichung und Vereinigung mit anderen tschechischen Fabriken, in der Literatur werden die Firmierungs und Eigentumsverh\u00e4ltnisse der Eichler\u2019schen Fabriken unterschiedlich dargestellt, H\u00f6he 32 cm, Breite 18 cm<\/p>\n<p><a href=\"http:\/\/museumek.eu\/wp-content\/uploads\/2011\/08\/Museum-Europ\u00e4ischer-Keramikkunst-Qualit\u00e4tsfotos-316.jpg\"><img loading=\"lazy\" src=\"http:\/\/museumek.eu\/wp-content\/uploads\/2011\/08\/Museum-Europ\u00e4ischer-Keramikkunst-Qualit\u00e4tsfotos-316-145x300.jpg\" alt=\"\" title=\"Museum Europ\u00e4ischer Keramikkunst Qualit\u00e4tsfotos 316\" width=\"145\" height=\"300\" class=\"alignnone size-medium wp-image-2030\" srcset=\"http:\/\/museumek.eu\/wp-content\/uploads\/2011\/08\/Museum-Europ\u00e4ischer-Keramikkunst-Qualit\u00e4tsfotos-316-145x300.jpg 145w, http:\/\/museumek.eu\/wp-content\/uploads\/2011\/08\/Museum-Europ\u00e4ischer-Keramikkunst-Qualit\u00e4tsfotos-316.jpg 422w\" sizes=\"(max-width: 145px) 100vw, 145px\" \/><\/a><\/p>\n<p><a href=\"http:\/\/museumek.eu\/wp-content\/uploads\/2011\/08\/Museum-Europ\u00e4ischer-Keramikkunst-580.jpg\"><img loading=\"lazy\" src=\"http:\/\/museumek.eu\/wp-content\/uploads\/2011\/08\/Museum-Europ\u00e4ischer-Keramikkunst-580-300x258.jpg\" alt=\"\" title=\"Museum Europ\u00e4ischer Keramikkunst 580\" width=\"300\" height=\"258\" class=\"alignnone size-medium wp-image-2031\" srcset=\"http:\/\/museumek.eu\/wp-content\/uploads\/2011\/08\/Museum-Europ\u00e4ischer-Keramikkunst-580-300x258.jpg 300w, http:\/\/museumek.eu\/wp-content\/uploads\/2011\/08\/Museum-Europ\u00e4ischer-Keramikkunst-580-348x300.jpg 348w, http:\/\/museumek.eu\/wp-content\/uploads\/2011\/08\/Museum-Europ\u00e4ischer-Keramikkunst-580.jpg 738w\" sizes=\"(max-width: 300px) 100vw, 300px\" \/><\/a><\/p>\n<p><a href=\"http:\/\/museumek.eu\/wp-content\/uploads\/2011\/08\/Royal-Dux.jpg\"><img loading=\"lazy\" src=\"http:\/\/museumek.eu\/wp-content\/uploads\/2011\/08\/Royal-Dux-300x107.jpg\" alt=\"\" title=\"Royal Dux\" width=\"300\" height=\"107\" class=\"alignnone size-medium wp-image-2032\" srcset=\"http:\/\/museumek.eu\/wp-content\/uploads\/2011\/08\/Royal-Dux-300x107.jpg 300w, http:\/\/museumek.eu\/wp-content\/uploads\/2011\/08\/Royal-Dux.jpg 343w\" sizes=\"(max-width: 300px) 100vw, 300px\" \/><\/a><\/p>\n","protected":false},"excerpt":{"rendered":"<p>Abteilung Austria\/Ungarn\/B\u00f6hmen, Keramik 1860 \u2013 1960, Inventarnummer A\/XXXVII\/2 Eduard Eichler, Porzellan-, Majolika-, Fayence- und Terracottafabrik vormals Porzellanfabrik Dux Anton Gierschick und Nachf. Duxer Porzellanmanufaktur AG und Nachf. Royal Dux Czechoslowakia, B\u00f6hmen\/Deutschland, Berlin (Sitz der AG), Dux\/Duchkov (Produktionsort), vor 1945, Figur &hellip; <a href=\"http:\/\/museumek.eu\/?page_id=21090\">Weiterlesen <span class=\"meta-nav\">&rarr;<\/span><\/a><\/p>\n","protected":false},"author":1,"featured_media":0,"parent":13285,"menu_order":2,"comment_status":"closed","ping_status":"open","template":"","meta":[],"_links":{"self":[{"href":"http:\/\/museumek.eu\/index.php?rest_route=\/wp\/v2\/pages\/21090"}],"collection":[{"href":"http:\/\/museumek.eu\/index.php?rest_route=\/wp\/v2\/pages"}],"about":[{"href":"http:\/\/museumek.eu\/index.php?rest_route=\/wp\/v2\/types\/page"}],"author":[{"embeddable":true,"href":"http:\/\/museumek.eu\/index.php?rest_route=\/wp\/v2\/users\/1"}],"replies":[{"embeddable":true,"href":"http:\/\/museumek.eu\/index.php?rest_route=%2Fwp%2Fv2%2Fcomments&post=21090"}],"version-history":[{"count":7,"href":"http:\/\/museumek.eu\/index.php?rest_route=\/wp\/v2\/pages\/21090\/revisions"}],"predecessor-version":[{"id":53231,"href":"http:\/\/museumek.eu\/index.php?rest_route=\/wp\/v2\/pages\/21090\/revisions\/53231"}],"up":[{"embeddable":true,"href":"http:\/\/museumek.eu\/index.php?rest_route=\/wp\/v2\/pages\/13285"}],"wp:attachment":[{"href":"http:\/\/museumek.eu\/index.php?rest_route=%2Fwp%2Fv2%2Fmedia&parent=21090"}],"curies":[{"name":"wp","href":"https:\/\/api.w.org\/{rel}","templated":true}]}}