{"id":21108,"date":"2013-04-28T19:24:29","date_gmt":"2013-04-28T17:24:29","guid":{"rendered":"http:\/\/museumek.eu\/?page_id=21108"},"modified":"2013-04-28T19:25:17","modified_gmt":"2013-04-28T17:25:17","slug":"kurzbiografie-und-inventar-zum-kunstler","status":"publish","type":"page","link":"http:\/\/museumek.eu\/?page_id=21108","title":{"rendered":"Kurzbiografie und Inventar zum K\u00fcnstler"},"content":{"rendered":"<p>Friede Kieser Mahrun wurde 1885 als Friede Kieser in Nedlitz geboren. Sie starb im Januar 1947 in Dessau.<br \/>\nSie war die Tocher eines F\u00f6rsters und wuchs somit naturnah auf. Daher stammt wohl auch ihr Interesse als Bildhauerin, in ihrem kleinplastischen Schaffen vor allem Tiere zu formen. Kieser Mahrun studierte an der Leipziger Akademie. Seit 1919 arbeitete sie in Dessau mit dem Bildhauer Walter Kieser zusammen. 1921 ehelichten die beiden. Am 14.10.1927 gr\u00fcndeten sie eine keramische Werkstatt unter dem Namen Waldkaterkeramik, die sie bis zum Ende des WK II betrieben. Nachweislich hat Kieser Mahrun mindestens einen Entwurf f\u00fcr die WMF gefertigt. Dem Direktor des MEK liegt eine plastische b\u00e4uerliche Szene auf einer versilberten Zinntafel vor, die sowohl mit WMF als auch mit Friede Mahrun gemarkt ist.<\/p>\n<p><strong>Abteilung Deutschland, Keramik 1860 \u2013 1960, Inventarnummer D\/X\/1<\/strong><\/p>\n<p>Waldkaterkeramik, Deutschland, Dessau, um 1930, Figur junger L\u00f6we auf Rechtecksockel, K\u00fcnstler Friede Kieser Mahrun, Werks.-Nr. 156, Exemplar Nr. ohne, gemarkt Firmenmarke in einem Halbkreis Kater und Baum, in einem Rechteck Friede Kieser Mahrun sowie in einem Kreis 156 gepresst, F.K.M. (f\u00fcr Friede Kieser Mahrun) sowie T geritzt, signiert F.K.M., Literatur: Jana Kybalov\u00e1, Keramikmarken aus aller Welt, Marke Nr. 1688 identisch, die Bildhauer Walter Kieser und Friede Mahrun arbeiteten seit 1919 in Dessau zusammen, 1921 heirateten sie (Namens\u00e4nderung von Friede in Kieser Mahrun) und am 14.10.1925 gr\u00fcndeten Sie in Dessau ihre eigene T\u00f6pferei mit Namen Waldkaterkeramik, die bis zum Ende des WK II bestand,<br \/>\nH\u00f6he 7 cm, Breite 14 cm<\/p>\n<p><a href=\"http:\/\/museumek.eu\/wp-content\/uploads\/2013\/04\/5022.jpg\"><img loading=\"lazy\" src=\"http:\/\/museumek.eu\/wp-content\/uploads\/2013\/04\/5022-274x300.jpg\" alt=\"\" title=\"5022\" width=\"274\" height=\"300\" class=\"alignnone size-medium wp-image-21109\" srcset=\"http:\/\/museumek.eu\/wp-content\/uploads\/2013\/04\/5022-274x300.jpg 274w, http:\/\/museumek.eu\/wp-content\/uploads\/2013\/04\/5022.jpg 600w\" sizes=\"(max-width: 274px) 100vw, 274px\" \/><\/a><\/p>\n<p><a href=\"http:\/\/museumek.eu\/wp-content\/uploads\/2013\/04\/5023.jpg\"><img loading=\"lazy\" src=\"http:\/\/museumek.eu\/wp-content\/uploads\/2013\/04\/5023-193x300.jpg\" alt=\"\" title=\"5023\" width=\"193\" height=\"300\" class=\"alignnone size-medium wp-image-21110\" srcset=\"http:\/\/museumek.eu\/wp-content\/uploads\/2013\/04\/5023-193x300.jpg 193w, http:\/\/museumek.eu\/wp-content\/uploads\/2013\/04\/5023.jpg 516w\" sizes=\"(max-width: 193px) 100vw, 193px\" \/><\/a><\/p>\n","protected":false},"excerpt":{"rendered":"<p>Friede Kieser Mahrun wurde 1885 als Friede Kieser in Nedlitz geboren. Sie starb im Januar 1947 in Dessau. Sie war die Tocher eines F\u00f6rsters und wuchs somit naturnah auf. Daher stammt wohl auch ihr Interesse als Bildhauerin, in ihrem kleinplastischen &hellip; <a href=\"http:\/\/museumek.eu\/?page_id=21108\">Weiterlesen <span class=\"meta-nav\">&rarr;<\/span><\/a><\/p>\n","protected":false},"author":1,"featured_media":0,"parent":21105,"menu_order":1,"comment_status":"closed","ping_status":"open","template":"","meta":[],"_links":{"self":[{"href":"http:\/\/museumek.eu\/index.php?rest_route=\/wp\/v2\/pages\/21108"}],"collection":[{"href":"http:\/\/museumek.eu\/index.php?rest_route=\/wp\/v2\/pages"}],"about":[{"href":"http:\/\/museumek.eu\/index.php?rest_route=\/wp\/v2\/types\/page"}],"author":[{"embeddable":true,"href":"http:\/\/museumek.eu\/index.php?rest_route=\/wp\/v2\/users\/1"}],"replies":[{"embeddable":true,"href":"http:\/\/museumek.eu\/index.php?rest_route=%2Fwp%2Fv2%2Fcomments&post=21108"}],"version-history":[{"count":3,"href":"http:\/\/museumek.eu\/index.php?rest_route=\/wp\/v2\/pages\/21108\/revisions"}],"predecessor-version":[{"id":21113,"href":"http:\/\/museumek.eu\/index.php?rest_route=\/wp\/v2\/pages\/21108\/revisions\/21113"}],"up":[{"embeddable":true,"href":"http:\/\/museumek.eu\/index.php?rest_route=\/wp\/v2\/pages\/21105"}],"wp:attachment":[{"href":"http:\/\/museumek.eu\/index.php?rest_route=%2Fwp%2Fv2%2Fmedia&parent=21108"}],"curies":[{"name":"wp","href":"https:\/\/api.w.org\/{rel}","templated":true}]}}