{"id":21127,"date":"2013-04-28T19:33:06","date_gmt":"2013-04-28T17:33:06","guid":{"rendered":"http:\/\/museumek.eu\/?page_id=21127"},"modified":"2013-04-28T19:33:06","modified_gmt":"2013-04-28T17:33:07","slug":"fotos-und-beschreibung","status":"publish","type":"page","link":"http:\/\/museumek.eu\/?page_id=21127","title":{"rendered":"Fotos und Beschreibung"},"content":{"rendered":"<p><strong>Abteilung Deutschland, Keramik 1860 \u2013 1960, Inventarnummer D\/X\/1<\/strong><\/p>\n<p>Waldkaterkeramik, Deutschland, Dessau, um 1930, Figur junger L\u00f6we auf Rechtecksockel, K\u00fcnstler Friede Kieser Mahrun, Werks.-Nr. 156, Exemplar Nr. ohne, gemarkt Firmenmarke in einem Halbkreis Kater und Baum, in einem Rechteck Friede Kieser Mahrun sowie in einem Kreis 156 gepresst, F.K.M. (f\u00fcr Friede Kieser Mahrun) sowie T geritzt, signiert F.K.M., Literatur: Jana Kybalov\u00e1, Keramikmarken aus aller Welt, Marke Nr. 1688 identisch, die Bildhauer Walter Kieser und Friede Mahrun arbeiteten seit 1919 in Dessau zusammen, 1921 heirateten sie (Namens\u00e4nderung von Friede in Kieser Mahrun) und am 14.10.1925 gr\u00fcndeten Sie in Dessau ihre eigene T\u00f6pferei mit Namen Waldkaterkeramik, die bis zum Ende des WK II bestand,<br \/>\nH\u00f6he 7 cm, Breite 14 cm<\/p>\n<p><a href=\"http:\/\/museumek.eu\/wp-content\/uploads\/2013\/04\/5022.jpg\"><img loading=\"lazy\" src=\"http:\/\/museumek.eu\/wp-content\/uploads\/2013\/04\/5022-274x300.jpg\" alt=\"\" title=\"5022\" width=\"274\" height=\"300\" class=\"alignnone size-medium wp-image-21109\" srcset=\"http:\/\/museumek.eu\/wp-content\/uploads\/2013\/04\/5022-274x300.jpg 274w, http:\/\/museumek.eu\/wp-content\/uploads\/2013\/04\/5022.jpg 600w\" sizes=\"(max-width: 274px) 100vw, 274px\" \/><\/a><\/p>\n<p><a href=\"http:\/\/museumek.eu\/wp-content\/uploads\/2013\/04\/5023.jpg\"><img loading=\"lazy\" src=\"http:\/\/museumek.eu\/wp-content\/uploads\/2013\/04\/5023-193x300.jpg\" alt=\"\" title=\"5023\" width=\"193\" height=\"300\" class=\"alignnone size-medium wp-image-21110\" srcset=\"http:\/\/museumek.eu\/wp-content\/uploads\/2013\/04\/5023-193x300.jpg 193w, http:\/\/museumek.eu\/wp-content\/uploads\/2013\/04\/5023.jpg 516w\" sizes=\"(max-width: 193px) 100vw, 193px\" \/><\/a><\/p>\n","protected":false},"excerpt":{"rendered":"<p>Abteilung Deutschland, Keramik 1860 \u2013 1960, Inventarnummer D\/X\/1 Waldkaterkeramik, Deutschland, Dessau, um 1930, Figur junger L\u00f6we auf Rechtecksockel, K\u00fcnstler Friede Kieser Mahrun, Werks.-Nr. 156, Exemplar Nr. ohne, gemarkt Firmenmarke in einem Halbkreis Kater und Baum, in einem Rechteck Friede Kieser &hellip; <a href=\"http:\/\/museumek.eu\/?page_id=21127\">Weiterlesen <span class=\"meta-nav\">&rarr;<\/span><\/a><\/p>\n","protected":false},"author":1,"featured_media":0,"parent":21124,"menu_order":1,"comment_status":"closed","ping_status":"open","template":"","meta":[],"_links":{"self":[{"href":"http:\/\/museumek.eu\/index.php?rest_route=\/wp\/v2\/pages\/21127"}],"collection":[{"href":"http:\/\/museumek.eu\/index.php?rest_route=\/wp\/v2\/pages"}],"about":[{"href":"http:\/\/museumek.eu\/index.php?rest_route=\/wp\/v2\/types\/page"}],"author":[{"embeddable":true,"href":"http:\/\/museumek.eu\/index.php?rest_route=\/wp\/v2\/users\/1"}],"replies":[{"embeddable":true,"href":"http:\/\/museumek.eu\/index.php?rest_route=%2Fwp%2Fv2%2Fcomments&post=21127"}],"version-history":[{"count":2,"href":"http:\/\/museumek.eu\/index.php?rest_route=\/wp\/v2\/pages\/21127\/revisions"}],"predecessor-version":[{"id":21129,"href":"http:\/\/museumek.eu\/index.php?rest_route=\/wp\/v2\/pages\/21127\/revisions\/21129"}],"up":[{"embeddable":true,"href":"http:\/\/museumek.eu\/index.php?rest_route=\/wp\/v2\/pages\/21124"}],"wp:attachment":[{"href":"http:\/\/museumek.eu\/index.php?rest_route=%2Fwp%2Fv2%2Fmedia&parent=21127"}],"curies":[{"name":"wp","href":"https:\/\/api.w.org\/{rel}","templated":true}]}}