{"id":21180,"date":"2013-04-29T21:25:16","date_gmt":"2013-04-29T19:25:16","guid":{"rendered":"http:\/\/museumek.eu\/?page_id=21180"},"modified":"2013-04-29T21:25:16","modified_gmt":"2013-04-29T19:25:16","slug":"fotos-und-beschreibung","status":"publish","type":"page","link":"http:\/\/museumek.eu\/?page_id=21180","title":{"rendered":"Fotos und Beschreibung"},"content":{"rendered":"<p><strong>Abteilung Austria\/Ungarn\/B\u00f6hmen, Keramik 1860 \u2013 1960, Inventarnummer A\/XLII\/1<\/strong><\/p>\n<p>Nesselsdorfer Thonwarenfabrik Adolf Raschka, B\u00f6hmen\/Austria, Nesselsdorf\/Koprivnice, um 1885, Vase, K\u00fcnstler unbekannt, Werks.-Nr. 157, Exemplar Nr. ohne, gemarkt Firmenmarke mit Kirche und Moschee, Kirche mit Kreuz, Moschee mit Halbmond auf dem Dach, blauer Stempel unter Glasur, Nesselsdorf, 157 sowie D gepresst, 7 in Gold auf Glasur gemalt, der blaue Stempel des MEK Exemplars ist schwer erkennbar, deshalb wurden aus dem Internet zwei Fotos besser erkennbarer Stempel hinzugef\u00fcgt, nicht signiert, 1810 gr\u00fcndete Ignaz Raschka in Nesselsdorf eine Steingutfabrik, diese wurde dann von seinem Sohn Adolf Raschka als Nesselsdorfer Thonwarenfabrik bis 1899 weitergef\u00fchrt, 1905 an Ignaz Schustala verkauft, nach dessen Tod 1914 \u00fcbernahm der Bruder Adolf Schustala die Leitung der Fabrik, nach dessen Tod 1921 \u00fcbernahm Adolf Raschka (Sohn von o. g. Adolf Raschka mit gleichem Namen) vor\u00fcbergehend die Fabrik und letztlich wurde die Fabrik von Ernst Richter dem Schwiegersohn von Ignaz Schustala wohl bis zum Ende des WK II gef\u00fchrt, nicht gesichert ist die Firmierung als Richter und Schustala, reichliche Einfassung der Malerei mit Gold, H\u00f6he 20,5 cm, Breite 10,5 cm<\/p>\n<p><a href=\"http:\/\/museumek.eu\/wp-content\/uploads\/2013\/04\/Museum-Europ\u00e4ischer-Keramikkunst-3686.jpg\"><img loading=\"lazy\" src=\"http:\/\/museumek.eu\/wp-content\/uploads\/2013\/04\/Museum-Europ\u00e4ischer-Keramikkunst-3686-163x300.jpg\" alt=\"\" title=\"Museum Europ\u00e4ischer Keramikkunst 3686\" width=\"163\" height=\"300\" class=\"alignnone size-medium wp-image-21170\" srcset=\"http:\/\/museumek.eu\/wp-content\/uploads\/2013\/04\/Museum-Europ\u00e4ischer-Keramikkunst-3686-163x300.jpg 163w, http:\/\/museumek.eu\/wp-content\/uploads\/2013\/04\/Museum-Europ\u00e4ischer-Keramikkunst-3686.jpg 403w\" sizes=\"(max-width: 163px) 100vw, 163px\" \/><\/a><\/p>\n<p><a href=\"http:\/\/museumek.eu\/wp-content\/uploads\/2013\/04\/Museum-Europ\u00e4ischer-Keramikkunst-3687.jpg\"><img loading=\"lazy\" src=\"http:\/\/museumek.eu\/wp-content\/uploads\/2013\/04\/Museum-Europ\u00e4ischer-Keramikkunst-3687-168x300.jpg\" alt=\"\" title=\"Museum Europ\u00e4ischer Keramikkunst 3687\" width=\"168\" height=\"300\" class=\"alignnone size-medium wp-image-21171\" srcset=\"http:\/\/museumek.eu\/wp-content\/uploads\/2013\/04\/Museum-Europ\u00e4ischer-Keramikkunst-3687-168x300.jpg 168w, http:\/\/museumek.eu\/wp-content\/uploads\/2013\/04\/Museum-Europ\u00e4ischer-Keramikkunst-3687.jpg 435w\" sizes=\"(max-width: 168px) 100vw, 168px\" \/><\/a><\/p>\n<p><a href=\"http:\/\/museumek.eu\/wp-content\/uploads\/2013\/04\/Museum-Europ\u00e4ischer-Keramikkunst-3689.jpg\"><img loading=\"lazy\" src=\"http:\/\/museumek.eu\/wp-content\/uploads\/2013\/04\/Museum-Europ\u00e4ischer-Keramikkunst-3689-300x189.jpg\" alt=\"\" title=\"Museum Europ\u00e4ischer Keramikkunst 3689\" width=\"300\" height=\"189\" class=\"alignnone size-medium wp-image-21172\" srcset=\"http:\/\/museumek.eu\/wp-content\/uploads\/2013\/04\/Museum-Europ\u00e4ischer-Keramikkunst-3689-300x189.jpg 300w, http:\/\/museumek.eu\/wp-content\/uploads\/2013\/04\/Museum-Europ\u00e4ischer-Keramikkunst-3689.jpg 407w\" sizes=\"(max-width: 300px) 100vw, 300px\" \/><\/a><\/p>\n<p><a href=\"http:\/\/museumek.eu\/wp-content\/uploads\/2013\/04\/Vase-Nesselsdorf-1.jpg\"><img loading=\"lazy\" src=\"http:\/\/museumek.eu\/wp-content\/uploads\/2013\/04\/Vase-Nesselsdorf-1-300x195.jpg\" alt=\"\" title=\"Vase Nesselsdorf 1\" width=\"300\" height=\"195\" class=\"alignnone size-medium wp-image-21173\" srcset=\"http:\/\/museumek.eu\/wp-content\/uploads\/2013\/04\/Vase-Nesselsdorf-1-300x195.jpg 300w, http:\/\/museumek.eu\/wp-content\/uploads\/2013\/04\/Vase-Nesselsdorf-1-459x300.jpg 459w, http:\/\/museumek.eu\/wp-content\/uploads\/2013\/04\/Vase-Nesselsdorf-1.jpg 524w\" sizes=\"(max-width: 300px) 100vw, 300px\" \/><\/a><\/p>\n<p><a href=\"http:\/\/museumek.eu\/wp-content\/uploads\/2013\/04\/Vase-Nesselsdorf-2.jpg\"><img loading=\"lazy\" src=\"http:\/\/museumek.eu\/wp-content\/uploads\/2013\/04\/Vase-Nesselsdorf-2-300x243.jpg\" alt=\"\" title=\"Vase Nesselsdorf 2\" width=\"300\" height=\"243\" class=\"alignnone size-medium wp-image-21174\" srcset=\"http:\/\/museumek.eu\/wp-content\/uploads\/2013\/04\/Vase-Nesselsdorf-2-300x243.jpg 300w, http:\/\/museumek.eu\/wp-content\/uploads\/2013\/04\/Vase-Nesselsdorf-2-370x300.jpg 370w, http:\/\/museumek.eu\/wp-content\/uploads\/2013\/04\/Vase-Nesselsdorf-2.jpg 458w\" sizes=\"(max-width: 300px) 100vw, 300px\" \/><\/a><\/p>\n","protected":false},"excerpt":{"rendered":"<p>Abteilung Austria\/Ungarn\/B\u00f6hmen, Keramik 1860 \u2013 1960, Inventarnummer A\/XLII\/1 Nesselsdorfer Thonwarenfabrik Adolf Raschka, B\u00f6hmen\/Austria, Nesselsdorf\/Koprivnice, um 1885, Vase, K\u00fcnstler unbekannt, Werks.-Nr. 157, Exemplar Nr. ohne, gemarkt Firmenmarke mit Kirche und Moschee, Kirche mit Kreuz, Moschee mit Halbmond auf dem Dach, blauer &hellip; <a href=\"http:\/\/museumek.eu\/?page_id=21180\">Weiterlesen <span class=\"meta-nav\">&rarr;<\/span><\/a><\/p>\n","protected":false},"author":1,"featured_media":0,"parent":21177,"menu_order":1,"comment_status":"closed","ping_status":"open","template":"","meta":[],"_links":{"self":[{"href":"http:\/\/museumek.eu\/index.php?rest_route=\/wp\/v2\/pages\/21180"}],"collection":[{"href":"http:\/\/museumek.eu\/index.php?rest_route=\/wp\/v2\/pages"}],"about":[{"href":"http:\/\/museumek.eu\/index.php?rest_route=\/wp\/v2\/types\/page"}],"author":[{"embeddable":true,"href":"http:\/\/museumek.eu\/index.php?rest_route=\/wp\/v2\/users\/1"}],"replies":[{"embeddable":true,"href":"http:\/\/museumek.eu\/index.php?rest_route=%2Fwp%2Fv2%2Fcomments&post=21180"}],"version-history":[{"count":2,"href":"http:\/\/museumek.eu\/index.php?rest_route=\/wp\/v2\/pages\/21180\/revisions"}],"predecessor-version":[{"id":21182,"href":"http:\/\/museumek.eu\/index.php?rest_route=\/wp\/v2\/pages\/21180\/revisions\/21182"}],"up":[{"embeddable":true,"href":"http:\/\/museumek.eu\/index.php?rest_route=\/wp\/v2\/pages\/21177"}],"wp:attachment":[{"href":"http:\/\/museumek.eu\/index.php?rest_route=%2Fwp%2Fv2%2Fmedia&parent=21180"}],"curies":[{"name":"wp","href":"https:\/\/api.w.org\/{rel}","templated":true}]}}