{"id":21216,"date":"2013-05-01T10:13:55","date_gmt":"2013-05-01T08:13:55","guid":{"rendered":"http:\/\/museumek.eu\/?page_id=21216"},"modified":"2021-02-10T20:52:47","modified_gmt":"2021-02-10T19:52:47","slug":"axxxvii3","status":"publish","type":"page","link":"http:\/\/museumek.eu\/?page_id=21216","title":{"rendered":"A\/XXXVII\/3"},"content":{"rendered":"<p><strong>Abteilung Austria\/Ungarn\/B\u00f6hmen, Keramik 1860 \u2013 1960, Inventarnummer A\/XXXVII\/3<\/strong><\/p>\n<p>Eduard Eichler, Porzellan-, Majolika-, Fayence- und Terracottafabrik vormals Porzellanfabrik Dux Anton Gierschick und Nachf. Duxer Porzellanmanufaktur AG und Nachf. Royal Dux Czechoslowakia, B\u00f6hmen\/Deutschland, Berlin (Sitz der AG) Dux\/Duchkov (Produktionsort), um 1900, Figur Mann beim Wasser holen, K\u00fcnstler unbekannt, Werks.-Nr. 1467, Exemplar Nr. ohne, gemarkt Firmenmarke Dreieckpl\u00e4ttchen aus Keramik mit Royal Dux Bohemia, einer Eichel und in der Eichel der Buchstabe E (f\u00fcr Eichler), diese Marke wurde ab ca. 1898 verwendet, 1467 gepresst, nicht signiert, Literatur: Otto Pelka, Keramik der Neuzeit, Markentafel III, Marke Nr. 29 identisch, Seite 209, Herstellerverzeichnis unter Nr. 29, Dux: Duxer Porzellan-Manufaktur A.-G. vormals Ed. Eichler sowie Seite 219, Namensverzeichnis, Duxer Porzellan-Manufaktur, vorm. Ed. Eichler M 29, weitere Literatur: Kyle Husfloen, Antique Trader, Pottery &#038; Porcelain, Ceramics, Price Guide, 5th Edition, Seite 619, kurze Beschreibung der Manufaktur sowie Abbildung der identischen Marke, weitere Literatur: Volker M\u00f6lle Riessner, Amphora, Die Porzellan- und Keramikmanufaktur in Nord-B\u00f6hmen, Seite 182, Beschreibung der Eichler\u2018schen Fabriken sowie Seite 195, Marke Nr. 36 identisch, 1853 gr\u00fcndet Anton Gierschick die Duxer Porzellanfabrik, Firmierung wohl Porzellanfabrik Dux Anton Gierschick, diese wurde 1865 von Eduard Eichler \u00fcbernommen und firmierte als Eduard Eichler, Porzellan-, Majolika-, Fayence- und Terracottafabrik, Eduard Eichler hatte durch Heirat bereits 1860 die Manufaktur \u201ePalme\u201c in Scheltau (Selty) \u00fcbernommen, die 1898 liquidiert wurde und zu der keine Rechercheergebnisse vorliegen, 1887 stirbt Eduard Eichler und seine Witwe Amalie sowie die beiden S\u00f6hne Anton-Franz und Eduard jr. f\u00fchren die Duxer Fabrik fort, 1891 wird die Fabrik an den H\u00e4ndler Wilhelm Hans verkauft, Miteigent\u00fcmer bleibt Anton-Franz Eichler, evtl. \u00e4ndert sich jetzt der Fabrikname in Royal Dux Austria (Bohemia), 1898 erfolgt eine Umstrukturierung in eine AG mit Sitz in Berlin, die Fabrik firmiert als Duxer Porzellan-Manufaktur AG, vormals Eduard Eichler, Porzellan-, Majolika-, Fayence- und Terracottefabrik, um diese Zeit wurde auch die rosa Dreiecksmarke eingef\u00fchrt, zuerst mit dem Buchstaben E in der Eichel, ab 1918 in der Regel mit Zusatzmarken oder Worten die auf die Tschechoslowakei hinweisen, so dass man bei einer allein stehenden Dreieckmarke mit dem Buchstaben E und sonst nur werksinternen Pressnummern, davon ausgehen kann, dass diese Keramiken vor 1918 produziert worden sind, nach dem WK II wurde der Buchstabe E durch die Buchstaben D (f\u00fcr Dux) oder M (M ungedeutet) ersetzt, neue Modelle der 1990\u2018 Jahre dann wieder mit mit dem Buchstaben D aber auf jeden Fall mit dem Copyright Zeichen und Hinweisstempeln auf Tschechien, 1898 kauft die AG die Porzellanfabrik Fasolt &#038; Eichel in Blankenhain\/Th\u00fcrigen (Anteile an dieser Fabrik hatte Sie bereits \u00fcber Eduard Eichler), die sie 1917 wieder an die Keramischen Werke C. &#038; E. Carstens verkauft, 1918 firmiert die Fabrik als Royal Dux Czechoslowakia, 1938 als Royal Dux Deutschland, 1941 wieder als Duxer Porzellan-Manufaktur AG, 1945 erfolgte die Nationalisierung und Umbennung in Royal Dux-Bohemia, 1948 erfolgte die Verstaatlichung und Vereinigung mit anderen tschechischen Fabriken, in der Literatur werden die Firmierungs und Eigentumsverh\u00e4ltnisse der Eichler\u2019schen Fabriken unterschiedlich dargestellt, K\u00fcnstler Zuschreibung zu Alois Hampel m\u00f6glich, da er  um 1900 die meisten Figuren f\u00fcr die Fabrik entworfen hat, matte Glasur sowie teilweise Goldbemalung, H\u00f6he 18,3 cm, Breite 6 cm<\/p>\n<p><a href=\"http:\/\/museumek.eu\/wp-content\/uploads\/2013\/05\/SAM_9948.jpg\"><img loading=\"lazy\" src=\"http:\/\/museumek.eu\/wp-content\/uploads\/2013\/05\/SAM_9948-145x300.jpg\" alt=\"\" title=\"SAM_9948\" width=\"145\" height=\"300\" class=\"alignnone size-medium wp-image-21217\" srcset=\"http:\/\/museumek.eu\/wp-content\/uploads\/2013\/05\/SAM_9948-145x300.jpg 145w, http:\/\/museumek.eu\/wp-content\/uploads\/2013\/05\/SAM_9948.jpg 388w\" sizes=\"(max-width: 145px) 100vw, 145px\" \/><\/a><\/p>\n<p><a href=\"http:\/\/museumek.eu\/wp-content\/uploads\/2013\/05\/SAM_9949.jpg\"><img loading=\"lazy\" src=\"http:\/\/museumek.eu\/wp-content\/uploads\/2013\/05\/SAM_9949-128x300.jpg\" alt=\"\" title=\"SAM_9949\" width=\"128\" height=\"300\" class=\"alignnone size-medium wp-image-21218\" srcset=\"http:\/\/museumek.eu\/wp-content\/uploads\/2013\/05\/SAM_9949-128x300.jpg 128w, http:\/\/museumek.eu\/wp-content\/uploads\/2013\/05\/SAM_9949.jpg 342w\" sizes=\"(max-width: 128px) 100vw, 128px\" \/><\/a><\/p>\n<p><a href=\"http:\/\/museumek.eu\/wp-content\/uploads\/2013\/05\/SAM_9951.jpg\"><img loading=\"lazy\" src=\"http:\/\/museumek.eu\/wp-content\/uploads\/2013\/05\/SAM_9951-290x300.jpg\" alt=\"\" title=\"SAM_9951\" width=\"290\" height=\"300\" class=\"alignnone size-medium wp-image-21219\" srcset=\"http:\/\/museumek.eu\/wp-content\/uploads\/2013\/05\/SAM_9951-290x300.jpg 290w, http:\/\/museumek.eu\/wp-content\/uploads\/2013\/05\/SAM_9951.jpg 600w\" sizes=\"(max-width: 290px) 100vw, 290px\" \/><\/a><\/p>\n","protected":false},"excerpt":{"rendered":"<p>Abteilung Austria\/Ungarn\/B\u00f6hmen, Keramik 1860 \u2013 1960, Inventarnummer A\/XXXVII\/3 Eduard Eichler, Porzellan-, Majolika-, Fayence- und Terracottafabrik vormals Porzellanfabrik Dux Anton Gierschick und Nachf. Duxer Porzellanmanufaktur AG und Nachf. Royal Dux Czechoslowakia, B\u00f6hmen\/Deutschland, Berlin (Sitz der AG) Dux\/Duchkov (Produktionsort), um 1900, Figur &hellip; <a href=\"http:\/\/museumek.eu\/?page_id=21216\">Weiterlesen <span class=\"meta-nav\">&rarr;<\/span><\/a><\/p>\n","protected":false},"author":1,"featured_media":0,"parent":13285,"menu_order":3,"comment_status":"closed","ping_status":"open","template":"","meta":[],"_links":{"self":[{"href":"http:\/\/museumek.eu\/index.php?rest_route=\/wp\/v2\/pages\/21216"}],"collection":[{"href":"http:\/\/museumek.eu\/index.php?rest_route=\/wp\/v2\/pages"}],"about":[{"href":"http:\/\/museumek.eu\/index.php?rest_route=\/wp\/v2\/types\/page"}],"author":[{"embeddable":true,"href":"http:\/\/museumek.eu\/index.php?rest_route=\/wp\/v2\/users\/1"}],"replies":[{"embeddable":true,"href":"http:\/\/museumek.eu\/index.php?rest_route=%2Fwp%2Fv2%2Fcomments&post=21216"}],"version-history":[{"count":8,"href":"http:\/\/museumek.eu\/index.php?rest_route=\/wp\/v2\/pages\/21216\/revisions"}],"predecessor-version":[{"id":53232,"href":"http:\/\/museumek.eu\/index.php?rest_route=\/wp\/v2\/pages\/21216\/revisions\/53232"}],"up":[{"embeddable":true,"href":"http:\/\/museumek.eu\/index.php?rest_route=\/wp\/v2\/pages\/13285"}],"wp:attachment":[{"href":"http:\/\/museumek.eu\/index.php?rest_route=%2Fwp%2Fv2%2Fmedia&parent=21216"}],"curies":[{"name":"wp","href":"https:\/\/api.w.org\/{rel}","templated":true}]}}