{"id":2130,"date":"2011-08-20T19:18:25","date_gmt":"2011-08-20T17:18:25","guid":{"rendered":"http:\/\/museumek.eu\/?page_id=2130"},"modified":"2015-03-30T21:32:36","modified_gmt":"2015-03-30T19:32:36","slug":"dxviii3","status":"publish","type":"page","link":"http:\/\/museumek.eu\/?page_id=2130","title":{"rendered":"D\/XVIII\/3"},"content":{"rendered":"<p><strong>Abteilung Deutschland, Keramik 1860 \u2013 1960, Inventarnummer D\/XVIII\/3<\/strong><\/p>\n<p>Georg Schmider Vereinigte Zeller Keramische Fabriken, vormals Steingut- und Porzellanfabrik Georg Schmider, Deutschland, Zell am Harmersbach, um 1933, Teller Seeufer mit Vogel, K\u00fcnstler unbekannt, Werks.-Nr. 691, Exemplar Nr. ohne, gemarkt Firmenmarke stilisiertes Kleeblatt (?) sowie 691 gepresst, 2 gemalt, nicht signiert, Zuordnung: vergleiche Bodenstempel eines anderen Teller (Foto aus dem world wide web, nicht MEK Inventar) mit Schmider Stempel und gepresstem Kleeblatt, diese Marke verzeichnet bei Literatur: Gustav Wei\u00df, Ullstein Porzellanbuch, Seite 320, Marke Nr. 2 identisch, die Fabrik Georg Schmider Vereinigte Zeller Keramische Fabriken entstand im Gr\u00fcndungsjahr 1907 aus der Zusammenf\u00fchrung mehrerer Fabriken, im Juni 1790 wurde Joseph Anton Burger zum Fayencier-Handwerk zugelassen, am 22. 10.1794 gr\u00fcndete er die Zeller Fayencefabrik, 1802 traten Jakob Ferdinand Lenz und H. Schnitzler in die Fabrik ein, 1819 tritt Burger aus, wann Schnitzler austrat ist nicht bekannt, Lenz wird Alleineigent\u00fcmer und firmiert J. F. Lenz Porzellan-, Steingut- und Majolikafabrik, 1869 erfolgte ein nicht weiter recherchierbarer Eigent\u00fcmerwechsel, 1874 wird Carl Schaaf Eigent\u00fcmer und firmiert in altdeutscher Schreibweise als C. Schaaff, vormals J. F. Lenz, Steingutfabrik, ab 1907 Eigent\u00fcmer Georg Schmider Vereinigte Zeller Keramische Fabriken, 1859 entsteht in Zell ein zweite keramische Fabrik, die sog. Lower Fabrik (am unteren Tor gelegen), deren Mitinhaber der Kaufmann Georg Schmider wurde, 1897 (?) wurde Schmider Alleineigent\u00fcmer und firmierte wohl sp\u00e4testens zu dieser Zeit als Steingut- und Porzellanfabrik Georg Schmider, er kaufte au\u00dferdem die 1872 gegr\u00fcndete Fabrik Schaible &#038; Co. sowie die 1818 gegr\u00fcndete Fabrik Haager, Hoerth &#038; Cie. (dort war er fr\u00fcher Mitarbeiter) auf, <strong>Schmider entwickelte 1897\/1898 eine eigene Firmenmarke (berankter Rundstempel), mu\u00dfte aber noch kurze Zeit, wohl aus vertraglichen Gr\u00fcnden statt Georg Schmider, H.H. &#038; Cie. in die Firmenmarke schreiben, wobei das H. H. f\u00fcr Haager Hoerth steht, das MEK bezeichnet diese Marke Schmiders als \u00dcbergangsmarke, die Folgemarke ist die erste uneingeschr\u00e4nkt eigenst\u00e4ndige Marke Schmiders, siehe diese erste Marke bei MEK D\/XVIII\/4 und MEK D\/XVIII\/5, nach 1900 benutzte Schmider auch andere Firmenmarken<\/strong>, Schmider engagierte bedeutende K\u00fcnstler, u. a. Elisabeth Schmidt-Pecht, die wohl ausgehandelt hatte, dass Keramiken mit ihren Dekoren eine S P Kennzeichnung erhalten, das SP f\u00fcr Schmidt-Pecht wird manchmal als S f\u00fcr Steingut und P f\u00fcr Porzellan interpretiert, das ist falsch, bevor Schmider alle seine Fabriken zur Georg Schmider Vereinigte Zeller Keramische Fabriken vereinigen konnte, kam es zu zeitlichen Verz\u00f6gerungen, bedingt durch zwei Gro\u00dfbr\u00e4nde in Zell a. H., 1899 und 1904, die auch die Fabriken in Mitleidenschaft zogen, letztlich erfolgte die Gr\u00fcndung 1907, 1934 starb Schmider und sein bereits in der Gesch\u00e4ftsleitung besch\u00e4ftigter Schwiegersohn Heinrich Haiss wurde neuer Inhaber, danach dessen Sohn G\u00fcnter Haiss, die Fabrik war bis 1988 in Familienbesitz , Durchmesser 23 cm<\/p>\n<p><a href=\"http:\/\/museumek.eu\/wp-content\/uploads\/2011\/08\/Museum-Europ\u00e4ischer-Keramikkunst-Qualit\u00e4tsfotos-367.jpg\"><img loading=\"lazy\" src=\"http:\/\/museumek.eu\/wp-content\/uploads\/2011\/08\/Museum-Europ\u00e4ischer-Keramikkunst-Qualit\u00e4tsfotos-367-300x293.jpg\" alt=\"\" title=\"Museum Europ\u00e4ischer Keramikkunst Qualit\u00e4tsfotos 367\" width=\"300\" height=\"293\" class=\"alignnone size-medium wp-image-2131\" srcset=\"http:\/\/museumek.eu\/wp-content\/uploads\/2011\/08\/Museum-Europ\u00e4ischer-Keramikkunst-Qualit\u00e4tsfotos-367-300x293.jpg 300w, http:\/\/museumek.eu\/wp-content\/uploads\/2011\/08\/Museum-Europ\u00e4ischer-Keramikkunst-Qualit\u00e4tsfotos-367-306x300.jpg 306w, http:\/\/museumek.eu\/wp-content\/uploads\/2011\/08\/Museum-Europ\u00e4ischer-Keramikkunst-Qualit\u00e4tsfotos-367.jpg 708w\" sizes=\"(max-width: 300px) 100vw, 300px\" \/><\/a><\/p>\n<p><a href=\"http:\/\/museumek.eu\/wp-content\/uploads\/2011\/08\/Zell-am-Harmersbach-3.jpg\"><img loading=\"lazy\" src=\"http:\/\/museumek.eu\/wp-content\/uploads\/2011\/08\/Zell-am-Harmersbach-3-247x300.jpg\" alt=\"\" title=\"Zell am Harmersbach 3\" width=\"247\" height=\"300\" class=\"alignnone size-medium wp-image-2132\" srcset=\"http:\/\/museumek.eu\/wp-content\/uploads\/2011\/08\/Zell-am-Harmersbach-3-247x300.jpg 247w, http:\/\/museumek.eu\/wp-content\/uploads\/2011\/08\/Zell-am-Harmersbach-3.jpg 255w\" sizes=\"(max-width: 247px) 100vw, 247px\" \/><\/a><\/p>\n<p><a href=\"http:\/\/museumek.eu\/wp-content\/uploads\/2011\/08\/Zell-am-Harmersbach-4.jpg\"><img loading=\"lazy\" src=\"http:\/\/museumek.eu\/wp-content\/uploads\/2011\/08\/Zell-am-Harmersbach-4-300x187.jpg\" alt=\"\" title=\"Zell am Harmersbach 4\" width=\"300\" height=\"187\" class=\"alignnone size-medium wp-image-2133\" srcset=\"http:\/\/museumek.eu\/wp-content\/uploads\/2011\/08\/Zell-am-Harmersbach-4-300x187.jpg 300w, http:\/\/museumek.eu\/wp-content\/uploads\/2011\/08\/Zell-am-Harmersbach-4.jpg 325w\" sizes=\"(max-width: 300px) 100vw, 300px\" \/><\/a><\/p>\n<p><a href=\"http:\/\/museumek.eu\/?attachment_id=23286\" rel=\"attachment wp-att-23286\"><img loading=\"lazy\" src=\"http:\/\/museumek.eu\/wp-content\/uploads\/2011\/08\/Zell-am-Harmersbach-12-300x160.jpg\" alt=\"\" title=\"Zell am Harmersbach 1\" width=\"300\" height=\"160\" class=\"alignnone size-medium wp-image-23286\" srcset=\"http:\/\/museumek.eu\/wp-content\/uploads\/2011\/08\/Zell-am-Harmersbach-12-300x160.jpg 300w, http:\/\/museumek.eu\/wp-content\/uploads\/2011\/08\/Zell-am-Harmersbach-12-150x80.jpg 150w, http:\/\/museumek.eu\/wp-content\/uploads\/2011\/08\/Zell-am-Harmersbach-12.jpg 394w\" sizes=\"(max-width: 300px) 100vw, 300px\" \/><\/a><\/p>\n","protected":false},"excerpt":{"rendered":"<p>Abteilung Deutschland, Keramik 1860 \u2013 1960, Inventarnummer D\/XVIII\/3 Georg Schmider Vereinigte Zeller Keramische Fabriken, vormals Steingut- und Porzellanfabrik Georg Schmider, Deutschland, Zell am Harmersbach, um 1933, Teller Seeufer mit Vogel, K\u00fcnstler unbekannt, Werks.-Nr. 691, Exemplar Nr. ohne, gemarkt Firmenmarke stilisiertes &hellip; <a href=\"http:\/\/museumek.eu\/?page_id=2130\">Weiterlesen <span class=\"meta-nav\">&rarr;<\/span><\/a><\/p>\n","protected":false},"author":1,"featured_media":0,"parent":2116,"menu_order":3,"comment_status":"closed","ping_status":"closed","template":"","meta":[],"_links":{"self":[{"href":"http:\/\/museumek.eu\/index.php?rest_route=\/wp\/v2\/pages\/2130"}],"collection":[{"href":"http:\/\/museumek.eu\/index.php?rest_route=\/wp\/v2\/pages"}],"about":[{"href":"http:\/\/museumek.eu\/index.php?rest_route=\/wp\/v2\/types\/page"}],"author":[{"embeddable":true,"href":"http:\/\/museumek.eu\/index.php?rest_route=\/wp\/v2\/users\/1"}],"replies":[{"embeddable":true,"href":"http:\/\/museumek.eu\/index.php?rest_route=%2Fwp%2Fv2%2Fcomments&post=2130"}],"version-history":[{"count":13,"href":"http:\/\/museumek.eu\/index.php?rest_route=\/wp\/v2\/pages\/2130\/revisions"}],"predecessor-version":[{"id":38242,"href":"http:\/\/museumek.eu\/index.php?rest_route=\/wp\/v2\/pages\/2130\/revisions\/38242"}],"up":[{"embeddable":true,"href":"http:\/\/museumek.eu\/index.php?rest_route=\/wp\/v2\/pages\/2116"}],"wp:attachment":[{"href":"http:\/\/museumek.eu\/index.php?rest_route=%2Fwp%2Fv2%2Fmedia&parent=2130"}],"curies":[{"name":"wp","href":"https:\/\/api.w.org\/{rel}","templated":true}]}}