{"id":21878,"date":"2013-05-15T00:03:22","date_gmt":"2013-05-14T22:03:22","guid":{"rendered":"http:\/\/museumek.eu\/?page_id=21878"},"modified":"2013-05-15T00:05:40","modified_gmt":"2013-05-14T22:05:40","slug":"oz34","status":"publish","type":"page","link":"http:\/\/museumek.eu\/?page_id=21878","title":{"rendered":"OZ\/34"},"content":{"rendered":"<p><strong>Abteilung Ohne Zuordnung, Keramik 1860 \u2013 1960, Inventarnummer OZ\/34<\/strong><\/p>\n<p>Vermutlich Deutschland oder Austria, Figur wohl Dante Alighieri, vor 1930, K\u00fcnstler unbekannt, Werks.-Nr. ohne, Exemplar Nr. Unikat, gemarkt vermutlich mit einer nicht lesbaren Kreismarke, nicht signiert, braun gl\u00e4nzend glasiert, die Kreismarke ist an einer Innenwand, kann also keine Druckstelle durch den Untergrund auf den die noch ungebrannte Keramik gestellt wurde sein. Die Kreismarke sitzt mitten in feinen Spannungslinien die quer dazu verlaufen. Sie ist also nicht nat\u00fcrlich entstanden, dazu ist sie auch zu rund. Einfarbig (!!!) gl\u00e4nzende, gro\u00dfe keramische Figuren, konnten nur von Bernhard Hoetger recherchiert werden, siehe auch Auktionshaus Quittenbaum, Auktion vom 30.10.2004, siehe aber auch Auktionshaus Dorotheum, Dante Variante von WKKW, K\u00fcnstler nicht bekannt, H\u00f6he 43 cm, Breite 17,5 cm<\/p>\n<p><a href=\"http:\/\/museumek.eu\/wp-content\/uploads\/2011\/08\/Museum-Europ\u00e4ischer-Keramikkunst-Qualit\u00e4tsfotos-428.jpg\"><img loading=\"lazy\" src=\"http:\/\/museumek.eu\/wp-content\/uploads\/2011\/08\/Museum-Europ\u00e4ischer-Keramikkunst-Qualit\u00e4tsfotos-428-135x300.jpg\" alt=\"\" title=\"Museum Europ\u00e4ischer Keramikkunst Qualit\u00e4tsfotos 428\" width=\"135\" height=\"300\" class=\"alignnone size-medium wp-image-2108\" srcset=\"http:\/\/museumek.eu\/wp-content\/uploads\/2011\/08\/Museum-Europ\u00e4ischer-Keramikkunst-Qualit\u00e4tsfotos-428-135x300.jpg 135w, http:\/\/museumek.eu\/wp-content\/uploads\/2011\/08\/Museum-Europ\u00e4ischer-Keramikkunst-Qualit\u00e4tsfotos-428.jpg 441w\" sizes=\"(max-width: 135px) 100vw, 135px\" \/><\/a><\/p>\n<p><a href=\"http:\/\/museumek.eu\/wp-content\/uploads\/2011\/08\/Museum-Europ\u00e4ischer-Keramikkunst-730.jpg\"><img loading=\"lazy\" src=\"http:\/\/museumek.eu\/wp-content\/uploads\/2011\/08\/Museum-Europ\u00e4ischer-Keramikkunst-730-300x300.jpg\" alt=\"\" title=\"Museum Europ\u00e4ischer Keramikkunst 730\" width=\"300\" height=\"300\" class=\"alignnone size-medium wp-image-2109\" srcset=\"http:\/\/museumek.eu\/wp-content\/uploads\/2011\/08\/Museum-Europ\u00e4ischer-Keramikkunst-730-300x300.jpg 300w, http:\/\/museumek.eu\/wp-content\/uploads\/2011\/08\/Museum-Europ\u00e4ischer-Keramikkunst-730-150x150.jpg 150w, http:\/\/museumek.eu\/wp-content\/uploads\/2011\/08\/Museum-Europ\u00e4ischer-Keramikkunst-730.jpg 739w\" sizes=\"(max-width: 300px) 100vw, 300px\" \/><\/a><\/p>\n<p><a href=\"http:\/\/museumek.eu\/wp-content\/uploads\/2011\/08\/Museum-Europ\u00e4ischer-Keramikkunst-733.jpg\"><img loading=\"lazy\" src=\"http:\/\/museumek.eu\/wp-content\/uploads\/2011\/08\/Museum-Europ\u00e4ischer-Keramikkunst-733-300x248.jpg\" alt=\"\" title=\"Museum Europ\u00e4ischer Keramikkunst 733\" width=\"300\" height=\"248\" class=\"alignnone size-medium wp-image-2110\" srcset=\"http:\/\/museumek.eu\/wp-content\/uploads\/2011\/08\/Museum-Europ\u00e4ischer-Keramikkunst-733-300x248.jpg 300w, http:\/\/museumek.eu\/wp-content\/uploads\/2011\/08\/Museum-Europ\u00e4ischer-Keramikkunst-733-362x300.jpg 362w, http:\/\/museumek.eu\/wp-content\/uploads\/2011\/08\/Museum-Europ\u00e4ischer-Keramikkunst-733.jpg 410w\" sizes=\"(max-width: 300px) 100vw, 300px\" \/><\/a><\/p>\n<p><a href=\"http:\/\/museumek.eu\/wp-content\/uploads\/2011\/08\/Museum-Europ\u00e4ischer-Keramikkunst-925.jpg\"><img loading=\"lazy\" src=\"http:\/\/museumek.eu\/wp-content\/uploads\/2011\/08\/Museum-Europ\u00e4ischer-Keramikkunst-925-141x300.jpg\" alt=\"\" title=\"Museum Europ\u00e4ischer Keramikkunst 925\" width=\"141\" height=\"300\" class=\"alignnone size-medium wp-image-3017\" \/><\/a><\/p>\n<p><a href=\"http:\/\/museumek.eu\/wp-content\/uploads\/2011\/08\/Museum-Europ\u00e4ischer-Keramikkunst-946.jpg\"><img loading=\"lazy\" src=\"http:\/\/museumek.eu\/wp-content\/uploads\/2011\/08\/Museum-Europ\u00e4ischer-Keramikkunst-946-300x208.jpg\" alt=\"\" title=\"Museum Europ\u00e4ischer Keramikkunst 946\" width=\"300\" height=\"208\" class=\"alignnone size-medium wp-image-3129\" srcset=\"http:\/\/museumek.eu\/wp-content\/uploads\/2011\/08\/Museum-Europ\u00e4ischer-Keramikkunst-946-300x208.jpg 300w, http:\/\/museumek.eu\/wp-content\/uploads\/2011\/08\/Museum-Europ\u00e4ischer-Keramikkunst-946-431x300.jpg 431w, http:\/\/museumek.eu\/wp-content\/uploads\/2011\/08\/Museum-Europ\u00e4ischer-Keramikkunst-946.jpg 709w\" sizes=\"(max-width: 300px) 100vw, 300px\" \/><\/a><\/p>\n","protected":false},"excerpt":{"rendered":"<p>Abteilung Ohne Zuordnung, Keramik 1860 \u2013 1960, Inventarnummer OZ\/34 Vermutlich Deutschland oder Austria, Figur wohl Dante Alighieri, vor 1930, K\u00fcnstler unbekannt, Werks.-Nr. ohne, Exemplar Nr. Unikat, gemarkt vermutlich mit einer nicht lesbaren Kreismarke, nicht signiert, braun gl\u00e4nzend glasiert, die Kreismarke &hellip; <a href=\"http:\/\/museumek.eu\/?page_id=21878\">Weiterlesen <span class=\"meta-nav\">&rarr;<\/span><\/a><\/p>\n","protected":false},"author":1,"featured_media":0,"parent":14678,"menu_order":34,"comment_status":"closed","ping_status":"open","template":"","meta":[],"_links":{"self":[{"href":"http:\/\/museumek.eu\/index.php?rest_route=\/wp\/v2\/pages\/21878"}],"collection":[{"href":"http:\/\/museumek.eu\/index.php?rest_route=\/wp\/v2\/pages"}],"about":[{"href":"http:\/\/museumek.eu\/index.php?rest_route=\/wp\/v2\/types\/page"}],"author":[{"embeddable":true,"href":"http:\/\/museumek.eu\/index.php?rest_route=\/wp\/v2\/users\/1"}],"replies":[{"embeddable":true,"href":"http:\/\/museumek.eu\/index.php?rest_route=%2Fwp%2Fv2%2Fcomments&post=21878"}],"version-history":[{"count":5,"href":"http:\/\/museumek.eu\/index.php?rest_route=\/wp\/v2\/pages\/21878\/revisions"}],"predecessor-version":[{"id":21883,"href":"http:\/\/museumek.eu\/index.php?rest_route=\/wp\/v2\/pages\/21878\/revisions\/21883"}],"up":[{"embeddable":true,"href":"http:\/\/museumek.eu\/index.php?rest_route=\/wp\/v2\/pages\/14678"}],"wp:attachment":[{"href":"http:\/\/museumek.eu\/index.php?rest_route=%2Fwp%2Fv2%2Fmedia&parent=21878"}],"curies":[{"name":"wp","href":"https:\/\/api.w.org\/{rel}","templated":true}]}}