{"id":21924,"date":"2013-05-15T12:20:03","date_gmt":"2013-05-15T10:20:03","guid":{"rendered":"http:\/\/museumek.eu\/?page_id=21924"},"modified":"2013-05-15T12:20:03","modified_gmt":"2013-05-15T10:20:03","slug":"axv15","status":"publish","type":"page","link":"http:\/\/museumek.eu\/?page_id=21924","title":{"rendered":"A\/XV\/15"},"content":{"rendered":"<p><strong>Abteilung Austria\/Ungarn\/B\u00f6hmen, Keramik 1860 \u2013 1960, Inventarnummer A\/XV\/15<\/strong><\/p>\n<p>Ferdinand Maresch Kunstterracotten- Siderolith- und Majolikafabrik, vormals Joh. Maresch Thon- und Steingutwaaren, B\u00f6hmen\/Austria, Aussig\/\u00dasti nad Labem, um 1920, Figur G\u00e4nseh\u00fcterin, K\u00fcnstler unbekannt, Werks.-Nr. 12028, Exemplar Nr. ohne, gemarkt Firmenmarke mit JM (f\u00fcr Johann Maresch), undeutliches Symbol, Czechoslowakia gepresst, 12028 geritzt, nicht signiert, Literatur: Volker M\u00f6lle Riessner, Amphora, Die Porzellan- und Keramikmanufaktur in Nord-B\u00f6hmen, Seite 190, Beschreibung der Maresch\u2018schen Fabriken sowie Seite 196, Marke Nr. 56 identisch, Adolph B\u00e4r gr\u00fcndete um 1841 eine Keramikfabrik und firmierte als Adolph B\u00e4r, Terralith, 1851 \u00dcbergang in B\u00e4r &#038; Maresch mit den Inhabern Wilhelmine B\u00e4r und Johann Maresch, 1863 \u00dcbergang auf Johann Maresch und Firmierung als Joh. Maresch Thon- und Steingutwaaren, 1891 \u00dcbergang auf Ferdinand Maresch und Firmierung als Ferdinand Maresch Kunstterracotten- Siderolith- und Majolikafabrik, 1942 \u00dcbergang auf eine Kommanditgesellschaft und Firmierung als Ferd. Maresch Kommanditgesellschaft, um 1951 wohl Betriebsschlie\u00dfung oder Enteignung, die Kreismarke neben dem JM tritt mal ohne Inhalt und mal mit einer nicht gedeuteten Einpressung auf, manchmal fehlt sie oder wird durch eine Blumenst\u00f6ckl \u00e4hnliche Pressung ersetzt, im MEK Inventar gibt es alle 3 Varianten, siehe Porzellanmarken \u2013 Keramikmarken Verzeichnis, es ist davon auszugehen, dass die bereits von Johann Maresch benutzte Firmenmarke JM, nach dem Fabrik\u00fcbergang auf Ferdinand Maresch, von diesem weiter verwendet worden ist, H\u00f6he 28,5 cm, Breite 10,8 cm<\/p>\n<p><a href=\"http:\/\/museumek.eu\/?attachment_id=21925\" rel=\"attachment wp-att-21925\"><img loading=\"lazy\" src=\"http:\/\/museumek.eu\/wp-content\/uploads\/2013\/05\/Museum-Europ\u00e4ischer-Keramikkunst-4194-159x300.jpg\" alt=\"\" title=\"Museum Europ\u00e4ischer Keramikkunst 4194\" width=\"159\" height=\"300\" class=\"alignnone size-medium wp-image-21925\" srcset=\"http:\/\/museumek.eu\/wp-content\/uploads\/2013\/05\/Museum-Europ\u00e4ischer-Keramikkunst-4194-159x300.jpg 159w, http:\/\/museumek.eu\/wp-content\/uploads\/2013\/05\/Museum-Europ\u00e4ischer-Keramikkunst-4194-79x150.jpg 79w, http:\/\/museumek.eu\/wp-content\/uploads\/2013\/05\/Museum-Europ\u00e4ischer-Keramikkunst-4194.jpg 540w\" sizes=\"(max-width: 159px) 100vw, 159px\" \/><\/a><\/p>\n<p><a href=\"http:\/\/museumek.eu\/?attachment_id=21926\" rel=\"attachment wp-att-21926\"><img loading=\"lazy\" src=\"http:\/\/museumek.eu\/wp-content\/uploads\/2013\/05\/Museum-Europ\u00e4ischer-Keramikkunst-4195-300x231.jpg\" alt=\"\" title=\"Museum Europ\u00e4ischer Keramikkunst 4195\" width=\"300\" height=\"231\" class=\"alignnone size-medium wp-image-21926\" srcset=\"http:\/\/museumek.eu\/wp-content\/uploads\/2013\/05\/Museum-Europ\u00e4ischer-Keramikkunst-4195-300x231.jpg 300w, http:\/\/museumek.eu\/wp-content\/uploads\/2013\/05\/Museum-Europ\u00e4ischer-Keramikkunst-4195-150x115.jpg 150w, http:\/\/museumek.eu\/wp-content\/uploads\/2013\/05\/Museum-Europ\u00e4ischer-Keramikkunst-4195-388x300.jpg 388w, http:\/\/museumek.eu\/wp-content\/uploads\/2013\/05\/Museum-Europ\u00e4ischer-Keramikkunst-4195.jpg 604w\" sizes=\"(max-width: 300px) 100vw, 300px\" \/><\/a><\/p>\n","protected":false},"excerpt":{"rendered":"<p>Abteilung Austria\/Ungarn\/B\u00f6hmen, Keramik 1860 \u2013 1960, Inventarnummer A\/XV\/15 Ferdinand Maresch Kunstterracotten- Siderolith- und Majolikafabrik, vormals Joh. Maresch Thon- und Steingutwaaren, B\u00f6hmen\/Austria, Aussig\/\u00dasti nad Labem, um 1920, Figur G\u00e4nseh\u00fcterin, K\u00fcnstler unbekannt, Werks.-Nr. 12028, Exemplar Nr. ohne, gemarkt Firmenmarke mit JM (f\u00fcr &hellip; <a href=\"http:\/\/museumek.eu\/?page_id=21924\">Weiterlesen <span class=\"meta-nav\">&rarr;<\/span><\/a><\/p>\n","protected":false},"author":1,"featured_media":0,"parent":1160,"menu_order":15,"comment_status":"closed","ping_status":"open","template":"","meta":[],"_links":{"self":[{"href":"http:\/\/museumek.eu\/index.php?rest_route=\/wp\/v2\/pages\/21924"}],"collection":[{"href":"http:\/\/museumek.eu\/index.php?rest_route=\/wp\/v2\/pages"}],"about":[{"href":"http:\/\/museumek.eu\/index.php?rest_route=\/wp\/v2\/types\/page"}],"author":[{"embeddable":true,"href":"http:\/\/museumek.eu\/index.php?rest_route=\/wp\/v2\/users\/1"}],"replies":[{"embeddable":true,"href":"http:\/\/museumek.eu\/index.php?rest_route=%2Fwp%2Fv2%2Fcomments&post=21924"}],"version-history":[{"count":4,"href":"http:\/\/museumek.eu\/index.php?rest_route=\/wp\/v2\/pages\/21924\/revisions"}],"predecessor-version":[{"id":21930,"href":"http:\/\/museumek.eu\/index.php?rest_route=\/wp\/v2\/pages\/21924\/revisions\/21930"}],"up":[{"embeddable":true,"href":"http:\/\/museumek.eu\/index.php?rest_route=\/wp\/v2\/pages\/1160"}],"wp:attachment":[{"href":"http:\/\/museumek.eu\/index.php?rest_route=%2Fwp%2Fv2%2Fmedia&parent=21924"}],"curies":[{"name":"wp","href":"https:\/\/api.w.org\/{rel}","templated":true}]}}