{"id":21934,"date":"2013-05-16T13:30:45","date_gmt":"2013-05-16T11:30:45","guid":{"rendered":"http:\/\/museumek.eu\/?page_id=21934"},"modified":"2013-05-16T13:30:46","modified_gmt":"2013-05-16T11:30:46","slug":"dxl2","status":"publish","type":"page","link":"http:\/\/museumek.eu\/?page_id=21934","title":{"rendered":"D\/XL\/2"},"content":{"rendered":"<p><strong>Abteilung Deutschland, Keramik 1860 \u2013 1960, Inventarnummer D\/XL\/2<\/strong><\/p>\n<p>T\u00f6pferei Wilhelm Kagel, Deutschland, Garmisch-Partenkirchen, vor 1950, K\u00e4nnchen, K\u00fcnstler Wilhelm Kagel jun., Werks.-Nr. 53\/1, Exemplar Nr. ohne, gemarkt Werkstattmarke ligiertes WK gepresst, g\u00fcltig f\u00fcr die Zeit vor 1950, Original Verkaufsaufkleber der T\u00f6pferei mit Werkstattmarke, Hand- gedreht, gemalt sowie 53\/1 geschrieben, signiert WK, Literatur: Gisela Reineking von Bock, Meister der deutschen Keramik, Seite 164 ff., Werkstattbeschreibung, Seite 165, Beschreibung, dass nicht alle Werkstattarbeiten mit dem ligierten WK gemarkt sind, sondern nur die handgedrehten Arbeiten, die Wilhelm Kagel jun. selbst dekoriert hat, Seite 322, Marke Nr. 94 identisch, die T\u00f6pferei wurde von Wilhelm Kagel sen. gegr\u00fcndet und nahm 1906 ihren Betrieb auf, die Marke des MEK Exemplares ist Wilhelm Kagel junior zuzuordnen, der ab 1935 die Leitung des v\u00e4terlichen Betriebes zusammen mit seinem Bruder Eugen Kagel (kaufm\u00e4nnischer Leiter) \u00fcbernommen hatte, H\u00f6he 9 cm, Breite 9 cm<\/p>\n<p><a href=\"http:\/\/museumek.eu\/?attachment_id=21935\" rel=\"attachment wp-att-21935\"><img loading=\"lazy\" src=\"http:\/\/museumek.eu\/wp-content\/uploads\/2013\/05\/Museum-Europ\u00e4ischer-Keramikkunst-3287-264x300.jpg\" alt=\"\" title=\"Museum Europ\u00e4ischer Keramikkunst 3287\" width=\"264\" height=\"300\" class=\"alignnone size-medium wp-image-21935\" srcset=\"http:\/\/museumek.eu\/wp-content\/uploads\/2013\/05\/Museum-Europ\u00e4ischer-Keramikkunst-3287-264x300.jpg 264w, http:\/\/museumek.eu\/wp-content\/uploads\/2013\/05\/Museum-Europ\u00e4ischer-Keramikkunst-3287-132x150.jpg 132w, http:\/\/museumek.eu\/wp-content\/uploads\/2013\/05\/Museum-Europ\u00e4ischer-Keramikkunst-3287.jpg 703w\" sizes=\"(max-width: 264px) 100vw, 264px\" \/><\/a><\/p>\n<p><a href=\"http:\/\/museumek.eu\/?attachment_id=21936\" rel=\"attachment wp-att-21936\"><img loading=\"lazy\" src=\"http:\/\/museumek.eu\/wp-content\/uploads\/2013\/05\/Museum-Europ\u00e4ischer-Keramikkunst-3295-248x300.jpg\" alt=\"\" title=\"Museum Europ\u00e4ischer Keramikkunst 3295\" width=\"248\" height=\"300\" class=\"alignnone size-medium wp-image-21936\" srcset=\"http:\/\/museumek.eu\/wp-content\/uploads\/2013\/05\/Museum-Europ\u00e4ischer-Keramikkunst-3295-248x300.jpg 248w, http:\/\/museumek.eu\/wp-content\/uploads\/2013\/05\/Museum-Europ\u00e4ischer-Keramikkunst-3295-124x150.jpg 124w, http:\/\/museumek.eu\/wp-content\/uploads\/2013\/05\/Museum-Europ\u00e4ischer-Keramikkunst-3295.jpg 361w\" sizes=\"(max-width: 248px) 100vw, 248px\" \/><\/a><\/p>\n","protected":false},"excerpt":{"rendered":"<p>Abteilung Deutschland, Keramik 1860 \u2013 1960, Inventarnummer D\/XL\/2 T\u00f6pferei Wilhelm Kagel, Deutschland, Garmisch-Partenkirchen, vor 1950, K\u00e4nnchen, K\u00fcnstler Wilhelm Kagel jun., Werks.-Nr. 53\/1, Exemplar Nr. ohne, gemarkt Werkstattmarke ligiertes WK gepresst, g\u00fcltig f\u00fcr die Zeit vor 1950, Original Verkaufsaufkleber der T\u00f6pferei &hellip; <a href=\"http:\/\/museumek.eu\/?page_id=21934\">Weiterlesen <span class=\"meta-nav\">&rarr;<\/span><\/a><\/p>\n","protected":false},"author":1,"featured_media":0,"parent":9799,"menu_order":2,"comment_status":"closed","ping_status":"open","template":"","meta":[],"_links":{"self":[{"href":"http:\/\/museumek.eu\/index.php?rest_route=\/wp\/v2\/pages\/21934"}],"collection":[{"href":"http:\/\/museumek.eu\/index.php?rest_route=\/wp\/v2\/pages"}],"about":[{"href":"http:\/\/museumek.eu\/index.php?rest_route=\/wp\/v2\/types\/page"}],"author":[{"embeddable":true,"href":"http:\/\/museumek.eu\/index.php?rest_route=\/wp\/v2\/users\/1"}],"replies":[{"embeddable":true,"href":"http:\/\/museumek.eu\/index.php?rest_route=%2Fwp%2Fv2%2Fcomments&post=21934"}],"version-history":[{"count":4,"href":"http:\/\/museumek.eu\/index.php?rest_route=\/wp\/v2\/pages\/21934\/revisions"}],"predecessor-version":[{"id":21940,"href":"http:\/\/museumek.eu\/index.php?rest_route=\/wp\/v2\/pages\/21934\/revisions\/21940"}],"up":[{"embeddable":true,"href":"http:\/\/museumek.eu\/index.php?rest_route=\/wp\/v2\/pages\/9799"}],"wp:attachment":[{"href":"http:\/\/museumek.eu\/index.php?rest_route=%2Fwp%2Fv2%2Fmedia&parent=21934"}],"curies":[{"name":"wp","href":"https:\/\/api.w.org\/{rel}","templated":true}]}}