{"id":22000,"date":"2013-05-17T00:12:43","date_gmt":"2013-05-16T22:12:43","guid":{"rendered":"http:\/\/museumek.eu\/?page_id=22000"},"modified":"2013-05-17T00:12:43","modified_gmt":"2013-05-16T22:12:43","slug":"fotos-und-beschreibung","status":"publish","type":"page","link":"http:\/\/museumek.eu\/?page_id=22000","title":{"rendered":"Fotos und Beschreibung"},"content":{"rendered":"<p><strong>Abteilung Frankreich, Keramik 1860 \u2013 1960, Inventarnummer F\/XLVIII\/1<\/strong><\/p>\n<p>L\u2019isle Adam, Frankreich, L\u2019isle Adam, D\u00e9partment Val-d\u2018Oise, Vase, um 1900, K\u00fcnstler unbekannt, Werksnummer L (?) 4, Exemplar Nr. ohne, gemarkt Firmenmarke L\u2019isle Adam sowie L (?) 4 gepresst, nicht signiert, in der Gemeinde L\u2019isle Adam gab es mehrere Keramikwerkst\u00e4tten, so dass eine exakte Werkstattzuordnung nur auf Grund der Markung nicht m\u00f6glich ist, H\u00f6he 10 cm, Breite 7 cm<\/p>\n<p><a href=\"http:\/\/museumek.eu\/?attachment_id=21991\" rel=\"attachment wp-att-21991\"><img loading=\"lazy\" src=\"http:\/\/museumek.eu\/wp-content\/uploads\/2013\/05\/Museum-Europ\u00e4ischer-Keramikkunst-3159-219x300.jpg\" alt=\"\" title=\"Museum Europ\u00e4ischer Keramikkunst 3159\" width=\"219\" height=\"300\" class=\"alignnone size-medium wp-image-21991\" srcset=\"http:\/\/museumek.eu\/wp-content\/uploads\/2013\/05\/Museum-Europ\u00e4ischer-Keramikkunst-3159-219x300.jpg 219w, http:\/\/museumek.eu\/wp-content\/uploads\/2013\/05\/Museum-Europ\u00e4ischer-Keramikkunst-3159-109x150.jpg 109w, http:\/\/museumek.eu\/wp-content\/uploads\/2013\/05\/Museum-Europ\u00e4ischer-Keramikkunst-3159.jpg 569w\" sizes=\"(max-width: 219px) 100vw, 219px\" \/><\/a><\/p>\n<p><a href=\"http:\/\/museumek.eu\/?attachment_id=21992\" rel=\"attachment wp-att-21992\"><img loading=\"lazy\" src=\"http:\/\/museumek.eu\/wp-content\/uploads\/2013\/05\/Museum-Europ\u00e4ischer-Keramikkunst-3160-300x254.jpg\" alt=\"\" title=\"Museum Europ\u00e4ischer Keramikkunst 3160\" width=\"300\" height=\"254\" class=\"alignnone size-medium wp-image-21992\" srcset=\"http:\/\/museumek.eu\/wp-content\/uploads\/2013\/05\/Museum-Europ\u00e4ischer-Keramikkunst-3160-300x254.jpg 300w, http:\/\/museumek.eu\/wp-content\/uploads\/2013\/05\/Museum-Europ\u00e4ischer-Keramikkunst-3160-150x127.jpg 150w, http:\/\/museumek.eu\/wp-content\/uploads\/2013\/05\/Museum-Europ\u00e4ischer-Keramikkunst-3160-354x300.jpg 354w, http:\/\/museumek.eu\/wp-content\/uploads\/2013\/05\/Museum-Europ\u00e4ischer-Keramikkunst-3160.jpg 790w\" sizes=\"(max-width: 300px) 100vw, 300px\" \/><\/a><\/p>\n","protected":false},"excerpt":{"rendered":"<p>Abteilung Frankreich, Keramik 1860 \u2013 1960, Inventarnummer F\/XLVIII\/1 L\u2019isle Adam, Frankreich, L\u2019isle Adam, D\u00e9partment Val-d\u2018Oise, Vase, um 1900, K\u00fcnstler unbekannt, Werksnummer L (?) 4, Exemplar Nr. ohne, gemarkt Firmenmarke L\u2019isle Adam sowie L (?) 4 gepresst, nicht signiert, in der &hellip; <a href=\"http:\/\/museumek.eu\/?page_id=22000\">Weiterlesen <span class=\"meta-nav\">&rarr;<\/span><\/a><\/p>\n","protected":false},"author":1,"featured_media":0,"parent":21997,"menu_order":1,"comment_status":"closed","ping_status":"open","template":"","meta":[],"_links":{"self":[{"href":"http:\/\/museumek.eu\/index.php?rest_route=\/wp\/v2\/pages\/22000"}],"collection":[{"href":"http:\/\/museumek.eu\/index.php?rest_route=\/wp\/v2\/pages"}],"about":[{"href":"http:\/\/museumek.eu\/index.php?rest_route=\/wp\/v2\/types\/page"}],"author":[{"embeddable":true,"href":"http:\/\/museumek.eu\/index.php?rest_route=\/wp\/v2\/users\/1"}],"replies":[{"embeddable":true,"href":"http:\/\/museumek.eu\/index.php?rest_route=%2Fwp%2Fv2%2Fcomments&post=22000"}],"version-history":[{"count":4,"href":"http:\/\/museumek.eu\/index.php?rest_route=\/wp\/v2\/pages\/22000\/revisions"}],"predecessor-version":[{"id":22004,"href":"http:\/\/museumek.eu\/index.php?rest_route=\/wp\/v2\/pages\/22000\/revisions\/22004"}],"up":[{"embeddable":true,"href":"http:\/\/museumek.eu\/index.php?rest_route=\/wp\/v2\/pages\/21997"}],"wp:attachment":[{"href":"http:\/\/museumek.eu\/index.php?rest_route=%2Fwp%2Fv2%2Fmedia&parent=22000"}],"curies":[{"name":"wp","href":"https:\/\/api.w.org\/{rel}","templated":true}]}}