{"id":22031,"date":"2013-05-19T12:32:13","date_gmt":"2013-05-19T10:32:13","guid":{"rendered":"http:\/\/museumek.eu\/?page_id=22031"},"modified":"2013-05-19T13:17:54","modified_gmt":"2013-05-19T11:17:54","slug":"axxxviii5","status":"publish","type":"page","link":"http:\/\/museumek.eu\/?page_id=22031","title":{"rendered":"A\/XXXVIII\/5"},"content":{"rendered":"<p><strong>Abteilung Austria\/Ungarn\/B\u00f6hmen, Keramik 1860 \u2013 1960, Inventarnr. A\/XXXVIII\/5<\/strong><\/p>\n<p>Ditmar Urbach AG, B\u00f6hmen\/Austria, Turn\/Trnovany, 1925 &#8211; 1940, Vase, K\u00fcnstler unbekannt, Werks.-Nr. ohne, Exemplar Nr. ohne, gemarkt Firmenmarke mit Ditmar Urbach, T (f\u00fcr Turn) in einem Kreis, daran zwei Fl\u00fcgel, Made in Czechoslovakia sowie 17 gr\u00fcne Stempel, 33 gepresst, nicht signiert, Literatur: Jana Kybalov\u00e1, Keramikmarken aus aller Welt, Marke Nr. 1744 fast identisch, weitere Literatur: Volker M\u00f6lle Riessner, Amphora, Die Porzellan- und Keramikmanufaktur in Nord-B\u00f6hmen, Seite 177, Beschreibung der Urbach\u2018schen und Ditmar\u2019schen Fabriken sowie Seite 193, Marke Nr. 15 fast  identisch, um 1882 gr\u00fcndeten die Br\u00fcder Alfred und Otto Urbach eine Keramikfabrik und firmierten als Br\u00fcder Urbach, diese Fabrik ging 1906 auf die Porzellanfabrik Triptis und Glasfabriken S. Fischmann \u00fcber, die ab 1909 zur Triptis AG firmierte, Firmierung seit 1906 nun Br\u00fcder Urbach Nachfolgerin AG, Porzellanfabrik Triptis in Turn Teplitz, die Triptis AG war der Ditmar-Urbach AG in Znaim zugeh\u00f6rig, 1914 ging die Triptis AG auf die Br\u00fcder Urbach GmbH \u00fcber, diese ging 1925 auf die Ditmar-Urbach AG, Filiale Teplitz \u00fcber, diese ging 1940 auf die Ditmar Keramische Werke AG \u00fcber, die wiederum der Ostmark-Ceramics AG zugeh\u00f6rig war, 1945 dann \u00dcbergang auf Ditmar- keramicke z\u00e1vody und wohl 1948 Betriebsschlie\u00dfung, evtl. auch Verstaatlichung und Eingliederung in eine staatliche Fabrik zusammen mit andern keramischen Fabriken, in der Literatur werden die Firmierungs- und Eigentumsverh\u00e4ltnisse unterschiedlich dargestellt, gleichfalls ist eine zeitliche Einordnung der Marken schwierig, H\u00f6he 40 cm, Breite 24 cm<\/p>\n<p><a href=\"http:\/\/museumek.eu\/?attachment_id=22032\" rel=\"attachment wp-att-22032\"><img loading=\"lazy\" src=\"http:\/\/museumek.eu\/wp-content\/uploads\/2013\/05\/Museum-Europ\u00e4ischer-Keramikkunst-3556-190x300.jpg\" alt=\"\" title=\"Museum Europ\u00e4ischer Keramikkunst 3556\" width=\"190\" height=\"300\" class=\"alignnone size-medium wp-image-22032\" srcset=\"http:\/\/museumek.eu\/wp-content\/uploads\/2013\/05\/Museum-Europ\u00e4ischer-Keramikkunst-3556-190x300.jpg 190w, http:\/\/museumek.eu\/wp-content\/uploads\/2013\/05\/Museum-Europ\u00e4ischer-Keramikkunst-3556-95x150.jpg 95w, http:\/\/museumek.eu\/wp-content\/uploads\/2013\/05\/Museum-Europ\u00e4ischer-Keramikkunst-3556.jpg 508w\" sizes=\"(max-width: 190px) 100vw, 190px\" \/><\/a><\/p>\n<p><a href=\"http:\/\/museumek.eu\/?attachment_id=22033\" rel=\"attachment wp-att-22033\"><img loading=\"lazy\" src=\"http:\/\/museumek.eu\/wp-content\/uploads\/2013\/05\/Museum-Europ\u00e4ischer-Keramikkunst-3557-225x300.jpg\" alt=\"\" title=\"Museum Europ\u00e4ischer Keramikkunst 3557\" width=\"225\" height=\"300\" class=\"alignnone size-medium wp-image-22033\" srcset=\"http:\/\/museumek.eu\/wp-content\/uploads\/2013\/05\/Museum-Europ\u00e4ischer-Keramikkunst-3557-225x300.jpg 225w, http:\/\/museumek.eu\/wp-content\/uploads\/2013\/05\/Museum-Europ\u00e4ischer-Keramikkunst-3557-112x150.jpg 112w, http:\/\/museumek.eu\/wp-content\/uploads\/2013\/05\/Museum-Europ\u00e4ischer-Keramikkunst-3557.jpg 600w\" sizes=\"(max-width: 225px) 100vw, 225px\" \/><\/a><\/p>\n<p><a href=\"http:\/\/museumek.eu\/?attachment_id=22034\" rel=\"attachment wp-att-22034\"><img loading=\"lazy\" src=\"http:\/\/museumek.eu\/wp-content\/uploads\/2013\/05\/Museum-Europ\u00e4ischer-Keramikkunst-3558-300x183.jpg\" alt=\"\" title=\"Museum Europ\u00e4ischer Keramikkunst 3558\" width=\"300\" height=\"183\" class=\"alignnone size-medium wp-image-22034\" srcset=\"http:\/\/museumek.eu\/wp-content\/uploads\/2013\/05\/Museum-Europ\u00e4ischer-Keramikkunst-3558-300x183.jpg 300w, http:\/\/museumek.eu\/wp-content\/uploads\/2013\/05\/Museum-Europ\u00e4ischer-Keramikkunst-3558-150x91.jpg 150w, http:\/\/museumek.eu\/wp-content\/uploads\/2013\/05\/Museum-Europ\u00e4ischer-Keramikkunst-3558.jpg 483w\" sizes=\"(max-width: 300px) 100vw, 300px\" \/><\/a><\/p>\n<p><a href=\"http:\/\/museumek.eu\/?attachment_id=22035\" rel=\"attachment wp-att-22035\"><img loading=\"lazy\" src=\"http:\/\/museumek.eu\/wp-content\/uploads\/2013\/05\/Museum-Europ\u00e4ischer-Keramikkunst-3559-172x300.jpg\" alt=\"\" title=\"Museum Europ\u00e4ischer Keramikkunst 3559\" width=\"172\" height=\"300\" class=\"alignnone size-medium wp-image-22035\" srcset=\"http:\/\/museumek.eu\/wp-content\/uploads\/2013\/05\/Museum-Europ\u00e4ischer-Keramikkunst-3559-172x300.jpg 172w, http:\/\/museumek.eu\/wp-content\/uploads\/2013\/05\/Museum-Europ\u00e4ischer-Keramikkunst-3559-86x150.jpg 86w, http:\/\/museumek.eu\/wp-content\/uploads\/2013\/05\/Museum-Europ\u00e4ischer-Keramikkunst-3559.jpg 423w\" sizes=\"(max-width: 172px) 100vw, 172px\" \/><\/a><\/p>\n","protected":false},"excerpt":{"rendered":"<p>Abteilung Austria\/Ungarn\/B\u00f6hmen, Keramik 1860 \u2013 1960, Inventarnr. A\/XXXVIII\/5 Ditmar Urbach AG, B\u00f6hmen\/Austria, Turn\/Trnovany, 1925 &#8211; 1940, Vase, K\u00fcnstler unbekannt, Werks.-Nr. ohne, Exemplar Nr. ohne, gemarkt Firmenmarke mit Ditmar Urbach, T (f\u00fcr Turn) in einem Kreis, daran zwei Fl\u00fcgel, Made in &hellip; <a href=\"http:\/\/museumek.eu\/?page_id=22031\">Weiterlesen <span class=\"meta-nav\">&rarr;<\/span><\/a><\/p>\n","protected":false},"author":1,"featured_media":0,"parent":13339,"menu_order":5,"comment_status":"closed","ping_status":"open","template":"","meta":[],"_links":{"self":[{"href":"http:\/\/museumek.eu\/index.php?rest_route=\/wp\/v2\/pages\/22031"}],"collection":[{"href":"http:\/\/museumek.eu\/index.php?rest_route=\/wp\/v2\/pages"}],"about":[{"href":"http:\/\/museumek.eu\/index.php?rest_route=\/wp\/v2\/types\/page"}],"author":[{"embeddable":true,"href":"http:\/\/museumek.eu\/index.php?rest_route=\/wp\/v2\/users\/1"}],"replies":[{"embeddable":true,"href":"http:\/\/museumek.eu\/index.php?rest_route=%2Fwp%2Fv2%2Fcomments&post=22031"}],"version-history":[{"count":6,"href":"http:\/\/museumek.eu\/index.php?rest_route=\/wp\/v2\/pages\/22031\/revisions"}],"predecessor-version":[{"id":22050,"href":"http:\/\/museumek.eu\/index.php?rest_route=\/wp\/v2\/pages\/22031\/revisions\/22050"}],"up":[{"embeddable":true,"href":"http:\/\/museumek.eu\/index.php?rest_route=\/wp\/v2\/pages\/13339"}],"wp:attachment":[{"href":"http:\/\/museumek.eu\/index.php?rest_route=%2Fwp%2Fv2%2Fmedia&parent=22031"}],"curies":[{"name":"wp","href":"https:\/\/api.w.org\/{rel}","templated":true}]}}