{"id":22093,"date":"2013-05-19T17:26:47","date_gmt":"2013-05-19T15:26:47","guid":{"rendered":"http:\/\/museumek.eu\/?page_id=22093"},"modified":"2013-05-19T18:34:32","modified_gmt":"2013-05-19T16:34:32","slug":"kurzbiografie-und-inventar-zum-kunstler","status":"publish","type":"page","link":"http:\/\/museumek.eu\/?page_id=22093","title":{"rendered":"Kurzbiografie und Inventar zum K\u00fcnstler"},"content":{"rendered":"<p>Hermann Hugo Otto Poertzel wurde am 24.10.1876 in Scheibe geboren. Er starb am 16.01.1963 in Coburg. Poertzel erhielt bei der Porzellanfabrik A.W.F. Krister in Scheibe eine Ausbildung als Porzellanmodelleur. Ab 01.10.1883 studierte er 3 Jahre an der Technischen Akademie f\u00fcr Porzellan in Sonneberg. Ab 1900 war er als selbst\u00e4ndiger Bildhauer in Coburg t\u00e4tig. 1908 verlegte er sein Atelier nach M\u00fcnchen und studierte an der dortigen Kunstakademie. Ab 1910 arbeitete er wieder in Coburg. Er schuf viele Kleinplastiken in Bronze und Keramik sowie gr\u00f6\u00dfere Werke f\u00fcr den \u00f6ffentlichen Raum. Carl Eduard Herzog von Sachsen-Coburg und Gotha verlieh ihm 1919 den Titel Professor. Poertzel war dann auch als Honorarprofessor t\u00e4tig. Er stellte auf vielen internationalen Ausstellungen aus. In der Zeit von 1931 bis 1938 schuf er Entw\u00fcrfe f\u00fcr die Max Roesler Feinsteingut AG.<\/p>\n<p><strong>Abteilung Deutschland, Keramik 1860 \u2013 1960, Inventarnummer D\/LXXIX\/1<\/strong><\/p>\n<p>Max Roesler Feinsteingutfabrik und Nachf. Max Roesler Feinsteingutfabrik AG, Deutschland, Rodach, 1931 &#8211; 1938, Figur Schnitter, K\u00fcnstler Hermann Hugo Otto Poertzel, Werks.-Nr. 0947, Exemplar Nr. ohne, gemarkt Firmenmarke Wappenschild mit Heckenrose (Familienwappen der Roeslers) gr\u00fcner Stempel unter Glasur, 0947 gepresst, Prof. Poertzel geritzt, signiert Prof- Poertzel, Literatur: Gisela Reineking von Bock, Meister der Deutschen Keramik 1900 bis 1950, Seite 264, Beschreibung der Fabrik sowie Seite 327, Marke Nr. 176 identisch (dort zus\u00e4tzlich mit RMR f\u00fcr Rodach und Max Roesler, siehe diese Marke bei MEK D\/LXXIX\/2 und D\/LXXIX\/3), weitere Literatur: Otto Pelka, Keramik der Neuzeit, Markentafel Nr. VII, Marke Nr. 119 identisch (dort ebenfalls mit dem Zusatz RMR), Seite 212, Herstellerverzeichnis, Rodach, Max Roesler AG 119 sowie Seite 221 Namenverzeichnis, R\u00f6sler, Max, Steingutfabrik, M 119, weitere Literatur: Gustav Wei\u00df, Ullstein Porzellanbuch, Seite 297, Marke Nr. 9 identisch (dort ebenfalls mit Zusatz RMR), die Fabrik wurde 1894 von Max Roesler gegr\u00fcndet, im Jahre 1910 wurde sie in eine AG umgewandelt, 1919 verkaufte Roesler seine Aktienanteile an das Dresdner Bankhaus Gebr\u00fcder Arnold, die die Fabrik einem Industriekonsortium angliederten, 1938 wurde die Fabrik an die Siemens-Schuckertwerke verkauft, die bisherige Firmierung wurde bis 1943 beibehalten, seit 1938 wurde aber keine Gebrauchs- und Kunstkeramik mehr produziert, sondern nur noch technische Keramik, in der Zeit von 1931 \u2013 1938 fertigte Poertzel Entw\u00fcrfe f\u00fcr die Fabrik, dieser Zeitpunkt ist nachgewiesen, da das RMR \u00fcber dem Wappenschild fehlt k\u00f6nnte das ein Hinweis auf einen Datierungszeitraum sein, H\u00f6he 33 cm, Breite 26 cm<\/p>\n<p><a href=\"http:\/\/museumek.eu\/?attachment_id=22065\" rel=\"attachment wp-att-22065\"><img loading=\"lazy\" src=\"http:\/\/museumek.eu\/wp-content\/uploads\/2013\/05\/Museum-Europ\u00e4ischer-Keramikkunst-2340-163x300.jpg\" alt=\"\" title=\"Museum Europ\u00e4ischer Keramikkunst 2340\" width=\"163\" height=\"300\" class=\"alignnone size-medium wp-image-22065\" srcset=\"http:\/\/museumek.eu\/wp-content\/uploads\/2013\/05\/Museum-Europ\u00e4ischer-Keramikkunst-2340-163x300.jpg 163w, http:\/\/museumek.eu\/wp-content\/uploads\/2013\/05\/Museum-Europ\u00e4ischer-Keramikkunst-2340-81x150.jpg 81w\" sizes=\"(max-width: 163px) 100vw, 163px\" \/><\/a><\/p>\n<p><a href=\"http:\/\/museumek.eu\/?attachment_id=22066\" rel=\"attachment wp-att-22066\"><img loading=\"lazy\" src=\"http:\/\/museumek.eu\/wp-content\/uploads\/2013\/05\/Museum-Europ\u00e4ischer-Keramikkunst-2341-300x134.jpg\" alt=\"\" title=\"Museum Europ\u00e4ischer Keramikkunst 2341\" width=\"300\" height=\"134\" class=\"alignnone size-medium wp-image-22066\" srcset=\"http:\/\/museumek.eu\/wp-content\/uploads\/2013\/05\/Museum-Europ\u00e4ischer-Keramikkunst-2341-300x134.jpg 300w, http:\/\/museumek.eu\/wp-content\/uploads\/2013\/05\/Museum-Europ\u00e4ischer-Keramikkunst-2341-150x67.jpg 150w, http:\/\/museumek.eu\/wp-content\/uploads\/2013\/05\/Museum-Europ\u00e4ischer-Keramikkunst-2341-500x224.jpg 500w, http:\/\/museumek.eu\/wp-content\/uploads\/2013\/05\/Museum-Europ\u00e4ischer-Keramikkunst-2341.jpg 698w\" sizes=\"(max-width: 300px) 100vw, 300px\" \/><\/a><\/p>\n<p><a href=\"http:\/\/museumek.eu\/?attachment_id=22067\" rel=\"attachment wp-att-22067\"><img loading=\"lazy\" src=\"http:\/\/museumek.eu\/wp-content\/uploads\/2013\/05\/Museum-Europ\u00e4ischer-Keramikkunst-2344.jpg\" alt=\"\" title=\"Museum Europ\u00e4ischer Keramikkunst 2344\" width=\"210\" height=\"236\" class=\"alignnone size-full wp-image-22067\" srcset=\"http:\/\/museumek.eu\/wp-content\/uploads\/2013\/05\/Museum-Europ\u00e4ischer-Keramikkunst-2344.jpg 210w, http:\/\/museumek.eu\/wp-content\/uploads\/2013\/05\/Museum-Europ\u00e4ischer-Keramikkunst-2344-133x150.jpg 133w\" sizes=\"(max-width: 210px) 100vw, 210px\" \/><\/a><\/p>\n<p><a href=\"http:\/\/museumek.eu\/?attachment_id=22068\" rel=\"attachment wp-att-22068\"><img loading=\"lazy\" src=\"http:\/\/museumek.eu\/wp-content\/uploads\/2013\/05\/Museum-Europ\u00e4ischer-Keramikkunst-2343-300x163.jpg\" alt=\"\" title=\"Museum Europ\u00e4ischer Keramikkunst 2343\" width=\"300\" height=\"163\" class=\"alignnone size-medium wp-image-22068\" srcset=\"http:\/\/museumek.eu\/wp-content\/uploads\/2013\/05\/Museum-Europ\u00e4ischer-Keramikkunst-2343-300x163.jpg 300w, http:\/\/museumek.eu\/wp-content\/uploads\/2013\/05\/Museum-Europ\u00e4ischer-Keramikkunst-2343-150x81.jpg 150w, http:\/\/museumek.eu\/wp-content\/uploads\/2013\/05\/Museum-Europ\u00e4ischer-Keramikkunst-2343.jpg 327w\" sizes=\"(max-width: 300px) 100vw, 300px\" \/><\/a><\/p>\n","protected":false},"excerpt":{"rendered":"<p>Hermann Hugo Otto Poertzel wurde am 24.10.1876 in Scheibe geboren. Er starb am 16.01.1963 in Coburg. Poertzel erhielt bei der Porzellanfabrik A.W.F. Krister in Scheibe eine Ausbildung als Porzellanmodelleur. Ab 01.10.1883 studierte er 3 Jahre an der Technischen Akademie f\u00fcr &hellip; <a href=\"http:\/\/museumek.eu\/?page_id=22093\">Weiterlesen <span class=\"meta-nav\">&rarr;<\/span><\/a><\/p>\n","protected":false},"author":1,"featured_media":0,"parent":22090,"menu_order":1,"comment_status":"closed","ping_status":"open","template":"","meta":[],"_links":{"self":[{"href":"http:\/\/museumek.eu\/index.php?rest_route=\/wp\/v2\/pages\/22093"}],"collection":[{"href":"http:\/\/museumek.eu\/index.php?rest_route=\/wp\/v2\/pages"}],"about":[{"href":"http:\/\/museumek.eu\/index.php?rest_route=\/wp\/v2\/types\/page"}],"author":[{"embeddable":true,"href":"http:\/\/museumek.eu\/index.php?rest_route=\/wp\/v2\/users\/1"}],"replies":[{"embeddable":true,"href":"http:\/\/museumek.eu\/index.php?rest_route=%2Fwp%2Fv2%2Fcomments&post=22093"}],"version-history":[{"count":9,"href":"http:\/\/museumek.eu\/index.php?rest_route=\/wp\/v2\/pages\/22093\/revisions"}],"predecessor-version":[{"id":22102,"href":"http:\/\/museumek.eu\/index.php?rest_route=\/wp\/v2\/pages\/22093\/revisions\/22102"}],"up":[{"embeddable":true,"href":"http:\/\/museumek.eu\/index.php?rest_route=\/wp\/v2\/pages\/22090"}],"wp:attachment":[{"href":"http:\/\/museumek.eu\/index.php?rest_route=%2Fwp%2Fv2%2Fmedia&parent=22093"}],"curies":[{"name":"wp","href":"https:\/\/api.w.org\/{rel}","templated":true}]}}