{"id":22166,"date":"2013-05-19T20:38:03","date_gmt":"2013-05-19T18:38:03","guid":{"rendered":"http:\/\/museumek.eu\/?page_id=22166"},"modified":"2013-05-19T20:42:03","modified_gmt":"2013-05-19T18:42:03","slug":"axliii2","status":"publish","type":"page","link":"http:\/\/museumek.eu\/?page_id=22166","title":{"rendered":"A\/XLIII\/2"},"content":{"rendered":"<p><strong>Abteilung Austria\/Ungarn\/B\u00f6hmen, Keramik 1860 \u2013 1960, Inventarnummer A\/XLIII\/2<\/strong><\/p>\n<p>Stephan Coneye Werkstatt f\u00fcr Kunsthandwerk, Austria, Wien, um 1955, Wandmaske Mexikanerin, K\u00fcnstler Stephan Coneye, Werks.-Nr. ohne, Exemplar Nr. ohne, nicht gemarkt, nicht signiert, Literatur: Galerie bei der Albertina, Zetter, Kleine Preise vor gro\u00dfem Umbau, Seite 79, dort Keramiken von Coneye abgebildet, sonst keine Nachweise in der Fachliteratur, 1945 gr\u00fcndete Stephan Coneye seine Werkstatt f\u00fcr Kunsthandwerk, die er bis 1962 betrieb, siehe auch Pedant Mexikaner MEK A\/XLIII\/1, H\u00f6he 20 cm, Breite 14 cm<\/p>\n<p><a href=\"http:\/\/museumek.eu\/?attachment_id=22167\" rel=\"attachment wp-att-22167\"><img loading=\"lazy\" src=\"http:\/\/museumek.eu\/wp-content\/uploads\/2013\/05\/Museum-Europ\u00e4ischer-Keramikkunst-2196-215x300.jpg\" alt=\"\" title=\"Museum Europ\u00e4ischer Keramikkunst 2196\" width=\"215\" height=\"300\" class=\"alignnone size-medium wp-image-22167\" srcset=\"http:\/\/museumek.eu\/wp-content\/uploads\/2013\/05\/Museum-Europ\u00e4ischer-Keramikkunst-2196-215x300.jpg 215w, http:\/\/museumek.eu\/wp-content\/uploads\/2013\/05\/Museum-Europ\u00e4ischer-Keramikkunst-2196-107x150.jpg 107w, http:\/\/museumek.eu\/wp-content\/uploads\/2013\/05\/Museum-Europ\u00e4ischer-Keramikkunst-2196.jpg 574w\" sizes=\"(max-width: 215px) 100vw, 215px\" \/><\/a><\/p>\n","protected":false},"excerpt":{"rendered":"<p>Abteilung Austria\/Ungarn\/B\u00f6hmen, Keramik 1860 \u2013 1960, Inventarnummer A\/XLIII\/2 Stephan Coneye Werkstatt f\u00fcr Kunsthandwerk, Austria, Wien, um 1955, Wandmaske Mexikanerin, K\u00fcnstler Stephan Coneye, Werks.-Nr. ohne, Exemplar Nr. ohne, nicht gemarkt, nicht signiert, Literatur: Galerie bei der Albertina, Zetter, Kleine Preise vor &hellip; <a href=\"http:\/\/museumek.eu\/?page_id=22166\">Weiterlesen <span class=\"meta-nav\">&rarr;<\/span><\/a><\/p>\n","protected":false},"author":1,"featured_media":0,"parent":22139,"menu_order":2,"comment_status":"closed","ping_status":"open","template":"","meta":[],"_links":{"self":[{"href":"http:\/\/museumek.eu\/index.php?rest_route=\/wp\/v2\/pages\/22166"}],"collection":[{"href":"http:\/\/museumek.eu\/index.php?rest_route=\/wp\/v2\/pages"}],"about":[{"href":"http:\/\/museumek.eu\/index.php?rest_route=\/wp\/v2\/types\/page"}],"author":[{"embeddable":true,"href":"http:\/\/museumek.eu\/index.php?rest_route=\/wp\/v2\/users\/1"}],"replies":[{"embeddable":true,"href":"http:\/\/museumek.eu\/index.php?rest_route=%2Fwp%2Fv2%2Fcomments&post=22166"}],"version-history":[{"count":8,"href":"http:\/\/museumek.eu\/index.php?rest_route=\/wp\/v2\/pages\/22166\/revisions"}],"predecessor-version":[{"id":22175,"href":"http:\/\/museumek.eu\/index.php?rest_route=\/wp\/v2\/pages\/22166\/revisions\/22175"}],"up":[{"embeddable":true,"href":"http:\/\/museumek.eu\/index.php?rest_route=\/wp\/v2\/pages\/22139"}],"wp:attachment":[{"href":"http:\/\/museumek.eu\/index.php?rest_route=%2Fwp%2Fv2%2Fmedia&parent=22166"}],"curies":[{"name":"wp","href":"https:\/\/api.w.org\/{rel}","templated":true}]}}