{"id":22207,"date":"2013-05-20T00:51:44","date_gmt":"2013-05-19T22:51:44","guid":{"rendered":"http:\/\/museumek.eu\/?page_id=22207"},"modified":"2013-05-20T00:51:44","modified_gmt":"2013-05-19T22:51:44","slug":"fotos-und-beschreibung","status":"publish","type":"page","link":"http:\/\/museumek.eu\/?page_id=22207","title":{"rendered":"Fotos und Beschreibung"},"content":{"rendered":"<p><strong>Abteilung Deutschland, Keramik 1860 \u2013 1960, Inventarnummer D\/LXXX\/1<\/strong><\/p>\n<p>von Schierholz\u2019sche Porzellanmanufaktur Plaue GmbH und Vorg\u00e4nger C.G. Schierholz &#038; Sohn, Deutschland, Plaue, vor 1945, Zierteller mit Putto, K\u00fcnstler unbekannt, Werks.-Nr. 6283, Exemplar Nr. ohne, gemarkt Firmenmarke Wappenschild mit 3 Bl\u00e4ttern dar\u00fcber eine Krone sowie von Schierholz gr\u00fcner Stempel unter Glasur, 6283 gepresst, nicht signiert, Literatur: J. G. Th. Graesse und E. Jaennicke, F\u00fchrer f\u00fcr Sammler von Porzellan und Fayence, Steinzeug, Steingut usw., Seite 501, Spalte Plaue, Porzellanmanufaktur Plaue, Marke Nr. 5 identisch (Schriftzug von Schierholz fehlt), weitere Literatur: Otto Pelka, Keramik der Neuzeit, Markentafel Nr. VII, Markenkasten Nr. 11, Abbildung der identischen Marke (mit Schriftzug Plaue), Seite 212, Herstellerverzeichnis, Plaue, C.G. Schierholz &#038; Sohn sowie Seite 221 Namenverzeichnis, Schierholz, C.G. &#038; Sohn, M 111, weitere Literatur: Gustav Wei\u00df, Ullstein Porzellanbuch, Seite 296, Marke Nr. 9 identisch (dort mit Schriftzug gegr. 1817), weitere Literatur: Emanuel Poche, Porzellanmarken, Marke Nr. 71 identisch (dort mit Schriftzug gegr. 1817), die Fabrik wurde 1816 von den Br\u00fcdern Johannes Karl Rudolf Heu\u00e4cker und Dr. Gottlob Ferdinand Heu\u00e4cker gegr\u00fcndet, Dr. Heu\u00e4cker verstarb bereits 1817 und als neuer Mitinhaber trat Christian Gottfried Schierholz ein, die Firmierung zu dieser Zeit lautete wohl Porzellanfabrik Plaue, Mitte des 19. Jahrhunderts ist Schierholz alleiniger Eigent\u00fcmer und seine S\u00f6hne Julius Adalbert und Hugo treten in die Fabrik ein, Firmierung C.G. Schierholz &#038; Sohn, 1899 Umwandlung in eine GmbH und zeitnahe Umbenennung in von Schierholz\u2019sche Porzellanmanufaktur Plaue GmbH, die Fabrik war von 1817 bis weit nach dem Ende des WK II immer in Familienbesitz, Ausf\u00fchrung in pate sur pate Technik, Fahne mit Goldrand, Durchmesser 8 cm<\/p>\n<p><a href=\"http:\/\/museumek.eu\/?attachment_id=22200\" rel=\"attachment wp-att-22200\"><img loading=\"lazy\" src=\"http:\/\/museumek.eu\/wp-content\/uploads\/2013\/05\/Museum-Europ\u00e4ischer-Keramikkunst-2309-300x289.jpg\" alt=\"\" title=\"Museum Europ\u00e4ischer Keramikkunst 2309\" width=\"300\" height=\"289\" class=\"alignnone size-medium wp-image-22200\" srcset=\"http:\/\/museumek.eu\/wp-content\/uploads\/2013\/05\/Museum-Europ\u00e4ischer-Keramikkunst-2309-300x289.jpg 300w, http:\/\/museumek.eu\/wp-content\/uploads\/2013\/05\/Museum-Europ\u00e4ischer-Keramikkunst-2309-150x144.jpg 150w, http:\/\/museumek.eu\/wp-content\/uploads\/2013\/05\/Museum-Europ\u00e4ischer-Keramikkunst-2309-310x300.jpg 310w, http:\/\/museumek.eu\/wp-content\/uploads\/2013\/05\/Museum-Europ\u00e4ischer-Keramikkunst-2309.jpg 572w\" sizes=\"(max-width: 300px) 100vw, 300px\" \/><\/a><\/p>\n<p><a href=\"http:\/\/museumek.eu\/?attachment_id=22201\" rel=\"attachment wp-att-22201\"><img loading=\"lazy\" src=\"http:\/\/museumek.eu\/wp-content\/uploads\/2013\/05\/Museum-Europ\u00e4ischer-Keramikkunst-2311-212x300.jpg\" alt=\"\" title=\"Museum Europ\u00e4ischer Keramikkunst 2311\" width=\"212\" height=\"300\" class=\"alignnone size-medium wp-image-22201\" srcset=\"http:\/\/museumek.eu\/wp-content\/uploads\/2013\/05\/Museum-Europ\u00e4ischer-Keramikkunst-2311-212x300.jpg 212w, http:\/\/museumek.eu\/wp-content\/uploads\/2013\/05\/Museum-Europ\u00e4ischer-Keramikkunst-2311-106x150.jpg 106w, http:\/\/museumek.eu\/wp-content\/uploads\/2013\/05\/Museum-Europ\u00e4ischer-Keramikkunst-2311.jpg 358w\" sizes=\"(max-width: 212px) 100vw, 212px\" \/><\/a><\/p>\n","protected":false},"excerpt":{"rendered":"<p>Abteilung Deutschland, Keramik 1860 \u2013 1960, Inventarnummer D\/LXXX\/1 von Schierholz\u2019sche Porzellanmanufaktur Plaue GmbH und Vorg\u00e4nger C.G. Schierholz &#038; Sohn, Deutschland, Plaue, vor 1945, Zierteller mit Putto, K\u00fcnstler unbekannt, Werks.-Nr. 6283, Exemplar Nr. ohne, gemarkt Firmenmarke Wappenschild mit 3 Bl\u00e4ttern dar\u00fcber &hellip; <a href=\"http:\/\/museumek.eu\/?page_id=22207\">Weiterlesen <span class=\"meta-nav\">&rarr;<\/span><\/a><\/p>\n","protected":false},"author":1,"featured_media":0,"parent":22204,"menu_order":1,"comment_status":"closed","ping_status":"open","template":"","meta":[],"_links":{"self":[{"href":"http:\/\/museumek.eu\/index.php?rest_route=\/wp\/v2\/pages\/22207"}],"collection":[{"href":"http:\/\/museumek.eu\/index.php?rest_route=\/wp\/v2\/pages"}],"about":[{"href":"http:\/\/museumek.eu\/index.php?rest_route=\/wp\/v2\/types\/page"}],"author":[{"embeddable":true,"href":"http:\/\/museumek.eu\/index.php?rest_route=\/wp\/v2\/users\/1"}],"replies":[{"embeddable":true,"href":"http:\/\/museumek.eu\/index.php?rest_route=%2Fwp%2Fv2%2Fcomments&post=22207"}],"version-history":[{"count":5,"href":"http:\/\/museumek.eu\/index.php?rest_route=\/wp\/v2\/pages\/22207\/revisions"}],"predecessor-version":[{"id":59558,"href":"http:\/\/museumek.eu\/index.php?rest_route=\/wp\/v2\/pages\/22207\/revisions\/59558"}],"up":[{"embeddable":true,"href":"http:\/\/museumek.eu\/index.php?rest_route=\/wp\/v2\/pages\/22204"}],"wp:attachment":[{"href":"http:\/\/museumek.eu\/index.php?rest_route=%2Fwp%2Fv2%2Fmedia&parent=22207"}],"curies":[{"name":"wp","href":"https:\/\/api.w.org\/{rel}","templated":true}]}}