{"id":22359,"date":"2013-05-22T00:43:43","date_gmt":"2013-05-21T22:43:43","guid":{"rendered":"http:\/\/museumek.eu\/?page_id=22359"},"modified":"2015-01-03T19:22:49","modified_gmt":"2015-01-03T18:22:49","slug":"dxlviii4","status":"publish","type":"page","link":"http:\/\/museumek.eu\/?page_id=22359","title":{"rendered":"D\/XLVIII\/4"},"content":{"rendered":"<p><strong>Abteilung Deutschland, Keramik 1860 \u2013 1960, Inventarnummer D\/XLVIII\/4<\/strong><\/p>\n<p>Albert Jacob Thewalt, Fabrik fein verzierter Steinzeugwaren, Deutschland, H\u00f6hr, 1908, Seidel, K\u00fcnstler Wilhelm Anton Kamp (attr.), Werks.-Nr. 166, Exemplar Nr. ohne, gemarkt Firmenmarke mit A T und \u00fcber dem T ein Punkt, dieser besagt folgendes: im alten Schreibduktus wurde I und J oft gleich gesetzt, um den Buchstaben I bzw. J kenntlich zu machen, wurde dar\u00fcber ein Punkt gesetzt, Beispiel: ein senkrechter Strich mit einem Punkt dar\u00fcber bedeutet Buchstabe I oder bei Gleichsetzung auch J, insofern versteckt sich in der Marke beim Buchstabe T auch das J, somit ist der Sinn des Punktes ermittelt, so dass die Marke als AJT f\u00fcr Albert Jacob Thewalt zu lesen ist, 166, 0,5 L. \u00fcber Eichstrich sowie F gepresst, 166 geritzt, nicht signiert, Literatur: J\u00fcrgen Schimanski, Braun geflammt und grau gesalzen, Seite 226, Beschreibung der Fabrik, Beschreibung, dass fast alle Entw\u00fcrfe von Wilhelm Anton Kamp stammen sowie Marke Nr. 43 identisch, die Signatur K oder WK verweist auf den Hauptentwerfer der Fabrik Wilhelm Anton Kamp, der zweite Sohn von Joahnn Peter Thewalt jr., Albert Jacob Thewalt (1857 \u2013 1939) gr\u00fcndete 1882 zusammen mit seinem Schwager Jean Paulus die keramische Fabrik Paulus und Thewalt, trennt sich dann von Jean Paulus und gr\u00fcndet 1894 seine eigene Fabrik, die als Albert Jacob Thewalt, Fabrik fein verzierter Steinzeugwaren firmiert, nach Albert Jacobs\u2019s Tod f\u00fchren sein Sohn Albert Johann Thewalt und danach sein Enkel Albert Jakob Thewalt die Fabrik fort, K\u00fcnstlerzuschreibung: Wilhelm Anton Kamp trat 1897 in die Fabrik ein und schuf rund 800 Entw\u00fcrfe, Datierung des Kruges und Datierung der Marke: an der Wand des frontalen Schaubildes h\u00e4ngt ein Gegenstand der mit 1908 datiert ist und \u00c4hnlichkeit mit einer Zeitung hat, somit Nachweis, dass diese Fabrikmarke auch 1908 verwendet worden ist, Ausf\u00fchrung als Seidel mit Hohlboden,<br \/>\nH\u00f6he 19 cm, Breite 15 cm (nur die Keramik)<\/p>\n<p><a href=\"http:\/\/museumek.eu\/?attachment_id=22360\" rel=\"attachment wp-att-22360\"><img loading=\"lazy\" src=\"http:\/\/museumek.eu\/wp-content\/uploads\/2013\/05\/5073-166x300.jpg\" alt=\"\" title=\"5073\" width=\"166\" height=\"300\" class=\"alignnone size-medium wp-image-22360\" srcset=\"http:\/\/museumek.eu\/wp-content\/uploads\/2013\/05\/5073-166x300.jpg 166w, http:\/\/museumek.eu\/wp-content\/uploads\/2013\/05\/5073-83x150.jpg 83w\" sizes=\"(max-width: 166px) 100vw, 166px\" \/><\/a><\/p>\n<p><a href=\"http:\/\/museumek.eu\/?attachment_id=22361\" rel=\"attachment wp-att-22361\"><img loading=\"lazy\" src=\"http:\/\/museumek.eu\/wp-content\/uploads\/2013\/05\/5075-165x300.jpg\" alt=\"\" title=\"5075\" width=\"165\" height=\"300\" class=\"alignnone size-medium wp-image-22361\" srcset=\"http:\/\/museumek.eu\/wp-content\/uploads\/2013\/05\/5075-165x300.jpg 165w, http:\/\/museumek.eu\/wp-content\/uploads\/2013\/05\/5075-82x150.jpg 82w, http:\/\/museumek.eu\/wp-content\/uploads\/2013\/05\/5075.jpg 378w\" sizes=\"(max-width: 165px) 100vw, 165px\" \/><\/a><\/p>\n<p><a href=\"http:\/\/museumek.eu\/?attachment_id=22362\" rel=\"attachment wp-att-22362\"><img loading=\"lazy\" src=\"http:\/\/museumek.eu\/wp-content\/uploads\/2013\/05\/5074-188x300.jpg\" alt=\"\" title=\"5074\" width=\"188\" height=\"300\" class=\"alignnone size-medium wp-image-22362\" srcset=\"http:\/\/museumek.eu\/wp-content\/uploads\/2013\/05\/5074-188x300.jpg 188w, http:\/\/museumek.eu\/wp-content\/uploads\/2013\/05\/5074-94x150.jpg 94w, http:\/\/museumek.eu\/wp-content\/uploads\/2013\/05\/5074.jpg 502w\" sizes=\"(max-width: 188px) 100vw, 188px\" \/><\/a><\/p>\n<p><a href=\"http:\/\/museumek.eu\/?attachment_id=22363\" rel=\"attachment wp-att-22363\"><img loading=\"lazy\" src=\"http:\/\/museumek.eu\/wp-content\/uploads\/2013\/05\/5076-197x300.jpg\" alt=\"\" title=\"5076\" width=\"197\" height=\"300\" class=\"alignnone size-medium wp-image-22363\" srcset=\"http:\/\/museumek.eu\/wp-content\/uploads\/2013\/05\/5076-197x300.jpg 197w, http:\/\/museumek.eu\/wp-content\/uploads\/2013\/05\/5076-98x150.jpg 98w, http:\/\/museumek.eu\/wp-content\/uploads\/2013\/05\/5076.jpg 527w\" sizes=\"(max-width: 197px) 100vw, 197px\" \/><\/a><\/p>\n<p><a href=\"http:\/\/museumek.eu\/?attachment_id=22365\" rel=\"attachment wp-att-22365\"><img loading=\"lazy\" src=\"http:\/\/museumek.eu\/wp-content\/uploads\/2013\/05\/5078-300x276.jpg\" alt=\"\" title=\"5078\" width=\"300\" height=\"276\" class=\"alignnone size-medium wp-image-22365\" srcset=\"http:\/\/museumek.eu\/wp-content\/uploads\/2013\/05\/5078-300x276.jpg 300w, http:\/\/museumek.eu\/wp-content\/uploads\/2013\/05\/5078-150x138.jpg 150w, http:\/\/museumek.eu\/wp-content\/uploads\/2013\/05\/5078-325x300.jpg 325w, http:\/\/museumek.eu\/wp-content\/uploads\/2013\/05\/5078.jpg 411w\" sizes=\"(max-width: 300px) 100vw, 300px\" \/><\/a><\/p>\n<p><a href=\"http:\/\/museumek.eu\/?attachment_id=22366\" rel=\"attachment wp-att-22366\"><img loading=\"lazy\" src=\"http:\/\/museumek.eu\/wp-content\/uploads\/2013\/05\/5077-300x276.jpg\" alt=\"\" title=\"5077\" width=\"300\" height=\"276\" class=\"alignnone size-medium wp-image-22366\" srcset=\"http:\/\/museumek.eu\/wp-content\/uploads\/2013\/05\/5077-300x276.jpg 300w, http:\/\/museumek.eu\/wp-content\/uploads\/2013\/05\/5077-150x138.jpg 150w, http:\/\/museumek.eu\/wp-content\/uploads\/2013\/05\/5077-325x300.jpg 325w, http:\/\/museumek.eu\/wp-content\/uploads\/2013\/05\/5077.jpg 425w\" sizes=\"(max-width: 300px) 100vw, 300px\" \/><\/a><\/p>\n<p><a href=\"http:\/\/museumek.eu\/?attachment_id=22364\" rel=\"attachment wp-att-22364\"><img loading=\"lazy\" src=\"http:\/\/museumek.eu\/wp-content\/uploads\/2013\/05\/5079-300x300.jpg\" alt=\"\" title=\"5079\" width=\"300\" height=\"300\" class=\"alignnone size-medium wp-image-22364\" srcset=\"http:\/\/museumek.eu\/wp-content\/uploads\/2013\/05\/5079-300x300.jpg 300w, http:\/\/museumek.eu\/wp-content\/uploads\/2013\/05\/5079-150x150.jpg 150w, http:\/\/museumek.eu\/wp-content\/uploads\/2013\/05\/5079-299x300.jpg 299w, http:\/\/museumek.eu\/wp-content\/uploads\/2013\/05\/5079.jpg 402w\" sizes=\"(max-width: 300px) 100vw, 300px\" \/><\/a><\/p>\n","protected":false},"excerpt":{"rendered":"<p>Abteilung Deutschland, Keramik 1860 \u2013 1960, Inventarnummer D\/XLVIII\/4 Albert Jacob Thewalt, Fabrik fein verzierter Steinzeugwaren, Deutschland, H\u00f6hr, 1908, Seidel, K\u00fcnstler Wilhelm Anton Kamp (attr.), Werks.-Nr. 166, Exemplar Nr. ohne, gemarkt Firmenmarke mit A T und \u00fcber dem T ein Punkt, &hellip; <a href=\"http:\/\/museumek.eu\/?page_id=22359\">Weiterlesen <span class=\"meta-nav\">&rarr;<\/span><\/a><\/p>\n","protected":false},"author":1,"featured_media":0,"parent":11506,"menu_order":4,"comment_status":"closed","ping_status":"open","template":"","meta":[],"_links":{"self":[{"href":"http:\/\/museumek.eu\/index.php?rest_route=\/wp\/v2\/pages\/22359"}],"collection":[{"href":"http:\/\/museumek.eu\/index.php?rest_route=\/wp\/v2\/pages"}],"about":[{"href":"http:\/\/museumek.eu\/index.php?rest_route=\/wp\/v2\/types\/page"}],"author":[{"embeddable":true,"href":"http:\/\/museumek.eu\/index.php?rest_route=\/wp\/v2\/users\/1"}],"replies":[{"embeddable":true,"href":"http:\/\/museumek.eu\/index.php?rest_route=%2Fwp%2Fv2%2Fcomments&post=22359"}],"version-history":[{"count":18,"href":"http:\/\/museumek.eu\/index.php?rest_route=\/wp\/v2\/pages\/22359\/revisions"}],"predecessor-version":[{"id":35723,"href":"http:\/\/museumek.eu\/index.php?rest_route=\/wp\/v2\/pages\/22359\/revisions\/35723"}],"up":[{"embeddable":true,"href":"http:\/\/museumek.eu\/index.php?rest_route=\/wp\/v2\/pages\/11506"}],"wp:attachment":[{"href":"http:\/\/museumek.eu\/index.php?rest_route=%2Fwp%2Fv2%2Fmedia&parent=22359"}],"curies":[{"name":"wp","href":"https:\/\/api.w.org\/{rel}","templated":true}]}}