{"id":22383,"date":"2013-05-23T21:00:05","date_gmt":"2013-05-23T19:00:05","guid":{"rendered":"http:\/\/museumek.eu\/?page_id=22383"},"modified":"2014-11-21T20:09:33","modified_gmt":"2014-11-21T19:09:33","slug":"dxlix3","status":"publish","type":"page","link":"http:\/\/museumek.eu\/?page_id=22383","title":{"rendered":"D\/XLIX\/3"},"content":{"rendered":"<p><strong>Abteilung Deutschland, Keramik 1860 \u2013 1960, Inventarnummer D\/XLIX\/3<\/strong><\/p>\n<p>Simon Peter Gerz I. GmbH Fabrik fein verzierter Gebrauchs- und Luxusgegenst\u00e4nde und Vorg\u00e4nger Simon Peter Gerz I. Fabrik antiker reichverzierter Steinzeugwaaren, Deutschland, H\u00f6hr, um 1900, Seidel, K\u00fcnstler unbekannt, Werks.-Nr. ohne, Exemplar Nr. ohne, gemarkt keine Fabrikmarke aber 0,5 L. \u00fcber Eichstrich gepresst, im Zinndeckel Stempel mit GES. GESCH., nicht signiert, Literatur: Gisela Reineking von Bock, Meister der deutschen Keramik, Seite 329, Marke Nr. 212 identisch, weitere Literatur: J\u00fcrgen Schimanski und J\u00fcrgen Erlebach, Westerw\u00e4lder Steinzeug, Die Neue \u00c4ra, Seite 44 ff., Fabrikbeschreibung sowie Marke Nr. 6 identisch, weitere Literatur: J\u00fcrgen Schimanski, Braun geflammt und grau gesalzen, Seite 197, Beschreibung der Fabrik sowie Marke Nr. 6 identisch, die Fabrik wurde 1857 von Simon Peter Gerz I (geb. 13.09.1830, gest. 12.09.1893) gegr\u00fcndet, die Registereintragung erfolgte aber erst 1862, insofern ist das Jahr 1862 das amtliche Gr\u00fcndungsdatum, bisher konnte in keiner Literatur eine Erkl\u00e4rung gefunden werden, warum Gerz seinem Namen eine r\u00f6mische I anf\u00fcgte, recherchiert werden konnte, dass es noch einen Steinzeugfabrikanten namens Simon Peter Gerz II (geb. 1833, gest. 1908) gab und dass dieser der Vater von Alois Jacob Gerz, dem Mitbegr\u00fcnder der Steinzeugfabrik Rosskopf &#038; Gerz war, 1867 erhielt die Fabrik das Pr\u00e4dikat eines Hoflieferanten des Herzog von Nassau, 1893 (Gerz Tod) wurde der Schwiegersohn Alphons William Loetschert Inhaber, sehr wahrscheinlich wurde um diese Zeit auch die Fabrikmarke SPG I in einem Kreis in die Dreieckmarke mit einem Krug ge\u00e4ndert, sp\u00e4testens aber sicher 1897, 1897 wurde die Pfeiffenfabrik M\u00fcllenbach &#038; Thewalt Mitinhaber und eine GmbH wurde gegr\u00fcndet (Gr\u00fcndungsdatum: 05.08.1897, die Fabrik bestand bis 1997, Zuordnung: siehe auch MEK D\/XLIX\/1 Seidel mit identischem Motiv in anderer Farbvariante mit identischem Literungsstempel (bei Albert Jacob Thewalt findet sich ein fast identischer Literungsstempel, allerdings geht dort das L. nicht \u00fcber den rechten Anstrich des Eichstrichs hinaus und der Bogen der 5 ist nicht so stark eingekringelt), H\u00f6he 13,2 cm, Breite 13 cm (nur die Keramik)<\/p>\n<p><a href=\"http:\/\/museumek.eu\/?attachment_id=34499\" rel=\"attachment wp-att-34499\"><img loading=\"lazy\" src=\"http:\/\/museumek.eu\/wp-content\/uploads\/2012\/07\/1925-168x300.jpg\" alt=\"\" title=\"1925\" width=\"168\" height=\"300\" class=\"alignnone size-medium wp-image-34499\" srcset=\"http:\/\/museumek.eu\/wp-content\/uploads\/2012\/07\/1925-168x300.jpg 168w, http:\/\/museumek.eu\/wp-content\/uploads\/2012\/07\/1925-84x150.jpg 84w, http:\/\/museumek.eu\/wp-content\/uploads\/2012\/07\/1925.jpg 450w\" sizes=\"(max-width: 168px) 100vw, 168px\" \/><\/a><\/p>\n<p><a href=\"http:\/\/museumek.eu\/?attachment_id=34500\" rel=\"attachment wp-att-34500\"><img loading=\"lazy\" src=\"http:\/\/museumek.eu\/wp-content\/uploads\/2012\/07\/1926-230x300.jpg\" alt=\"\" title=\"1926\" width=\"230\" height=\"300\" class=\"alignnone size-medium wp-image-34500\" srcset=\"http:\/\/museumek.eu\/wp-content\/uploads\/2012\/07\/1926-230x300.jpg 230w, http:\/\/museumek.eu\/wp-content\/uploads\/2012\/07\/1926-115x150.jpg 115w, http:\/\/museumek.eu\/wp-content\/uploads\/2012\/07\/1926.jpg 600w\" sizes=\"(max-width: 230px) 100vw, 230px\" \/><\/a><\/p>\n<p><a href=\"http:\/\/museumek.eu\/?attachment_id=34501\" rel=\"attachment wp-att-34501\"><img loading=\"lazy\" src=\"http:\/\/museumek.eu\/wp-content\/uploads\/2012\/07\/1927-217x300.jpg\" alt=\"\" title=\"1927\" width=\"217\" height=\"300\" class=\"alignnone size-medium wp-image-34501\" srcset=\"http:\/\/museumek.eu\/wp-content\/uploads\/2012\/07\/1927-217x300.jpg 217w, http:\/\/museumek.eu\/wp-content\/uploads\/2012\/07\/1927-108x150.jpg 108w, http:\/\/museumek.eu\/wp-content\/uploads\/2012\/07\/1927.jpg 579w\" sizes=\"(max-width: 217px) 100vw, 217px\" \/><\/a><\/p>\n<p><a href=\"http:\/\/museumek.eu\/?attachment_id=34505\" rel=\"attachment wp-att-34505\"><img loading=\"lazy\" src=\"http:\/\/museumek.eu\/wp-content\/uploads\/2012\/07\/19281-152x300.jpg\" alt=\"\" title=\"1928\" width=\"152\" height=\"300\" class=\"alignnone size-medium wp-image-34505\" srcset=\"http:\/\/museumek.eu\/wp-content\/uploads\/2012\/07\/19281-152x300.jpg 152w, http:\/\/museumek.eu\/wp-content\/uploads\/2012\/07\/19281-76x150.jpg 76w, http:\/\/museumek.eu\/wp-content\/uploads\/2012\/07\/19281.jpg 407w\" sizes=\"(max-width: 152px) 100vw, 152px\" \/><\/a><\/p>\n<p><a href=\"http:\/\/museumek.eu\/?attachment_id=22387\" rel=\"attachment wp-att-22387\"><img loading=\"lazy\" src=\"http:\/\/museumek.eu\/wp-content\/uploads\/2013\/05\/SAM-9868-250x300.jpg\" alt=\"\" title=\"SAM 9868\" width=\"250\" height=\"300\" class=\"alignnone size-medium wp-image-22387\" srcset=\"http:\/\/museumek.eu\/wp-content\/uploads\/2013\/05\/SAM-9868-250x300.jpg 250w, http:\/\/museumek.eu\/wp-content\/uploads\/2013\/05\/SAM-9868-125x150.jpg 125w, http:\/\/museumek.eu\/wp-content\/uploads\/2013\/05\/SAM-9868.jpg 311w\" sizes=\"(max-width: 250px) 100vw, 250px\" \/><\/a><\/p>\n<p><a href=\"http:\/\/museumek.eu\/?attachment_id=34506\" rel=\"attachment wp-att-34506\"><img loading=\"lazy\" src=\"http:\/\/museumek.eu\/wp-content\/uploads\/2012\/07\/1929.jpg\" alt=\"\" title=\"1929\" width=\"295\" height=\"275\" class=\"alignnone size-full wp-image-34506\" srcset=\"http:\/\/museumek.eu\/wp-content\/uploads\/2012\/07\/1929.jpg 295w, http:\/\/museumek.eu\/wp-content\/uploads\/2012\/07\/1929-150x139.jpg 150w\" sizes=\"(max-width: 295px) 100vw, 295px\" \/><\/a><\/p>\n","protected":false},"excerpt":{"rendered":"<p>Abteilung Deutschland, Keramik 1860 \u2013 1960, Inventarnummer D\/XLIX\/3 Simon Peter Gerz I. GmbH Fabrik fein verzierter Gebrauchs- und Luxusgegenst\u00e4nde und Vorg\u00e4nger Simon Peter Gerz I. Fabrik antiker reichverzierter Steinzeugwaaren, Deutschland, H\u00f6hr, um 1900, Seidel, K\u00fcnstler unbekannt, Werks.-Nr. ohne, Exemplar Nr. &hellip; <a href=\"http:\/\/museumek.eu\/?page_id=22383\">Weiterlesen <span class=\"meta-nav\">&rarr;<\/span><\/a><\/p>\n","protected":false},"author":1,"featured_media":0,"parent":11558,"menu_order":3,"comment_status":"closed","ping_status":"open","template":"","meta":[],"_links":{"self":[{"href":"http:\/\/museumek.eu\/index.php?rest_route=\/wp\/v2\/pages\/22383"}],"collection":[{"href":"http:\/\/museumek.eu\/index.php?rest_route=\/wp\/v2\/pages"}],"about":[{"href":"http:\/\/museumek.eu\/index.php?rest_route=\/wp\/v2\/types\/page"}],"author":[{"embeddable":true,"href":"http:\/\/museumek.eu\/index.php?rest_route=\/wp\/v2\/users\/1"}],"replies":[{"embeddable":true,"href":"http:\/\/museumek.eu\/index.php?rest_route=%2Fwp%2Fv2%2Fcomments&post=22383"}],"version-history":[{"count":8,"href":"http:\/\/museumek.eu\/index.php?rest_route=\/wp\/v2\/pages\/22383\/revisions"}],"predecessor-version":[{"id":34518,"href":"http:\/\/museumek.eu\/index.php?rest_route=\/wp\/v2\/pages\/22383\/revisions\/34518"}],"up":[{"embeddable":true,"href":"http:\/\/museumek.eu\/index.php?rest_route=\/wp\/v2\/pages\/11558"}],"wp:attachment":[{"href":"http:\/\/museumek.eu\/index.php?rest_route=%2Fwp%2Fv2%2Fmedia&parent=22383"}],"curies":[{"name":"wp","href":"https:\/\/api.w.org\/{rel}","templated":true}]}}