{"id":2239,"date":"2011-08-21T14:34:38","date_gmt":"2011-08-21T12:34:38","guid":{"rendered":"http:\/\/museumek.eu\/?page_id=2239"},"modified":"2012-07-19T22:24:20","modified_gmt":"2012-07-19T20:24:20","slug":"fii2","status":"publish","type":"page","link":"http:\/\/museumek.eu\/?page_id=2239","title":{"rendered":"F\/II\/2"},"content":{"rendered":"<p><strong>Abteilung Frankreich, Keramik 1860 \u2013 1960, Inventarnummer F\/II\/2<\/strong><\/p>\n<p>Manufaktur Keller &#038; Gu\u00e9rin, Frankreich, Lun\u00e9ville, um 1900, Teller Les Annales Politi et Lit (Zur Erinnerung an bessere Zeiten, frei \u00fcbersetzt), K\u00fcnstler Edmond Lachenal, Werks.-Nr. ohne, Exemplar Nr. ohne, gemarkt Dekorstempel mit KG sowie E. Lachenal Stempelautograph, B sowie unbekanntes Zeichen gepresst, siehe auch MEK F\/II\/1, gr\u00f6\u00dfere Ausf\u00fchrung dieses Tellers, Literaur: J. A. Schmoll genannt Eisenwerth und Helga Schmoll genannt Eisenwerth, Nancy 1900 Jugendstil in Lothringen, Ausstellung im M\u00fcnchner Stadtmuseum vom 28. August bis 23. November 1980, Seite 362 ff., Beschreibung des Dekors mit Nachweis Lachenal und Abbildung des Dekors, Seite 452, Abbildung des Stempels, um 1900 entwarfen die K\u00fcnstler der \u00c9cole de Nancy, Louis Majorelle, Ernest Bussi\u00e8re, Edmond Lachenal, Emile Gall\u00e9 Modelle f\u00fcr K &#038; G, wobei eine Zuordnung mangels Werksverzeichnis selten m\u00f6glich ist, Durchmesser 22 cm<\/p>\n<p><a href=\"http:\/\/museumek.eu\/wp-content\/uploads\/2011\/08\/Museum-Europ\u00e4ischer-Keramikkunst-Qualit\u00e4tsfotos-452.jpg\"><img loading=\"lazy\" src=\"http:\/\/museumek.eu\/wp-content\/uploads\/2011\/08\/Museum-Europ\u00e4ischer-Keramikkunst-Qualit\u00e4tsfotos-452-300x296.jpg\" alt=\"\" title=\"Museum Europ\u00e4ischer Keramikkunst Qualit\u00e4tsfotos 452\" width=\"300\" height=\"296\" class=\"alignnone size-medium wp-image-2240\" srcset=\"http:\/\/museumek.eu\/wp-content\/uploads\/2011\/08\/Museum-Europ\u00e4ischer-Keramikkunst-Qualit\u00e4tsfotos-452-300x296.jpg 300w, http:\/\/museumek.eu\/wp-content\/uploads\/2011\/08\/Museum-Europ\u00e4ischer-Keramikkunst-Qualit\u00e4tsfotos-452-303x300.jpg 303w, http:\/\/museumek.eu\/wp-content\/uploads\/2011\/08\/Museum-Europ\u00e4ischer-Keramikkunst-Qualit\u00e4tsfotos-452.jpg 724w\" sizes=\"(max-width: 300px) 100vw, 300px\" \/><\/a><\/p>\n<p><a href=\"http:\/\/museumek.eu\/wp-content\/uploads\/2011\/08\/Museum-Europ\u00e4ischer-Keramikkunst-797.jpg\"><img loading=\"lazy\" src=\"http:\/\/museumek.eu\/wp-content\/uploads\/2011\/08\/Museum-Europ\u00e4ischer-Keramikkunst-797-300x183.jpg\" alt=\"\" title=\"Museum Europ\u00e4ischer Keramikkunst 797\" width=\"300\" height=\"183\" class=\"alignnone size-medium wp-image-2241\" srcset=\"http:\/\/museumek.eu\/wp-content\/uploads\/2011\/08\/Museum-Europ\u00e4ischer-Keramikkunst-797-300x183.jpg 300w, http:\/\/museumek.eu\/wp-content\/uploads\/2011\/08\/Museum-Europ\u00e4ischer-Keramikkunst-797-490x300.jpg 490w, http:\/\/museumek.eu\/wp-content\/uploads\/2011\/08\/Museum-Europ\u00e4ischer-Keramikkunst-797.jpg 851w\" sizes=\"(max-width: 300px) 100vw, 300px\" \/><\/a><\/p>\n","protected":false},"excerpt":{"rendered":"<p>Abteilung Frankreich, Keramik 1860 \u2013 1960, Inventarnummer F\/II\/2 Manufaktur Keller &#038; Gu\u00e9rin, Frankreich, Lun\u00e9ville, um 1900, Teller Les Annales Politi et Lit (Zur Erinnerung an bessere Zeiten, frei \u00fcbersetzt), K\u00fcnstler Edmond Lachenal, Werks.-Nr. ohne, Exemplar Nr. ohne, gemarkt Dekorstempel mit &hellip; <a href=\"http:\/\/museumek.eu\/?page_id=2239\">Weiterlesen <span class=\"meta-nav\">&rarr;<\/span><\/a><\/p>\n","protected":false},"author":1,"featured_media":0,"parent":2229,"menu_order":2,"comment_status":"closed","ping_status":"closed","template":"","meta":[],"_links":{"self":[{"href":"http:\/\/museumek.eu\/index.php?rest_route=\/wp\/v2\/pages\/2239"}],"collection":[{"href":"http:\/\/museumek.eu\/index.php?rest_route=\/wp\/v2\/pages"}],"about":[{"href":"http:\/\/museumek.eu\/index.php?rest_route=\/wp\/v2\/types\/page"}],"author":[{"embeddable":true,"href":"http:\/\/museumek.eu\/index.php?rest_route=\/wp\/v2\/users\/1"}],"replies":[{"embeddable":true,"href":"http:\/\/museumek.eu\/index.php?rest_route=%2Fwp%2Fv2%2Fcomments&post=2239"}],"version-history":[{"count":9,"href":"http:\/\/museumek.eu\/index.php?rest_route=\/wp\/v2\/pages\/2239\/revisions"}],"predecessor-version":[{"id":11938,"href":"http:\/\/museumek.eu\/index.php?rest_route=\/wp\/v2\/pages\/2239\/revisions\/11938"}],"up":[{"embeddable":true,"href":"http:\/\/museumek.eu\/index.php?rest_route=\/wp\/v2\/pages\/2229"}],"wp:attachment":[{"href":"http:\/\/museumek.eu\/index.php?rest_route=%2Fwp%2Fv2%2Fmedia&parent=2239"}],"curies":[{"name":"wp","href":"https:\/\/api.w.org\/{rel}","templated":true}]}}