{"id":2246,"date":"2011-08-21T14:57:35","date_gmt":"2011-08-21T12:57:35","guid":{"rendered":"http:\/\/museumek.eu\/?page_id=2246"},"modified":"2011-10-02T15:00:13","modified_gmt":"2011-10-02T13:00:13","slug":"fii3","status":"publish","type":"page","link":"http:\/\/museumek.eu\/?page_id=2246","title":{"rendered":"F\/II\/3"},"content":{"rendered":"<p><strong>Abteilung Frankreich, Keramik 1860 \u2013 1960, Inventarnummer F\/II\/3<\/strong><\/p>\n<p>Manufaktur Keller &#038; Gu\u00e9rin, Frankreich, Lun\u00e9ville, 1890, Vase Pervenche (Immergr\u00fcn), K\u00fcnstler Edmond Lachenal (attr.) vor Pervenche ein E hinten ein E auf dem Kopf, ins E verbunden als Rahmen evtl. ein L, siehe \u00e4hnliche pflanzliche Bemalung MEK F\/II\/1 und MEK\/F\/2, Werks.-Nr. 107, Exemplar Nr. 2, gemarkt K &#038; G Lun\u00e9ville France Pervenche Farbstempel, 107 sowie 2 gepresst, Gold geh\u00f6ht, Literatur: Annabelle H\u00e9ry, La Faiencerie de Lun\u00e9ville 1786 \u2013 1923, Les Keller &#038; Gu\u00e9rin, Seite 138, Marke Type 16, sowie Seite 124, dort der Vasentyp Pervenche abgebildet, um 1900 entwarfen die K\u00fcnstler der \u00c9cole de Nancy, Louis Majorelle, Ernest Bussi\u00e8re, Edmond Lachenal, Emile Gall\u00e9 Modelle f\u00fcr K &#038; G, wobei eine Zuordnung mangels Werksverzeichnis selten m\u00f6glich ist,<br \/>\nH\u00f6he 29 cm, Breite 19 cm<\/p>\n<p><a href=\"http:\/\/museumek.eu\/wp-content\/uploads\/2011\/08\/Museum-Europ\u00e4ischer-Keramikkunst-Qualit\u00e4tsfotos-330.jpg\"><img loading=\"lazy\" src=\"http:\/\/museumek.eu\/wp-content\/uploads\/2011\/08\/Museum-Europ\u00e4ischer-Keramikkunst-Qualit\u00e4tsfotos-330-176x300.jpg\" alt=\"\" title=\"Museum Europ\u00e4ischer Keramikkunst Qualit\u00e4tsfotos 330\" width=\"176\" height=\"300\" class=\"alignnone size-medium wp-image-2247\" srcset=\"http:\/\/museumek.eu\/wp-content\/uploads\/2011\/08\/Museum-Europ\u00e4ischer-Keramikkunst-Qualit\u00e4tsfotos-330-176x300.jpg 176w, http:\/\/museumek.eu\/wp-content\/uploads\/2011\/08\/Museum-Europ\u00e4ischer-Keramikkunst-Qualit\u00e4tsfotos-330.jpg 539w\" sizes=\"(max-width: 176px) 100vw, 176px\" \/><\/a><\/p>\n<p><a href=\"http:\/\/museumek.eu\/wp-content\/uploads\/2011\/08\/Museum-Europ\u00e4ischer-Keramikkunst-858.jpg\"><img loading=\"lazy\" src=\"http:\/\/museumek.eu\/wp-content\/uploads\/2011\/08\/Museum-Europ\u00e4ischer-Keramikkunst-858-300x270.jpg\" alt=\"\" title=\"Museum Europ\u00e4ischer Keramikkunst 858\" width=\"300\" height=\"270\" class=\"alignnone size-medium wp-image-2248\" srcset=\"http:\/\/museumek.eu\/wp-content\/uploads\/2011\/08\/Museum-Europ\u00e4ischer-Keramikkunst-858-300x270.jpg 300w, http:\/\/museumek.eu\/wp-content\/uploads\/2011\/08\/Museum-Europ\u00e4ischer-Keramikkunst-858-332x300.jpg 332w, http:\/\/museumek.eu\/wp-content\/uploads\/2011\/08\/Museum-Europ\u00e4ischer-Keramikkunst-858.jpg 425w\" sizes=\"(max-width: 300px) 100vw, 300px\" \/><\/a><\/p>\n<p><a href=\"http:\/\/museumek.eu\/wp-content\/uploads\/2011\/08\/Museum-Europ\u00e4ischer-Keramikkunst-859.jpg\"><img loading=\"lazy\" src=\"http:\/\/museumek.eu\/wp-content\/uploads\/2011\/08\/Museum-Europ\u00e4ischer-Keramikkunst-859-281x300.jpg\" alt=\"\" title=\"Museum Europ\u00e4ischer Keramikkunst 859\" width=\"281\" height=\"300\" class=\"alignnone size-medium wp-image-2249\" srcset=\"http:\/\/museumek.eu\/wp-content\/uploads\/2011\/08\/Museum-Europ\u00e4ischer-Keramikkunst-859-281x300.jpg 281w, http:\/\/museumek.eu\/wp-content\/uploads\/2011\/08\/Museum-Europ\u00e4ischer-Keramikkunst-859.jpg 477w\" sizes=\"(max-width: 281px) 100vw, 281px\" \/><\/a><\/p>\n","protected":false},"excerpt":{"rendered":"<p>Abteilung Frankreich, Keramik 1860 \u2013 1960, Inventarnummer F\/II\/3 Manufaktur Keller &#038; Gu\u00e9rin, Frankreich, Lun\u00e9ville, 1890, Vase Pervenche (Immergr\u00fcn), K\u00fcnstler Edmond Lachenal (attr.) vor Pervenche ein E hinten ein E auf dem Kopf, ins E verbunden als Rahmen evtl. ein L, &hellip; <a href=\"http:\/\/museumek.eu\/?page_id=2246\">Weiterlesen <span class=\"meta-nav\">&rarr;<\/span><\/a><\/p>\n","protected":false},"author":1,"featured_media":0,"parent":2229,"menu_order":3,"comment_status":"closed","ping_status":"closed","template":"","meta":[],"_links":{"self":[{"href":"http:\/\/museumek.eu\/index.php?rest_route=\/wp\/v2\/pages\/2246"}],"collection":[{"href":"http:\/\/museumek.eu\/index.php?rest_route=\/wp\/v2\/pages"}],"about":[{"href":"http:\/\/museumek.eu\/index.php?rest_route=\/wp\/v2\/types\/page"}],"author":[{"embeddable":true,"href":"http:\/\/museumek.eu\/index.php?rest_route=\/wp\/v2\/users\/1"}],"replies":[{"embeddable":true,"href":"http:\/\/museumek.eu\/index.php?rest_route=%2Fwp%2Fv2%2Fcomments&post=2246"}],"version-history":[{"count":5,"href":"http:\/\/museumek.eu\/index.php?rest_route=\/wp\/v2\/pages\/2246\/revisions"}],"predecessor-version":[{"id":5498,"href":"http:\/\/museumek.eu\/index.php?rest_route=\/wp\/v2\/pages\/2246\/revisions\/5498"}],"up":[{"embeddable":true,"href":"http:\/\/museumek.eu\/index.php?rest_route=\/wp\/v2\/pages\/2229"}],"wp:attachment":[{"href":"http:\/\/museumek.eu\/index.php?rest_route=%2Fwp%2Fv2%2Fmedia&parent=2246"}],"curies":[{"name":"wp","href":"https:\/\/api.w.org\/{rel}","templated":true}]}}