{"id":22550,"date":"2013-05-24T21:38:01","date_gmt":"2013-05-24T19:38:01","guid":{"rendered":"http:\/\/museumek.eu\/?page_id=22550"},"modified":"2015-07-04T14:15:25","modified_gmt":"2015-07-04T12:15:25","slug":"dlxxxii5","status":"publish","type":"page","link":"http:\/\/museumek.eu\/?page_id=22550","title":{"rendered":"D\/LXXXII\/5"},"content":{"rendered":"<p><strong>Abteilung Deutschland, Keramik 1860 \u2013 1960, Inventarnummer D\/LXXXII\/5<\/strong><\/p>\n<p>Westerw\u00e4lder Steinzeug ohne Fabrikzuordnung, Deutschland, Westerwald, 1922 (?), Seidel, K\u00fcnstler unbekannt, Werks.-Nr. 1637, Exemplar Nr. ohne, gemarkt keine Fabrikmarke aber 0,5 L \u00fcber Eichstrich sowie 1637 gepresst, nicht signiert, Blechdeckel mit geritzter Datierung (diese kann auch sp\u00e4ter aufgebracht worden sein), am Boden nicht gedeutete Ritzung, evtl. Zahl, evtl. K\u00fcnstlersignatur, Hersteller evtl. Johann Peter Thewalt, die vierstellige Werks.-Nr. w\u00fcrde passen sowie ein \u00e4hnliches Dekorteil, Kreis bzw. Kreis \u00e4hnlicher Ring mit dickem Mittelpunkt und auf 12, 03, 06 und 09 Uhr jeweils ein Punkt, siehe dazu Literatur: J\u00fcrgen Schimanski, Braun geflammt und grau gesalzen, Seite 225, Abbildung Nr. 591, dort eine braun salzglasierte (k\u00f6lnischbraun) Kanne mit der Werks.-Nr. 1532 und dem oben beschriebenem Dekordetail, K\u00fcnstler evtl. Alfred Kamp, Albin M\u00fcller oder Paul Wynand, der 0,5 Liter \u00fcber Eichstrich Stempel gleicht einem 0,5 Liter \u00fcber Eichstrich Stempel von Reinhold Merkelbach, allerdings ist dieser mit 1,1 cm H\u00f6he gr\u00f6\u00dfer, das MEK konnte nicht kl\u00e4ren, ob Merkelbach diesen Stempel auch in einer kleineren Version verwendet hat, MEK D\/LXXXII\/8 mit gleichem 0,5 Liter \u00fcber Eichstrich Stempel und einem ebenfalls sehr erhabenem Dekor, allerdings mit v\u00f6llig abweichendem Zahlentyp der Werks.-Nr. Pressung, Ausf\u00fchrung als Steinzeug braun salzglasiert (k\u00f6lnischbraun), Zinnmontur mit Blechdeckel,<br \/>\nH\u00f6he 10 cm, Breite 14,7 cm (nur die Keramik)<\/p>\n<p><a href=\"http:\/\/museumek.eu\/?attachment_id=41749\" rel=\"attachment wp-att-41749\"><img loading=\"lazy\" src=\"http:\/\/museumek.eu\/wp-content\/uploads\/2013\/05\/4034-229x300.jpg\" alt=\"\" title=\"4034\" width=\"229\" height=\"300\" class=\"alignnone size-medium wp-image-41749\" srcset=\"http:\/\/museumek.eu\/wp-content\/uploads\/2013\/05\/4034-229x300.jpg 229w, http:\/\/museumek.eu\/wp-content\/uploads\/2013\/05\/4034-114x150.jpg 114w, http:\/\/museumek.eu\/wp-content\/uploads\/2013\/05\/4034.jpg 600w\" sizes=\"(max-width: 229px) 100vw, 229px\" \/><\/a><\/p>\n<p><a href=\"http:\/\/museumek.eu\/?attachment_id=41750\" rel=\"attachment wp-att-41750\"><img loading=\"lazy\" src=\"http:\/\/museumek.eu\/wp-content\/uploads\/2013\/05\/4035-275x300.jpg\" alt=\"\" title=\"4035\" width=\"275\" height=\"300\" class=\"alignnone size-medium wp-image-41750\" srcset=\"http:\/\/museumek.eu\/wp-content\/uploads\/2013\/05\/4035-275x300.jpg 275w, http:\/\/museumek.eu\/wp-content\/uploads\/2013\/05\/4035-137x150.jpg 137w, http:\/\/museumek.eu\/wp-content\/uploads\/2013\/05\/4035.jpg 600w\" sizes=\"(max-width: 275px) 100vw, 275px\" \/><\/a><\/p>\n<p><a href=\"http:\/\/museumek.eu\/?attachment_id=41751\" rel=\"attachment wp-att-41751\"><img loading=\"lazy\" src=\"http:\/\/museumek.eu\/wp-content\/uploads\/2013\/05\/4036-278x300.jpg\" alt=\"\" title=\"4036\" width=\"278\" height=\"300\" class=\"alignnone size-medium wp-image-41751\" srcset=\"http:\/\/museumek.eu\/wp-content\/uploads\/2013\/05\/4036-278x300.jpg 278w, http:\/\/museumek.eu\/wp-content\/uploads\/2013\/05\/4036-139x150.jpg 139w, http:\/\/museumek.eu\/wp-content\/uploads\/2013\/05\/4036.jpg 600w\" sizes=\"(max-width: 278px) 100vw, 278px\" \/><\/a><\/p>\n<p><a href=\"http:\/\/museumek.eu\/?attachment_id=41752\" rel=\"attachment wp-att-41752\"><img loading=\"lazy\" src=\"http:\/\/museumek.eu\/wp-content\/uploads\/2013\/05\/4037-207x300.jpg\" alt=\"\" title=\"4037\" width=\"207\" height=\"300\" class=\"alignnone size-medium wp-image-41752\" srcset=\"http:\/\/museumek.eu\/wp-content\/uploads\/2013\/05\/4037-207x300.jpg 207w, http:\/\/museumek.eu\/wp-content\/uploads\/2013\/05\/4037-103x150.jpg 103w, http:\/\/museumek.eu\/wp-content\/uploads\/2013\/05\/4037.jpg 554w\" sizes=\"(max-width: 207px) 100vw, 207px\" \/><\/a><\/p>\n<p><a href=\"http:\/\/museumek.eu\/?attachment_id=41753\" rel=\"attachment wp-att-41753\"><img loading=\"lazy\" src=\"http:\/\/museumek.eu\/wp-content\/uploads\/2013\/05\/4039-300x229.jpg\" alt=\"\" title=\"4039\" width=\"300\" height=\"229\" class=\"alignnone size-medium wp-image-41753\" srcset=\"http:\/\/museumek.eu\/wp-content\/uploads\/2013\/05\/4039-300x229.jpg 300w, http:\/\/museumek.eu\/wp-content\/uploads\/2013\/05\/4039-150x114.jpg 150w, http:\/\/museumek.eu\/wp-content\/uploads\/2013\/05\/4039-392x300.jpg 392w, http:\/\/museumek.eu\/wp-content\/uploads\/2013\/05\/4039.jpg 687w\" sizes=\"(max-width: 300px) 100vw, 300px\" \/><\/a><\/p>\n<p><a href=\"http:\/\/museumek.eu\/?attachment_id=41754\" rel=\"attachment wp-att-41754\"><img loading=\"lazy\" src=\"http:\/\/museumek.eu\/wp-content\/uploads\/2013\/05\/4041-300x232.jpg\" alt=\"\" title=\"4041\" width=\"300\" height=\"232\" class=\"alignnone size-medium wp-image-41754\" srcset=\"http:\/\/museumek.eu\/wp-content\/uploads\/2013\/05\/4041-300x232.jpg 300w, http:\/\/museumek.eu\/wp-content\/uploads\/2013\/05\/4041-150x116.jpg 150w, http:\/\/museumek.eu\/wp-content\/uploads\/2013\/05\/4041-386x300.jpg 386w, http:\/\/museumek.eu\/wp-content\/uploads\/2013\/05\/4041.jpg 773w\" sizes=\"(max-width: 300px) 100vw, 300px\" \/><\/a><\/p>\n<p><a href=\"http:\/\/museumek.eu\/?attachment_id=41755\" rel=\"attachment wp-att-41755\"><img loading=\"lazy\" src=\"http:\/\/museumek.eu\/wp-content\/uploads\/2013\/05\/4040-300x241.jpg\" alt=\"\" title=\"4040\" width=\"300\" height=\"241\" class=\"alignnone size-medium wp-image-41755\" srcset=\"http:\/\/museumek.eu\/wp-content\/uploads\/2013\/05\/4040-300x241.jpg 300w, http:\/\/museumek.eu\/wp-content\/uploads\/2013\/05\/4040-150x120.jpg 150w, http:\/\/museumek.eu\/wp-content\/uploads\/2013\/05\/4040-372x300.jpg 372w, http:\/\/museumek.eu\/wp-content\/uploads\/2013\/05\/4040.jpg 745w\" sizes=\"(max-width: 300px) 100vw, 300px\" \/><\/a><\/p>\n","protected":false},"excerpt":{"rendered":"<p>Abteilung Deutschland, Keramik 1860 \u2013 1960, Inventarnummer D\/LXXXII\/5 Westerw\u00e4lder Steinzeug ohne Fabrikzuordnung, Deutschland, Westerwald, 1922 (?), Seidel, K\u00fcnstler unbekannt, Werks.-Nr. 1637, Exemplar Nr. ohne, gemarkt keine Fabrikmarke aber 0,5 L \u00fcber Eichstrich sowie 1637 gepresst, nicht signiert, Blechdeckel mit geritzter &hellip; <a href=\"http:\/\/museumek.eu\/?page_id=22550\">Weiterlesen <span class=\"meta-nav\">&rarr;<\/span><\/a><\/p>\n","protected":false},"author":1,"featured_media":0,"parent":22443,"menu_order":5,"comment_status":"closed","ping_status":"open","template":"","meta":[],"_links":{"self":[{"href":"http:\/\/museumek.eu\/index.php?rest_route=\/wp\/v2\/pages\/22550"}],"collection":[{"href":"http:\/\/museumek.eu\/index.php?rest_route=\/wp\/v2\/pages"}],"about":[{"href":"http:\/\/museumek.eu\/index.php?rest_route=\/wp\/v2\/types\/page"}],"author":[{"embeddable":true,"href":"http:\/\/museumek.eu\/index.php?rest_route=\/wp\/v2\/users\/1"}],"replies":[{"embeddable":true,"href":"http:\/\/museumek.eu\/index.php?rest_route=%2Fwp%2Fv2%2Fcomments&post=22550"}],"version-history":[{"count":17,"href":"http:\/\/museumek.eu\/index.php?rest_route=\/wp\/v2\/pages\/22550\/revisions"}],"predecessor-version":[{"id":41759,"href":"http:\/\/museumek.eu\/index.php?rest_route=\/wp\/v2\/pages\/22550\/revisions\/41759"}],"up":[{"embeddable":true,"href":"http:\/\/museumek.eu\/index.php?rest_route=\/wp\/v2\/pages\/22443"}],"wp:attachment":[{"href":"http:\/\/museumek.eu\/index.php?rest_route=%2Fwp%2Fv2%2Fmedia&parent=22550"}],"curies":[{"name":"wp","href":"https:\/\/api.w.org\/{rel}","templated":true}]}}