{"id":22567,"date":"2013-05-24T21:45:12","date_gmt":"2013-05-24T19:45:12","guid":{"rendered":"http:\/\/museumek.eu\/?page_id=22567"},"modified":"2014-05-03T21:15:15","modified_gmt":"2014-05-03T19:15:15","slug":"dlxxxii6","status":"publish","type":"page","link":"http:\/\/museumek.eu\/?page_id=22567","title":{"rendered":"D\/LXXXII\/6"},"content":{"rendered":"<p><strong>Abteilung Deutschland, Keramik 1860 \u2013 1960, Inventarnummer D\/LXXXII\/6<\/strong><\/p>\n<p>Westerw\u00e4lder Steinzeug ohne Fabrikzuordnung, Deutschland, Westerwald, um 1905, Krug, K\u00fcnstler Karl G\u00f6rig (attr.), Werks.-Nr. 1933, Exemplar Nr. ohne, gemarkt keine Firmenmarke aber 1933 am Hohlboden und 1933 unter dem Henkel, D sowie 0,5 L. rechts neben Eichstrich gepresst, nicht signiert, Literatur: J\u00fcrgen Schimanski und J\u00fcrgen Erlebach, Westerw\u00e4lder Steinzeug, Die Neue \u00c4ra, Seite 72, Abbildung Nr. 113, \u00e4hnliche Motive von Karl G\u00f6rig sowie Seite 83, Abbildung Nr. 145 a, \u00e4hnliche Motive von Karl G\u00f6rig, weitere Literatur: J\u00fcrgen Schimanski, Braun geflammt und grau gesalzen, Seite 143, Abbildung 283, Seidel mit \u00e4hnlichem Motiv von Karl G\u00f6rig, das MEK ordnet den Krug keiner Fabrik zu, diese kann nur auf Grund des Rollstempels der Literung identifiziert werden, die Zuordnung zu Karl G\u00f6rig ist sehr sicher, Ausf\u00fchrung als Elfenbeinsteinzeug blau sowie gr\u00fcn glasiert, H\u00f6he 18,7 cm, Breite 12,7 cm<\/p>\n<p><a href=\"http:\/\/museumek.eu\/?attachment_id=30013\" rel=\"attachment wp-att-30013\"><img loading=\"lazy\" src=\"http:\/\/museumek.eu\/wp-content\/uploads\/2013\/05\/266-149x300.jpg\" alt=\"\" title=\"266\" width=\"149\" height=\"300\" class=\"alignnone size-medium wp-image-30013\" srcset=\"http:\/\/museumek.eu\/wp-content\/uploads\/2013\/05\/266-149x300.jpg 149w, http:\/\/museumek.eu\/wp-content\/uploads\/2013\/05\/266-74x150.jpg 74w, http:\/\/museumek.eu\/wp-content\/uploads\/2013\/05\/266.jpg 366w\" sizes=\"(max-width: 149px) 100vw, 149px\" \/><\/a><\/p>\n<p><a href=\"http:\/\/museumek.eu\/?attachment_id=30014\" rel=\"attachment wp-att-30014\"><img loading=\"lazy\" src=\"http:\/\/museumek.eu\/wp-content\/uploads\/2013\/05\/267-150x300.jpg\" alt=\"\" title=\"267\" width=\"150\" height=\"300\" class=\"alignnone size-medium wp-image-30014\" srcset=\"http:\/\/museumek.eu\/wp-content\/uploads\/2013\/05\/267-150x300.jpg 150w, http:\/\/museumek.eu\/wp-content\/uploads\/2013\/05\/267-75x150.jpg 75w, http:\/\/museumek.eu\/wp-content\/uploads\/2013\/05\/267.jpg 377w\" sizes=\"(max-width: 150px) 100vw, 150px\" \/><\/a><\/p>\n<p><a href=\"http:\/\/museumek.eu\/?attachment_id=30015\" rel=\"attachment wp-att-30015\"><img loading=\"lazy\" src=\"http:\/\/museumek.eu\/wp-content\/uploads\/2013\/05\/268-150x300.jpg\" alt=\"\" title=\"268\" width=\"150\" height=\"300\" class=\"alignnone size-medium wp-image-30015\" srcset=\"http:\/\/museumek.eu\/wp-content\/uploads\/2013\/05\/268-150x300.jpg 150w, http:\/\/museumek.eu\/wp-content\/uploads\/2013\/05\/268-75x150.jpg 75w\" sizes=\"(max-width: 150px) 100vw, 150px\" \/><\/a><\/p>\n<p><a href=\"http:\/\/museumek.eu\/?attachment_id=30017\" rel=\"attachment wp-att-30017\"><img loading=\"lazy\" src=\"http:\/\/museumek.eu\/wp-content\/uploads\/2013\/05\/270-177x300.jpg\" alt=\"\" title=\"270\" width=\"177\" height=\"300\" class=\"alignnone size-medium wp-image-30017\" srcset=\"http:\/\/museumek.eu\/wp-content\/uploads\/2013\/05\/270-177x300.jpg 177w, http:\/\/museumek.eu\/wp-content\/uploads\/2013\/05\/270-88x150.jpg 88w, http:\/\/museumek.eu\/wp-content\/uploads\/2013\/05\/270.jpg 474w\" sizes=\"(max-width: 177px) 100vw, 177px\" \/><\/a><\/p>\n<p><a href=\"http:\/\/museumek.eu\/?attachment_id=30016\" rel=\"attachment wp-att-30016\"><img loading=\"lazy\" src=\"http:\/\/museumek.eu\/wp-content\/uploads\/2013\/05\/269-300x225.jpg\" alt=\"\" title=\"269\" width=\"300\" height=\"225\" class=\"alignnone size-medium wp-image-30016\" srcset=\"http:\/\/museumek.eu\/wp-content\/uploads\/2013\/05\/269-300x225.jpg 300w, http:\/\/museumek.eu\/wp-content\/uploads\/2013\/05\/269-150x112.jpg 150w, http:\/\/museumek.eu\/wp-content\/uploads\/2013\/05\/269-399x300.jpg 399w, http:\/\/museumek.eu\/wp-content\/uploads\/2013\/05\/269.jpg 610w\" sizes=\"(max-width: 300px) 100vw, 300px\" \/><\/a><\/p>\n<p><a href=\"http:\/\/museumek.eu\/?attachment_id=30018\" rel=\"attachment wp-att-30018\"><img loading=\"lazy\" src=\"http:\/\/museumek.eu\/wp-content\/uploads\/2013\/05\/271-300x265.jpg\" alt=\"\" title=\"271\" width=\"300\" height=\"265\" class=\"alignnone size-medium wp-image-30018\" srcset=\"http:\/\/museumek.eu\/wp-content\/uploads\/2013\/05\/271-300x265.jpg 300w, http:\/\/museumek.eu\/wp-content\/uploads\/2013\/05\/271-150x132.jpg 150w, http:\/\/museumek.eu\/wp-content\/uploads\/2013\/05\/271-339x300.jpg 339w, http:\/\/museumek.eu\/wp-content\/uploads\/2013\/05\/271.jpg 679w\" sizes=\"(max-width: 300px) 100vw, 300px\" \/><\/a><\/p>\n<p><a href=\"http:\/\/museumek.eu\/?attachment_id=30019\" rel=\"attachment wp-att-30019\"><img loading=\"lazy\" src=\"http:\/\/museumek.eu\/wp-content\/uploads\/2013\/05\/272-300x261.jpg\" alt=\"\" title=\"272\" width=\"300\" height=\"261\" class=\"alignnone size-medium wp-image-30019\" srcset=\"http:\/\/museumek.eu\/wp-content\/uploads\/2013\/05\/272-300x261.jpg 300w, http:\/\/museumek.eu\/wp-content\/uploads\/2013\/05\/272-150x130.jpg 150w, http:\/\/museumek.eu\/wp-content\/uploads\/2013\/05\/272-344x300.jpg 344w, http:\/\/museumek.eu\/wp-content\/uploads\/2013\/05\/272.jpg 358w\" sizes=\"(max-width: 300px) 100vw, 300px\" \/><\/a><\/p>\n","protected":false},"excerpt":{"rendered":"<p>Abteilung Deutschland, Keramik 1860 \u2013 1960, Inventarnummer D\/LXXXII\/6 Westerw\u00e4lder Steinzeug ohne Fabrikzuordnung, Deutschland, Westerwald, um 1905, Krug, K\u00fcnstler Karl G\u00f6rig (attr.), Werks.-Nr. 1933, Exemplar Nr. ohne, gemarkt keine Firmenmarke aber 1933 am Hohlboden und 1933 unter dem Henkel, D sowie &hellip; <a href=\"http:\/\/museumek.eu\/?page_id=22567\">Weiterlesen <span class=\"meta-nav\">&rarr;<\/span><\/a><\/p>\n","protected":false},"author":1,"featured_media":0,"parent":22443,"menu_order":6,"comment_status":"closed","ping_status":"open","template":"","meta":[],"_links":{"self":[{"href":"http:\/\/museumek.eu\/index.php?rest_route=\/wp\/v2\/pages\/22567"}],"collection":[{"href":"http:\/\/museumek.eu\/index.php?rest_route=\/wp\/v2\/pages"}],"about":[{"href":"http:\/\/museumek.eu\/index.php?rest_route=\/wp\/v2\/types\/page"}],"author":[{"embeddable":true,"href":"http:\/\/museumek.eu\/index.php?rest_route=\/wp\/v2\/users\/1"}],"replies":[{"embeddable":true,"href":"http:\/\/museumek.eu\/index.php?rest_route=%2Fwp%2Fv2%2Fcomments&post=22567"}],"version-history":[{"count":8,"href":"http:\/\/museumek.eu\/index.php?rest_route=\/wp\/v2\/pages\/22567\/revisions"}],"predecessor-version":[{"id":30027,"href":"http:\/\/museumek.eu\/index.php?rest_route=\/wp\/v2\/pages\/22567\/revisions\/30027"}],"up":[{"embeddable":true,"href":"http:\/\/museumek.eu\/index.php?rest_route=\/wp\/v2\/pages\/22443"}],"wp:attachment":[{"href":"http:\/\/museumek.eu\/index.php?rest_route=%2Fwp%2Fv2%2Fmedia&parent=22567"}],"curies":[{"name":"wp","href":"https:\/\/api.w.org\/{rel}","templated":true}]}}