{"id":2259,"date":"2011-08-21T17:02:46","date_gmt":"2011-08-21T15:02:46","guid":{"rendered":"http:\/\/museumek.eu\/?page_id=2259"},"modified":"2011-10-02T15:01:38","modified_gmt":"2011-10-02T13:01:38","slug":"fii5","status":"publish","type":"page","link":"http:\/\/museumek.eu\/?page_id=2259","title":{"rendered":"F\/II\/5"},"content":{"rendered":"<p><strong>Abteilung Frankreich, Keramik 1860 \u2013 1960, Inventarnummer F\/II\/5<\/strong><\/p>\n<p>Manufaktur Keller &#038; Gu\u00e9rin, Frankreich, Lun\u00e9ville, um 1900, Schale mit Kirschbaumzweigen, K\u00fcnstler unbekannt, Werks.-Nr. ohne, Exemplar Nr. ohne, gemarkt K et G Lun\u00e9ville France Farbstempel, P A geritzt, Literatur: Annabelle H\u00e9ry, La Faiencerie de Lun\u00e9ville 1786 \u2013 1923, Les Keller &#038; Gu\u00e9rin, Seite 138, Marke Type 14, um 1900 entwarfen die K\u00fcnstler der \u00c9cole de Nancy, Louis Majorelle, Ernest Bussi\u00e8re, Edmond Lachenal, Emile Gall\u00e9 Modelle f\u00fcr K &#038; G, wobei eine Zuordnung mangels Werksverzeichnis selten m\u00f6glich ist, Durchmesser 30 cm<\/p>\n<p><a href=\"http:\/\/museumek.eu\/wp-content\/uploads\/2011\/08\/Museum-Europ\u00e4ischer-Keramikkunst-Qualit\u00e4tsfotos-334.jpg\"><img loading=\"lazy\" src=\"http:\/\/museumek.eu\/wp-content\/uploads\/2011\/08\/Museum-Europ\u00e4ischer-Keramikkunst-Qualit\u00e4tsfotos-334-300x264.jpg\" alt=\"\" title=\"Museum Europ\u00e4ischer Keramikkunst Qualit\u00e4tsfotos 334\" width=\"300\" height=\"264\" class=\"alignnone size-medium wp-image-2260\" srcset=\"http:\/\/museumek.eu\/wp-content\/uploads\/2011\/08\/Museum-Europ\u00e4ischer-Keramikkunst-Qualit\u00e4tsfotos-334-300x264.jpg 300w, http:\/\/museumek.eu\/wp-content\/uploads\/2011\/08\/Museum-Europ\u00e4ischer-Keramikkunst-Qualit\u00e4tsfotos-334-339x300.jpg 339w, http:\/\/museumek.eu\/wp-content\/uploads\/2011\/08\/Museum-Europ\u00e4ischer-Keramikkunst-Qualit\u00e4tsfotos-334.jpg 779w\" sizes=\"(max-width: 300px) 100vw, 300px\" \/><\/a><\/p>\n<p><a href=\"http:\/\/museumek.eu\/wp-content\/uploads\/2011\/08\/Museum-Europ\u00e4ischer-Keramikkunst-720.jpg\"><img loading=\"lazy\" src=\"http:\/\/museumek.eu\/wp-content\/uploads\/2011\/08\/Museum-Europ\u00e4ischer-Keramikkunst-720.jpg\" alt=\"\" title=\"Museum Europ\u00e4ischer Keramikkunst 720\" width=\"294\" height=\"273\" class=\"alignnone size-full wp-image-2261\" \/><\/a><\/p>\n<p><a href=\"http:\/\/museumek.eu\/wp-content\/uploads\/2011\/08\/Museum-Europ\u00e4ischer-Keramikkunst-722.jpg\"><img loading=\"lazy\" src=\"http:\/\/museumek.eu\/wp-content\/uploads\/2011\/08\/Museum-Europ\u00e4ischer-Keramikkunst-722.jpg\" alt=\"\" title=\"Museum Europ\u00e4ischer Keramikkunst 722\" width=\"287\" height=\"269\" class=\"alignnone size-full wp-image-2262\" \/><\/a><\/p>\n","protected":false},"excerpt":{"rendered":"<p>Abteilung Frankreich, Keramik 1860 \u2013 1960, Inventarnummer F\/II\/5 Manufaktur Keller &#038; Gu\u00e9rin, Frankreich, Lun\u00e9ville, um 1900, Schale mit Kirschbaumzweigen, K\u00fcnstler unbekannt, Werks.-Nr. ohne, Exemplar Nr. ohne, gemarkt K et G Lun\u00e9ville France Farbstempel, P A geritzt, Literatur: Annabelle H\u00e9ry, La &hellip; <a href=\"http:\/\/museumek.eu\/?page_id=2259\">Weiterlesen <span class=\"meta-nav\">&rarr;<\/span><\/a><\/p>\n","protected":false},"author":1,"featured_media":0,"parent":2229,"menu_order":5,"comment_status":"closed","ping_status":"closed","template":"","meta":[],"_links":{"self":[{"href":"http:\/\/museumek.eu\/index.php?rest_route=\/wp\/v2\/pages\/2259"}],"collection":[{"href":"http:\/\/museumek.eu\/index.php?rest_route=\/wp\/v2\/pages"}],"about":[{"href":"http:\/\/museumek.eu\/index.php?rest_route=\/wp\/v2\/types\/page"}],"author":[{"embeddable":true,"href":"http:\/\/museumek.eu\/index.php?rest_route=\/wp\/v2\/users\/1"}],"replies":[{"embeddable":true,"href":"http:\/\/museumek.eu\/index.php?rest_route=%2Fwp%2Fv2%2Fcomments&post=2259"}],"version-history":[{"count":5,"href":"http:\/\/museumek.eu\/index.php?rest_route=\/wp\/v2\/pages\/2259\/revisions"}],"predecessor-version":[{"id":5500,"href":"http:\/\/museumek.eu\/index.php?rest_route=\/wp\/v2\/pages\/2259\/revisions\/5500"}],"up":[{"embeddable":true,"href":"http:\/\/museumek.eu\/index.php?rest_route=\/wp\/v2\/pages\/2229"}],"wp:attachment":[{"href":"http:\/\/museumek.eu\/index.php?rest_route=%2Fwp%2Fv2%2Fmedia&parent=2259"}],"curies":[{"name":"wp","href":"https:\/\/api.w.org\/{rel}","templated":true}]}}