{"id":22695,"date":"2013-05-25T20:17:45","date_gmt":"2013-05-25T18:17:45","guid":{"rendered":"http:\/\/museumek.eu\/?page_id=22695"},"modified":"2013-05-25T20:19:18","modified_gmt":"2013-05-25T18:19:18","slug":"fxii8","status":"publish","type":"page","link":"http:\/\/museumek.eu\/?page_id=22695","title":{"rendered":"F\/XII\/8"},"content":{"rendered":"<p><strong>Abteilung Frankreich, Keramik 1860 \u2013 1960, Inventarnummer F\/XII\/8<\/strong><\/p>\n<p>ohne Zuordnung Frankreich, Frankreich, Porzellandose gestaltet als Buch, Cover mit Yvette Guilbert, um 1890 &#8211; 1930, K\u00fcnstler Henri Marie Raymond de Toulouse-Lautrec-Monfa (nach dessen Originalzeichnung), Werks.-Nr. ohne, Exemplar Nr. ohne, nicht gemarkt aber DECOR MAIN GUY (f\u00fcr Hand gemalt), DROITS DE REPRODUCTION RESERV\u2026 (f\u00fcr Reproduktion verboten) sowie D\u2019APRES \u2013 LAUTREC \u2013 (f\u00fcr nach Vorlage\/Zeichnung von Lautrec) schwarzer Stempel oder schwarz gemalt, nicht signiert, Literatur: Gabriele Sterner, Jugendstil, Kunstformen zwischen Individualismus und Massengesellschaft, Seite 74, Abbildung Nr. 38, dort die Originalzeichnung abgebildet mit Beschreibung Henri de Toulouse-Lautrec, Yvette Guilbert in \u201eLinger, Longer, Loo\u201c, vermutlich wurde die Porzellandose als Souvenirartikel hergestellt, inwieweit Lautrec eine Genehmigung erteilt hat oder wer \u00fcberhaupt die Genehmigung f\u00fcr die Reproduktion erteilt hat, ist nicht nachzuvollziehen, dass eine offizielle Genehmigung gegen Entgeld vorlag ist aber anzunehmen, da der Hersteller eine Vervielf\u00e4ltigungsschutz angebracht hat, H\u00f6he 2,5 cm, L\u00e4nge 8,3 cm, Breite 6,3 cm<\/p>\n<p><a href=\"http:\/\/museumek.eu\/?attachment_id=22696\" rel=\"attachment wp-att-22696\"><img loading=\"lazy\" src=\"http:\/\/museumek.eu\/wp-content\/uploads\/2013\/05\/Museum-Europ\u00e4ischer-Keramikkunst-4028-225x300.jpg\" alt=\"\" title=\"Museum Europ\u00e4ischer Keramikkunst 4028\" width=\"225\" height=\"300\" class=\"alignnone size-medium wp-image-22696\" srcset=\"http:\/\/museumek.eu\/wp-content\/uploads\/2013\/05\/Museum-Europ\u00e4ischer-Keramikkunst-4028-225x300.jpg 225w, http:\/\/museumek.eu\/wp-content\/uploads\/2013\/05\/Museum-Europ\u00e4ischer-Keramikkunst-4028-112x150.jpg 112w, http:\/\/museumek.eu\/wp-content\/uploads\/2013\/05\/Museum-Europ\u00e4ischer-Keramikkunst-4028.jpg 660w\" sizes=\"(max-width: 225px) 100vw, 225px\" \/><\/a><\/p>\n<p><a href=\"http:\/\/museumek.eu\/?attachment_id=22697\" rel=\"attachment wp-att-22697\"><img loading=\"lazy\" src=\"http:\/\/museumek.eu\/wp-content\/uploads\/2013\/05\/Museum-Europ\u00e4ischer-Keramikkunst-4032-162x300.jpg\" alt=\"\" title=\"Museum Europ\u00e4ischer Keramikkunst 4032\" width=\"162\" height=\"300\" class=\"alignnone size-medium wp-image-22697\" srcset=\"http:\/\/museumek.eu\/wp-content\/uploads\/2013\/05\/Museum-Europ\u00e4ischer-Keramikkunst-4032-162x300.jpg 162w, http:\/\/museumek.eu\/wp-content\/uploads\/2013\/05\/Museum-Europ\u00e4ischer-Keramikkunst-4032-81x150.jpg 81w, http:\/\/museumek.eu\/wp-content\/uploads\/2013\/05\/Museum-Europ\u00e4ischer-Keramikkunst-4032.jpg 505w\" sizes=\"(max-width: 162px) 100vw, 162px\" \/><\/a><\/p>\n<p><a href=\"http:\/\/museumek.eu\/?attachment_id=22699\" rel=\"attachment wp-att-22699\"><img loading=\"lazy\" src=\"http:\/\/museumek.eu\/wp-content\/uploads\/2013\/05\/Museum-Europ\u00e4ischer-Keramikkunst-40291-300x211.jpg\" alt=\"\" title=\"Museum Europ\u00e4ischer Keramikkunst 4029\" width=\"300\" height=\"211\" class=\"alignnone size-medium wp-image-22699\" srcset=\"http:\/\/museumek.eu\/wp-content\/uploads\/2013\/05\/Museum-Europ\u00e4ischer-Keramikkunst-40291-300x211.jpg 300w, http:\/\/museumek.eu\/wp-content\/uploads\/2013\/05\/Museum-Europ\u00e4ischer-Keramikkunst-40291-150x105.jpg 150w, http:\/\/museumek.eu\/wp-content\/uploads\/2013\/05\/Museum-Europ\u00e4ischer-Keramikkunst-40291-425x300.jpg 425w, http:\/\/museumek.eu\/wp-content\/uploads\/2013\/05\/Museum-Europ\u00e4ischer-Keramikkunst-40291.jpg 886w\" sizes=\"(max-width: 300px) 100vw, 300px\" \/><\/a><\/p>\n<p><a href=\"http:\/\/museumek.eu\/?attachment_id=22700\" rel=\"attachment wp-att-22700\"><img loading=\"lazy\" src=\"http:\/\/museumek.eu\/wp-content\/uploads\/2013\/05\/Museum-Europ\u00e4ischer-Keramikkunst-4031-190x300.jpg\" alt=\"\" title=\"Museum Europ\u00e4ischer Keramikkunst 4031\" width=\"190\" height=\"300\" class=\"alignnone size-medium wp-image-22700\" srcset=\"http:\/\/museumek.eu\/wp-content\/uploads\/2013\/05\/Museum-Europ\u00e4ischer-Keramikkunst-4031-190x300.jpg 190w, http:\/\/museumek.eu\/wp-content\/uploads\/2013\/05\/Museum-Europ\u00e4ischer-Keramikkunst-4031-95x150.jpg 95w, http:\/\/museumek.eu\/wp-content\/uploads\/2013\/05\/Museum-Europ\u00e4ischer-Keramikkunst-4031.jpg 585w\" sizes=\"(max-width: 190px) 100vw, 190px\" \/><\/a><\/p>\n<p><a href=\"http:\/\/museumek.eu\/?attachment_id=22701\" rel=\"attachment wp-att-22701\"><img loading=\"lazy\" src=\"http:\/\/museumek.eu\/wp-content\/uploads\/2013\/05\/Museum-Europ\u00e4ischer-Keramikkunst-4027-190x300.jpg\" alt=\"\" title=\"Museum Europ\u00e4ischer Keramikkunst 4027\" width=\"190\" height=\"300\" class=\"alignnone size-medium wp-image-22701\" srcset=\"http:\/\/museumek.eu\/wp-content\/uploads\/2013\/05\/Museum-Europ\u00e4ischer-Keramikkunst-4027-190x300.jpg 190w, http:\/\/museumek.eu\/wp-content\/uploads\/2013\/05\/Museum-Europ\u00e4ischer-Keramikkunst-4027-95x150.jpg 95w, http:\/\/museumek.eu\/wp-content\/uploads\/2013\/05\/Museum-Europ\u00e4ischer-Keramikkunst-4027.jpg 533w\" sizes=\"(max-width: 190px) 100vw, 190px\" \/><\/a><\/p>\n<p><a href=\"http:\/\/museumek.eu\/?attachment_id=22702\" rel=\"attachment wp-att-22702\"><img loading=\"lazy\" src=\"http:\/\/museumek.eu\/wp-content\/uploads\/2013\/05\/Museum-Europ\u00e4ischer-Keramikkunst-4030-300x174.jpg\" alt=\"\" title=\"Museum Europ\u00e4ischer Keramikkunst 4030\" width=\"300\" height=\"174\" class=\"alignnone size-medium wp-image-22702\" srcset=\"http:\/\/museumek.eu\/wp-content\/uploads\/2013\/05\/Museum-Europ\u00e4ischer-Keramikkunst-4030-300x174.jpg 300w, http:\/\/museumek.eu\/wp-content\/uploads\/2013\/05\/Museum-Europ\u00e4ischer-Keramikkunst-4030-150x87.jpg 150w, http:\/\/museumek.eu\/wp-content\/uploads\/2013\/05\/Museum-Europ\u00e4ischer-Keramikkunst-4030-500x290.jpg 500w, http:\/\/museumek.eu\/wp-content\/uploads\/2013\/05\/Museum-Europ\u00e4ischer-Keramikkunst-4030.jpg 982w\" sizes=\"(max-width: 300px) 100vw, 300px\" \/><\/a><\/p>\n","protected":false},"excerpt":{"rendered":"<p>Abteilung Frankreich, Keramik 1860 \u2013 1960, Inventarnummer F\/XII\/8 ohne Zuordnung Frankreich, Frankreich, Porzellandose gestaltet als Buch, Cover mit Yvette Guilbert, um 1890 &#8211; 1930, K\u00fcnstler Henri Marie Raymond de Toulouse-Lautrec-Monfa (nach dessen Originalzeichnung), Werks.-Nr. ohne, Exemplar Nr. ohne, nicht gemarkt &hellip; <a href=\"http:\/\/museumek.eu\/?page_id=22695\">Weiterlesen <span class=\"meta-nav\">&rarr;<\/span><\/a><\/p>\n","protected":false},"author":1,"featured_media":0,"parent":3100,"menu_order":8,"comment_status":"closed","ping_status":"open","template":"","meta":[],"_links":{"self":[{"href":"http:\/\/museumek.eu\/index.php?rest_route=\/wp\/v2\/pages\/22695"}],"collection":[{"href":"http:\/\/museumek.eu\/index.php?rest_route=\/wp\/v2\/pages"}],"about":[{"href":"http:\/\/museumek.eu\/index.php?rest_route=\/wp\/v2\/types\/page"}],"author":[{"embeddable":true,"href":"http:\/\/museumek.eu\/index.php?rest_route=\/wp\/v2\/users\/1"}],"replies":[{"embeddable":true,"href":"http:\/\/museumek.eu\/index.php?rest_route=%2Fwp%2Fv2%2Fcomments&post=22695"}],"version-history":[{"count":6,"href":"http:\/\/museumek.eu\/index.php?rest_route=\/wp\/v2\/pages\/22695\/revisions"}],"predecessor-version":[{"id":22708,"href":"http:\/\/museumek.eu\/index.php?rest_route=\/wp\/v2\/pages\/22695\/revisions\/22708"}],"up":[{"embeddable":true,"href":"http:\/\/museumek.eu\/index.php?rest_route=\/wp\/v2\/pages\/3100"}],"wp:attachment":[{"href":"http:\/\/museumek.eu\/index.php?rest_route=%2Fwp%2Fv2%2Fmedia&parent=22695"}],"curies":[{"name":"wp","href":"https:\/\/api.w.org\/{rel}","templated":true}]}}