{"id":22730,"date":"2013-05-26T16:52:17","date_gmt":"2013-05-26T14:52:17","guid":{"rendered":"http:\/\/museumek.eu\/?page_id=22730"},"modified":"2013-05-26T16:52:18","modified_gmt":"2013-05-26T14:52:18","slug":"roger-guerin-fur-societe-des-gres-dart-de-bouffioulx","status":"publish","type":"page","link":"http:\/\/museumek.eu\/?page_id=22730","title":{"rendered":"Roger Gu\u00e9rin (f\u00fcr) Soci\u00e9te des gr\u00e8s d&#8217;Art de Bouffioulx"},"content":{"rendered":"","protected":false},"excerpt":{"rendered":"","protected":false},"author":1,"featured_media":0,"parent":24,"menu_order":4,"comment_status":"closed","ping_status":"open","template":"","meta":[],"_links":{"self":[{"href":"http:\/\/museumek.eu\/index.php?rest_route=\/wp\/v2\/pages\/22730"}],"collection":[{"href":"http:\/\/museumek.eu\/index.php?rest_route=\/wp\/v2\/pages"}],"about":[{"href":"http:\/\/museumek.eu\/index.php?rest_route=\/wp\/v2\/types\/page"}],"author":[{"embeddable":true,"href":"http:\/\/museumek.eu\/index.php?rest_route=\/wp\/v2\/users\/1"}],"replies":[{"embeddable":true,"href":"http:\/\/museumek.eu\/index.php?rest_route=%2Fwp%2Fv2%2Fcomments&post=22730"}],"version-history":[{"count":2,"href":"http:\/\/museumek.eu\/index.php?rest_route=\/wp\/v2\/pages\/22730\/revisions"}],"predecessor-version":[{"id":22732,"href":"http:\/\/museumek.eu\/index.php?rest_route=\/wp\/v2\/pages\/22730\/revisions\/22732"}],"up":[{"embeddable":true,"href":"http:\/\/museumek.eu\/index.php?rest_route=\/wp\/v2\/pages\/24"}],"wp:attachment":[{"href":"http:\/\/museumek.eu\/index.php?rest_route=%2Fwp%2Fv2%2Fmedia&parent=22730"}],"curies":[{"name":"wp","href":"https:\/\/api.w.org\/{rel}","templated":true}]}}