{"id":22773,"date":"2013-05-26T18:18:54","date_gmt":"2013-05-26T16:18:54","guid":{"rendered":"http:\/\/museumek.eu\/?page_id=22773"},"modified":"2020-12-23T21:23:39","modified_gmt":"2020-12-23T20:23:39","slug":"roger-guerin-fur-societe-des-gres-dart-de-bouffioulx-inv-nr-biv1","status":"publish","type":"page","link":"http:\/\/museumek.eu\/?page_id=22773","title":{"rendered":"Roger Gu\u00e9rin (f\u00fcr) Soci\u00e9te des gr\u00e8s d&#8217;Art de Bouffioulx &#8211; Inv.Nr. B\/IV\/1"},"content":{"rendered":"","protected":false},"excerpt":{"rendered":"","protected":false},"author":1,"featured_media":0,"parent":51267,"menu_order":28,"comment_status":"closed","ping_status":"open","template":"","meta":[],"_links":{"self":[{"href":"http:\/\/museumek.eu\/index.php?rest_route=\/wp\/v2\/pages\/22773"}],"collection":[{"href":"http:\/\/museumek.eu\/index.php?rest_route=\/wp\/v2\/pages"}],"about":[{"href":"http:\/\/museumek.eu\/index.php?rest_route=\/wp\/v2\/types\/page"}],"author":[{"embeddable":true,"href":"http:\/\/museumek.eu\/index.php?rest_route=\/wp\/v2\/users\/1"}],"replies":[{"embeddable":true,"href":"http:\/\/museumek.eu\/index.php?rest_route=%2Fwp%2Fv2%2Fcomments&post=22773"}],"version-history":[{"count":41,"href":"http:\/\/museumek.eu\/index.php?rest_route=\/wp\/v2\/pages\/22773\/revisions"}],"predecessor-version":[{"id":51278,"href":"http:\/\/museumek.eu\/index.php?rest_route=\/wp\/v2\/pages\/22773\/revisions\/51278"}],"up":[{"embeddable":true,"href":"http:\/\/museumek.eu\/index.php?rest_route=\/wp\/v2\/pages\/51267"}],"wp:attachment":[{"href":"http:\/\/museumek.eu\/index.php?rest_route=%2Fwp%2Fv2%2Fmedia&parent=22773"}],"curies":[{"name":"wp","href":"https:\/\/api.w.org\/{rel}","templated":true}]}}