{"id":22776,"date":"2013-05-26T18:19:44","date_gmt":"2013-05-26T16:19:44","guid":{"rendered":"http:\/\/museumek.eu\/?page_id=22776"},"modified":"2013-05-26T18:19:44","modified_gmt":"2013-05-26T16:19:44","slug":"fotos-und-beschreibung","status":"publish","type":"page","link":"http:\/\/museumek.eu\/?page_id=22776","title":{"rendered":"Fotos und Beschreibung"},"content":{"rendered":"<p><strong>Abteilung Belgien, Keramik 1860 \u2013 1960, Inventarnummer B\/IV\/1<\/strong><\/p>\n<p>Roger Gu\u00e9rin (f\u00fcr) Soci\u00e9te des gr\u00e8s d\u2019art de Bouffioulx, Belgien, Bouffioulx, um 1925, Vase, K\u00fcnstler Roger Gu\u00e9rin, Werks.-Nr. 183 C, Exemplar Nr. ohne, gemarkt Werkstattmarke mit Schriftzug Guerin sowie 183 C geritzt, signiert  = gemarkt, Roger Gu\u00e9rin gr\u00fcndete seine keramische Werkstatt um 1918\/1919, er war Mitglied der wohl um 1922 in Bouffioulx gegr\u00fcndeten T\u00f6pfervereinigung Soci\u00e9te des gr\u00e8s d\u2019Art (abgek\u00fcrzt SA) de Bouffioulx, die SA wurde zur F\u00f6rderung und zum Vertrieb der T\u00f6pferprodukte der Region Bouffioulx (einem belgischem T\u00f6pferzentrum) gegr\u00fcndet, siehe auch Auktionshaus Quittenbaum, Jugendstil \u2013 Art D\u00e9co Moderne Kunst, Auktion 102 vom 24.April 2012, Lot Nr. 272 sowie Auktionshaus von Zezschwitz, Auktion 46, Lot 268, H\u00f6he 14 cm, Breite 19,3 cm<\/p>\n<p><a href=\"http:\/\/museumek.eu\/?attachment_id=22737\" rel=\"attachment wp-att-22737\"><img loading=\"lazy\" src=\"http:\/\/museumek.eu\/wp-content\/uploads\/2013\/05\/Museum-Europ\u00e4ischer-Keramikkunst-3987-300x246.jpg\" alt=\"\" title=\"Museum Europ\u00e4ischer Keramikkunst 3987\" width=\"300\" height=\"246\" class=\"alignnone size-medium wp-image-22737\" srcset=\"http:\/\/museumek.eu\/wp-content\/uploads\/2013\/05\/Museum-Europ\u00e4ischer-Keramikkunst-3987-300x246.jpg 300w, http:\/\/museumek.eu\/wp-content\/uploads\/2013\/05\/Museum-Europ\u00e4ischer-Keramikkunst-3987-150x123.jpg 150w, http:\/\/museumek.eu\/wp-content\/uploads\/2013\/05\/Museum-Europ\u00e4ischer-Keramikkunst-3987-365x300.jpg 365w, http:\/\/museumek.eu\/wp-content\/uploads\/2013\/05\/Museum-Europ\u00e4ischer-Keramikkunst-3987.jpg 723w\" sizes=\"(max-width: 300px) 100vw, 300px\" \/><\/a><\/p>\n<p><a href=\"http:\/\/museumek.eu\/?attachment_id=22738\" rel=\"attachment wp-att-22738\"><img loading=\"lazy\" src=\"http:\/\/museumek.eu\/wp-content\/uploads\/2013\/05\/Museum-Europ\u00e4ischer-Keramikkunst-3988-300x246.jpg\" alt=\"\" title=\"Museum Europ\u00e4ischer Keramikkunst 3988\" width=\"300\" height=\"246\" class=\"alignnone size-medium wp-image-22738\" srcset=\"http:\/\/museumek.eu\/wp-content\/uploads\/2013\/05\/Museum-Europ\u00e4ischer-Keramikkunst-3988-300x246.jpg 300w, http:\/\/museumek.eu\/wp-content\/uploads\/2013\/05\/Museum-Europ\u00e4ischer-Keramikkunst-3988-150x123.jpg 150w, http:\/\/museumek.eu\/wp-content\/uploads\/2013\/05\/Museum-Europ\u00e4ischer-Keramikkunst-3988-365x300.jpg 365w, http:\/\/museumek.eu\/wp-content\/uploads\/2013\/05\/Museum-Europ\u00e4ischer-Keramikkunst-3988.jpg 752w\" sizes=\"(max-width: 300px) 100vw, 300px\" \/><\/a><\/p>\n<p><a href=\"http:\/\/museumek.eu\/?attachment_id=22739\" rel=\"attachment wp-att-22739\"><img loading=\"lazy\" src=\"http:\/\/museumek.eu\/wp-content\/uploads\/2013\/05\/Museum-Europ\u00e4ischer-Keramikkunst-3991-300x281.jpg\" alt=\"\" title=\"Museum Europ\u00e4ischer Keramikkunst 3991\" width=\"300\" height=\"281\" class=\"alignnone size-medium wp-image-22739\" srcset=\"http:\/\/museumek.eu\/wp-content\/uploads\/2013\/05\/Museum-Europ\u00e4ischer-Keramikkunst-3991-300x281.jpg 300w, http:\/\/museumek.eu\/wp-content\/uploads\/2013\/05\/Museum-Europ\u00e4ischer-Keramikkunst-3991-150x140.jpg 150w, http:\/\/museumek.eu\/wp-content\/uploads\/2013\/05\/Museum-Europ\u00e4ischer-Keramikkunst-3991-319x300.jpg 319w, http:\/\/museumek.eu\/wp-content\/uploads\/2013\/05\/Museum-Europ\u00e4ischer-Keramikkunst-3991.jpg 684w\" sizes=\"(max-width: 300px) 100vw, 300px\" \/><\/a><\/p>\n<p><a href=\"http:\/\/museumek.eu\/?attachment_id=22740\" rel=\"attachment wp-att-22740\"><img loading=\"lazy\" src=\"http:\/\/museumek.eu\/wp-content\/uploads\/2013\/05\/Museum-Europ\u00e4ischer-Keramikkunst-3990-300x219.jpg\" alt=\"\" title=\"Museum Europ\u00e4ischer Keramikkunst 3990\" width=\"300\" height=\"219\" class=\"alignnone size-medium wp-image-22740\" srcset=\"http:\/\/museumek.eu\/wp-content\/uploads\/2013\/05\/Museum-Europ\u00e4ischer-Keramikkunst-3990-300x219.jpg 300w, http:\/\/museumek.eu\/wp-content\/uploads\/2013\/05\/Museum-Europ\u00e4ischer-Keramikkunst-3990-150x109.jpg 150w, http:\/\/museumek.eu\/wp-content\/uploads\/2013\/05\/Museum-Europ\u00e4ischer-Keramikkunst-3990-409x300.jpg 409w, http:\/\/museumek.eu\/wp-content\/uploads\/2013\/05\/Museum-Europ\u00e4ischer-Keramikkunst-3990.jpg 567w\" sizes=\"(max-width: 300px) 100vw, 300px\" \/><\/a><\/p>\n<p><a href=\"http:\/\/museumek.eu\/?attachment_id=22741\" rel=\"attachment wp-att-22741\"><img loading=\"lazy\" src=\"http:\/\/museumek.eu\/wp-content\/uploads\/2013\/05\/009-272x300.jpg\" alt=\"\" title=\"009\" width=\"272\" height=\"300\" class=\"alignnone size-medium wp-image-22741\" srcset=\"http:\/\/museumek.eu\/wp-content\/uploads\/2013\/05\/009-272x300.jpg 272w, http:\/\/museumek.eu\/wp-content\/uploads\/2013\/05\/009-136x150.jpg 136w, http:\/\/museumek.eu\/wp-content\/uploads\/2013\/05\/009.jpg 548w\" sizes=\"(max-width: 272px) 100vw, 272px\" \/><\/a><\/p>\n<p><a href=\"http:\/\/museumek.eu\/?attachment_id=22742\" rel=\"attachment wp-att-22742\"><img loading=\"lazy\" src=\"http:\/\/museumek.eu\/wp-content\/uploads\/2013\/05\/010-300x173.jpg\" alt=\"\" title=\"010\" width=\"300\" height=\"173\" class=\"alignnone size-medium wp-image-22742\" srcset=\"http:\/\/museumek.eu\/wp-content\/uploads\/2013\/05\/010-300x173.jpg 300w, http:\/\/museumek.eu\/wp-content\/uploads\/2013\/05\/010-150x86.jpg 150w, http:\/\/museumek.eu\/wp-content\/uploads\/2013\/05\/010-1024x592.jpg 1024w, http:\/\/museumek.eu\/wp-content\/uploads\/2013\/05\/010-500x289.jpg 500w, http:\/\/museumek.eu\/wp-content\/uploads\/2013\/05\/010.jpg 1043w\" sizes=\"(max-width: 300px) 100vw, 300px\" \/><\/a><\/p>\n","protected":false},"excerpt":{"rendered":"<p>Abteilung Belgien, Keramik 1860 \u2013 1960, Inventarnummer B\/IV\/1 Roger Gu\u00e9rin (f\u00fcr) Soci\u00e9te des gr\u00e8s d\u2019art de Bouffioulx, Belgien, Bouffioulx, um 1925, Vase, K\u00fcnstler Roger Gu\u00e9rin, Werks.-Nr. 183 C, Exemplar Nr. ohne, gemarkt Werkstattmarke mit Schriftzug Guerin sowie 183 C geritzt, &hellip; <a href=\"http:\/\/museumek.eu\/?page_id=22776\">Weiterlesen <span class=\"meta-nav\">&rarr;<\/span><\/a><\/p>\n","protected":false},"author":1,"featured_media":0,"parent":22773,"menu_order":1,"comment_status":"closed","ping_status":"open","template":"","meta":[],"_links":{"self":[{"href":"http:\/\/museumek.eu\/index.php?rest_route=\/wp\/v2\/pages\/22776"}],"collection":[{"href":"http:\/\/museumek.eu\/index.php?rest_route=\/wp\/v2\/pages"}],"about":[{"href":"http:\/\/museumek.eu\/index.php?rest_route=\/wp\/v2\/types\/page"}],"author":[{"embeddable":true,"href":"http:\/\/museumek.eu\/index.php?rest_route=\/wp\/v2\/users\/1"}],"replies":[{"embeddable":true,"href":"http:\/\/museumek.eu\/index.php?rest_route=%2Fwp%2Fv2%2Fcomments&post=22776"}],"version-history":[{"count":4,"href":"http:\/\/museumek.eu\/index.php?rest_route=\/wp\/v2\/pages\/22776\/revisions"}],"predecessor-version":[{"id":22780,"href":"http:\/\/museumek.eu\/index.php?rest_route=\/wp\/v2\/pages\/22776\/revisions\/22780"}],"up":[{"embeddable":true,"href":"http:\/\/museumek.eu\/index.php?rest_route=\/wp\/v2\/pages\/22773"}],"wp:attachment":[{"href":"http:\/\/museumek.eu\/index.php?rest_route=%2Fwp%2Fv2%2Fmedia&parent=22776"}],"curies":[{"name":"wp","href":"https:\/\/api.w.org\/{rel}","templated":true}]}}