{"id":2284,"date":"2011-08-21T19:02:31","date_gmt":"2011-08-21T17:02:31","guid":{"rendered":"http:\/\/museumek.eu\/?page_id=2284"},"modified":"2014-04-10T23:00:17","modified_gmt":"2014-04-10T21:00:17","slug":"fiii1","status":"publish","type":"page","link":"http:\/\/museumek.eu\/?page_id=2284","title":{"rendered":"F\/III\/1"},"content":{"rendered":"<p><strong>Abteilung Frankreich, Keramik 1860 \u2013 1960, Inventarnummer F\/III\/1<\/strong><\/p>\n<p>Edmond Lachenal, Frankreich, Malakoff bei Paris, 1880 &#8211; 1886, Vase, K\u00fcnstler Edmond Lachenal, Werks.-Nr. ohne, Exemplar Nr. ohne, gemarkt Lachenal am Stand als Pinselsignatur, Literatur: Hessisches Landesmuseum Darmstadt, Europ\u00e4ische Keramik 1880 \u2013 1930, Sammlung Silzer, Seite 116, dort Edmond Lachenal mit Manufaktur in Malakoff beschrieben, Lachenal beginnt bereits im Alter von 12 Jahren eine T\u00f6pferlehre. Als 15-j\u00e4hriger tritt er ins Atelier von Theodore Deck ein. 1880 gr\u00fcndet er eine eigene Werkstatt in Malakoff bei Paris. Im Jahre 1887 wechselt er mit seiner Manufaktur nach Chatillon-sous-Bagneux. Lachenal experimentiert sehr viel und erfand u. a. das Dekor \u00c9mail-mat-velout\u00e9. In Jahre 1893 nimmt er das Waisenkind Emile D\u00e9coeur in seiner Werkstatt auf. Dieser entwickelte sich zu einem der bedeutensten Keramiker seiner Zeit. Seit 1901 ist Lachenals Sohn Raoul Pierre in der Werkstatt des Vaters t\u00e4tig. Raoul \u00fcbernimmt die Lachenal Werkstatt 1914, H\u00f6he 12,5 cm, Breite 6 cm<\/p>\n<p><a href=\"http:\/\/museumek.eu\/wp-content\/uploads\/2011\/08\/Museum-Europ\u00e4ischer-Keramikkunst-Qualit\u00e4tsfotos-336.jpg\"><img loading=\"lazy\" src=\"http:\/\/museumek.eu\/wp-content\/uploads\/2011\/08\/Museum-Europ\u00e4ischer-Keramikkunst-Qualit\u00e4tsfotos-336-159x300.jpg\" alt=\"\" title=\"Museum Europ\u00e4ischer Keramikkunst Qualit\u00e4tsfotos 336\" width=\"159\" height=\"300\" class=\"alignnone size-medium wp-image-2285\" \/><\/a><\/p>\n<p><a href=\"http:\/\/museumek.eu\/wp-content\/uploads\/2011\/08\/Museum-Europ\u00e4ischer-Keramikkunst-234.jpg\"><img loading=\"lazy\" src=\"http:\/\/museumek.eu\/wp-content\/uploads\/2011\/08\/Museum-Europ\u00e4ischer-Keramikkunst-234-300x241.jpg\" alt=\"\" title=\"Museum Europ\u00e4ischer Keramikkunst 234\" width=\"300\" height=\"241\" class=\"alignnone size-medium wp-image-2286\" srcset=\"http:\/\/museumek.eu\/wp-content\/uploads\/2011\/08\/Museum-Europ\u00e4ischer-Keramikkunst-234-300x241.jpg 300w, http:\/\/museumek.eu\/wp-content\/uploads\/2011\/08\/Museum-Europ\u00e4ischer-Keramikkunst-234-372x300.jpg 372w, http:\/\/museumek.eu\/wp-content\/uploads\/2011\/08\/Museum-Europ\u00e4ischer-Keramikkunst-234.jpg 826w\" sizes=\"(max-width: 300px) 100vw, 300px\" \/><\/a><\/p>\n","protected":false},"excerpt":{"rendered":"<p>Abteilung Frankreich, Keramik 1860 \u2013 1960, Inventarnummer F\/III\/1 Edmond Lachenal, Frankreich, Malakoff bei Paris, 1880 &#8211; 1886, Vase, K\u00fcnstler Edmond Lachenal, Werks.-Nr. ohne, Exemplar Nr. ohne, gemarkt Lachenal am Stand als Pinselsignatur, Literatur: Hessisches Landesmuseum Darmstadt, Europ\u00e4ische Keramik 1880 \u2013 &hellip; <a href=\"http:\/\/museumek.eu\/?page_id=2284\">Weiterlesen <span class=\"meta-nav\">&rarr;<\/span><\/a><\/p>\n","protected":false},"author":1,"featured_media":0,"parent":2281,"menu_order":1,"comment_status":"open","ping_status":"open","template":"","meta":[],"_links":{"self":[{"href":"http:\/\/museumek.eu\/index.php?rest_route=\/wp\/v2\/pages\/2284"}],"collection":[{"href":"http:\/\/museumek.eu\/index.php?rest_route=\/wp\/v2\/pages"}],"about":[{"href":"http:\/\/museumek.eu\/index.php?rest_route=\/wp\/v2\/types\/page"}],"author":[{"embeddable":true,"href":"http:\/\/museumek.eu\/index.php?rest_route=\/wp\/v2\/users\/1"}],"replies":[{"embeddable":true,"href":"http:\/\/museumek.eu\/index.php?rest_route=%2Fwp%2Fv2%2Fcomments&post=2284"}],"version-history":[{"count":4,"href":"http:\/\/museumek.eu\/index.php?rest_route=\/wp\/v2\/pages\/2284\/revisions"}],"predecessor-version":[{"id":28675,"href":"http:\/\/museumek.eu\/index.php?rest_route=\/wp\/v2\/pages\/2284\/revisions\/28675"}],"up":[{"embeddable":true,"href":"http:\/\/museumek.eu\/index.php?rest_route=\/wp\/v2\/pages\/2281"}],"wp:attachment":[{"href":"http:\/\/museumek.eu\/index.php?rest_route=%2Fwp%2Fv2%2Fmedia&parent=2284"}],"curies":[{"name":"wp","href":"https:\/\/api.w.org\/{rel}","templated":true}]}}