{"id":22944,"date":"2013-05-28T00:25:07","date_gmt":"2013-05-27T22:25:07","guid":{"rendered":"http:\/\/museumek.eu\/?page_id=22944"},"modified":"2013-05-28T00:25:07","modified_gmt":"2013-05-27T22:25:07","slug":"oz37","status":"publish","type":"page","link":"http:\/\/museumek.eu\/?page_id=22944","title":{"rendered":"OZ\/37"},"content":{"rendered":"<p><strong>Abteilung Ohne Zuordnung, Keramik 1860 \u2013 1960, Inventarnummer OZ\/37<\/strong><\/p>\n<p>Vase, um 1900, gemarkt am Boden nicht aufl\u00f6sbare Zahlen oder Schriftzeichen braun gemalt, an der Wandung aufgetragene \u00fcberglasierte nicht aufl\u00f6sbare Signatur,<br \/>\nH\u00f6he 17 cm, Breite 11 cm<\/p>\n<p><a href=\"http:\/\/museumek.eu\/?attachment_id=22945\" rel=\"attachment wp-att-22945\"><img loading=\"lazy\" src=\"http:\/\/museumek.eu\/wp-content\/uploads\/2013\/05\/Museum-Europ\u00e4ischer-Keramikkunst-3974-223x300.jpg\" alt=\"\" title=\"Museum Europ\u00e4ischer Keramikkunst 3974\" width=\"223\" height=\"300\" class=\"alignnone size-medium wp-image-22945\" srcset=\"http:\/\/museumek.eu\/wp-content\/uploads\/2013\/05\/Museum-Europ\u00e4ischer-Keramikkunst-3974-223x300.jpg 223w, http:\/\/museumek.eu\/wp-content\/uploads\/2013\/05\/Museum-Europ\u00e4ischer-Keramikkunst-3974-111x150.jpg 111w, http:\/\/museumek.eu\/wp-content\/uploads\/2013\/05\/Museum-Europ\u00e4ischer-Keramikkunst-3974.jpg 595w\" sizes=\"(max-width: 223px) 100vw, 223px\" \/><\/a><\/p>\n<p><a href=\"http:\/\/museumek.eu\/?attachment_id=22946\" rel=\"attachment wp-att-22946\"><img loading=\"lazy\" src=\"http:\/\/museumek.eu\/wp-content\/uploads\/2013\/05\/Museum-Europ\u00e4ischer-Keramikkunst-3975-197x300.jpg\" alt=\"\" title=\"Museum Europ\u00e4ischer Keramikkunst 3975\" width=\"197\" height=\"300\" class=\"alignnone size-medium wp-image-22946\" srcset=\"http:\/\/museumek.eu\/wp-content\/uploads\/2013\/05\/Museum-Europ\u00e4ischer-Keramikkunst-3975-197x300.jpg 197w, http:\/\/museumek.eu\/wp-content\/uploads\/2013\/05\/Museum-Europ\u00e4ischer-Keramikkunst-3975-98x150.jpg 98w, http:\/\/museumek.eu\/wp-content\/uploads\/2013\/05\/Museum-Europ\u00e4ischer-Keramikkunst-3975.jpg 527w\" sizes=\"(max-width: 197px) 100vw, 197px\" \/><\/a><\/p>\n<p><a href=\"http:\/\/museumek.eu\/?attachment_id=22947\" rel=\"attachment wp-att-22947\"><img loading=\"lazy\" src=\"http:\/\/museumek.eu\/wp-content\/uploads\/2013\/05\/Museum-Europ\u00e4ischer-Keramikkunst-3982-234x300.jpg\" alt=\"\" title=\"Museum Europ\u00e4ischer Keramikkunst 3982\" width=\"234\" height=\"300\" class=\"alignnone size-medium wp-image-22947\" srcset=\"http:\/\/museumek.eu\/wp-content\/uploads\/2013\/05\/Museum-Europ\u00e4ischer-Keramikkunst-3982-234x300.jpg 234w, http:\/\/museumek.eu\/wp-content\/uploads\/2013\/05\/Museum-Europ\u00e4ischer-Keramikkunst-3982-117x150.jpg 117w, http:\/\/museumek.eu\/wp-content\/uploads\/2013\/05\/Museum-Europ\u00e4ischer-Keramikkunst-3982.jpg 593w\" sizes=\"(max-width: 234px) 100vw, 234px\" \/><\/a><\/p>\n<p><a href=\"http:\/\/museumek.eu\/?attachment_id=22948\" rel=\"attachment wp-att-22948\"><img loading=\"lazy\" src=\"http:\/\/museumek.eu\/wp-content\/uploads\/2013\/05\/Museum-Europ\u00e4ischer-Keramikkunst-3976-300x100.jpg\" alt=\"\" title=\"Museum Europ\u00e4ischer Keramikkunst 3976\" width=\"300\" height=\"100\" class=\"alignnone size-medium wp-image-22948\" srcset=\"http:\/\/museumek.eu\/wp-content\/uploads\/2013\/05\/Museum-Europ\u00e4ischer-Keramikkunst-3976-300x100.jpg 300w, http:\/\/museumek.eu\/wp-content\/uploads\/2013\/05\/Museum-Europ\u00e4ischer-Keramikkunst-3976-150x50.jpg 150w, http:\/\/museumek.eu\/wp-content\/uploads\/2013\/05\/Museum-Europ\u00e4ischer-Keramikkunst-3976-500x167.jpg 500w, http:\/\/museumek.eu\/wp-content\/uploads\/2013\/05\/Museum-Europ\u00e4ischer-Keramikkunst-3976.jpg 504w\" sizes=\"(max-width: 300px) 100vw, 300px\" \/><\/a><\/p>\n<p><a href=\"http:\/\/museumek.eu\/?attachment_id=22949\" rel=\"attachment wp-att-22949\"><img loading=\"lazy\" src=\"http:\/\/museumek.eu\/wp-content\/uploads\/2013\/05\/Museum-Europ\u00e4ischer-Keramikkunst-3978-300x82.jpg\" alt=\"\" title=\"Museum Europ\u00e4ischer Keramikkunst 3978\" width=\"300\" height=\"82\" class=\"alignnone size-medium wp-image-22949\" srcset=\"http:\/\/museumek.eu\/wp-content\/uploads\/2013\/05\/Museum-Europ\u00e4ischer-Keramikkunst-3978-300x82.jpg 300w, http:\/\/museumek.eu\/wp-content\/uploads\/2013\/05\/Museum-Europ\u00e4ischer-Keramikkunst-3978-150x41.jpg 150w, http:\/\/museumek.eu\/wp-content\/uploads\/2013\/05\/Museum-Europ\u00e4ischer-Keramikkunst-3978-500x137.jpg 500w, http:\/\/museumek.eu\/wp-content\/uploads\/2013\/05\/Museum-Europ\u00e4ischer-Keramikkunst-3978.jpg 586w\" sizes=\"(max-width: 300px) 100vw, 300px\" \/><\/a><\/p>\n<p><a href=\"http:\/\/museumek.eu\/?attachment_id=22950\" rel=\"attachment wp-att-22950\"><img loading=\"lazy\" src=\"http:\/\/museumek.eu\/wp-content\/uploads\/2013\/05\/Museum-Europ\u00e4ischer-Keramikkunst-3979-300x102.jpg\" alt=\"\" title=\"Museum Europ\u00e4ischer Keramikkunst 3979\" width=\"300\" height=\"102\" class=\"alignnone size-medium wp-image-22950\" srcset=\"http:\/\/museumek.eu\/wp-content\/uploads\/2013\/05\/Museum-Europ\u00e4ischer-Keramikkunst-3979-300x102.jpg 300w, http:\/\/museumek.eu\/wp-content\/uploads\/2013\/05\/Museum-Europ\u00e4ischer-Keramikkunst-3979-150x51.jpg 150w, http:\/\/museumek.eu\/wp-content\/uploads\/2013\/05\/Museum-Europ\u00e4ischer-Keramikkunst-3979-500x170.jpg 500w, http:\/\/museumek.eu\/wp-content\/uploads\/2013\/05\/Museum-Europ\u00e4ischer-Keramikkunst-3979.jpg 590w\" sizes=\"(max-width: 300px) 100vw, 300px\" \/><\/a><\/p>\n<p><a href=\"http:\/\/museumek.eu\/?attachment_id=22951\" rel=\"attachment wp-att-22951\"><img loading=\"lazy\" src=\"http:\/\/museumek.eu\/wp-content\/uploads\/2013\/05\/Museum-Europ\u00e4ischer-Keramikkunst-3980-300x80.jpg\" alt=\"\" title=\"Museum Europ\u00e4ischer Keramikkunst 3980\" width=\"300\" height=\"80\" class=\"alignnone size-medium wp-image-22951\" srcset=\"http:\/\/museumek.eu\/wp-content\/uploads\/2013\/05\/Museum-Europ\u00e4ischer-Keramikkunst-3980-300x80.jpg 300w, http:\/\/museumek.eu\/wp-content\/uploads\/2013\/05\/Museum-Europ\u00e4ischer-Keramikkunst-3980-150x40.jpg 150w, http:\/\/museumek.eu\/wp-content\/uploads\/2013\/05\/Museum-Europ\u00e4ischer-Keramikkunst-3980-500x134.jpg 500w, http:\/\/museumek.eu\/wp-content\/uploads\/2013\/05\/Museum-Europ\u00e4ischer-Keramikkunst-3980.jpg 541w\" sizes=\"(max-width: 300px) 100vw, 300px\" \/><\/a><\/p>\n<p><a href=\"http:\/\/museumek.eu\/?attachment_id=22952\" rel=\"attachment wp-att-22952\"><img loading=\"lazy\" src=\"http:\/\/museumek.eu\/wp-content\/uploads\/2013\/05\/Museum-Europ\u00e4ischer-Keramikkunst-3981-300x128.jpg\" alt=\"\" title=\"Museum Europ\u00e4ischer Keramikkunst 3981\" width=\"300\" height=\"128\" class=\"alignnone size-medium wp-image-22952\" srcset=\"http:\/\/museumek.eu\/wp-content\/uploads\/2013\/05\/Museum-Europ\u00e4ischer-Keramikkunst-3981-300x128.jpg 300w, http:\/\/museumek.eu\/wp-content\/uploads\/2013\/05\/Museum-Europ\u00e4ischer-Keramikkunst-3981-150x64.jpg 150w, http:\/\/museumek.eu\/wp-content\/uploads\/2013\/05\/Museum-Europ\u00e4ischer-Keramikkunst-3981-500x213.jpg 500w, http:\/\/museumek.eu\/wp-content\/uploads\/2013\/05\/Museum-Europ\u00e4ischer-Keramikkunst-3981.jpg 522w\" sizes=\"(max-width: 300px) 100vw, 300px\" \/><\/a><\/p>\n","protected":false},"excerpt":{"rendered":"<p>Abteilung Ohne Zuordnung, Keramik 1860 \u2013 1960, Inventarnummer OZ\/37 Vase, um 1900, gemarkt am Boden nicht aufl\u00f6sbare Zahlen oder Schriftzeichen braun gemalt, an der Wandung aufgetragene \u00fcberglasierte nicht aufl\u00f6sbare Signatur, H\u00f6he 17 cm, Breite 11 cm<\/p>\n","protected":false},"author":1,"featured_media":0,"parent":14678,"menu_order":37,"comment_status":"closed","ping_status":"open","template":"","meta":[],"_links":{"self":[{"href":"http:\/\/museumek.eu\/index.php?rest_route=\/wp\/v2\/pages\/22944"}],"collection":[{"href":"http:\/\/museumek.eu\/index.php?rest_route=\/wp\/v2\/pages"}],"about":[{"href":"http:\/\/museumek.eu\/index.php?rest_route=\/wp\/v2\/types\/page"}],"author":[{"embeddable":true,"href":"http:\/\/museumek.eu\/index.php?rest_route=\/wp\/v2\/users\/1"}],"replies":[{"embeddable":true,"href":"http:\/\/museumek.eu\/index.php?rest_route=%2Fwp%2Fv2%2Fcomments&post=22944"}],"version-history":[{"count":4,"href":"http:\/\/museumek.eu\/index.php?rest_route=\/wp\/v2\/pages\/22944\/revisions"}],"predecessor-version":[{"id":22956,"href":"http:\/\/museumek.eu\/index.php?rest_route=\/wp\/v2\/pages\/22944\/revisions\/22956"}],"up":[{"embeddable":true,"href":"http:\/\/museumek.eu\/index.php?rest_route=\/wp\/v2\/pages\/14678"}],"wp:attachment":[{"href":"http:\/\/museumek.eu\/index.php?rest_route=%2Fwp%2Fv2%2Fmedia&parent=22944"}],"curies":[{"name":"wp","href":"https:\/\/api.w.org\/{rel}","templated":true}]}}