{"id":22969,"date":"2013-05-31T14:30:24","date_gmt":"2013-05-31T12:30:24","guid":{"rendered":"http:\/\/museumek.eu\/?page_id=22969"},"modified":"2021-04-05T21:31:13","modified_gmt":"2021-04-05T19:31:13","slug":"dxx3","status":"publish","type":"page","link":"http:\/\/museumek.eu\/?page_id=22969","title":{"rendered":"D\/XX\/3"},"content":{"rendered":"<p><strong>Abteilung Deutschland, Keramik 1860 \u2013 1960, Inventarnummer D\/XX\/3<\/strong><\/p>\n<p>Porzellanfabrik Gebr. Heubach und Nachf. Porzellanfabrik Gebr. Heubach AG und Nachf. Porzellanfabrik Gebr. Heubach Nachfolger, Inhaber Otto Friedrich F\u00fcrst zu Ysenburg und B\u00fcdingen, Deutschland, Lichte, um 1920, Figur K\u00fckenpaar, K\u00fcnstler unbekannt, Werks.-Nr. 10581, Exemplar Nr. ohne, gemarkt Firmenmarke mit Heubach gr\u00fcner Stempel auf Glasur, 10581 gepresst, nicht signiert, Literatur: J. G. Th. Graesse und E. Jaennicke, F\u00fchrer f\u00fcr Sammler von Porzellan und Fayence, Steinzeug, Steingut usw., Seite 470, Marke Nr. 5 identisch, weitere Literatur: Otto Pelka, Keramik der Neuzeit, Seite 37 ff., dort beschrieben, dass f\u00fcr Heubach bedeutende Tierbildner gearbeitet haben sowie Markentafel V, identische Marke im Markenkasten 79 abgebildet, weitere Literatur: Porzellan-Kunst, Teil II, Kunst-Porzellane und Keramik um 1900, Sammlung Karl H. Br\u00f6han, Berlin, Seite 117, Beschreibung der Fabrik und Beschreibung der identischen Marke, weitere Literatur: Dr. Gerhard P. Woeckel, Jugendstilsammlung, Katalog Nr. 23, Beschreibung der Fabrik und Beschreibung der identischen Marke f\u00fcr die Zeit nach 1906, weitere Literatur: Gustav Wei\u00df, Ullstein Porzellanbuch, Seite 272, Marke Nr. 10 identisch, die Porzellanfabrik wurde 1822 von Johann Heinrich Leder gegr\u00fcndet, 1824 wurden die Vettern von Leder, Wilhelm und Heinrich Liebmann, Eigent\u00fcmer, 1830 \u2013 1843 ist Wilhelm Liebmann Alleineigent\u00fcmer, 1843 kauften die Br\u00fcder Christoph und Philipp Heubach aus Lauscha die Porzellanfabrik, diese bleibt bis 1938, dem Konkursjahr, in Familienbesitz, als Konkurskauf erwirbt Otto Friedrich F\u00fcrst zu Ysenburg und B\u00fcdingen die Fabrik und firmiert als Gebr. Heubach Nachf., 1948 wird die Fabrik verstaatlicht,<br \/>\nH\u00f6he 11,5 cm, Breite 10,5 cm<\/p>\n<p><a href=\"http:\/\/museumek.eu\/?attachment_id=22970\" rel=\"attachment wp-att-22970\"><img loading=\"lazy\" src=\"http:\/\/museumek.eu\/wp-content\/uploads\/2013\/05\/Museum-Europ\u00e4ischer-Keramikkunst-3633-198x300.jpg\" alt=\"\" title=\"Museum Europ\u00e4ischer Keramikkunst 3633\" width=\"198\" height=\"300\" class=\"alignnone size-medium wp-image-22970\" srcset=\"http:\/\/museumek.eu\/wp-content\/uploads\/2013\/05\/Museum-Europ\u00e4ischer-Keramikkunst-3633-198x300.jpg 198w, http:\/\/museumek.eu\/wp-content\/uploads\/2013\/05\/Museum-Europ\u00e4ischer-Keramikkunst-3633-99x150.jpg 99w, http:\/\/museumek.eu\/wp-content\/uploads\/2013\/05\/Museum-Europ\u00e4ischer-Keramikkunst-3633.jpg 518w\" sizes=\"(max-width: 198px) 100vw, 198px\" \/><\/a><\/p>\n<p><a href=\"http:\/\/museumek.eu\/?attachment_id=22971\" rel=\"attachment wp-att-22971\"><img loading=\"lazy\" src=\"http:\/\/museumek.eu\/wp-content\/uploads\/2013\/05\/Museum-Europ\u00e4ischer-Keramikkunst-3634.jpg\" alt=\"\" title=\"Museum Europ\u00e4ischer Keramikkunst 3634\" width=\"240\" height=\"227\" class=\"alignnone size-full wp-image-22971\" srcset=\"http:\/\/museumek.eu\/wp-content\/uploads\/2013\/05\/Museum-Europ\u00e4ischer-Keramikkunst-3634.jpg 240w, http:\/\/museumek.eu\/wp-content\/uploads\/2013\/05\/Museum-Europ\u00e4ischer-Keramikkunst-3634-150x141.jpg 150w\" sizes=\"(max-width: 240px) 100vw, 240px\" \/><\/a><\/p>\n<p><a href=\"http:\/\/museumek.eu\/?attachment_id=22972\" rel=\"attachment wp-att-22972\"><img loading=\"lazy\" src=\"http:\/\/museumek.eu\/wp-content\/uploads\/2013\/05\/Museum-Europ\u00e4ischer-Keramikkunst-3643-300x151.jpg\" alt=\"\" title=\"Museum Europ\u00e4ischer Keramikkunst 3643\" width=\"300\" height=\"151\" class=\"alignnone size-medium wp-image-22972\" srcset=\"http:\/\/museumek.eu\/wp-content\/uploads\/2013\/05\/Museum-Europ\u00e4ischer-Keramikkunst-3643-300x151.jpg 300w, http:\/\/museumek.eu\/wp-content\/uploads\/2013\/05\/Museum-Europ\u00e4ischer-Keramikkunst-3643-150x75.jpg 150w, http:\/\/museumek.eu\/wp-content\/uploads\/2013\/05\/Museum-Europ\u00e4ischer-Keramikkunst-3643.jpg 403w\" sizes=\"(max-width: 300px) 100vw, 300px\" \/><\/a><\/p>\n","protected":false},"excerpt":{"rendered":"<p>Abteilung Deutschland, Keramik 1860 \u2013 1960, Inventarnummer D\/XX\/3 Porzellanfabrik Gebr. Heubach und Nachf. Porzellanfabrik Gebr. Heubach AG und Nachf. Porzellanfabrik Gebr. Heubach Nachfolger, Inhaber Otto Friedrich F\u00fcrst zu Ysenburg und B\u00fcdingen, Deutschland, Lichte, um 1920, Figur K\u00fckenpaar, K\u00fcnstler unbekannt, Werks.-Nr. &hellip; <a href=\"http:\/\/museumek.eu\/?page_id=22969\">Weiterlesen <span class=\"meta-nav\">&rarr;<\/span><\/a><\/p>\n","protected":false},"author":1,"featured_media":0,"parent":3216,"menu_order":3,"comment_status":"closed","ping_status":"open","template":"","meta":[],"_links":{"self":[{"href":"http:\/\/museumek.eu\/index.php?rest_route=\/wp\/v2\/pages\/22969"}],"collection":[{"href":"http:\/\/museumek.eu\/index.php?rest_route=\/wp\/v2\/pages"}],"about":[{"href":"http:\/\/museumek.eu\/index.php?rest_route=\/wp\/v2\/types\/page"}],"author":[{"embeddable":true,"href":"http:\/\/museumek.eu\/index.php?rest_route=\/wp\/v2\/users\/1"}],"replies":[{"embeddable":true,"href":"http:\/\/museumek.eu\/index.php?rest_route=%2Fwp%2Fv2%2Fcomments&post=22969"}],"version-history":[{"count":10,"href":"http:\/\/museumek.eu\/index.php?rest_route=\/wp\/v2\/pages\/22969\/revisions"}],"predecessor-version":[{"id":55589,"href":"http:\/\/museumek.eu\/index.php?rest_route=\/wp\/v2\/pages\/22969\/revisions\/55589"}],"up":[{"embeddable":true,"href":"http:\/\/museumek.eu\/index.php?rest_route=\/wp\/v2\/pages\/3216"}],"wp:attachment":[{"href":"http:\/\/museumek.eu\/index.php?rest_route=%2Fwp%2Fv2%2Fmedia&parent=22969"}],"curies":[{"name":"wp","href":"https:\/\/api.w.org\/{rel}","templated":true}]}}