{"id":23167,"date":"2013-06-01T19:43:38","date_gmt":"2013-06-01T17:43:38","guid":{"rendered":"http:\/\/museumek.eu\/?page_id=23167"},"modified":"2015-08-10T15:06:47","modified_gmt":"2015-08-10T13:06:47","slug":"dxvi2","status":"publish","type":"page","link":"http:\/\/museumek.eu\/?page_id=23167","title":{"rendered":"D\/XVI\/2"},"content":{"rendered":"<p><strong>Abteilung Deutschland, Keramik 1860 \u2013 1960, Inventarnummer D\/XVI\/2<\/strong><\/p>\n<p>K\u00f6niglich-Polnische und Churf\u00fcrstlich-S\u00e4chsische Porcelain-Fabrique Meissen u. Nachf. Churf\u00fcrstliche Porcelain-Fabrique Meissen u. Nachf. K\u00f6niglich-S\u00e4chsische Porzellan-Manufactur Meissen u. Nachf. Staatliche Porzellan-Manufaktur Meissen, Deutschland, Meissen, 1903 &#8211; 1905, Teller, K\u00fcnstler Richard Riemerschmid, Werks.-Nr. ohne, Exemplar Nr. ohne, gemarkt Firmenmarke gekreuzte Schwerter mit knopff\u00f6rmigen Kn\u00e4ufen (Knaufzeit: 1850 oder 1860 bis 1924) blau unter Glasur gemalt, 52 blau unter Glasur gemalt, 28 (?) sowie nicht lesbares Zeichen gepresst, zwei Schleifstriche (2. Wahl), nicht signiert, Literatur: J. G. Th. Graesse und E. Jaennicke, F\u00fchrer f\u00fcr Sammler von Porzellan und Fayence, Steinzeug, Steingut usw., Seite 482, Marke Nr. 111 identisch, dort g\u00fcltig f\u00fcr die Zeit von 1860 bis 1924, weitere Literatur: Johannes Just, Meissner Jugendstilporzellan, Abbildung 93, identischer Teller, dort beschrieben: Form- und Dekorentwurf Richard Riemerschmid sowie Seite 151, dort der Ursprungsentwurf von Riemerschmid abgebildet, weitere Literatur: Karl H. Br\u00f6han und Dieter H\u00f6germann, Bestandskatalog Bd. V. 2 des Br\u00f6han Museums, Porzellan, Kunst und Design 1889 bis 1939, Vom Jugendstil zum Funktionalismus, Seite 41, Abbildung des identischen Tellers, K\u00fcnstler Richard Riemerschmid, weitere Literatur: Robert E. R\u00f6ntgen, Deutsche Porzellanmarken von 1710 bis heute (Ausgabe Jahr 2000), Seiten 228\/229, Marken Nr. 1757 bis 1769, 12 verschieden gemalte Schwerter mit K\u00e4ufen, dort g\u00fcltig f\u00fcr die Zeit von 1850 bis 1924, die erste europ\u00e4ische Porzellanfabrik wurde per Dekret vom 23.01.1710 von Kurf\u00fcrst Friedrich August I. von Sachsen und gleichzeitig August II. K\u00f6nig von Polen in Dresden gegr\u00fcndet, nachdem Friedrich B\u00f6ttcher f\u00fcr diesen das Hartporzellan erfunden hatte, am 06.06.1710 wurde die Albrechtsburg in Meissen als Produktionsst\u00e4tte in Betrieb genommen, Firmierung K\u00f6niglich-Polnische und Churf\u00fcrstlich-S\u00e4chsische Porcelain-Fabrique Meissen, der Sohn von Kurf\u00fcrst Friedrich August I, Kurf\u00fcrst Friedrich August II. zugleich K\u00f6nig August III. von Polen, f\u00fchrte die Manufaktur fort, als die s\u00e4chsischen Kurf\u00fcrsten die polnische Krone verlieren, musste die Manufaktur 1763 umbenannt werden, Firmierung ab da, Churf\u00fcrstliche Porcelain-Fabrique Meissen, 1806 wurde Sachsen durch Napoleon zum K\u00f6nigreich erhoben, Firmierung ab da, K\u00f6niglich-S\u00e4chsische Porzellan-Manufactur, seit 1831 ist die Manufaktur im Eigentum des Staates Sachsen, als der letzte Sachsenk\u00f6nig 1919 abdankt, \u00e4ndert sich die Firmierung in Staatliche Porzellan-Manufaktur Meissen, 1946 beschlagnahmt die Sowjetunion die Manufaktur, Firmierung Porzellanmanufaktur Meissen, Betrieb der SAG \u201eZement\u201c, 1950 wird die Manufaktur an die DDR verkauft, Firmierung VEB Staatliche Porzellan Manufaktur Meissen, die Manufaktur besteht heute noch, Ausf\u00fchrung mit blauer Unterglasurmalerei, Durchmesser 22 cm<\/p>\n<p><a href=\"http:\/\/museumek.eu\/?attachment_id=23168\" rel=\"attachment wp-att-23168\"><img loading=\"lazy\" src=\"http:\/\/museumek.eu\/wp-content\/uploads\/2013\/06\/025-300x279.jpg\" alt=\"\" title=\"025\" width=\"300\" height=\"279\" class=\"alignnone size-medium wp-image-23168\" srcset=\"http:\/\/museumek.eu\/wp-content\/uploads\/2013\/06\/025-300x279.jpg 300w, http:\/\/museumek.eu\/wp-content\/uploads\/2013\/06\/025-150x139.jpg 150w, http:\/\/museumek.eu\/wp-content\/uploads\/2013\/06\/025-322x300.jpg 322w, http:\/\/museumek.eu\/wp-content\/uploads\/2013\/06\/025.jpg 645w\" sizes=\"(max-width: 300px) 100vw, 300px\" \/><\/a><\/p>\n<p><a href=\"http:\/\/museumek.eu\/?attachment_id=23169\" rel=\"attachment wp-att-23169\"><img loading=\"lazy\" src=\"http:\/\/museumek.eu\/wp-content\/uploads\/2013\/06\/026-300x242.jpg\" alt=\"\" title=\"026\" width=\"300\" height=\"242\" class=\"alignnone size-medium wp-image-23169\" srcset=\"http:\/\/museumek.eu\/wp-content\/uploads\/2013\/06\/026-300x242.jpg 300w, http:\/\/museumek.eu\/wp-content\/uploads\/2013\/06\/026-150x121.jpg 150w, http:\/\/museumek.eu\/wp-content\/uploads\/2013\/06\/026-370x300.jpg 370w, http:\/\/museumek.eu\/wp-content\/uploads\/2013\/06\/026.jpg 741w\" sizes=\"(max-width: 300px) 100vw, 300px\" \/><\/a><\/p>\n<p><a href=\"http:\/\/museumek.eu\/?attachment_id=23170\" rel=\"attachment wp-att-23170\"><img loading=\"lazy\" src=\"http:\/\/museumek.eu\/wp-content\/uploads\/2013\/06\/027-300x276.jpg\" alt=\"\" title=\"027\" width=\"300\" height=\"276\" class=\"alignnone size-medium wp-image-23170\" srcset=\"http:\/\/museumek.eu\/wp-content\/uploads\/2013\/06\/027-300x276.jpg 300w, http:\/\/museumek.eu\/wp-content\/uploads\/2013\/06\/027-150x138.jpg 150w, http:\/\/museumek.eu\/wp-content\/uploads\/2013\/06\/027-325x300.jpg 325w, http:\/\/museumek.eu\/wp-content\/uploads\/2013\/06\/027.jpg 651w\" sizes=\"(max-width: 300px) 100vw, 300px\" \/><\/a><\/p>\n","protected":false},"excerpt":{"rendered":"<p>Abteilung Deutschland, Keramik 1860 \u2013 1960, Inventarnummer D\/XVI\/2 K\u00f6niglich-Polnische und Churf\u00fcrstlich-S\u00e4chsische Porcelain-Fabrique Meissen u. Nachf. Churf\u00fcrstliche Porcelain-Fabrique Meissen u. Nachf. K\u00f6niglich-S\u00e4chsische Porzellan-Manufactur Meissen u. Nachf. Staatliche Porzellan-Manufaktur Meissen, Deutschland, Meissen, 1903 &#8211; 1905, Teller, K\u00fcnstler Richard Riemerschmid, Werks.-Nr. ohne, Exemplar &hellip; <a href=\"http:\/\/museumek.eu\/?page_id=23167\">Weiterlesen <span class=\"meta-nav\">&rarr;<\/span><\/a><\/p>\n","protected":false},"author":1,"featured_media":0,"parent":2092,"menu_order":2,"comment_status":"closed","ping_status":"open","template":"","meta":[],"_links":{"self":[{"href":"http:\/\/museumek.eu\/index.php?rest_route=\/wp\/v2\/pages\/23167"}],"collection":[{"href":"http:\/\/museumek.eu\/index.php?rest_route=\/wp\/v2\/pages"}],"about":[{"href":"http:\/\/museumek.eu\/index.php?rest_route=\/wp\/v2\/types\/page"}],"author":[{"embeddable":true,"href":"http:\/\/museumek.eu\/index.php?rest_route=\/wp\/v2\/users\/1"}],"replies":[{"embeddable":true,"href":"http:\/\/museumek.eu\/index.php?rest_route=%2Fwp%2Fv2%2Fcomments&post=23167"}],"version-history":[{"count":11,"href":"http:\/\/museumek.eu\/index.php?rest_route=\/wp\/v2\/pages\/23167\/revisions"}],"predecessor-version":[{"id":43619,"href":"http:\/\/museumek.eu\/index.php?rest_route=\/wp\/v2\/pages\/23167\/revisions\/43619"}],"up":[{"embeddable":true,"href":"http:\/\/museumek.eu\/index.php?rest_route=\/wp\/v2\/pages\/2092"}],"wp:attachment":[{"href":"http:\/\/museumek.eu\/index.php?rest_route=%2Fwp%2Fv2%2Fmedia&parent=23167"}],"curies":[{"name":"wp","href":"https:\/\/api.w.org\/{rel}","templated":true}]}}