{"id":23412,"date":"2013-06-11T22:00:21","date_gmt":"2013-06-11T20:00:21","guid":{"rendered":"http:\/\/museumek.eu\/?page_id=23412"},"modified":"2021-05-30T16:00:46","modified_gmt":"2021-05-30T14:00:46","slug":"div5","status":"publish","type":"page","link":"http:\/\/museumek.eu\/?page_id=23412","title":{"rendered":"D\/IV\/5"},"content":{"rendered":"<p><strong>Abteilung Deutschland\/B\u00f6hmen, Keramik 1860 \u2013 1960, Inventarnummer D\/IV\/5<\/strong><\/p>\n<p>Porzellanfabrik Fraureuth AG, vormals Porzellanfabrik R\u00f6mer &#038; Foedisch, Deutschland, Fraureuth, um 1900, Deckelterrine, K\u00fcnstler unbekannt, Werks.-Nr. ohne, Exemplar Nr. ohne, gemarkt keine Firmenmarke aber 53, 15002, 53 sowie 2185 schwarz auf Glasur gemalt, nicht signiert, 1865 baute Georg Bruno Foedisch (gest. 1885) die Wollk\u00e4mmerei seines Gro\u00dfvaters in Fraureuth zu einer Porzellanfabrik um und gr\u00fcndete zusammen mit seinem Cousin Arved von R\u00f6mer die Porzellanfabrik R\u00f6mer &#038; Foedisch, 1867 begann die Produktion mit 60 Arbeitern, und zwei Rund\u00f6fen, es wurde vorwiegend f\u00fcr den Export produziert, Musterlager in Berlin, Wien, Hamburg und London, 1891 wird die Fabrik in eine AG umgewandelt und firmiert als Porzellanfabrik Fraureuth AG, Hauptaktion\u00e4r war ein Herr Kommerst\u00e4dt und ab 1913 Felix Singer, bis 1918 betrieb die Fabrik in Dresden eine Porzellanmalerei, eine weitere Porzellanmalerei der Fabrik bestand um 1918 in Lichte, 1919 wird die Porzellanfabrik K\u00e4mpfe &#038; Heubach in Wallendorf \u00fcbernommen und fungierte als Zweigwerk, von 1919 bis 1925 wurde in diesem Zweigwerk die Kunstabteilung der Porzellanfabrik Fraureuth AG betrieben, 1925 wurde die Wallendorfer Fabrik an Heinz Schaubach verkauft, Konkurs der Fabrik 1926, die Terrine ist Teil eines Speiseservice, weitere Teile MEK D\/IV\/4 sowie MEK D\/IV\/6 bis MEK D\/IV\/24, Jugendstildekor, Hand gemalt, H\u00f6he 18 cm, Breite 38 cm<\/p>\n<p><a href=\"http:\/\/museumek.eu\/?attachment_id=23413\" rel=\"attachment wp-att-23413\"><img loading=\"lazy\" src=\"http:\/\/museumek.eu\/wp-content\/uploads\/2013\/06\/Museum-Europ\u00e4ischer-Keramikkunst-3406-300x159.jpg\" alt=\"\" title=\"Museum Europ\u00e4ischer Keramikkunst 3406\" width=\"300\" height=\"159\" class=\"alignnone size-medium wp-image-23413\" srcset=\"http:\/\/museumek.eu\/wp-content\/uploads\/2013\/06\/Museum-Europ\u00e4ischer-Keramikkunst-3406-300x159.jpg 300w, http:\/\/museumek.eu\/wp-content\/uploads\/2013\/06\/Museum-Europ\u00e4ischer-Keramikkunst-3406-150x79.jpg 150w, http:\/\/museumek.eu\/wp-content\/uploads\/2013\/06\/Museum-Europ\u00e4ischer-Keramikkunst-3406-500x266.jpg 500w, http:\/\/museumek.eu\/wp-content\/uploads\/2013\/06\/Museum-Europ\u00e4ischer-Keramikkunst-3406.jpg 930w\" sizes=\"(max-width: 300px) 100vw, 300px\" \/><\/a><\/p>\n<p><a href=\"http:\/\/museumek.eu\/?attachment_id=23414\" rel=\"attachment wp-att-23414\"><img loading=\"lazy\" src=\"http:\/\/museumek.eu\/wp-content\/uploads\/2013\/06\/Museum-Europ\u00e4ischer-Keramikkunst-3407.jpg\" alt=\"\" title=\"Museum Europ\u00e4ischer Keramikkunst 3407\" width=\"204\" height=\"214\" class=\"alignnone size-full wp-image-23414\" srcset=\"http:\/\/museumek.eu\/wp-content\/uploads\/2013\/06\/Museum-Europ\u00e4ischer-Keramikkunst-3407.jpg 204w, http:\/\/museumek.eu\/wp-content\/uploads\/2013\/06\/Museum-Europ\u00e4ischer-Keramikkunst-3407-142x150.jpg 142w\" sizes=\"(max-width: 204px) 100vw, 204px\" \/><\/a><\/p>\n<p><a href=\"http:\/\/museumek.eu\/?attachment_id=23415\" rel=\"attachment wp-att-23415\"><img loading=\"lazy\" src=\"http:\/\/museumek.eu\/wp-content\/uploads\/2013\/06\/Museum-Europ\u00e4ischer-Keramikkunst-3408.jpg\" alt=\"\" title=\"Museum Europ\u00e4ischer Keramikkunst 3408\" width=\"105\" height=\"97\" class=\"alignnone size-full wp-image-23415\" \/><\/a><\/p>\n","protected":false},"excerpt":{"rendered":"<p>Abteilung Deutschland\/B\u00f6hmen, Keramik 1860 \u2013 1960, Inventarnummer D\/IV\/5 Porzellanfabrik Fraureuth AG, vormals Porzellanfabrik R\u00f6mer &#038; Foedisch, Deutschland, Fraureuth, um 1900, Deckelterrine, K\u00fcnstler unbekannt, Werks.-Nr. ohne, Exemplar Nr. ohne, gemarkt keine Firmenmarke aber 53, 15002, 53 sowie 2185 schwarz auf Glasur &hellip; <a href=\"http:\/\/museumek.eu\/?page_id=23412\">Weiterlesen <span class=\"meta-nav\">&rarr;<\/span><\/a><\/p>\n","protected":false},"author":1,"featured_media":0,"parent":1910,"menu_order":5,"comment_status":"closed","ping_status":"open","template":"","meta":[],"_links":{"self":[{"href":"http:\/\/museumek.eu\/index.php?rest_route=\/wp\/v2\/pages\/23412"}],"collection":[{"href":"http:\/\/museumek.eu\/index.php?rest_route=\/wp\/v2\/pages"}],"about":[{"href":"http:\/\/museumek.eu\/index.php?rest_route=\/wp\/v2\/types\/page"}],"author":[{"embeddable":true,"href":"http:\/\/museumek.eu\/index.php?rest_route=\/wp\/v2\/users\/1"}],"replies":[{"embeddable":true,"href":"http:\/\/museumek.eu\/index.php?rest_route=%2Fwp%2Fv2%2Fcomments&post=23412"}],"version-history":[{"count":6,"href":"http:\/\/museumek.eu\/index.php?rest_route=\/wp\/v2\/pages\/23412\/revisions"}],"predecessor-version":[{"id":57412,"href":"http:\/\/museumek.eu\/index.php?rest_route=\/wp\/v2\/pages\/23412\/revisions\/57412"}],"up":[{"embeddable":true,"href":"http:\/\/museumek.eu\/index.php?rest_route=\/wp\/v2\/pages\/1910"}],"wp:attachment":[{"href":"http:\/\/museumek.eu\/index.php?rest_route=%2Fwp%2Fv2%2Fmedia&parent=23412"}],"curies":[{"name":"wp","href":"https:\/\/api.w.org\/{rel}","templated":true}]}}