{"id":23512,"date":"2013-06-12T00:35:18","date_gmt":"2013-06-11T22:35:18","guid":{"rendered":"http:\/\/museumek.eu\/?page_id=23512"},"modified":"2021-05-30T15:53:15","modified_gmt":"2021-05-30T13:53:15","slug":"div13","status":"publish","type":"page","link":"http:\/\/museumek.eu\/?page_id=23512","title":{"rendered":"D\/IV\/13"},"content":{"rendered":"<p><strong>Abteilung Deutschland\/B\u00f6hmen, Keramik 1860 \u2013 1960, Inventarnummer D\/IV\/13<\/strong><\/p>\n<p>Porzellanfabrik Fraureuth AG, vormals Porzellanfabrik R\u00f6mer &#038; Foedisch, Deutschland, Fraureuth, um 1900, Speiseteller, K\u00fcnstler unbekannt, Werks.-Nr. ohne, Exemplar Nr. ohne, gemarkt erste Firmenmarke in einem Kreis PF, der Buchstabe P ist gespiegelt, \u00fcber dem Kreis ein F\u00fcrstenhut, darunter SAXONY gr\u00fcner Stempel unter Glasur, 53 schwarz auf Glasur gemalt, zus\u00e4tzlich zweite Firmenmarke in einem Kreis PF., davon das P gespiegelt, \u00fcber dem Kreis ein F\u00fcrstenhut Blindstempel sowie (7 fehlt) 93 gepresst, nicht signiert, Literatur f\u00fcr die erste Firmenmarke: Otto Pelka, Keramik der Neuzeit, Markentafel III, Markenkasten 39 identische Marke, Seite 210, Herstellerverzeichnis, Fraureuth, Porzellanfabrik Fraureuth AG Nr. 39 sowie Seite 218, Namenverzeichnis, Fraureuth, Porzellanfabrik, 58, M 39, weitere Literatur f\u00fcr die erste Firmenmarke: J. G. Th. Graesse und E. Jaenicke, F\u00fchrer f\u00fcr Sammler von Porzellan und Fayence, Steinzeug, Steingut usw., Seite 446, Marke Nr. 3 identisch, weitere Literatur f\u00fcr die erste Firmenmarke: Emanuel Poche, Porzellanmarken aus aller Welt, Marken Nr. 833 sowie Nr. 1493 identisch, weitere Literatur f\u00fcr die erste Firmenmarke: Gustav Wei\u00df, Ullstein Porzellanbuch, Seite 256, eine der Marken Nr. 3 identisch, weitere Literatur f\u00fcr die erste Firmenmarke: Dieter Z\u00fchlsdorff, Markenlexikon, Porzellan und Keramik Report 1885 &#8211; 1935, Seite 283, Werk-Teil 1., Gruppennummer des Werkteils 4., laufende Nummer innerhalb der Gruppe 928 identische Marke (dort f\u00fcr die Zeit bis 1926) sowie Seite 502\/503, Werk-Teil 3. laufende Nummer des Werkteils 374, kurze Beschreibung der Fabrik, weitere Literatur f\u00fcr die erste Firmenmarke: Ludwig Danckert, Handbuch des Europ\u00e4ischen Porzellans, 7. Auflage, Seite 185, Beschreibung der Fabrik sowie Seite 186, identische Marke, weitere Literatur f\u00fcr die erste Firmenmarke: Robert E. R\u00f6ntgen, Deutsche Porzellanmarken von 1710 bis heute, Seite 93, kurze unvollst\u00e4ndige Beschreibung der Fabrik sowie Marke 564 identisch (dort f\u00fcr die Zeit 1898 &#8211; ca. 1928), Literatur f\u00fcr die zweite Firmenmarke: Dieter Z\u00fchlsdorff, Markenlexikon, Porzellan und Keramik Report 1885 &#8211; 1935, Seite 93, Werk-Teil 1., Gruppennummer des Werkteils 1., laufende Nummer innerhalb der Gruppe 1906 identische Marke (dort f\u00fcr die Zeit 1898 &#8211; 1926, dort Eintragung ins RWZR 1899) sowie Seite 502\/503, Werk-Teil 3. laufende Nummer des Werkteils 374, kurze Beschreibung der Fabrik, weitere Literatur f\u00fcr die zweite Firmenmarke: Ludwig Danckert, Handbuch des Europ\u00e4ischen Porzellans, 7. Auflage, Seite 185, Beschreibung der Fabrik sowie Seite 186, Marke 94 identisch, weitere Literatur f\u00fcr die zweite Firmenmarke: Robert E. R\u00f6ntgen, Deutsche Porzellanmarken von 1710 bis heute, Seite 93, kurze unvollst\u00e4ndige Beschreibung der Fabrik sowie Marke 563 identisch (dort f\u00fcr die Zeit 1898 &#8211; 1935), weitere Literatur f\u00fcr die zweite Firmenmarke: Gustav Wei\u00df, Ullstein Porzellanbuch, Seite 256, eine der Marken Nr. 3 identisch, weitere Literatur f\u00fcr die zweite Firmenmarke: Otto Pelka, Keramik der Neuzeit, Markentafel III, Markenkasten 39 identische Marke, Seite 210, Herstellerverzeichnis, Fraureuth, Porzellanfabrik Fraureuth AG Nr. 39 sowie Seite 218, Namenverzeichnis, Fraureuth, Porzellanfabrik, 58, M 39, weitere Literatur f\u00fcr die zweite Firmenmarke: J. G. Th. Graesse und E. Jaenicke, F\u00fchrer f\u00fcr Sammler von Porzellan und Fayence, Steinzeug, Steingut usw., Seite 446, Marke Nr. 2 identisch, 1865 baute Georg Bruno Foedisch (gest. 1885) die Wollk\u00e4mmerei seines Gro\u00dfvaters in Fraureuth zu einer Porzellanfabrik um und gr\u00fcndete zusammen mit seinem Cousin Arved von R\u00f6mer die Porzellanfabrik R\u00f6mer &#038; Foedisch, 1867 begann die Produktion mit 60 Arbeitern, und zwei Rund\u00f6fen, es wurde vorwiegend f\u00fcr den Export produziert, Musterlager in Berlin, Wien, Hamburg und London, 1891 wird die Fabrik in eine AG umgewandelt und firmiert als Porzellanfabrik Fraureuth AG, Hauptaktion\u00e4r war ein Herr Kommerst\u00e4dt und ab 1913 Felix Singer, bis 1918 betrieb die Fabrik in Dresden eine Porzellanmalerei, eine weitere Porzellanmalerei der Fabrik bestand um 1918 in Lichte, 1919 wird die Porzellanfabrik K\u00e4mpfe &#038; Heubach in Wallendorf \u00fcbernommen und fungierte als Zweigwerk, von 1919 bis 1925 wurde in diesem Zweigwerk die Kunstabteilung der Porzellanfabrik Fraureuth AG betrieben, 1925 wurde die Wallendorfer Fabrik an Heinz Schaubach verkauft, Konkurs der Fabrik 1926, der Teller ist Teil eines Speiseservice, weitere Teile MEK D\/IV\/4 bis MEK D\/IV\/12 sowie MEK D\/IV\/14 bis MEK D\/IV\/24, Jugendstildekor, Hand gemalt, Durchmesser 25 cm<\/p>\n<p><a href=\"http:\/\/museumek.eu\/?attachment_id=23513\" rel=\"attachment wp-att-23513\"><img loading=\"lazy\" src=\"http:\/\/museumek.eu\/wp-content\/uploads\/2013\/06\/Museum-Europ\u00e4ischer-Keramikkunst-3446-300x289.jpg\" alt=\"\" title=\"Museum Europ\u00e4ischer Keramikkunst 3446\" width=\"300\" height=\"289\" class=\"alignnone size-medium wp-image-23513\" srcset=\"http:\/\/museumek.eu\/wp-content\/uploads\/2013\/06\/Museum-Europ\u00e4ischer-Keramikkunst-3446-300x289.jpg 300w, http:\/\/museumek.eu\/wp-content\/uploads\/2013\/06\/Museum-Europ\u00e4ischer-Keramikkunst-3446-150x144.jpg 150w, http:\/\/museumek.eu\/wp-content\/uploads\/2013\/06\/Museum-Europ\u00e4ischer-Keramikkunst-3446-311x300.jpg 311w, http:\/\/museumek.eu\/wp-content\/uploads\/2013\/06\/Museum-Europ\u00e4ischer-Keramikkunst-3446.jpg 701w\" sizes=\"(max-width: 300px) 100vw, 300px\" \/><\/a><\/p>\n<p><a href=\"http:\/\/museumek.eu\/?attachment_id=23514\" rel=\"attachment wp-att-23514\"><img loading=\"lazy\" src=\"http:\/\/museumek.eu\/wp-content\/uploads\/2013\/06\/Museum-Europ\u00e4ischer-Keramikkunst-3447.jpg\" alt=\"\" title=\"Museum Europ\u00e4ischer Keramikkunst 3447\" width=\"149\" height=\"154\" class=\"alignnone size-full wp-image-23514\" srcset=\"http:\/\/museumek.eu\/wp-content\/uploads\/2013\/06\/Museum-Europ\u00e4ischer-Keramikkunst-3447.jpg 149w, http:\/\/museumek.eu\/wp-content\/uploads\/2013\/06\/Museum-Europ\u00e4ischer-Keramikkunst-3447-145x150.jpg 145w\" sizes=\"(max-width: 149px) 100vw, 149px\" \/><\/a><\/p>\n<p><a href=\"http:\/\/museumek.eu\/?attachment_id=23515\" rel=\"attachment wp-att-23515\"><img loading=\"lazy\" src=\"http:\/\/museumek.eu\/wp-content\/uploads\/2013\/06\/Museum-Europ\u00e4ischer-Keramikkunst-3449-143x300.jpg\" alt=\"\" title=\"Museum Europ\u00e4ischer Keramikkunst 3449\" width=\"143\" height=\"300\" class=\"alignnone size-medium wp-image-23515\" srcset=\"http:\/\/museumek.eu\/wp-content\/uploads\/2013\/06\/Museum-Europ\u00e4ischer-Keramikkunst-3449-143x300.jpg 143w, http:\/\/museumek.eu\/wp-content\/uploads\/2013\/06\/Museum-Europ\u00e4ischer-Keramikkunst-3449-71x150.jpg 71w, http:\/\/museumek.eu\/wp-content\/uploads\/2013\/06\/Museum-Europ\u00e4ischer-Keramikkunst-3449.jpg 146w\" sizes=\"(max-width: 143px) 100vw, 143px\" \/><\/a><\/p>\n<p><a href=\"http:\/\/museumek.eu\/?attachment_id=23517\" rel=\"attachment wp-att-23517\"><img loading=\"lazy\" src=\"http:\/\/museumek.eu\/wp-content\/uploads\/2013\/06\/Museum-Europ\u00e4ischer-Keramikkunst-3448.jpg\" alt=\"\" title=\"Museum Europ\u00e4ischer Keramikkunst 3448\" width=\"105\" height=\"120\" class=\"alignnone size-full wp-image-23517\" \/><\/a><\/p>\n","protected":false},"excerpt":{"rendered":"<p>Abteilung Deutschland\/B\u00f6hmen, Keramik 1860 \u2013 1960, Inventarnummer D\/IV\/13 Porzellanfabrik Fraureuth AG, vormals Porzellanfabrik R\u00f6mer &#038; Foedisch, Deutschland, Fraureuth, um 1900, Speiseteller, K\u00fcnstler unbekannt, Werks.-Nr. ohne, Exemplar Nr. ohne, gemarkt erste Firmenmarke in einem Kreis PF, der Buchstabe P ist gespiegelt, &hellip; <a href=\"http:\/\/museumek.eu\/?page_id=23512\">Weiterlesen <span class=\"meta-nav\">&rarr;<\/span><\/a><\/p>\n","protected":false},"author":1,"featured_media":0,"parent":23484,"menu_order":13,"comment_status":"closed","ping_status":"open","template":"","meta":[],"_links":{"self":[{"href":"http:\/\/museumek.eu\/index.php?rest_route=\/wp\/v2\/pages\/23512"}],"collection":[{"href":"http:\/\/museumek.eu\/index.php?rest_route=\/wp\/v2\/pages"}],"about":[{"href":"http:\/\/museumek.eu\/index.php?rest_route=\/wp\/v2\/types\/page"}],"author":[{"embeddable":true,"href":"http:\/\/museumek.eu\/index.php?rest_route=\/wp\/v2\/users\/1"}],"replies":[{"embeddable":true,"href":"http:\/\/museumek.eu\/index.php?rest_route=%2Fwp%2Fv2%2Fcomments&post=23512"}],"version-history":[{"count":6,"href":"http:\/\/museumek.eu\/index.php?rest_route=\/wp\/v2\/pages\/23512\/revisions"}],"predecessor-version":[{"id":57394,"href":"http:\/\/museumek.eu\/index.php?rest_route=\/wp\/v2\/pages\/23512\/revisions\/57394"}],"up":[{"embeddable":true,"href":"http:\/\/museumek.eu\/index.php?rest_route=\/wp\/v2\/pages\/23484"}],"wp:attachment":[{"href":"http:\/\/museumek.eu\/index.php?rest_route=%2Fwp%2Fv2%2Fmedia&parent=23512"}],"curies":[{"name":"wp","href":"https:\/\/api.w.org\/{rel}","templated":true}]}}