{"id":23670,"date":"2013-06-13T21:23:52","date_gmt":"2013-06-13T19:23:52","guid":{"rendered":"http:\/\/museumek.eu\/?page_id=23670"},"modified":"2021-02-11T23:09:59","modified_gmt":"2021-02-11T22:09:59","slug":"dlxxxvi1","status":"publish","type":"page","link":"http:\/\/museumek.eu\/?page_id=23670","title":{"rendered":"D\/LXXXVI\/1"},"content":{"rendered":"<p><strong>Abteilung Deutschland, Keramik 1860 \u2013 1960, Inventarnummer D\/LXXXVI\/1<\/strong><\/p>\n<p>Porzellanfabrik August Bauscher und Nachf. Porzellanfabrik Weiden Gebr. Bauscher GmbH und Nachf. Gebr. Bauscher Porzellanfabrik Weiden AG und Nachf. Porzellanfabriken Lorenz Hutschenreuther AG, Werk Porzellanfabrik Weiden Gebr. Bauscher, Deutschland, Moosb\u00fcrg\/Weiden, um 1920 &#8211; 1948, Vase, K\u00fcnstler unbekannt, Werks.-Nr. ohne, Exemplar Nr. ohne, gemarkt Firmenmarke in einem Oval Bauscher Weiden, in dem Oval ein weiteres Oval mit BW (inneres Oval wohl die \u201eErdkugel\u201c darstellend, da die Fabrik sehr Export orientiert war), darunter Bavaria-Germany gr\u00fcner Stempel unter Glasur sowie 7 und O gr\u00fcn unter Glasur gestempelt, nicht signiert, Literatur: Gustav Wei\u00df, Ullstein Porzellanbuch, Seite 315, Beschreibung der Fabrik sowie Marke Nr. 2 identisch, weitere Literatur: Emanuel Poche, Porzellan-Marken aus aller Welt, Marke Nr. 1700 identisch, weitere Literatur: Ludwig Danckert, Handbuch des Europ\u00e4ischen Porzellans, 7. Auflage, Seite 748, dort Fabrikbeschreibung sowie Seite 749, Marke Nr. 238 identisch (die Marke wurde am 25.04.1921 unter Nr. 263927 in das RWZR eingetragen), weitere Literatur: Dieter Z\u00fchlsdorff, Markenlexikon Band I, Porzellan und Keramik Report 1885 &#8211; 1935, Seite 218, Werk-Teil Nr. 1. Gruppennummer des Werkteils 2., laufende Nummer innerhalb der Gruppe 2410 identische Marke (dort f\u00fcr die Zeit ab 1921) sowie Seiten 639\/640, Werk-Teil 3., laufende Nummer des Werkteils 1355, dort ausf\u00fchrliche Fabrikbeschreibung, die Fabrik wurde 1881 von dem Kaufmann August Bauscher in Moosb\u00fcrg (am 01.01.1914 in die Stadt Weiden eingemeindet) gegr\u00fcndet, Firmierung Porzellanfabrik August Bauscher, Bauscher war bis 1880 Teilhaber der Porzellanfabrik Tirschenreuth, 1882 tritt Bauschers j\u00fcngerer Bruder Conrad Bauscher in die Fabrik ein (es ist nicht bekannt, ob sich dadurch die Firmierung \u00e4nderte), 1905 wird die Fabrik GmbH, Firmierung ab da Porzellanfabrik Weiden Gebr. Bauscher GmbH, die Fabrik unterh\u00e4lt Zweigniederlassungen in den USA und Luzern, 1911 erfolgte die Umwandlung in eine AG, Firmierung ab da Gebr. Bauscher Porzellanfabrik Weiden AG, 1927 wurde die Fabrik vom Lorenz Hutschenreuther Konzern \u00fcbernommen, Firmierung ab da Porzellanfabriken Lorenz Hutschenreuther AG, Werk Porzellanfabrik Weiden Gebr. Bauscher, die Gebr. Bauscher hatten sich auf Hotelporzellan spezialisiert und waren Weltmarktf\u00fchrer, H\u00f6he 11,5 cm, Breite 8 cm<\/p>\n<p><a href=\"http:\/\/museumek.eu\/?attachment_id=23671\" rel=\"attachment wp-att-23671\"><img loading=\"lazy\" src=\"http:\/\/museumek.eu\/wp-content\/uploads\/2013\/06\/Museum-Europ\u00e4ischer-Keramikkunst-3151-192x300.jpg\" alt=\"\" title=\"Museum Europ\u00e4ischer Keramikkunst 3151\" width=\"192\" height=\"300\" class=\"alignnone size-medium wp-image-23671\" srcset=\"http:\/\/museumek.eu\/wp-content\/uploads\/2013\/06\/Museum-Europ\u00e4ischer-Keramikkunst-3151-192x300.jpg 192w, http:\/\/museumek.eu\/wp-content\/uploads\/2013\/06\/Museum-Europ\u00e4ischer-Keramikkunst-3151-96x150.jpg 96w, http:\/\/museumek.eu\/wp-content\/uploads\/2013\/06\/Museum-Europ\u00e4ischer-Keramikkunst-3151.jpg 430w\" sizes=\"(max-width: 192px) 100vw, 192px\" \/><\/a><\/p>\n<p><a href=\"http:\/\/museumek.eu\/?attachment_id=23672\" rel=\"attachment wp-att-23672\"><img loading=\"lazy\" src=\"http:\/\/museumek.eu\/wp-content\/uploads\/2013\/06\/Museum-Europ\u00e4ischer-Keramikkunst-3152-243x300.jpg\" alt=\"\" title=\"Museum Europ\u00e4ischer Keramikkunst 3152\" width=\"243\" height=\"300\" class=\"alignnone size-medium wp-image-23672\" srcset=\"http:\/\/museumek.eu\/wp-content\/uploads\/2013\/06\/Museum-Europ\u00e4ischer-Keramikkunst-3152-243x300.jpg 243w, http:\/\/museumek.eu\/wp-content\/uploads\/2013\/06\/Museum-Europ\u00e4ischer-Keramikkunst-3152-121x150.jpg 121w, http:\/\/museumek.eu\/wp-content\/uploads\/2013\/06\/Museum-Europ\u00e4ischer-Keramikkunst-3152.jpg 352w\" sizes=\"(max-width: 243px) 100vw, 243px\" \/><\/a><\/p>\n","protected":false},"excerpt":{"rendered":"<p>Abteilung Deutschland, Keramik 1860 \u2013 1960, Inventarnummer D\/LXXXVI\/1 Porzellanfabrik August Bauscher und Nachf. Porzellanfabrik Weiden Gebr. Bauscher GmbH und Nachf. Gebr. Bauscher Porzellanfabrik Weiden AG und Nachf. Porzellanfabriken Lorenz Hutschenreuther AG, Werk Porzellanfabrik Weiden Gebr. Bauscher, Deutschland, Moosb\u00fcrg\/Weiden, um 1920 &hellip; <a href=\"http:\/\/museumek.eu\/?page_id=23670\">Weiterlesen <span class=\"meta-nav\">&rarr;<\/span><\/a><\/p>\n","protected":false},"author":1,"featured_media":0,"parent":23667,"menu_order":1,"comment_status":"closed","ping_status":"open","template":"","meta":[],"_links":{"self":[{"href":"http:\/\/museumek.eu\/index.php?rest_route=\/wp\/v2\/pages\/23670"}],"collection":[{"href":"http:\/\/museumek.eu\/index.php?rest_route=\/wp\/v2\/pages"}],"about":[{"href":"http:\/\/museumek.eu\/index.php?rest_route=\/wp\/v2\/types\/page"}],"author":[{"embeddable":true,"href":"http:\/\/museumek.eu\/index.php?rest_route=\/wp\/v2\/users\/1"}],"replies":[{"embeddable":true,"href":"http:\/\/museumek.eu\/index.php?rest_route=%2Fwp%2Fv2%2Fcomments&post=23670"}],"version-history":[{"count":9,"href":"http:\/\/museumek.eu\/index.php?rest_route=\/wp\/v2\/pages\/23670\/revisions"}],"predecessor-version":[{"id":53286,"href":"http:\/\/museumek.eu\/index.php?rest_route=\/wp\/v2\/pages\/23670\/revisions\/53286"}],"up":[{"embeddable":true,"href":"http:\/\/museumek.eu\/index.php?rest_route=\/wp\/v2\/pages\/23667"}],"wp:attachment":[{"href":"http:\/\/museumek.eu\/index.php?rest_route=%2Fwp%2Fv2%2Fmedia&parent=23670"}],"curies":[{"name":"wp","href":"https:\/\/api.w.org\/{rel}","templated":true}]}}