{"id":23709,"date":"2013-06-19T18:29:55","date_gmt":"2013-06-19T16:29:55","guid":{"rendered":"http:\/\/museumek.eu\/?page_id=23709"},"modified":"2013-06-19T18:30:40","modified_gmt":"2013-06-19T16:30:40","slug":"dlxxxvii1","status":"publish","type":"page","link":"http:\/\/museumek.eu\/?page_id=23709","title":{"rendered":"D\/LXXXVII\/1"},"content":{"rendered":"<p><strong>Abteilung Deutschland, Keramik 1860 \u2013 1960, Inventarnummer D\/LXXXVII\/1<\/strong><\/p>\n<p>K\u00f6niglich privilegierte Porzellanmanufaktur Tettau AG, Deutschland, Tettau und Niederlassung Porzellanmalerei Sontag &#038; S\u00f6hne, Deutschland, Geiersthal (Th\u00fcringen), vormals K\u00f6niglich privilegierte Porzellanmanufaktur Tettau Sontag &#038; S\u00f6hne, um 1920, Vase, K\u00fcnstler unbekannt, Werks.-Nr. ohne, Exemplar Nr. ohne, gemarkt Firmenmarke Kreis mit innerer Dreiteilung, Inhalt der Teilung: oben Abbildung eines Geiers, links S &#038; S (f\u00fcr Sontag &#038; S\u00f6hne), rechts 1812 (Jahr 1812) blauvioletter Stempel auf Glasur, nicht signiert, Literatur: Otto Pelka, Keramik der Neuzeit, Markentafel Nr. III, Marke Nr. 44 identisch, Seite 210, Herstellerverzeichnis, Geiersthal, Sontag &#038; S\u00f6hne sowie Seite 221 Namenverzeichnis, Sontag &#038; S\u00f6hne, M 44, 1794 gr\u00fcndeten der Coburger Kaufmann Johann Friedrich Schmidt und der Kloster Veilsdorfer Porzellanfabrikant Georg Christian Friedmann Greiner die K\u00f6niglich privilegierte Porzellanfabrik Tettau Schmidt &#038; Greiner (Friedrich Wilhelm II beauftragte zur Erteilung des Privilegum ein Gutachten, welches Alexander von Humboldt verfa\u00dfte), wann Schmidt ausschied war nicht zu eruieren, gleich falls nicht Greiner Tod, anscheinend wurde aber sp\u00e4testens um 1852 Greiners Sohn Balthasar Inhaber, der 1852 die Fabrik an Ferdinand Klaus verkaufte, Firmierung K\u00f6niglich privilegierte Porzellanfabrik Tettau Ferdinand Klaus, 1866 verkaufte Klaus die Fabrik an Wilhelm Sontag und Karl Birkner, Firmierung K\u00f6niglich privilegierte Porzellanfabrik Tettau Sontag &#038; Birkner, 1879 trat Birkner aus und Ludwig Maisel wurde Mitinhaber, Firmierung K\u00f6niglich privilegierte Porzellanfabrik Tettau Sontag &#038; Maisel, 1897 wurde die Fabrik durch ein Gro\u00dffeuer zerst\u00f6rt und Maisel trat zum Ende des Wiederaufbaus der Fabrik 1902 aus, daf\u00fcr traten Sontags S\u00f6hne ein, Firmierung K\u00f6niglich privilegierte Porzellanfabrik Tettau Sontag &#038; S\u00f6hne, kurz nach dem Eintritt der S\u00f6hne wurde in Geiersthal (Th\u00fcringen) ein eigenes Dekorationsstudio in Form einer Porzellanmalerei er\u00f6ffnet, diese erhielt eine eigene Marke (wie oben beschrieben) und bestand wohl bis ca. 1930, 1915 wurde die Fabrik zur AG, Firmierung K\u00f6niglich privilegierte Porzellanmanufaktur Tettau AG (evtl. sp\u00e4ter dann als Porzellanmanufaktur Tettau AG, in der Literatur: Gustav Wei\u00df, Ullstein Porzellanbuch, Seite 309 sind beide Benennungen aufgef\u00fchrt), die AG wurde 1958 von der Seltmann Weiden Gruppe \u00fcbernommen, da es die Geiersthal Marke auch in Verbindung mit der gleichzeitigen Markung der Fraureuther Porzellanfabrik gibt, ging entweder um 1930 die Porzellanmalerei auf die Fraureuther Porzellanfabrik \u00fcber oder in Geiersthal wurden auch Bemalungs-Auftragsarbeiten f\u00fcr die Fraureuther Fabrik ausgef\u00fchrt, Ausf\u00fchrung als Porzellanvase, hergestellt als Halbfabrikat in Tettau, Hand bemalt in Geiersthal,<br \/>\nH\u00f6he 9 cm, Breite 10 cm<\/p>\n<p><a href=\"http:\/\/museumek.eu\/?attachment_id=23710\" rel=\"attachment wp-att-23710\"><img loading=\"lazy\" src=\"http:\/\/museumek.eu\/wp-content\/uploads\/2013\/06\/Museum-Europ\u00e4ischer-Keramikkunst-3002-300x297.jpg\" alt=\"\" title=\"Museum Europ\u00e4ischer Keramikkunst 3002\" width=\"300\" height=\"297\" class=\"alignnone size-medium wp-image-23710\" srcset=\"http:\/\/museumek.eu\/wp-content\/uploads\/2013\/06\/Museum-Europ\u00e4ischer-Keramikkunst-3002-300x297.jpg 300w, http:\/\/museumek.eu\/wp-content\/uploads\/2013\/06\/Museum-Europ\u00e4ischer-Keramikkunst-3002-150x148.jpg 150w, http:\/\/museumek.eu\/wp-content\/uploads\/2013\/06\/Museum-Europ\u00e4ischer-Keramikkunst-3002-302x300.jpg 302w, http:\/\/museumek.eu\/wp-content\/uploads\/2013\/06\/Museum-Europ\u00e4ischer-Keramikkunst-3002.jpg 538w\" sizes=\"(max-width: 300px) 100vw, 300px\" \/><\/a><\/p>\n<p><a href=\"http:\/\/museumek.eu\/?attachment_id=23711\" rel=\"attachment wp-att-23711\"><img loading=\"lazy\" src=\"http:\/\/museumek.eu\/wp-content\/uploads\/2013\/06\/Museum-Europ\u00e4ischer-Keramikkunst-3004-300x172.jpg\" alt=\"\" title=\"Museum Europ\u00e4ischer Keramikkunst 3004\" width=\"300\" height=\"172\" class=\"alignnone size-medium wp-image-23711\" srcset=\"http:\/\/museumek.eu\/wp-content\/uploads\/2013\/06\/Museum-Europ\u00e4ischer-Keramikkunst-3004-300x172.jpg 300w, http:\/\/museumek.eu\/wp-content\/uploads\/2013\/06\/Museum-Europ\u00e4ischer-Keramikkunst-3004-150x86.jpg 150w, http:\/\/museumek.eu\/wp-content\/uploads\/2013\/06\/Museum-Europ\u00e4ischer-Keramikkunst-3004-500x287.jpg 500w, http:\/\/museumek.eu\/wp-content\/uploads\/2013\/06\/Museum-Europ\u00e4ischer-Keramikkunst-3004.jpg 662w\" sizes=\"(max-width: 300px) 100vw, 300px\" \/><\/a><\/p>\n","protected":false},"excerpt":{"rendered":"<p>Abteilung Deutschland, Keramik 1860 \u2013 1960, Inventarnummer D\/LXXXVII\/1 K\u00f6niglich privilegierte Porzellanmanufaktur Tettau AG, Deutschland, Tettau und Niederlassung Porzellanmalerei Sontag &#038; S\u00f6hne, Deutschland, Geiersthal (Th\u00fcringen), vormals K\u00f6niglich privilegierte Porzellanmanufaktur Tettau Sontag &#038; S\u00f6hne, um 1920, Vase, K\u00fcnstler unbekannt, Werks.-Nr. ohne, Exemplar &hellip; <a href=\"http:\/\/museumek.eu\/?page_id=23709\">Weiterlesen <span class=\"meta-nav\">&rarr;<\/span><\/a><\/p>\n","protected":false},"author":1,"featured_media":0,"parent":23706,"menu_order":1,"comment_status":"closed","ping_status":"open","template":"","meta":[],"_links":{"self":[{"href":"http:\/\/museumek.eu\/index.php?rest_route=\/wp\/v2\/pages\/23709"}],"collection":[{"href":"http:\/\/museumek.eu\/index.php?rest_route=\/wp\/v2\/pages"}],"about":[{"href":"http:\/\/museumek.eu\/index.php?rest_route=\/wp\/v2\/types\/page"}],"author":[{"embeddable":true,"href":"http:\/\/museumek.eu\/index.php?rest_route=\/wp\/v2\/users\/1"}],"replies":[{"embeddable":true,"href":"http:\/\/museumek.eu\/index.php?rest_route=%2Fwp%2Fv2%2Fcomments&post=23709"}],"version-history":[{"count":6,"href":"http:\/\/museumek.eu\/index.php?rest_route=\/wp\/v2\/pages\/23709\/revisions"}],"predecessor-version":[{"id":23717,"href":"http:\/\/museumek.eu\/index.php?rest_route=\/wp\/v2\/pages\/23709\/revisions\/23717"}],"up":[{"embeddable":true,"href":"http:\/\/museumek.eu\/index.php?rest_route=\/wp\/v2\/pages\/23706"}],"wp:attachment":[{"href":"http:\/\/museumek.eu\/index.php?rest_route=%2Fwp%2Fv2%2Fmedia&parent=23709"}],"curies":[{"name":"wp","href":"https:\/\/api.w.org\/{rel}","templated":true}]}}