{"id":23926,"date":"2013-06-22T12:39:24","date_gmt":"2013-06-22T10:39:24","guid":{"rendered":"http:\/\/museumek.eu\/?page_id=23926"},"modified":"2013-06-22T12:39:24","modified_gmt":"2013-06-22T10:39:24","slug":"eviii4","status":"publish","type":"page","link":"http:\/\/museumek.eu\/?page_id=23926","title":{"rendered":"E\/VIII\/4"},"content":{"rendered":"<p><strong>Abteilung England, Keramik 1860 \u2013 1960, Inventarnummer E\/VIII\/4<\/strong><\/p>\n<p>Royal Doulton &#038; Co. Ltd., England, Lambeth (London) und Burslem (Staffordshire) und Vorg\u00e4nger Doulton &#038; Co., England, Lambeth (London) und Burslem (Staffordshire), um 1891, Zierteller im chinesischen Stil, K\u00fcnstler unbekannt, Werks.-Nr. a p (oder 1) 628, Exemplar Nr. ohne, gemarkt Firmenmarke Kreis mit Burslem, Doulton sowie England Trockenstempel gepresst, Doultons Kubus (?) schwarzer Stempel unter Glasur, 8-08 gepresst, a p (oder 1) sowie xx schwarz auf Glasur gemalt, Literatur: Edgar Pelichet, Jugendstilkeramik, Seite 123, Beschreibung der Fabrik, weitere Literatur: Christel Mosel, Kunsthandwerk im Umbruch, Jugendstil und Zwanziger Jahre, Seite 60\/61, Beschreibung der Fabrik, 1815 gr\u00fcndeten John Doulton, Martha Jones und John Watts die Jones, Watts &#038; Doulton Pottery, bereits 1820 tritt Martha Jones aus, ab 1826 nennt sich die Fabrik Doulton &#038; Watts, 1835 tritt der Sohn Doultons, Henry Doulton als 15-j\u00e4hriger in die Fabrik ein, ab 1853 firmierte die Fabrik als Doulton &#038; Co., um 1880 kaufte Doulton &#038; Co, die 1862 gegr\u00fcndete keramische Fabrik Pinder, Bourne &#038; Co. in Burslem hinzu, um 1871 Einrichtung eines eigenen K\u00fcnstlerstudios in Lambeth, 1886 oder 1887 wurde Henry Doulton von Queen Victoria zum Ritter geschlagen, seit dieser Zeit wurde die Marke bekr\u00f6nt, 1897 starb Henry Doulton und sein Sohn Henry Louis Doulton \u00fcbernahm die Fabrikleitung, um 1901 wurde die Fabrik durch K\u00f6nig Edward VII zum Hoflieferanten ernannt und firmierte nun mit Royal, zur gleichen Zeit fa\u00dfte Henry Louis Doulton die Fabriken zu einer Limited zusammen und firmierte als Royal Doulton &#038; Co. Ltd., Datierung: ab 1891 wurde in England der Zusatz des Wortes England (meist gepresst) verwendet, Durchmesser 24,5 cm<\/p>\n<p><a href=\"http:\/\/museumek.eu\/?attachment_id=23927\" rel=\"attachment wp-att-23927\"><img loading=\"lazy\" src=\"http:\/\/museumek.eu\/wp-content\/uploads\/2013\/06\/Museum-Europ\u00e4ischer-Keramikkunst-3560-300x290.jpg\" alt=\"\" title=\"Museum Europ\u00e4ischer Keramikkunst 3560\" width=\"300\" height=\"290\" class=\"alignnone size-medium wp-image-23927\" srcset=\"http:\/\/museumek.eu\/wp-content\/uploads\/2013\/06\/Museum-Europ\u00e4ischer-Keramikkunst-3560-300x290.jpg 300w, http:\/\/museumek.eu\/wp-content\/uploads\/2013\/06\/Museum-Europ\u00e4ischer-Keramikkunst-3560-150x145.jpg 150w, http:\/\/museumek.eu\/wp-content\/uploads\/2013\/06\/Museum-Europ\u00e4ischer-Keramikkunst-3560-309x300.jpg 309w, http:\/\/museumek.eu\/wp-content\/uploads\/2013\/06\/Museum-Europ\u00e4ischer-Keramikkunst-3560.jpg 771w\" sizes=\"(max-width: 300px) 100vw, 300px\" \/><\/a><\/p>\n<p><a href=\"http:\/\/museumek.eu\/?attachment_id=23928\" rel=\"attachment wp-att-23928\"><img loading=\"lazy\" src=\"http:\/\/museumek.eu\/wp-content\/uploads\/2013\/06\/Museum-Europ\u00e4ischer-Keramikkunst-3564-300x261.jpg\" alt=\"\" title=\"Museum Europ\u00e4ischer Keramikkunst 3564\" width=\"300\" height=\"261\" class=\"alignnone size-medium wp-image-23928\" srcset=\"http:\/\/museumek.eu\/wp-content\/uploads\/2013\/06\/Museum-Europ\u00e4ischer-Keramikkunst-3564-300x261.jpg 300w, http:\/\/museumek.eu\/wp-content\/uploads\/2013\/06\/Museum-Europ\u00e4ischer-Keramikkunst-3564-150x130.jpg 150w, http:\/\/museumek.eu\/wp-content\/uploads\/2013\/06\/Museum-Europ\u00e4ischer-Keramikkunst-3564-344x300.jpg 344w, http:\/\/museumek.eu\/wp-content\/uploads\/2013\/06\/Museum-Europ\u00e4ischer-Keramikkunst-3564.jpg 688w\" sizes=\"(max-width: 300px) 100vw, 300px\" \/><\/a><\/p>\n<p><a href=\"http:\/\/museumek.eu\/?attachment_id=23929\" rel=\"attachment wp-att-23929\"><img loading=\"lazy\" src=\"http:\/\/museumek.eu\/wp-content\/uploads\/2013\/06\/Museum-Europ\u00e4ischer-Keramikkunst-3561.jpg\" alt=\"\" title=\"Museum Europ\u00e4ischer Keramikkunst 3561\" width=\"228\" height=\"122\" class=\"alignnone size-full wp-image-23929\" srcset=\"http:\/\/museumek.eu\/wp-content\/uploads\/2013\/06\/Museum-Europ\u00e4ischer-Keramikkunst-3561.jpg 228w, http:\/\/museumek.eu\/wp-content\/uploads\/2013\/06\/Museum-Europ\u00e4ischer-Keramikkunst-3561-150x80.jpg 150w\" sizes=\"(max-width: 228px) 100vw, 228px\" \/><\/a><\/p>\n<p><a href=\"http:\/\/museumek.eu\/?attachment_id=23930\" rel=\"attachment wp-att-23930\"><img loading=\"lazy\" src=\"http:\/\/museumek.eu\/wp-content\/uploads\/2013\/06\/Museum-Europ\u00e4ischer-Keramikkunst-3563-300x174.jpg\" alt=\"\" title=\"Museum Europ\u00e4ischer Keramikkunst 3563\" width=\"300\" height=\"174\" class=\"alignnone size-medium wp-image-23930\" srcset=\"http:\/\/museumek.eu\/wp-content\/uploads\/2013\/06\/Museum-Europ\u00e4ischer-Keramikkunst-3563-300x174.jpg 300w, http:\/\/museumek.eu\/wp-content\/uploads\/2013\/06\/Museum-Europ\u00e4ischer-Keramikkunst-3563-150x87.jpg 150w, http:\/\/museumek.eu\/wp-content\/uploads\/2013\/06\/Museum-Europ\u00e4ischer-Keramikkunst-3563.jpg 331w\" sizes=\"(max-width: 300px) 100vw, 300px\" \/><\/a><\/p>\n<p><a href=\"http:\/\/museumek.eu\/?attachment_id=23931\" rel=\"attachment wp-att-23931\"><img loading=\"lazy\" src=\"http:\/\/museumek.eu\/wp-content\/uploads\/2013\/06\/Museum-Europ\u00e4ischer-Keramikkunst-3562-300x140.jpg\" alt=\"\" title=\"Museum Europ\u00e4ischer Keramikkunst 3562\" width=\"300\" height=\"140\" class=\"alignnone size-medium wp-image-23931\" srcset=\"http:\/\/museumek.eu\/wp-content\/uploads\/2013\/06\/Museum-Europ\u00e4ischer-Keramikkunst-3562-300x140.jpg 300w, http:\/\/museumek.eu\/wp-content\/uploads\/2013\/06\/Museum-Europ\u00e4ischer-Keramikkunst-3562-150x70.jpg 150w, http:\/\/museumek.eu\/wp-content\/uploads\/2013\/06\/Museum-Europ\u00e4ischer-Keramikkunst-3562-500x234.jpg 500w, http:\/\/museumek.eu\/wp-content\/uploads\/2013\/06\/Museum-Europ\u00e4ischer-Keramikkunst-3562.jpg 640w\" sizes=\"(max-width: 300px) 100vw, 300px\" \/><\/a><\/p>\n","protected":false},"excerpt":{"rendered":"<p>Abteilung England, Keramik 1860 \u2013 1960, Inventarnummer E\/VIII\/4 Royal Doulton &#038; Co. Ltd., England, Lambeth (London) und Burslem (Staffordshire) und Vorg\u00e4nger Doulton &#038; Co., England, Lambeth (London) und Burslem (Staffordshire), um 1891, Zierteller im chinesischen Stil, K\u00fcnstler unbekannt, Werks.-Nr. a &hellip; <a href=\"http:\/\/museumek.eu\/?page_id=23926\">Weiterlesen <span class=\"meta-nav\">&rarr;<\/span><\/a><\/p>\n","protected":false},"author":1,"featured_media":0,"parent":10839,"menu_order":4,"comment_status":"closed","ping_status":"open","template":"","meta":[],"_links":{"self":[{"href":"http:\/\/museumek.eu\/index.php?rest_route=\/wp\/v2\/pages\/23926"}],"collection":[{"href":"http:\/\/museumek.eu\/index.php?rest_route=\/wp\/v2\/pages"}],"about":[{"href":"http:\/\/museumek.eu\/index.php?rest_route=\/wp\/v2\/types\/page"}],"author":[{"embeddable":true,"href":"http:\/\/museumek.eu\/index.php?rest_route=\/wp\/v2\/users\/1"}],"replies":[{"embeddable":true,"href":"http:\/\/museumek.eu\/index.php?rest_route=%2Fwp%2Fv2%2Fcomments&post=23926"}],"version-history":[{"count":4,"href":"http:\/\/museumek.eu\/index.php?rest_route=\/wp\/v2\/pages\/23926\/revisions"}],"predecessor-version":[{"id":23935,"href":"http:\/\/museumek.eu\/index.php?rest_route=\/wp\/v2\/pages\/23926\/revisions\/23935"}],"up":[{"embeddable":true,"href":"http:\/\/museumek.eu\/index.php?rest_route=\/wp\/v2\/pages\/10839"}],"wp:attachment":[{"href":"http:\/\/museumek.eu\/index.php?rest_route=%2Fwp%2Fv2%2Fmedia&parent=23926"}],"curies":[{"name":"wp","href":"https:\/\/api.w.org\/{rel}","templated":true}]}}