{"id":23946,"date":"2013-06-22T14:50:06","date_gmt":"2013-06-22T12:50:06","guid":{"rendered":"http:\/\/museumek.eu\/?page_id=23946"},"modified":"2015-03-30T21:36:53","modified_gmt":"2015-03-30T19:36:53","slug":"dxviii6","status":"publish","type":"page","link":"http:\/\/museumek.eu\/?page_id=23946","title":{"rendered":"D\/XVIII\/6"},"content":{"rendered":"<p><strong>Abteilung Deutschland, Keramik 1860 \u2013 1960, Inventarnummer D\/XVIII\/6<\/strong><\/p>\n<p>Steingut- und Porzellanfabrik Georg Schmider und Nachf. Georg Schmider Vereinigte Zeller Keramische Fabriken, Deutschland, Zell am Harmersbach, nach 1900, Gedeck, K\u00fcnstler unbekannt, Werks.-Nr. 530 (Dekornummer (?), Exemplar Nr. ohne, gemarkt Firmenmarke stilisierte Krone, darunter G.S. (f\u00fcr Georg Schmider), darunter Zell, darunter Baden sowie 530 rotbrauner Stempel auf Glasur, weitere Firmenmarke Tasse mit G, Zell, S gepresst, FW sowie G 19 gepresst, nicht signiert, Literatur: Otto Pelka, Keramik der Neuzeit, Markentafel XI, Marke Nr. 171 (Marke mit gepresster Tasse) identisch sowie Seite 221, Erkl\u00e4rung zur Marke, dort falsch bezeichnet, statt Georg Schmider, Georg Schneider (Druckfehler oder Recherchefehler), weitere Literatur: Emanuel Poche, Porzellanmarken aus aller Welt, Marken Nr. 1727 und Nr. 1728 identisch, weitere Literatur: Gustav Wei\u00df, Ullstein Porzellanbuch, Seite 320, Marken Nr. 2 identisch, die Fabrik Georg Schmider Vereinigte Zeller Keramische Fabriken entstand im Gr\u00fcndungsjahr 1907 aus der Zusammenf\u00fchrung mehrerer Fabriken, im Juni 1790 wurde Joseph Anton Burger zum Fayencier-Handwerk zugelassen, am 22. 10.1794 gr\u00fcndete er die Zeller Fayencefabrik, 1802 traten Jakob Ferdinand Lenz und H. Schnitzler in die Fabrik ein, 1819 tritt Burger aus, wann Schnitzler austrat ist nicht bekannt, Lenz wird Alleineigent\u00fcmer und firmiert J. F. Lenz Porzellan-, Steingut- und Majolikafabrik, 1869 erfolgte ein nicht weiter recherchierbarer Eigent\u00fcmerwechsel, 1874 wird Carl Schaaf Eigent\u00fcmer und firmiert in altdeutscher Schreibweise als C. Schaaff, vormals J. F. Lenz, Steingutfabrik, ab 1907 Eigent\u00fcmer Georg Schmider Vereinigte Zeller Keramische Fabriken, 1859 entsteht in Zell ein zweite keramische Fabrik, die sog. Lower Fabrik (am unteren Tor gelegen), deren Mitinhaber der Kaufmann Georg Schmider wurde, 1897 (?) wurde Schmider Alleineigent\u00fcmer und firmierte wohl sp\u00e4testens zu dieser Zeit als Steingut- und Porzellanfabrik Georg Schmider, er kaufte au\u00dferdem die 1872 gegr\u00fcndete Fabrik Schaible &#038; Co. sowie die 1818 gegr\u00fcndete Fabrik Haager, Hoerth &#038; Cie. (dort war er fr\u00fcher Mitarbeiter) auf, <strong>Schmider entwickelte 1897\/1898 eine eigene Firmenmarke (berankter Rundstempel), mu\u00dfte aber noch kurze Zeit, wohl aus vertraglichen Gr\u00fcnden statt Georg Schmider, H.H. &#038; Cie. in die Firmenmarke schreiben, wobei das H. H. f\u00fcr Haager Hoerth steht, das MEK bezeichnet diese Marke Schmiders als \u00dcbergangsmarke, die Folgemarke ist die erste uneingeschr\u00e4nkt eigenst\u00e4ndige Marke Schmiders, siehe diese erste Marke bei MEK D\/XVIII\/4 und MEK D\/XVIII\/5, nach 1900 benutzte Schmider auch andere Firmenmarken<\/strong>, Schmider engagierte bedeutende K\u00fcnstler, u. a. Elisabeth Schmidt-Pecht, die wohl ausgehandelt hatte, dass Keramiken mit ihren Dekoren eine S P Kennzeichnung erhalten, das SP f\u00fcr Schmidt-Pecht wird manchmal als S f\u00fcr Steingut und P f\u00fcr Porzellan interpretiert, das ist falsch, bevor Schmider alle seine Fabriken zur Georg Schmider Vereinigte Zeller Keramische Fabriken vereinigen konnte, kam es zu zeitlichen Verz\u00f6gerungen, bedingt durch zwei Gro\u00dfbr\u00e4nde in Zell a. H., 1899 und 1904, die auch die Fabriken in Mitleidenschaft zogen, letztlich erfolgte die Gr\u00fcndung 1907, 1934 starb Schmider und sein bereits in der Gesch\u00e4ftsleitung besch\u00e4ftigter Schwiegersohn Heinrich Haiss wurde neuer Inhaber, danach dessen Sohn G\u00fcnter Haiss, die Fabrik war bis 1988 in Familienbesitz, Tasse: H\u00f6he 6,5 cm, Breite 12,5 cm, kleiner Teller: Durchmesser 14,5 cm, gro\u00dfer Teller: Durchmesser 19 cm<\/p>\n<p><a href=\"http:\/\/museumek.eu\/?attachment_id=23947\" rel=\"attachment wp-att-23947\"><img loading=\"lazy\" src=\"http:\/\/museumek.eu\/wp-content\/uploads\/2013\/06\/Museum-Europ\u00e4ischer-Keramikkunst-1807-300x269.jpg\" alt=\"\" title=\"Museum Europ\u00e4ischer Keramikkunst 1807\" width=\"300\" height=\"269\" class=\"alignnone size-medium wp-image-23947\" srcset=\"http:\/\/museumek.eu\/wp-content\/uploads\/2013\/06\/Museum-Europ\u00e4ischer-Keramikkunst-1807-300x269.jpg 300w, http:\/\/museumek.eu\/wp-content\/uploads\/2013\/06\/Museum-Europ\u00e4ischer-Keramikkunst-1807-150x134.jpg 150w, http:\/\/museumek.eu\/wp-content\/uploads\/2013\/06\/Museum-Europ\u00e4ischer-Keramikkunst-1807-334x300.jpg 334w, http:\/\/museumek.eu\/wp-content\/uploads\/2013\/06\/Museum-Europ\u00e4ischer-Keramikkunst-1807.jpg 709w\" sizes=\"(max-width: 300px) 100vw, 300px\" \/><\/a><\/p>\n<p><a href=\"http:\/\/museumek.eu\/?attachment_id=23952\" rel=\"attachment wp-att-23952\"><img loading=\"lazy\" src=\"http:\/\/museumek.eu\/wp-content\/uploads\/2013\/06\/Museum-Europ\u00e4ischer-Keramikkunst-1808-153x300.jpg\" alt=\"\" title=\"Museum Europ\u00e4ischer Keramikkunst 1808\" width=\"153\" height=\"300\" class=\"alignnone size-medium wp-image-23952\" srcset=\"http:\/\/museumek.eu\/wp-content\/uploads\/2013\/06\/Museum-Europ\u00e4ischer-Keramikkunst-1808-153x300.jpg 153w, http:\/\/museumek.eu\/wp-content\/uploads\/2013\/06\/Museum-Europ\u00e4ischer-Keramikkunst-1808-76x150.jpg 76w\" sizes=\"(max-width: 153px) 100vw, 153px\" \/><\/a><\/p>\n<p><a href=\"http:\/\/museumek.eu\/?attachment_id=23953\" rel=\"attachment wp-att-23953\"><img loading=\"lazy\" src=\"http:\/\/museumek.eu\/wp-content\/uploads\/2013\/06\/Museum-Europ\u00e4ischer-Keramikkunst-1811-300x263.jpg\" alt=\"\" title=\"Museum Europ\u00e4ischer Keramikkunst 1811\" width=\"300\" height=\"263\" class=\"alignnone size-medium wp-image-23953\" srcset=\"http:\/\/museumek.eu\/wp-content\/uploads\/2013\/06\/Museum-Europ\u00e4ischer-Keramikkunst-1811-300x263.jpg 300w, http:\/\/museumek.eu\/wp-content\/uploads\/2013\/06\/Museum-Europ\u00e4ischer-Keramikkunst-1811-150x131.jpg 150w, http:\/\/museumek.eu\/wp-content\/uploads\/2013\/06\/Museum-Europ\u00e4ischer-Keramikkunst-1811-341x300.jpg 341w, http:\/\/museumek.eu\/wp-content\/uploads\/2013\/06\/Museum-Europ\u00e4ischer-Keramikkunst-1811.jpg 369w\" sizes=\"(max-width: 300px) 100vw, 300px\" \/><\/a><\/p>\n<p><a href=\"http:\/\/museumek.eu\/?attachment_id=23954\" rel=\"attachment wp-att-23954\"><img loading=\"lazy\" src=\"http:\/\/museumek.eu\/wp-content\/uploads\/2013\/06\/Museum-Europ\u00e4ischer-Keramikkunst-1814-300x286.jpg\" alt=\"\" title=\"Museum Europ\u00e4ischer Keramikkunst 1814\" width=\"300\" height=\"286\" class=\"alignnone size-medium wp-image-23954\" srcset=\"http:\/\/museumek.eu\/wp-content\/uploads\/2013\/06\/Museum-Europ\u00e4ischer-Keramikkunst-1814-300x286.jpg 300w, http:\/\/museumek.eu\/wp-content\/uploads\/2013\/06\/Museum-Europ\u00e4ischer-Keramikkunst-1814-150x143.jpg 150w, http:\/\/museumek.eu\/wp-content\/uploads\/2013\/06\/Museum-Europ\u00e4ischer-Keramikkunst-1814.jpg 341w\" sizes=\"(max-width: 300px) 100vw, 300px\" \/><\/a><\/p>\n","protected":false},"excerpt":{"rendered":"<p>Abteilung Deutschland, Keramik 1860 \u2013 1960, Inventarnummer D\/XVIII\/6 Steingut- und Porzellanfabrik Georg Schmider und Nachf. Georg Schmider Vereinigte Zeller Keramische Fabriken, Deutschland, Zell am Harmersbach, nach 1900, Gedeck, K\u00fcnstler unbekannt, Werks.-Nr. 530 (Dekornummer (?), Exemplar Nr. ohne, gemarkt Firmenmarke stilisierte &hellip; <a href=\"http:\/\/museumek.eu\/?page_id=23946\">Weiterlesen <span class=\"meta-nav\">&rarr;<\/span><\/a><\/p>\n","protected":false},"author":1,"featured_media":0,"parent":2116,"menu_order":6,"comment_status":"closed","ping_status":"open","template":"","meta":[],"_links":{"self":[{"href":"http:\/\/museumek.eu\/index.php?rest_route=\/wp\/v2\/pages\/23946"}],"collection":[{"href":"http:\/\/museumek.eu\/index.php?rest_route=\/wp\/v2\/pages"}],"about":[{"href":"http:\/\/museumek.eu\/index.php?rest_route=\/wp\/v2\/types\/page"}],"author":[{"embeddable":true,"href":"http:\/\/museumek.eu\/index.php?rest_route=\/wp\/v2\/users\/1"}],"replies":[{"embeddable":true,"href":"http:\/\/museumek.eu\/index.php?rest_route=%2Fwp%2Fv2%2Fcomments&post=23946"}],"version-history":[{"count":10,"href":"http:\/\/museumek.eu\/index.php?rest_route=\/wp\/v2\/pages\/23946\/revisions"}],"predecessor-version":[{"id":38246,"href":"http:\/\/museumek.eu\/index.php?rest_route=\/wp\/v2\/pages\/23946\/revisions\/38246"}],"up":[{"embeddable":true,"href":"http:\/\/museumek.eu\/index.php?rest_route=\/wp\/v2\/pages\/2116"}],"wp:attachment":[{"href":"http:\/\/museumek.eu\/index.php?rest_route=%2Fwp%2Fv2%2Fmedia&parent=23946"}],"curies":[{"name":"wp","href":"https:\/\/api.w.org\/{rel}","templated":true}]}}