{"id":24071,"date":"2013-06-22T23:42:11","date_gmt":"2013-06-22T21:42:11","guid":{"rendered":"http:\/\/museumek.eu\/?page_id=24071"},"modified":"2013-07-27T18:16:30","modified_gmt":"2013-07-27T16:16:30","slug":"dlxxxv2","status":"publish","type":"page","link":"http:\/\/museumek.eu\/?page_id=24071","title":{"rendered":"D\/LXXXV\/2"},"content":{"rendered":"<p><strong>Abteilung Deutschland, Keramik 1860 \u2013 1960, Inventarnummer D\/LXXXV\/\/2<\/strong><\/p>\n<p>Keramische Werke C. &#038; E. Carstens, Feinsteingutfabrik Gr\u00e4fenroda, Deutschland, Gr\u00e4fenroda, um 1920, Vase, K\u00fcnstler unbekannt (evtl. Berthold L\u00f6ffler, der zu dieser Zeit Entw\u00fcrfe f\u00fcr die Fabrik fertigte), Werks.-Nr. 902 (Dekornummer), Exemplar Nr. 40 (?), gemarkt Firmenmarke Wappenschild mit C Baum G (auch mit Gr\u00e4fenroda dar\u00fcber m\u00f6glich), Dec. 902 sowie 40 schwarze Stempel unter Glasur, nicht signiert, Literatur: Gustav Wei\u00df, Ullstein Porzellanbuch, Seite 260, Marke Nr. 6 fast identisch, der Ursprung der insgesamt 15 Carstens Fabriken bis ca. Ende WK II mit ca. 4.000 Mitarbeitern (Neuhaldensleben 1900 \u2013 1948, Elmshorn 1905 \u2013 1938, Sorau 1918 \u2013 1945, Hirschau 1918 \u2013 1945, Gr\u00e4fenroda um 1918 \u2013 1948, Zeven 1924 \u2013 1927, Georgenthal 1919 \u2013 1948, Rheinsberg 1901 \u2013 1948, Wallhausen 1912 \u2013 heute, Reichenbach 1918 \u2013 1948, Rathenow 1919 \u2013 1929, Neuhaldensleben ehemals Uffrecht 1924 \u2013 1948, Blankenhain 1933 \u2013 1945, Greu\u00dfen und L\u00fcbeck) geht zur\u00fcck auf den Porzellan-, Keramik- und Glasgrossh\u00e4ndler Christian Hinrich Carstens der seine Firma 1878 gr\u00fcndete, die S\u00f6hne Christian und Ernst kauften um 1900 bis 1924 o. g. Fabriken auf, Eigent\u00fcmer war jeweils entweder Ernst oder Christian, wohl jeweils mit einer eigenen KG f\u00fcr jede Fabrik, interessant ist die wohl nach dem WK II entstandene T\u00f6pferei T\u00f6nnieshof, Eigent\u00fcmer Ernst Carstens, die sp\u00e4ter Goldscheider Entw\u00fcrfe und als Goldscheider Weltmarke der Keramik auch eigene Entw\u00fcrfe produzierte, Fabrikeigent\u00fcmer Christian Carstens starb 1929, seine S\u00f6hne f\u00fchrten die Fabrik fort und firmierten als Feinsteingutfabrik Chr. Carsten KG, die Fabrik wurde 1948 enteignet, das MEK fasst die Carstens Fabriken als Keramische Werke C. &#038; E. Carstens als Oberbegriff zusammen und benennt dann im weiteren die einzelne Fabrik, ob und f\u00fcr welchen Zeitraum das richtig ist, l\u00e4\u00dft sich nur schwer eruieren, da das gesamte keramische Schaffen der Carstens in der Literatur nur unzureichend aufgearbeitet ist, der Oberbegriff findet sich auch aber eben unbestimmt, H\u00f6he 13,7 cm, Breite 9 cm<\/p>\n<p><a href=\"http:\/\/museumek.eu\/?attachment_id=24072\" rel=\"attachment wp-att-24072\"><img loading=\"lazy\" src=\"http:\/\/museumek.eu\/wp-content\/uploads\/2013\/06\/Museum-Europ\u00e4ischer-Keramikkunst-1922-219x300.jpg\" alt=\"\" title=\"Museum Europ\u00e4ischer Keramikkunst 1922\" width=\"219\" height=\"300\" class=\"alignnone size-medium wp-image-24072\" srcset=\"http:\/\/museumek.eu\/wp-content\/uploads\/2013\/06\/Museum-Europ\u00e4ischer-Keramikkunst-1922-219x300.jpg 219w, http:\/\/museumek.eu\/wp-content\/uploads\/2013\/06\/Museum-Europ\u00e4ischer-Keramikkunst-1922-109x150.jpg 109w, http:\/\/museumek.eu\/wp-content\/uploads\/2013\/06\/Museum-Europ\u00e4ischer-Keramikkunst-1922.jpg 547w\" sizes=\"(max-width: 219px) 100vw, 219px\" \/><\/a><\/p>\n<p><a href=\"http:\/\/museumek.eu\/?attachment_id=24073\" rel=\"attachment wp-att-24073\"><img loading=\"lazy\" src=\"http:\/\/museumek.eu\/wp-content\/uploads\/2013\/06\/Museum-Europ\u00e4ischer-Keramikkunst-1923-181x300.jpg\" alt=\"\" title=\"Museum Europ\u00e4ischer Keramikkunst 1923\" width=\"181\" height=\"300\" class=\"alignnone size-medium wp-image-24073\" srcset=\"http:\/\/museumek.eu\/wp-content\/uploads\/2013\/06\/Museum-Europ\u00e4ischer-Keramikkunst-1923-181x300.jpg 181w, http:\/\/museumek.eu\/wp-content\/uploads\/2013\/06\/Museum-Europ\u00e4ischer-Keramikkunst-1923-90x150.jpg 90w, http:\/\/museumek.eu\/wp-content\/uploads\/2013\/06\/Museum-Europ\u00e4ischer-Keramikkunst-1923.jpg 311w\" sizes=\"(max-width: 181px) 100vw, 181px\" \/><\/a><\/p>\n<p><a href=\"http:\/\/museumek.eu\/?attachment_id=24074\" rel=\"attachment wp-att-24074\"><img loading=\"lazy\" src=\"http:\/\/museumek.eu\/wp-content\/uploads\/2013\/06\/Museum-Europ\u00e4ischer-Keramikkunst-1924-300x245.jpg\" alt=\"\" title=\"Museum Europ\u00e4ischer Keramikkunst 1924\" width=\"300\" height=\"245\" class=\"alignnone size-medium wp-image-24074\" srcset=\"http:\/\/museumek.eu\/wp-content\/uploads\/2013\/06\/Museum-Europ\u00e4ischer-Keramikkunst-1924-300x245.jpg 300w, http:\/\/museumek.eu\/wp-content\/uploads\/2013\/06\/Museum-Europ\u00e4ischer-Keramikkunst-1924-150x122.jpg 150w, http:\/\/museumek.eu\/wp-content\/uploads\/2013\/06\/Museum-Europ\u00e4ischer-Keramikkunst-1924-366x300.jpg 366w, http:\/\/museumek.eu\/wp-content\/uploads\/2013\/06\/Museum-Europ\u00e4ischer-Keramikkunst-1924.jpg 521w\" sizes=\"(max-width: 300px) 100vw, 300px\" \/><\/a><\/p>\n","protected":false},"excerpt":{"rendered":"<p>Abteilung Deutschland, Keramik 1860 \u2013 1960, Inventarnummer D\/LXXXV\/\/2 Keramische Werke C. &#038; E. Carstens, Feinsteingutfabrik Gr\u00e4fenroda, Deutschland, Gr\u00e4fenroda, um 1920, Vase, K\u00fcnstler unbekannt (evtl. Berthold L\u00f6ffler, der zu dieser Zeit Entw\u00fcrfe f\u00fcr die Fabrik fertigte), Werks.-Nr. 902 (Dekornummer), Exemplar Nr. &hellip; <a href=\"http:\/\/museumek.eu\/?page_id=24071\">Weiterlesen <span class=\"meta-nav\">&rarr;<\/span><\/a><\/p>\n","protected":false},"author":1,"featured_media":0,"parent":23355,"menu_order":2,"comment_status":"closed","ping_status":"open","template":"","meta":[],"_links":{"self":[{"href":"http:\/\/museumek.eu\/index.php?rest_route=\/wp\/v2\/pages\/24071"}],"collection":[{"href":"http:\/\/museumek.eu\/index.php?rest_route=\/wp\/v2\/pages"}],"about":[{"href":"http:\/\/museumek.eu\/index.php?rest_route=\/wp\/v2\/types\/page"}],"author":[{"embeddable":true,"href":"http:\/\/museumek.eu\/index.php?rest_route=\/wp\/v2\/users\/1"}],"replies":[{"embeddable":true,"href":"http:\/\/museumek.eu\/index.php?rest_route=%2Fwp%2Fv2%2Fcomments&post=24071"}],"version-history":[{"count":10,"href":"http:\/\/museumek.eu\/index.php?rest_route=\/wp\/v2\/pages\/24071\/revisions"}],"predecessor-version":[{"id":25750,"href":"http:\/\/museumek.eu\/index.php?rest_route=\/wp\/v2\/pages\/24071\/revisions\/25750"}],"up":[{"embeddable":true,"href":"http:\/\/museumek.eu\/index.php?rest_route=\/wp\/v2\/pages\/23355"}],"wp:attachment":[{"href":"http:\/\/museumek.eu\/index.php?rest_route=%2Fwp%2Fv2%2Fmedia&parent=24071"}],"curies":[{"name":"wp","href":"https:\/\/api.w.org\/{rel}","templated":true}]}}