{"id":24112,"date":"2013-06-25T19:46:37","date_gmt":"2013-06-25T17:46:37","guid":{"rendered":"http:\/\/museumek.eu\/?page_id=24112"},"modified":"2015-07-17T23:41:25","modified_gmt":"2015-07-17T21:41:25","slug":"dlix2","status":"publish","type":"page","link":"http:\/\/museumek.eu\/?page_id=24112","title":{"rendered":"D\/LIX\/2"},"content":{"rendered":"<p><strong>Abteilung Deutschland, Keramik 1860 \u2013 1960, Inventarnummer D\/LIX\/2<\/strong><\/p>\n<p>Porzellan-Manufactur C. Tielsch &#038; Co. und Nachfolger C. Tielsch &#038; Co. Porzellan-Manufaktur mit gross. Malerei und Nachfolger Porzellanfabrik C. Tielsch &#038; Co. AG und Nachfolger Porzellanfabrik C. M. Hutschenreuther AG, Abteilung Porzellanfabrik C. Tielsch &#038; Co., Deutschland, Altwasser\/Stary Zdr\u00f3j (Schlesien\/Polen), 1895 &#8211; 1905, Souciere, K\u00fcnstler unbekannt, Werks.-Nr. ohne, Exemplar Nr. ohne, gemarkt Firmenmarke mit Adler sowie C.T. (f\u00fcr Carl Tielsch) dunkelgr\u00fcner Stempel unter Glasur, 14750 sowie 36 blau auf Glasur gemalt, nicht signiert, Literatur: Emanuel Poche, Porzellanmarken aus aller Welt, Marke Nr.. 670 identisch (dort als blauer Stempel ausgewiesen), weitere Literatur: Gustav Wei\u00df, Ullstein Porzellanbuch, Seite 238, Marke Nr. 14 identisch, weitere Literatur: Martin K\u00fcgler, Beste Qualit\u00e4t zu civilen Preisen, Schlesisches Porzellan seit 1820, Seite 32, Beschreibung der Fabrik, weitere Literatur; Eitel Tette, Porzellanmanufaktur Carl Tielsch-Altwasser, Band 2, Seite 26, Marke Nr. 20 identisch (dort g\u00fcltig f\u00fcr die Zeit 1895 bis 1905), weitere Literatur: Gerhard Schmidt-Stein, Schlesisches Porzellan vor 1945, Seite 40 ff., Beschreibung der Fabrik sowie Seite 60, dort die identische Marke abgebildet (dort mit G\u00fcltigkeit ab 1887, dort mit dem Zusatz Germany), die Fabrik wurde 1845 von Carl Ernst Robert Tielsch (geb. 01.09.1815) in Altwasser gegr\u00fcndet, die Stadt Altwasser wurde sp\u00e4ter in die Stadt Waldenburg eingemeindet, Firmierung Porzellan-Manufactur C. Tielsch &#038; Co., Teilhaber war Gideon von Wallenberg, Mitinhaber des gleichnamigen Bankhauses in Breslau, techn. Leiter der Fabrik wurde Ernst Bauer (Anm. MEK: dessen 1851 geborener Sohn Carl Maria Bauer, war von 1897 bis 1903 Teilhaber der Porzellanfabrik Bauer, Rosenthal &#038; Co. in Kronach und ab 1904, bis zu seinem Tod 1905 Mitinhaber der W\u00fcrttembergischen Porzellan-Manufaktur in Schorndorf, siehe jeweils dort, der 1853 geborene Sohn von Bauer, Ernst Maria Bauer, war Mitinhaber der Porzellanfabrik Herman Ohme in Niedersalzbrunn, und wurde einer der f\u00fchrenden keramischen Techniker in Deutschland, siehe dort), um 1850 kaufte Tielsch eine Kaolinlagerst\u00e4dte bei Mei\u00dfen, Firmierung C. Tielsch &#038; Co. Kaolinschl\u00e4mmerei, Mei\u00dfen, 1858 versuchte der Maurermeister Traugott Silber neben der Tiel\u2019schen Fabrik eine weitere Porzellanfabrik zu gr\u00fcnden, dieses Vorhaben scheiterte aber bereits in den Anf\u00e4ngen, durch Einspr\u00fcche der Stadt Altwasser, sicherlich von Tielsch beeinflusst, Tielsch \u00fcbernahm die bereits errichteten Fabrikgeb\u00e4ude (Anm. MEK: Silber gr\u00fcndete 1860 in K\u00f6nigszelt eine Porzellanfabrik, siehe dort), 1861 wurde Tielsch Kommerzienrat, am 02.11.1882 verstarb Carl Tielsch und sein Sohn Egmont Tielsch \u00fcbernahm die Fabrik unter gleicher Firmierung, ab 1895 war die Fabrik von einem l\u00e4ngeren Streik betroffen, in dieser Zeit stellten andere schlesische Porzellanmanufakturen der Tiel\u2019schen Fabrik Weissware zum Selbstkostenpreis zur Verf\u00fcgung, dadurch erkl\u00e4rt sich, dass es Fabrikate mit Tiel\u2019scher Firmenmarke und gleichzeitiger Firmenmarke einer anderen schlesischen Fabrik gibt, laut einer Zeitungsanzeige von 1904 firmierte die Fabrik um diese Zeit als C. Tielsch &#038; Co. Porzellan-Manufaktur mit gross. Malerei, ab 1917 wurde die Fabrik AG, Firmierung Porzellanfabrik C. Tielsch &#038; Co. AG (Anm. MEK: wahrscheinlich wurde um diese Zeit die Bezeichnung als Manufaktur aufgegeben), die Porzellanfabrik C. M. Hutschenreuther AG erwarb ein gro\u00dfes Aktienpaket und bildete mit der Tiel\u2019schen Fabrik eine Interessengemeinschaft, 1921 Verlegung der Direktion von Hutschenreuther und Tielsch nach Dresden, 1930 verstarb Egmont Tielsch, seine Stelle im Aufsichtsrat besetzte sein Sohn Herbert Tielsch, 1932 Fusion von Tielsch und Hutschenreuther (Anm. MEK: die Fabrik von Carl Magnus Hutschenreuther ging 1969 in der Porzellanfabrik AG des Sohnes Lorenz Hutschenreuther auf), Firmierung: Porzellanfabrik C. M. Hutschenreuther AG, Abteilung Porzellanfabrik C. Tielsch &#038; Co., 1945 wurde die Fabrik enteignet, H\u00f6he 11 cm, Breite 23 cm<\/p>\n<p><a href=\"http:\/\/museumek.eu\/?attachment_id=24113\" rel=\"attachment wp-att-24113\"><img loading=\"lazy\" src=\"http:\/\/museumek.eu\/wp-content\/uploads\/2013\/06\/Museum-Europ\u00e4ischer-Keramikkunst-3213-300x176.jpg\" alt=\"\" title=\"Museum Europ\u00e4ischer Keramikkunst 3213\" width=\"300\" height=\"176\" class=\"alignnone size-medium wp-image-24113\" srcset=\"http:\/\/museumek.eu\/wp-content\/uploads\/2013\/06\/Museum-Europ\u00e4ischer-Keramikkunst-3213-300x176.jpg 300w, http:\/\/museumek.eu\/wp-content\/uploads\/2013\/06\/Museum-Europ\u00e4ischer-Keramikkunst-3213-150x88.jpg 150w, http:\/\/museumek.eu\/wp-content\/uploads\/2013\/06\/Museum-Europ\u00e4ischer-Keramikkunst-3213-500x293.jpg 500w, http:\/\/museumek.eu\/wp-content\/uploads\/2013\/06\/Museum-Europ\u00e4ischer-Keramikkunst-3213.jpg 908w\" sizes=\"(max-width: 300px) 100vw, 300px\" \/><\/a><\/p>\n<p><a href=\"http:\/\/museumek.eu\/?attachment_id=42402\" rel=\"attachment wp-att-42402\"><img loading=\"lazy\" src=\"http:\/\/museumek.eu\/wp-content\/uploads\/2013\/06\/4246-300x168.jpg\" alt=\"\" title=\"4246\" width=\"300\" height=\"168\" class=\"alignnone size-medium wp-image-42402\" srcset=\"http:\/\/museumek.eu\/wp-content\/uploads\/2013\/06\/4246-300x168.jpg 300w, http:\/\/museumek.eu\/wp-content\/uploads\/2013\/06\/4246-150x84.jpg 150w, http:\/\/museumek.eu\/wp-content\/uploads\/2013\/06\/4246-500x281.jpg 500w, http:\/\/museumek.eu\/wp-content\/uploads\/2013\/06\/4246.jpg 800w\" sizes=\"(max-width: 300px) 100vw, 300px\" \/><\/a><\/p>\n<p><a href=\"http:\/\/museumek.eu\/?attachment_id=42400\" rel=\"attachment wp-att-42400\"><img loading=\"lazy\" src=\"http:\/\/museumek.eu\/wp-content\/uploads\/2013\/06\/4243-300x230.jpg\" alt=\"\" title=\"4243\" width=\"300\" height=\"230\" class=\"alignnone size-medium wp-image-42400\" srcset=\"http:\/\/museumek.eu\/wp-content\/uploads\/2013\/06\/4243-300x230.jpg 300w, http:\/\/museumek.eu\/wp-content\/uploads\/2013\/06\/4243-150x115.jpg 150w, http:\/\/museumek.eu\/wp-content\/uploads\/2013\/06\/4243-391x300.jpg 391w, http:\/\/museumek.eu\/wp-content\/uploads\/2013\/06\/4243.jpg 782w\" sizes=\"(max-width: 300px) 100vw, 300px\" \/><\/a><\/p>\n<p><a href=\"http:\/\/museumek.eu\/?attachment_id=42401\" rel=\"attachment wp-att-42401\"><img loading=\"lazy\" src=\"http:\/\/museumek.eu\/wp-content\/uploads\/2013\/06\/4244-300x283.jpg\" alt=\"\" title=\"4244\" width=\"300\" height=\"283\" class=\"alignnone size-medium wp-image-42401\" srcset=\"http:\/\/museumek.eu\/wp-content\/uploads\/2013\/06\/4244-300x283.jpg 300w, http:\/\/museumek.eu\/wp-content\/uploads\/2013\/06\/4244-150x141.jpg 150w, http:\/\/museumek.eu\/wp-content\/uploads\/2013\/06\/4244-317x300.jpg 317w, http:\/\/museumek.eu\/wp-content\/uploads\/2013\/06\/4244.jpg 634w\" sizes=\"(max-width: 300px) 100vw, 300px\" \/><\/a><\/p>\n<p><a href=\"http:\/\/museumek.eu\/?attachment_id=42403\" rel=\"attachment wp-att-42403\"><img loading=\"lazy\" src=\"http:\/\/museumek.eu\/wp-content\/uploads\/2013\/06\/4245-152x300.jpg\" alt=\"\" title=\"4245\" width=\"152\" height=\"300\" class=\"alignnone size-medium wp-image-42403\" srcset=\"http:\/\/museumek.eu\/wp-content\/uploads\/2013\/06\/4245-152x300.jpg 152w, http:\/\/museumek.eu\/wp-content\/uploads\/2013\/06\/4245-76x150.jpg 76w, http:\/\/museumek.eu\/wp-content\/uploads\/2013\/06\/4245.jpg 407w\" sizes=\"(max-width: 152px) 100vw, 152px\" \/><\/a><\/p>\n<p><a href=\"http:\/\/museumek.eu\/?attachment_id=42404\" rel=\"attachment wp-att-42404\"><img loading=\"lazy\" src=\"http:\/\/museumek.eu\/wp-content\/uploads\/2013\/06\/4247-161x300.jpg\" alt=\"\" title=\"4247\" width=\"161\" height=\"300\" class=\"alignnone size-medium wp-image-42404\" srcset=\"http:\/\/museumek.eu\/wp-content\/uploads\/2013\/06\/4247-161x300.jpg 161w, http:\/\/museumek.eu\/wp-content\/uploads\/2013\/06\/4247-80x150.jpg 80w, http:\/\/museumek.eu\/wp-content\/uploads\/2013\/06\/4247.jpg 431w\" sizes=\"(max-width: 161px) 100vw, 161px\" \/><\/a><\/p>\n<p><a href=\"http:\/\/museumek.eu\/?attachment_id=24114\" rel=\"attachment wp-att-24114\"><img loading=\"lazy\" src=\"http:\/\/museumek.eu\/wp-content\/uploads\/2013\/06\/Museum-Europ\u00e4ischer-Keramikkunst-3214-69x300.jpg\" alt=\"\" title=\"Museum Europ\u00e4ischer Keramikkunst 3214\" width=\"69\" height=\"300\" class=\"alignnone size-medium wp-image-24114\" srcset=\"http:\/\/museumek.eu\/wp-content\/uploads\/2013\/06\/Museum-Europ\u00e4ischer-Keramikkunst-3214-69x300.jpg 69w, http:\/\/museumek.eu\/wp-content\/uploads\/2013\/06\/Museum-Europ\u00e4ischer-Keramikkunst-3214.jpg 163w\" sizes=\"(max-width: 69px) 100vw, 69px\" \/><\/a><\/p>\n<p><a href=\"http:\/\/museumek.eu\/?attachment_id=42405\" rel=\"attachment wp-att-42405\"><img loading=\"lazy\" src=\"http:\/\/museumek.eu\/wp-content\/uploads\/2013\/06\/4249-210x300.jpg\" alt=\"\" title=\"4249\" width=\"210\" height=\"300\" class=\"alignnone size-medium wp-image-42405\" srcset=\"http:\/\/museumek.eu\/wp-content\/uploads\/2013\/06\/4249-210x300.jpg 210w, http:\/\/museumek.eu\/wp-content\/uploads\/2013\/06\/4249-105x150.jpg 105w, http:\/\/museumek.eu\/wp-content\/uploads\/2013\/06\/4249.jpg 351w\" sizes=\"(max-width: 210px) 100vw, 210px\" \/><\/a><\/p>\n","protected":false},"excerpt":{"rendered":"<p>Abteilung Deutschland, Keramik 1860 \u2013 1960, Inventarnummer D\/LIX\/2 Porzellan-Manufactur C. Tielsch &#038; Co. und Nachfolger C. Tielsch &#038; Co. Porzellan-Manufaktur mit gross. Malerei und Nachfolger Porzellanfabrik C. Tielsch &#038; Co. AG und Nachfolger Porzellanfabrik C. M. Hutschenreuther AG, Abteilung Porzellanfabrik &hellip; <a href=\"http:\/\/museumek.eu\/?page_id=24112\">Weiterlesen <span class=\"meta-nav\">&rarr;<\/span><\/a><\/p>\n","protected":false},"author":1,"featured_media":0,"parent":14333,"menu_order":2,"comment_status":"closed","ping_status":"open","template":"","meta":[],"_links":{"self":[{"href":"http:\/\/museumek.eu\/index.php?rest_route=\/wp\/v2\/pages\/24112"}],"collection":[{"href":"http:\/\/museumek.eu\/index.php?rest_route=\/wp\/v2\/pages"}],"about":[{"href":"http:\/\/museumek.eu\/index.php?rest_route=\/wp\/v2\/types\/page"}],"author":[{"embeddable":true,"href":"http:\/\/museumek.eu\/index.php?rest_route=\/wp\/v2\/users\/1"}],"replies":[{"embeddable":true,"href":"http:\/\/museumek.eu\/index.php?rest_route=%2Fwp%2Fv2%2Fcomments&post=24112"}],"version-history":[{"count":6,"href":"http:\/\/museumek.eu\/index.php?rest_route=\/wp\/v2\/pages\/24112\/revisions"}],"predecessor-version":[{"id":42442,"href":"http:\/\/museumek.eu\/index.php?rest_route=\/wp\/v2\/pages\/24112\/revisions\/42442"}],"up":[{"embeddable":true,"href":"http:\/\/museumek.eu\/index.php?rest_route=\/wp\/v2\/pages\/14333"}],"wp:attachment":[{"href":"http:\/\/museumek.eu\/index.php?rest_route=%2Fwp%2Fv2%2Fmedia&parent=24112"}],"curies":[{"name":"wp","href":"https:\/\/api.w.org\/{rel}","templated":true}]}}