{"id":24219,"date":"2013-07-02T13:45:53","date_gmt":"2013-07-02T11:45:53","guid":{"rendered":"http:\/\/museumek.eu\/?page_id=24219"},"modified":"2013-07-02T13:45:53","modified_gmt":"2013-07-02T11:45:53","slug":"dxciv1","status":"publish","type":"page","link":"http:\/\/museumek.eu\/?page_id=24219","title":{"rendered":"D\/XCIV\/1"},"content":{"rendered":"<p><strong><strong>Abteilung Deutschland, Keramik 1860 \u2013 1960, Inventarnummer <\/strong><\/strong>D\/XCIV\/1<\/p>\n<p>Porzellanfabrik Fasolt &#038; Eichel, vormals Porzellanfabrik Christian Speck, Deutschland, Blankenhain, um 1897, Gedeck, K\u00fcnstler unbekannt, Werks.-Nr. ohne, Exemplar Nr. ohne, gemarkt Firmenmarke mit Rautenwappen und Weimar (kleiner Teller und Tasse) gr\u00fcner Stempel unter Glasur, darunter Germany gr\u00fcner Stempel unter Glasur sowie nicht gedeutete Kreismarke mit DPV (gro\u00dfer Teller) gr\u00fcner Stempel unter Glasur, darunter nicht gedeutetes Zeichen (evtl. Zahl 7?) gr\u00fcn unter Glasur gemalt, nicht signiert, Literatur: J. G. Th. Graesse und E. Jaenicke, F\u00fchrer f\u00fcr Sammler von Porzellan und Fayence, Steinzeug, Steingut usw., Seite 438, Marke Nr. 2 identisch (f\u00fcr die Marke mit Rautenwappen, hier Blankenhain allgemein zugeordnet), weitere Literatur: Emanuel Poche, Porzellanmarken aus aller Welt, Marke Nr. 1702 identisch (f\u00fcr die Marke mit Rautenwappen, hier den Keramischen Werken E. &#038; C. Carstens zugeordnet, die die Marke weiterbenutzten, dies ist aber falsch, da die Marke ver\u00e4ndert wurde, siehe weiter unten), weitere Literatur: Gustav Wei\u00df, Ullstein Porzellanbuch, Seite 243, Marke Nr. 6 identisch (f\u00fcr die Marke mit Rautenwappen, hier sowohl den Keramischen Werken C. &#038; E. Carstens, der Porzellanfabrik Fasolt &#038; Eichel sowie deren direktem Nachfolger Duxer Porzellanmanufaktur AG zugeordnet, dies ist teilweise falsch, da die Marke ver\u00e4ndert wurde, siehe weiter unten), weitere Literatur: Otto Pelka, Keramik der Neuzeit, Markentafel II, Marke Nr. 8 identisch (f\u00fcr die Marke mit Rautenwappen, Zuordnung zur Porzellanfabrik Fasolt &#038; Eichel und deren direktem Nachfolger Duxer Porzellanmanufaktur AG ), Seite 209, Namenverzeichnis, Blankenhain, Fasolt &#038; Eichel, Nachf. Duxer Porzellanmanufaktur AG, vormals Ed. Eichler sowie Seite 218, Herstellerverzeichnis, Fasolt &#038; Eichel, Blankenhain, M 8, am 01.07.1790 gr\u00fcndete Christian Andreas Wilhelm Speck in Blankenhain die Porzellanfabrik Christian Speck, am 30.12.1830 verstirbt Speck und Gustav Vogt kauft die Fabrik, die Firmierung wird beibehalten, 1836 verkauft Vogt die Fabrik zu \u00fcberh\u00f6htem Preis an Gottfried Sorge, der nach kurzer Zeit in Konkurs geht, aus der Konkursmasse kauft Gustav Vogt die Fabrik wieder g\u00fcnstig auf und verkauft sie weiter an einen Herrn Streitbarth (oder Streithardt), 1841 wird H. K\u00e4stner Miteigent\u00fcmer, 1847 wird die Fabrik stillgelegt, Firmierung durchg\u00e4ngig bis dahin immer Porzellanfabrik Christian Speck, 1848 kauft Viktor Fasolt (Ehemann einer Tochter des Porzellanfabrikanten Carl Magnus Hutschenreuther) die Fabrik, 1956 stirbt Viktor Fasolt, seine Witwe Elisabeth Fasolt f\u00fchrt die Fabrik fort, gleichzeitig tritt Ferdinand Eichel (auch ein Ehemann einer Tochter von Carl Magnus Hutschenreuther in die Fabrik ein, au\u00dferdem tritt Eduard Eichler (Porzellanfabrikant in B\u00f6hmen) ein, Firmierung ab 1856 Porzellanfabrik Fasolt &#038; Eichel, ab 1856 \u00e4ndert sich die Firmenmarke (bisher blau gemaltes S f\u00fcr Speck) in das Rautenwappen mit dem Schriftzug Weimar, wohl noch vor 1900 wurde der Schriftzug Germany hinzugef\u00fcgt (evtl nur f\u00fcr Exportware), 1879 \u00fcbernahmen die S\u00f6hne von Viktor und Elisabeth Fasolt, Max und Karl die Fabrik, diese starben wohl relativ zeitnah 1897, Ferdinand Eichel war nicht in der Lage, die Fabrik allein weiterzuf\u00fchren und 1898 \u00fcbernahm die Duxer Porzellanmanufaktur AG (AG seit 1898) die restlichen Anteile (vormals hatte Sie bereits Anteile aus ihrer Vorg\u00e4ngerfabrik des am 01.01.1887 verstorbenen Eduard Eichler erhalten), die Firmierung und Markung wurde sehr wahrscheinlich beibehalten, 1917\/1918 wurde die Fabrik an die Keramischen Werke C. &#038; E. Carstens weiterverkauft, die Firmierung lautete dann entweder weiter Porzellanfabrik Fasolt &#038; Eichel oder Porzellanfabrik Blankenhain E. Carstens KG (zugeh\u00f6rig der Firmengruppe Keramische Werke C. &#038; E. Carstens, dies wird in der Literatur nicht benannt), die Marke wurde wie folgt ver\u00e4ndert, \u00fcber das Rautenwappen mit Schriftzug Weimar wurde eine Krone hinzugef\u00fcgt und das Rautenwappen wurde mit einem Lorbeerkranz umgeben, bis zur Enteignung am 18.07.1948 war die Fabrik dann durchg\u00e4ngig im Besitz der Firmengruppe Carstens, Zuordnung des Fabriknamens: die Porzellanfabrik Fasolt &#038; Eichel wird oft als Porzellanfabrik Fasold &#038; Eichel benannt, richtig ist aber Porzellanfabrik Fasolt &#038; Eichel, siehe o. g. Literatur sowie die K\u00e4uferreferenzliste der S\u00e4chsischen Maschinenfabrik, vormals Richard Hartmann AG, von der die Porzellanfabrik Fasolt &#038; Eichel 1893 und 1896 je eine Dampfmaschine kaufte, in der Referenzliste ist die Fabrik ebenfalls als Porzellanfabrik Fasolt &#038; Eichel bezeichnet, Tasse: H\u00f6he 5,8 cm, Breite 10 cm, kleiner Teller: Durchmesser 14 cm, gro\u00dfer Teller: Durchmesser 18 cm<\/p>\n<p><a href=\"http:\/\/museumek.eu\/?attachment_id=24220\" rel=\"attachment wp-att-24220\"><img loading=\"lazy\" src=\"http:\/\/museumek.eu\/wp-content\/uploads\/2013\/07\/Museum-Europ\u00e4ischer-Keramikkunst-2887-300x234.jpg\" alt=\"\" title=\"Museum Europ\u00e4ischer Keramikkunst 2887\" width=\"300\" height=\"234\" class=\"alignnone size-medium wp-image-24220\" srcset=\"http:\/\/museumek.eu\/wp-content\/uploads\/2013\/07\/Museum-Europ\u00e4ischer-Keramikkunst-2887-300x234.jpg 300w, http:\/\/museumek.eu\/wp-content\/uploads\/2013\/07\/Museum-Europ\u00e4ischer-Keramikkunst-2887-150x117.jpg 150w, http:\/\/museumek.eu\/wp-content\/uploads\/2013\/07\/Museum-Europ\u00e4ischer-Keramikkunst-2887-384x300.jpg 384w, http:\/\/museumek.eu\/wp-content\/uploads\/2013\/07\/Museum-Europ\u00e4ischer-Keramikkunst-2887.jpg 748w\" sizes=\"(max-width: 300px) 100vw, 300px\" \/><\/a><\/p>\n<p><a href=\"http:\/\/museumek.eu\/?attachment_id=24221\" rel=\"attachment wp-att-24221\"><img loading=\"lazy\" src=\"http:\/\/museumek.eu\/wp-content\/uploads\/2013\/07\/Museum-Europ\u00e4ischer-Keramikkunst-2888-279x300.jpg\" alt=\"\" title=\"Museum Europ\u00e4ischer Keramikkunst 2888\" width=\"279\" height=\"300\" class=\"alignnone size-medium wp-image-24221\" srcset=\"http:\/\/museumek.eu\/wp-content\/uploads\/2013\/07\/Museum-Europ\u00e4ischer-Keramikkunst-2888-279x300.jpg 279w, http:\/\/museumek.eu\/wp-content\/uploads\/2013\/07\/Museum-Europ\u00e4ischer-Keramikkunst-2888-139x150.jpg 139w, http:\/\/museumek.eu\/wp-content\/uploads\/2013\/07\/Museum-Europ\u00e4ischer-Keramikkunst-2888.jpg 286w\" sizes=\"(max-width: 279px) 100vw, 279px\" \/><\/a><\/p>\n<p><a href=\"http:\/\/museumek.eu\/?attachment_id=24222\" rel=\"attachment wp-att-24222\"><img loading=\"lazy\" src=\"http:\/\/museumek.eu\/wp-content\/uploads\/2013\/07\/Museum-Europ\u00e4ischer-Keramikkunst-2889.jpg\" alt=\"\" title=\"Museum Europ\u00e4ischer Keramikkunst 2889\" width=\"265\" height=\"295\" class=\"alignnone size-full wp-image-24222\" srcset=\"http:\/\/museumek.eu\/wp-content\/uploads\/2013\/07\/Museum-Europ\u00e4ischer-Keramikkunst-2889.jpg 265w, http:\/\/museumek.eu\/wp-content\/uploads\/2013\/07\/Museum-Europ\u00e4ischer-Keramikkunst-2889-134x150.jpg 134w\" sizes=\"(max-width: 265px) 100vw, 265px\" \/><\/a><\/p>\n<p><a href=\"http:\/\/museumek.eu\/?attachment_id=24223\" rel=\"attachment wp-att-24223\"><img loading=\"lazy\" src=\"http:\/\/museumek.eu\/wp-content\/uploads\/2013\/07\/Museum-Europ\u00e4ischer-Keramikkunst-2890-230x300.jpg\" alt=\"\" title=\"Museum Europ\u00e4ischer Keramikkunst 2890\" width=\"230\" height=\"300\" class=\"alignnone size-medium wp-image-24223\" srcset=\"http:\/\/museumek.eu\/wp-content\/uploads\/2013\/07\/Museum-Europ\u00e4ischer-Keramikkunst-2890-230x300.jpg 230w, http:\/\/museumek.eu\/wp-content\/uploads\/2013\/07\/Museum-Europ\u00e4ischer-Keramikkunst-2890-115x150.jpg 115w, http:\/\/museumek.eu\/wp-content\/uploads\/2013\/07\/Museum-Europ\u00e4ischer-Keramikkunst-2890.jpg 307w\" sizes=\"(max-width: 230px) 100vw, 230px\" \/><\/a><\/p>\n","protected":false},"excerpt":{"rendered":"<p>Abteilung Deutschland, Keramik 1860 \u2013 1960, Inventarnummer D\/XCIV\/1 Porzellanfabrik Fasolt &#038; Eichel, vormals Porzellanfabrik Christian Speck, Deutschland, Blankenhain, um 1897, Gedeck, K\u00fcnstler unbekannt, Werks.-Nr. ohne, Exemplar Nr. ohne, gemarkt Firmenmarke mit Rautenwappen und Weimar (kleiner Teller und Tasse) gr\u00fcner Stempel &hellip; <a href=\"http:\/\/museumek.eu\/?page_id=24219\">Weiterlesen <span class=\"meta-nav\">&rarr;<\/span><\/a><\/p>\n","protected":false},"author":1,"featured_media":0,"parent":24216,"menu_order":1,"comment_status":"closed","ping_status":"open","template":"","meta":[],"_links":{"self":[{"href":"http:\/\/museumek.eu\/index.php?rest_route=\/wp\/v2\/pages\/24219"}],"collection":[{"href":"http:\/\/museumek.eu\/index.php?rest_route=\/wp\/v2\/pages"}],"about":[{"href":"http:\/\/museumek.eu\/index.php?rest_route=\/wp\/v2\/types\/page"}],"author":[{"embeddable":true,"href":"http:\/\/museumek.eu\/index.php?rest_route=\/wp\/v2\/users\/1"}],"replies":[{"embeddable":true,"href":"http:\/\/museumek.eu\/index.php?rest_route=%2Fwp%2Fv2%2Fcomments&post=24219"}],"version-history":[{"count":4,"href":"http:\/\/museumek.eu\/index.php?rest_route=\/wp\/v2\/pages\/24219\/revisions"}],"predecessor-version":[{"id":24227,"href":"http:\/\/museumek.eu\/index.php?rest_route=\/wp\/v2\/pages\/24219\/revisions\/24227"}],"up":[{"embeddable":true,"href":"http:\/\/museumek.eu\/index.php?rest_route=\/wp\/v2\/pages\/24216"}],"wp:attachment":[{"href":"http:\/\/museumek.eu\/index.php?rest_route=%2Fwp%2Fv2%2Fmedia&parent=24219"}],"curies":[{"name":"wp","href":"https:\/\/api.w.org\/{rel}","templated":true}]}}