{"id":2423,"date":"2011-08-23T00:56:54","date_gmt":"2011-08-22T22:56:54","guid":{"rendered":"http:\/\/museumek.eu\/?page_id=2423"},"modified":"2013-05-27T20:26:48","modified_gmt":"2013-05-27T18:26:48","slug":"fvi1","status":"publish","type":"page","link":"http:\/\/museumek.eu\/?page_id=2423","title":{"rendered":"F\/VI\/1"},"content":{"rendered":"<p><strong>Abteilung Frankreich, Keramik 1860 \u2013 1960, Inventarnummer F\/VI\/1<\/strong><\/p>\n<p>Fayencerie Heraldique de Pierrefonds, Frankreich, Pierrefonds, um 1900, Abstellteller mit Deckelbeh\u00e4lter, K\u00fcnstler unbekannt, Werks.-Nr. ohne, Exemplar Nr. ohne, gemarkt Firmenmarke mit R\u00fcstungshelm, P sowie H (P steht f\u00fcr Pierrefonds, H f\u00fcr den Eigent\u00fcmer Hallez) gepresst, nicht signiert, Literatur: Dr. Gerhard P. Woeckel und Staatliche Kunstsammlungen Kassel, Jugendstilsammlung, Nr. 135, Beschreibung der Fabrik sowie identische Marke, weitere Literatur: Jana Kybalov\u00e1, Keramik-Marken aus aller Welt, Marke Nr. 1752 identisch, weitere Literatur: Erika Gysling-Billeter, Museum Bellerive Z\u00fcrich, Objekte des Jugendstils, Seite 215, Abbildungen Nr. 405 und 406, identische Marken sowie Seite 302, Beschreibung der Fabrik, weitere Literatur: Wolfgang Venzmer, Jugendstil im Landesmuseum Mainz, Seite 357, Beschreibung der Fabrik sowie Abbildung Nr. 466, identische Marke, Seite 457, Abbildung Nr. 467, identische Marke, die Fabrik wurde 1883 von Olivier da Sorra (der sich Comte Hallez d\u2019Amos nannte) gegr\u00fcndet und bis 1903 von diesem gef\u00fchrt, ab 1910 wurde keine Jugendstilkeramik mehr produziert, H\u00f6he 13 cm, Breite 25 cm<\/p>\n<p><a href=\"http:\/\/museumek.eu\/wp-content\/uploads\/2011\/08\/Museum-Europ\u00e4ischer-Keramikkunst-Qualit\u00e4tsfotos-350.jpg\"><img loading=\"lazy\" src=\"http:\/\/museumek.eu\/wp-content\/uploads\/2011\/08\/Museum-Europ\u00e4ischer-Keramikkunst-Qualit\u00e4tsfotos-350-300x277.jpg\" alt=\"\" title=\"Museum Europ\u00e4ischer Keramikkunst Qualit\u00e4tsfotos 350\" width=\"300\" height=\"277\" class=\"alignnone size-medium wp-image-2424\" srcset=\"http:\/\/museumek.eu\/wp-content\/uploads\/2011\/08\/Museum-Europ\u00e4ischer-Keramikkunst-Qualit\u00e4tsfotos-350-300x277.jpg 300w, http:\/\/museumek.eu\/wp-content\/uploads\/2011\/08\/Museum-Europ\u00e4ischer-Keramikkunst-Qualit\u00e4tsfotos-350.jpg 703w\" sizes=\"(max-width: 300px) 100vw, 300px\" \/><\/a><\/p>\n<p><a href=\"http:\/\/museumek.eu\/wp-content\/uploads\/2011\/08\/Museum-Europ\u00e4ischer-Keramikkunst-260.jpg\"><img loading=\"lazy\" src=\"http:\/\/museumek.eu\/wp-content\/uploads\/2011\/08\/Museum-Europ\u00e4ischer-Keramikkunst-260-300x266.jpg\" alt=\"\" title=\"Museum Europ\u00e4ischer Keramikkunst 260\" width=\"300\" height=\"266\" class=\"alignnone size-medium wp-image-2425\" srcset=\"http:\/\/museumek.eu\/wp-content\/uploads\/2011\/08\/Museum-Europ\u00e4ischer-Keramikkunst-260-300x266.jpg 300w, http:\/\/museumek.eu\/wp-content\/uploads\/2011\/08\/Museum-Europ\u00e4ischer-Keramikkunst-260-337x300.jpg 337w, http:\/\/museumek.eu\/wp-content\/uploads\/2011\/08\/Museum-Europ\u00e4ischer-Keramikkunst-260.jpg 613w\" sizes=\"(max-width: 300px) 100vw, 300px\" \/><\/a><\/p>\n<p><a href=\"http:\/\/museumek.eu\/wp-content\/uploads\/2011\/08\/Museum-Europ\u00e4ischer-Keramikkunst-261.jpg\"><img loading=\"lazy\" src=\"http:\/\/museumek.eu\/wp-content\/uploads\/2011\/08\/Museum-Europ\u00e4ischer-Keramikkunst-261-300x243.jpg\" alt=\"\" title=\"Museum Europ\u00e4ischer Keramikkunst 261\" width=\"300\" height=\"243\" class=\"alignnone size-medium wp-image-2426\" srcset=\"http:\/\/museumek.eu\/wp-content\/uploads\/2011\/08\/Museum-Europ\u00e4ischer-Keramikkunst-261-300x243.jpg 300w, http:\/\/museumek.eu\/wp-content\/uploads\/2011\/08\/Museum-Europ\u00e4ischer-Keramikkunst-261-369x300.jpg 369w, http:\/\/museumek.eu\/wp-content\/uploads\/2011\/08\/Museum-Europ\u00e4ischer-Keramikkunst-261.jpg 664w\" sizes=\"(max-width: 300px) 100vw, 300px\" \/><\/a><\/p>\n","protected":false},"excerpt":{"rendered":"<p>Abteilung Frankreich, Keramik 1860 \u2013 1960, Inventarnummer F\/VI\/1 Fayencerie Heraldique de Pierrefonds, Frankreich, Pierrefonds, um 1900, Abstellteller mit Deckelbeh\u00e4lter, K\u00fcnstler unbekannt, Werks.-Nr. ohne, Exemplar Nr. ohne, gemarkt Firmenmarke mit R\u00fcstungshelm, P sowie H (P steht f\u00fcr Pierrefonds, H f\u00fcr den &hellip; <a href=\"http:\/\/museumek.eu\/?page_id=2423\">Weiterlesen <span class=\"meta-nav\">&rarr;<\/span><\/a><\/p>\n","protected":false},"author":1,"featured_media":0,"parent":2420,"menu_order":1,"comment_status":"open","ping_status":"open","template":"","meta":[],"_links":{"self":[{"href":"http:\/\/museumek.eu\/index.php?rest_route=\/wp\/v2\/pages\/2423"}],"collection":[{"href":"http:\/\/museumek.eu\/index.php?rest_route=\/wp\/v2\/pages"}],"about":[{"href":"http:\/\/museumek.eu\/index.php?rest_route=\/wp\/v2\/types\/page"}],"author":[{"embeddable":true,"href":"http:\/\/museumek.eu\/index.php?rest_route=\/wp\/v2\/users\/1"}],"replies":[{"embeddable":true,"href":"http:\/\/museumek.eu\/index.php?rest_route=%2Fwp%2Fv2%2Fcomments&post=2423"}],"version-history":[{"count":6,"href":"http:\/\/museumek.eu\/index.php?rest_route=\/wp\/v2\/pages\/2423\/revisions"}],"predecessor-version":[{"id":22928,"href":"http:\/\/museumek.eu\/index.php?rest_route=\/wp\/v2\/pages\/2423\/revisions\/22928"}],"up":[{"embeddable":true,"href":"http:\/\/museumek.eu\/index.php?rest_route=\/wp\/v2\/pages\/2420"}],"wp:attachment":[{"href":"http:\/\/museumek.eu\/index.php?rest_route=%2Fwp%2Fv2%2Fmedia&parent=2423"}],"curies":[{"name":"wp","href":"https:\/\/api.w.org\/{rel}","templated":true}]}}