{"id":2429,"date":"2011-08-23T01:00:10","date_gmt":"2011-08-22T23:00:10","guid":{"rendered":"http:\/\/museumek.eu\/?page_id=2429"},"modified":"2013-05-27T20:27:50","modified_gmt":"2013-05-27T18:27:50","slug":"fvi2","status":"publish","type":"page","link":"http:\/\/museumek.eu\/?page_id=2429","title":{"rendered":"F\/VI\/2"},"content":{"rendered":"<p><strong>Abteilung Frankreich, Keramik 1860 \u2013 1960, Inventarnummer F\/VI\/2<\/strong><\/p>\n<p>Fayencerie Heraldique de Pierrefonds, Frankreich, Pierrefonds, um 1900, zwei kleine Vasen, K\u00fcnstler unbekannt, Werks.-Nr. ohne, Exemplar Nr. ohne, gemarkt Firmenmarke mit R\u00fcstungshelm, P sowie H (P steht f\u00fcr Pierrefonds, H f\u00fcr den Eigent\u00fcmer Hallez) gepresst, nicht signiert, Literatur: Dr. Gerhard P. Woeckel und Staatliche Kunstsammlungen Kassel, Jugendstilsammlung, Nr. 135, Beschreibung der Fabrik sowie identische Marke, weitere Literatur: Jana Kybalov\u00e1, Keramik-Marken aus aller Welt, Marke Nr. 1752 identisch, weitere Literatur: Erika Gysling-Billeter, Museum Bellerive Z\u00fcrich, Objekte des Jugendstils, Seite 215, Abbildungen Nr. 405 und 406, identische Marken sowie Seite 302, Beschreibung der Fabrik, weitere Literatur: Wolfgang Venzmer, Jugendstil im Landesmuseum Mainz, Seite 357, Beschreibung der Fabrik sowie Abbildung Nr. 466, identische Marke, Seite 457, Abbildung Nr. 467, identische Marke, die Fabrik wurde 1883 von Olivier da Sorra (der sich Comte Hallez d\u2019Amos nannte) gegr\u00fcndet und bis 1903 von diesem gef\u00fchrt, ab 1910 wurde keine Jugendstilkeramik mehr produziert,<br \/>\nH\u00f6he 7 cm, Breite 10 cm sowie H\u00f6he 4 cm, Breite 5,5 cm<\/p>\n<p><a href=\"http:\/\/museumek.eu\/wp-content\/uploads\/2011\/08\/Museum-Europ\u00e4ischer-Keramikkunst-Qualit\u00e4tsfotos-352.jpg\"><img loading=\"lazy\" src=\"http:\/\/museumek.eu\/wp-content\/uploads\/2011\/08\/Museum-Europ\u00e4ischer-Keramikkunst-Qualit\u00e4tsfotos-352-300x166.jpg\" alt=\"\" title=\"Museum Europ\u00e4ischer Keramikkunst Qualit\u00e4tsfotos 352\" width=\"300\" height=\"166\" class=\"alignnone size-medium wp-image-2430\" srcset=\"http:\/\/museumek.eu\/wp-content\/uploads\/2011\/08\/Museum-Europ\u00e4ischer-Keramikkunst-Qualit\u00e4tsfotos-352-300x166.jpg 300w, http:\/\/museumek.eu\/wp-content\/uploads\/2011\/08\/Museum-Europ\u00e4ischer-Keramikkunst-Qualit\u00e4tsfotos-352-500x277.jpg 500w, http:\/\/museumek.eu\/wp-content\/uploads\/2011\/08\/Museum-Europ\u00e4ischer-Keramikkunst-Qualit\u00e4tsfotos-352.jpg 864w\" sizes=\"(max-width: 300px) 100vw, 300px\" \/><\/a><\/p>\n<p><a href=\"http:\/\/museumek.eu\/wp-content\/uploads\/2011\/08\/Museum-Europ\u00e4ischer-Keramikkunst-263.jpg\"><img loading=\"lazy\" src=\"http:\/\/museumek.eu\/wp-content\/uploads\/2011\/08\/Museum-Europ\u00e4ischer-Keramikkunst-263-300x275.jpg\" alt=\"\" title=\"Museum Europ\u00e4ischer Keramikkunst 263\" width=\"300\" height=\"275\" class=\"alignnone size-medium wp-image-2431\" srcset=\"http:\/\/museumek.eu\/wp-content\/uploads\/2011\/08\/Museum-Europ\u00e4ischer-Keramikkunst-263-300x275.jpg 300w, http:\/\/museumek.eu\/wp-content\/uploads\/2011\/08\/Museum-Europ\u00e4ischer-Keramikkunst-263-326x300.jpg 326w, http:\/\/museumek.eu\/wp-content\/uploads\/2011\/08\/Museum-Europ\u00e4ischer-Keramikkunst-263.jpg 499w\" sizes=\"(max-width: 300px) 100vw, 300px\" \/><\/a><\/p>\n","protected":false},"excerpt":{"rendered":"<p>Abteilung Frankreich, Keramik 1860 \u2013 1960, Inventarnummer F\/VI\/2 Fayencerie Heraldique de Pierrefonds, Frankreich, Pierrefonds, um 1900, zwei kleine Vasen, K\u00fcnstler unbekannt, Werks.-Nr. ohne, Exemplar Nr. ohne, gemarkt Firmenmarke mit R\u00fcstungshelm, P sowie H (P steht f\u00fcr Pierrefonds, H f\u00fcr den &hellip; <a href=\"http:\/\/museumek.eu\/?page_id=2429\">Weiterlesen <span class=\"meta-nav\">&rarr;<\/span><\/a><\/p>\n","protected":false},"author":1,"featured_media":0,"parent":2420,"menu_order":2,"comment_status":"open","ping_status":"open","template":"","meta":[],"_links":{"self":[{"href":"http:\/\/museumek.eu\/index.php?rest_route=\/wp\/v2\/pages\/2429"}],"collection":[{"href":"http:\/\/museumek.eu\/index.php?rest_route=\/wp\/v2\/pages"}],"about":[{"href":"http:\/\/museumek.eu\/index.php?rest_route=\/wp\/v2\/types\/page"}],"author":[{"embeddable":true,"href":"http:\/\/museumek.eu\/index.php?rest_route=\/wp\/v2\/users\/1"}],"replies":[{"embeddable":true,"href":"http:\/\/museumek.eu\/index.php?rest_route=%2Fwp%2Fv2%2Fcomments&post=2429"}],"version-history":[{"count":8,"href":"http:\/\/museumek.eu\/index.php?rest_route=\/wp\/v2\/pages\/2429\/revisions"}],"predecessor-version":[{"id":22929,"href":"http:\/\/museumek.eu\/index.php?rest_route=\/wp\/v2\/pages\/2429\/revisions\/22929"}],"up":[{"embeddable":true,"href":"http:\/\/museumek.eu\/index.php?rest_route=\/wp\/v2\/pages\/2420"}],"wp:attachment":[{"href":"http:\/\/museumek.eu\/index.php?rest_route=%2Fwp%2Fv2%2Fmedia&parent=2429"}],"curies":[{"name":"wp","href":"https:\/\/api.w.org\/{rel}","templated":true}]}}