{"id":24385,"date":"2013-07-05T19:18:49","date_gmt":"2013-07-05T17:18:49","guid":{"rendered":"http:\/\/museumek.eu\/?page_id=24385"},"modified":"2013-07-05T19:18:49","modified_gmt":"2013-07-05T17:18:49","slug":"staatlich-hohere-fachschule-fur-porzellan-vormals-koniglich-bayerische-fachschule-fur-porzellan","status":"publish","type":"page","link":"http:\/\/museumek.eu\/?page_id=24385","title":{"rendered":"Staatlich H\u00f6here Fachschule f\u00fcr Porzellan, vormals K\u00f6niglich-Bayerische Fachschule f\u00fcr Porzellan"},"content":{"rendered":"","protected":false},"excerpt":{"rendered":"","protected":false},"author":1,"featured_media":0,"parent":44,"menu_order":96,"comment_status":"closed","ping_status":"open","template":"","meta":[],"_links":{"self":[{"href":"http:\/\/museumek.eu\/index.php?rest_route=\/wp\/v2\/pages\/24385"}],"collection":[{"href":"http:\/\/museumek.eu\/index.php?rest_route=\/wp\/v2\/pages"}],"about":[{"href":"http:\/\/museumek.eu\/index.php?rest_route=\/wp\/v2\/types\/page"}],"author":[{"embeddable":true,"href":"http:\/\/museumek.eu\/index.php?rest_route=\/wp\/v2\/users\/1"}],"replies":[{"embeddable":true,"href":"http:\/\/museumek.eu\/index.php?rest_route=%2Fwp%2Fv2%2Fcomments&post=24385"}],"version-history":[{"count":2,"href":"http:\/\/museumek.eu\/index.php?rest_route=\/wp\/v2\/pages\/24385\/revisions"}],"predecessor-version":[{"id":24387,"href":"http:\/\/museumek.eu\/index.php?rest_route=\/wp\/v2\/pages\/24385\/revisions\/24387"}],"up":[{"embeddable":true,"href":"http:\/\/museumek.eu\/index.php?rest_route=\/wp\/v2\/pages\/44"}],"wp:attachment":[{"href":"http:\/\/museumek.eu\/index.php?rest_route=%2Fwp%2Fv2%2Fmedia&parent=24385"}],"curies":[{"name":"wp","href":"https:\/\/api.w.org\/{rel}","templated":true}]}}