{"id":24402,"date":"2013-07-05T19:27:25","date_gmt":"2013-07-05T17:27:25","guid":{"rendered":"http:\/\/museumek.eu\/?page_id=24402"},"modified":"2013-07-05T19:27:25","modified_gmt":"2013-07-05T17:27:25","slug":"fotos-und-beschreibung","status":"publish","type":"page","link":"http:\/\/museumek.eu\/?page_id=24402","title":{"rendered":"Fotos und Beschreibung"},"content":{"rendered":"<p><strong>Abteilung Deutschland, Keramik 1860 \u2013 1960, Inventarnummer D\/XCVI\/1<\/strong><\/p>\n<p>Staatlich H\u00f6here Fachschule f\u00fcr Porzellan, vormals K\u00f6niglich-Bayerische Fachschule f\u00fcr Porzellan, Deutschland, Selb, um 1958, Vase, K\u00fcnstler unbekannt, Werks.-Nr. ohne, Exemplar Nr. ohne, gemarkt Firmenmarke mit Krone, darunter S, darunter Staatl. Fachschule Selb, blauer Stempel unter Glasur, nicht signiert, am 01.04.1909 wurde die K\u00f6niglich-Bayerische Fachschule f\u00fcr Porzellan gegr\u00fcndet, der erste Direktor war Prof. Fritz Klee, 1951 erfolgte die Umbenennung in Staatlich H\u00f6here Fachschule f\u00fcr Porzellan und 1959 in Johann Friedrich B\u00f6ttger Institut, H\u00f6he 24 cm, Breite 12 cm<\/p>\n<p><a href=\"http:\/\/museumek.eu\/?attachment_id=24392\" rel=\"attachment wp-att-24392\"><img loading=\"lazy\" src=\"http:\/\/museumek.eu\/wp-content\/uploads\/2013\/07\/Museum-Europ\u00e4ischer-Keramikkunst-3292-180x300.jpg\" alt=\"\" title=\"Museum Europ\u00e4ischer Keramikkunst 3292\" width=\"180\" height=\"300\" class=\"alignnone size-medium wp-image-24392\" srcset=\"http:\/\/museumek.eu\/wp-content\/uploads\/2013\/07\/Museum-Europ\u00e4ischer-Keramikkunst-3292-180x300.jpg 180w, http:\/\/museumek.eu\/wp-content\/uploads\/2013\/07\/Museum-Europ\u00e4ischer-Keramikkunst-3292-90x150.jpg 90w, http:\/\/museumek.eu\/wp-content\/uploads\/2013\/07\/Museum-Europ\u00e4ischer-Keramikkunst-3292.jpg 580w\" sizes=\"(max-width: 180px) 100vw, 180px\" \/><\/a><\/p>\n<p><a href=\"http:\/\/museumek.eu\/?attachment_id=24393\" rel=\"attachment wp-att-24393\"><img loading=\"lazy\" src=\"http:\/\/museumek.eu\/wp-content\/uploads\/2013\/07\/Museum-Europ\u00e4ischer-Keramikkunst-3293-148x300.jpg\" alt=\"\" title=\"Museum Europ\u00e4ischer Keramikkunst 3293\" width=\"148\" height=\"300\" class=\"alignnone size-medium wp-image-24393\" srcset=\"http:\/\/museumek.eu\/wp-content\/uploads\/2013\/07\/Museum-Europ\u00e4ischer-Keramikkunst-3293-148x300.jpg 148w, http:\/\/museumek.eu\/wp-content\/uploads\/2013\/07\/Museum-Europ\u00e4ischer-Keramikkunst-3293-74x150.jpg 74w, http:\/\/museumek.eu\/wp-content\/uploads\/2013\/07\/Museum-Europ\u00e4ischer-Keramikkunst-3293.jpg 428w\" sizes=\"(max-width: 148px) 100vw, 148px\" \/><\/a><\/p>\n<p><a href=\"http:\/\/museumek.eu\/?attachment_id=24394\" rel=\"attachment wp-att-24394\"><img loading=\"lazy\" src=\"http:\/\/museumek.eu\/wp-content\/uploads\/2013\/07\/Museum-Europ\u00e4ischer-Keramikkunst-3294-217x300.jpg\" alt=\"\" title=\"Museum Europ\u00e4ischer Keramikkunst 3294\" width=\"217\" height=\"300\" class=\"alignnone size-medium wp-image-24394\" srcset=\"http:\/\/museumek.eu\/wp-content\/uploads\/2013\/07\/Museum-Europ\u00e4ischer-Keramikkunst-3294-217x300.jpg 217w, http:\/\/museumek.eu\/wp-content\/uploads\/2013\/07\/Museum-Europ\u00e4ischer-Keramikkunst-3294-108x150.jpg 108w, http:\/\/museumek.eu\/wp-content\/uploads\/2013\/07\/Museum-Europ\u00e4ischer-Keramikkunst-3294.jpg 283w\" sizes=\"(max-width: 217px) 100vw, 217px\" \/><\/a><\/p>\n","protected":false},"excerpt":{"rendered":"<p>Abteilung Deutschland, Keramik 1860 \u2013 1960, Inventarnummer D\/XCVI\/1 Staatlich H\u00f6here Fachschule f\u00fcr Porzellan, vormals K\u00f6niglich-Bayerische Fachschule f\u00fcr Porzellan, Deutschland, Selb, um 1958, Vase, K\u00fcnstler unbekannt, Werks.-Nr. ohne, Exemplar Nr. ohne, gemarkt Firmenmarke mit Krone, darunter S, darunter Staatl. Fachschule Selb, &hellip; <a href=\"http:\/\/museumek.eu\/?page_id=24402\">Weiterlesen <span class=\"meta-nav\">&rarr;<\/span><\/a><\/p>\n","protected":false},"author":1,"featured_media":0,"parent":24399,"menu_order":1,"comment_status":"closed","ping_status":"open","template":"","meta":[],"_links":{"self":[{"href":"http:\/\/museumek.eu\/index.php?rest_route=\/wp\/v2\/pages\/24402"}],"collection":[{"href":"http:\/\/museumek.eu\/index.php?rest_route=\/wp\/v2\/pages"}],"about":[{"href":"http:\/\/museumek.eu\/index.php?rest_route=\/wp\/v2\/types\/page"}],"author":[{"embeddable":true,"href":"http:\/\/museumek.eu\/index.php?rest_route=\/wp\/v2\/users\/1"}],"replies":[{"embeddable":true,"href":"http:\/\/museumek.eu\/index.php?rest_route=%2Fwp%2Fv2%2Fcomments&post=24402"}],"version-history":[{"count":4,"href":"http:\/\/museumek.eu\/index.php?rest_route=\/wp\/v2\/pages\/24402\/revisions"}],"predecessor-version":[{"id":24406,"href":"http:\/\/museumek.eu\/index.php?rest_route=\/wp\/v2\/pages\/24402\/revisions\/24406"}],"up":[{"embeddable":true,"href":"http:\/\/museumek.eu\/index.php?rest_route=\/wp\/v2\/pages\/24399"}],"wp:attachment":[{"href":"http:\/\/museumek.eu\/index.php?rest_route=%2Fwp%2Fv2%2Fmedia&parent=24402"}],"curies":[{"name":"wp","href":"https:\/\/api.w.org\/{rel}","templated":true}]}}