{"id":2441,"date":"2011-08-23T01:16:41","date_gmt":"2011-08-22T23:16:41","guid":{"rendered":"http:\/\/museumek.eu\/?page_id=2441"},"modified":"2012-05-20T19:40:47","modified_gmt":"2012-05-20T17:40:47","slug":"fvii1","status":"publish","type":"page","link":"http:\/\/museumek.eu\/?page_id=2441","title":{"rendered":"F\/VII\/1"},"content":{"rendered":"<p><strong>Abteilung Frankreich, Keramik 1860 \u2013 1960, Inventarnummer F\/VII\/1<\/strong><\/p>\n<p>Manufaktur Soci\u00e8te Anonyme des Produits Ceramiques de Rambervillers (S.A.P.C.R),<br \/>\nJ.-B. A. Cyt\u00e8re, Frankreich, Rambervillers, um 1903, Vase mit L\u00fcsterglasur, K\u00fcnstler Jean-Baptiste Alphonse Cyt\u00e8re, Werks.-Nr. ohne, Exemplar Nr. ohne, gemarkt Pressstempel Unis France sowie A. Cytere, Rambervillers, nicht signiert, Ausf\u00fchrung in \u201eGr\u00e8s flamm\u00e9s, auf Silberbasis erzeugte L\u00fcsterglasur, nahmhafte Jugenstilk\u00fcnstler fertigten Entw\u00fcrfe f\u00fcr die Manufaktur z. B. Jacques Gruber, Charles Louis Eug\u00e8ne Virion und Louis Majorelle, Literatur: J. A. Schmoll genannt Eisenwerth und Helga Schmoll genannt Eisenwerth, Nancy 1900, Jugenstil in Lothringen, Ausstellung im M\u00fcnchner Stadtmuseum vom 28.08. bis 23.11. 1980, Seite 419, dort Manufakturbeschreibung, weitere Literatur: EdgarPelichet, Jugendstilkeramik, Seite 119, Manufaktur dort beschrieben, weitere Literatur: Ausstellung 21.08. \u2013 05.10. 1986, Hessisches Landesmuseum Darmstadt, Europ\u00e4ische Keramik 1880 \u2013 1930, Sammlung Silzer, Seite 154, Manufaktur dort beschrieben,<br \/>\nH\u00f6he 10,7 cm, Breite 13 cm<\/p>\n<p><a href=\"http:\/\/museumek.eu\/wp-content\/uploads\/2011\/08\/Vase-Cytere.jpg\"><img loading=\"lazy\" src=\"http:\/\/museumek.eu\/wp-content\/uploads\/2011\/08\/Vase-Cytere-300x284.jpg\" alt=\"\" title=\"Vase Cytere\" width=\"300\" height=\"284\" class=\"alignnone size-medium wp-image-2442\" srcset=\"http:\/\/museumek.eu\/wp-content\/uploads\/2011\/08\/Vase-Cytere-300x284.jpg 300w, http:\/\/museumek.eu\/wp-content\/uploads\/2011\/08\/Vase-Cytere-316x300.jpg 316w, http:\/\/museumek.eu\/wp-content\/uploads\/2011\/08\/Vase-Cytere.jpg 521w\" sizes=\"(max-width: 300px) 100vw, 300px\" \/><\/a><\/p>\n<p><a href=\"http:\/\/museumek.eu\/wp-content\/uploads\/2011\/08\/Vase-Cytere-1.jpg\"><img loading=\"lazy\" src=\"http:\/\/museumek.eu\/wp-content\/uploads\/2011\/08\/Vase-Cytere-1.jpg\" alt=\"\" title=\"Vase Cytere 1\" width=\"205\" height=\"258\" class=\"alignnone size-full wp-image-2447\" \/><\/a><\/p>\n","protected":false},"excerpt":{"rendered":"<p>Abteilung Frankreich, Keramik 1860 \u2013 1960, Inventarnummer F\/VII\/1 Manufaktur Soci\u00e8te Anonyme des Produits Ceramiques de Rambervillers (S.A.P.C.R), J.-B. A. Cyt\u00e8re, Frankreich, Rambervillers, um 1903, Vase mit L\u00fcsterglasur, K\u00fcnstler Jean-Baptiste Alphonse Cyt\u00e8re, Werks.-Nr. ohne, Exemplar Nr. ohne, gemarkt Pressstempel Unis France &hellip; <a href=\"http:\/\/museumek.eu\/?page_id=2441\">Weiterlesen <span class=\"meta-nav\">&rarr;<\/span><\/a><\/p>\n","protected":false},"author":1,"featured_media":0,"parent":2438,"menu_order":1,"comment_status":"closed","ping_status":"closed","template":"","meta":[],"_links":{"self":[{"href":"http:\/\/museumek.eu\/index.php?rest_route=\/wp\/v2\/pages\/2441"}],"collection":[{"href":"http:\/\/museumek.eu\/index.php?rest_route=\/wp\/v2\/pages"}],"about":[{"href":"http:\/\/museumek.eu\/index.php?rest_route=\/wp\/v2\/types\/page"}],"author":[{"embeddable":true,"href":"http:\/\/museumek.eu\/index.php?rest_route=\/wp\/v2\/users\/1"}],"replies":[{"embeddable":true,"href":"http:\/\/museumek.eu\/index.php?rest_route=%2Fwp%2Fv2%2Fcomments&post=2441"}],"version-history":[{"count":7,"href":"http:\/\/museumek.eu\/index.php?rest_route=\/wp\/v2\/pages\/2441\/revisions"}],"predecessor-version":[{"id":9791,"href":"http:\/\/museumek.eu\/index.php?rest_route=\/wp\/v2\/pages\/2441\/revisions\/9791"}],"up":[{"embeddable":true,"href":"http:\/\/museumek.eu\/index.php?rest_route=\/wp\/v2\/pages\/2438"}],"wp:attachment":[{"href":"http:\/\/museumek.eu\/index.php?rest_route=%2Fwp%2Fv2%2Fmedia&parent=2441"}],"curies":[{"name":"wp","href":"https:\/\/api.w.org\/{rel}","templated":true}]}}