{"id":24431,"date":"2013-07-07T14:35:44","date_gmt":"2013-07-07T12:35:44","guid":{"rendered":"http:\/\/museumek.eu\/?page_id=24431"},"modified":"2021-05-29T10:33:55","modified_gmt":"2021-05-29T08:33:55","slug":"dxiii3","status":"publish","type":"page","link":"http:\/\/museumek.eu\/?page_id=24431","title":{"rendered":"D\/XIII\/3"},"content":{"rendered":"<p><strong>Abteilung Deutschland, Keramik 1860 \u2013 1960, Inventarnummer D\/XIII\/3<\/strong><\/p>\n<p>Porzellanfabriken Lorenz Hutschenreuther AG, vormals Porzellanfabrik Lorenz Hutschenreuther, Deutschland, Selb, um 1900, Teller, K\u00fcnstler unbekannt, Werks.-Nr. ohne, Exemplar Nr. ohne, gemarkt Firmenmarke LHR in einem Kreis (Marke f\u00fcr die Zeit von 1873 bis ca. 1920) sowie 18 gepresst, 32000 sowie 1281 rotbraun auf Glasur gemalt, nicht signiert, Literatur: J. G. Th. Graesse und E. Jaennicke, F\u00fchrer f\u00fcr Sammler von Porzellan und Fayence, Steinzeug, Steingut usw., Seite 509, Marke Nr. 7 identisch (dort mit Schriftzug Germany), weitere Literatur: Emanuel Poche, Porzellanmarken, Marke 1443 identisch, weitere Literatur: Gustav Wei\u00df, Ullstein Porzellanbuch, Seite 302, Beschreibung der Fabrik sowie Marke Nr. 6 identisch, weitere Literatur: Dieter Z\u00fchlsdorf, Markenlexikon, Porzellan und Keramik Report 1885 -1935, Band 1, Seite 94, Werk-Teil 1., Gruppennummer des Werkteils 1., laufende Nummer innerhalb der Gruppe 1934, identische Marke (dort f\u00fcr die Zeit 1870 &#8211; 1887 als Pressmarke, dort ab 1888 als Farbstempel in gr\u00fcn, dort 1887 Marke registriert beim Kgl. Bay. Amtsgericht in Selb, bezieht sich wohl auf die gr\u00fcne Stempelmarke), Anm. MEK: evtl. wurde die Weissware bereits im Zeitraum 1870 bis 1887 hergestellt, das Jugendstildekor des Tellers weisst auf eine Bemalung um\/nach 1900 hin sowie Seite 610, Werk-Teil 3. laufende Nummer des Werkteils 1178, dort Beschreibung der Fabrik, weitere Literatur: Otto Pelka, Keramik der Neuzeit, Markentafel IX, Markenkasten Mr. 139 dort Abbildung der Kreismarke (zus\u00e4tzlich Bavaria sowie Hutschenreuther Selb), Seite 212, Herstellerverzeichnis, Selb, Porzellanfabriken Lorenz Hutschenreuther AG, 139 sowie Seite 218, Namenverzeichnis, Hutschenreuther, Lorenz, 66, M 139, 1856 gr\u00fcndete der Sohn des Porzellanfabrikanten Carolus (Carl) Magnus Hutschenreuther, Porzellanfabrikant in Hohenberg an der Eger, Lorenz Hutschenreuther (geb. 1817, gest. 1886), der vormals in der v\u00e4terlichen Fabrik t\u00e4tig war, die Porzellanfabrik Lorenz Hutschenreuther, die erste Produktionsst\u00e4tte befand sich in der Ludwigsm\u00fchle in Selb, dann wurde eine neue Fabrik gebaut, die 1859 in Betrieb genommen wurde, 1864 wurde die Fabrik erweitert und der Schwager Hans Pabst als Teilhaber aufgenommen, Lorenz Hutschenreuther zog sich 1877 aus der Fabrik zur\u00fcck und seine S\u00f6hne Viktor Hutschenreuther (geb. 1854, gest. 1907) und Eugen Hutschenreuther (geb. 1860, gest. 1899) \u00fcbernahmen zusammen mit Hans Pabst, die Leitung der Fabrik, ab 1880 arbeitete Leopold Gmelin als k\u00fcnstlerischer Leiter in der Fabrik, bis zum Anfang der 1880&#8217;ziger Jahre wurde nur weisses Gebrauchsgeschirr hergestellt, dann wurde auch fein dekoriertes Tafelgeschirr und Hotelporzellan hergestellt, 1902 wurde die Fabrik in eine AG umgewandelt und firmierte als Porzellanfabriken Lorenz Hutschenreuther AG, beteiligt war das Meininger Bankhaus Strupp, 1906 wurde die Porzellanfabrik J\u00e4ger, Werner &#038; Co. \u00fcbernommen, interne Bezeichnung f\u00fcr diese Fabrik &#8222;Abteilung B&#8220;, 1917 wurde die Porzellanfabrik Paul M\u00fcller in Selb \u00fcbernommen und eine Kunstabteilung gegr\u00fcndet, die in der ehemaligen M\u00fcller&#8216; schen Fabrik produzierte, die Lorenz Hutschenreuther Fabriken konnten das Kaolin aus den eigenen Gruben in Fischern (B\u00f6hmen) nutzen, 1927 wurde die Porzellanfabrik Tirschenreuth zugekauft, wohl ungef\u00e4hr zur gleichen Zeit, die Porzellanfabrik Gebr. Bauscher, 1928 wurde die Porzellanfabrik K\u00f6nigszelt AG zugekauft, 1930 erwarb die Fabrik von der Mei\u00dfner Ofen- und Porzellanfabrik, vorm. C. Teichert, die Formen &#8222;Neuer Ausschnitt&#8220; und &#8222;Brandenstein&#8220; sowie Dekorkopien &#8222;Zwiebelmuster&#8220; und &#8222;Alt-Meissner Blumen&#8220;, 1969 \u00fcbernahm die Fabrik die Aktienmehrheit der C. M. Hutschenreuther AG, 1972 Fusion mit der Kahla AG, siehe auch MEK D\/XIII\/2 weiterer Teller aus diesem Service, Durchmesser 19 cm<\/p>\n<p><a href=\"http:\/\/museumek.eu\/?attachment_id=24432\" rel=\"attachment wp-att-24432\"><img loading=\"lazy\" src=\"http:\/\/museumek.eu\/wp-content\/uploads\/2013\/07\/Museum-Europ\u00e4ischer-Keramikkunst-2831-300x296.jpg\" alt=\"\" title=\"Museum Europ\u00e4ischer Keramikkunst 2831\" width=\"300\" height=\"296\" class=\"alignnone size-medium wp-image-24432\" srcset=\"http:\/\/museumek.eu\/wp-content\/uploads\/2013\/07\/Museum-Europ\u00e4ischer-Keramikkunst-2831-300x296.jpg 300w, http:\/\/museumek.eu\/wp-content\/uploads\/2013\/07\/Museum-Europ\u00e4ischer-Keramikkunst-2831-150x148.jpg 150w, http:\/\/museumek.eu\/wp-content\/uploads\/2013\/07\/Museum-Europ\u00e4ischer-Keramikkunst-2831-303x300.jpg 303w, http:\/\/museumek.eu\/wp-content\/uploads\/2013\/07\/Museum-Europ\u00e4ischer-Keramikkunst-2831.jpg 730w\" sizes=\"(max-width: 300px) 100vw, 300px\" \/><\/a><\/p>\n<p><a href=\"http:\/\/museumek.eu\/?attachment_id=24433\" rel=\"attachment wp-att-24433\"><img loading=\"lazy\" src=\"http:\/\/museumek.eu\/wp-content\/uploads\/2013\/07\/Museum-Europ\u00e4ischer-Keramikkunst-2832-300x239.jpg\" alt=\"\" title=\"Museum Europ\u00e4ischer Keramikkunst 2832\" width=\"300\" height=\"239\" class=\"alignnone size-medium wp-image-24433\" srcset=\"http:\/\/museumek.eu\/wp-content\/uploads\/2013\/07\/Museum-Europ\u00e4ischer-Keramikkunst-2832-300x239.jpg 300w, http:\/\/museumek.eu\/wp-content\/uploads\/2013\/07\/Museum-Europ\u00e4ischer-Keramikkunst-2832-150x119.jpg 150w, http:\/\/museumek.eu\/wp-content\/uploads\/2013\/07\/Museum-Europ\u00e4ischer-Keramikkunst-2832-376x300.jpg 376w, http:\/\/museumek.eu\/wp-content\/uploads\/2013\/07\/Museum-Europ\u00e4ischer-Keramikkunst-2832.jpg 463w\" sizes=\"(max-width: 300px) 100vw, 300px\" \/><\/a><\/p>\n","protected":false},"excerpt":{"rendered":"<p>Abteilung Deutschland, Keramik 1860 \u2013 1960, Inventarnummer D\/XIII\/3 Porzellanfabriken Lorenz Hutschenreuther AG, vormals Porzellanfabrik Lorenz Hutschenreuther, Deutschland, Selb, um 1900, Teller, K\u00fcnstler unbekannt, Werks.-Nr. ohne, Exemplar Nr. ohne, gemarkt Firmenmarke LHR in einem Kreis (Marke f\u00fcr die Zeit von 1873 &hellip; <a href=\"http:\/\/museumek.eu\/?page_id=24431\">Weiterlesen <span class=\"meta-nav\">&rarr;<\/span><\/a><\/p>\n","protected":false},"author":1,"featured_media":0,"parent":2053,"menu_order":3,"comment_status":"closed","ping_status":"open","template":"","meta":[],"_links":{"self":[{"href":"http:\/\/museumek.eu\/index.php?rest_route=\/wp\/v2\/pages\/24431"}],"collection":[{"href":"http:\/\/museumek.eu\/index.php?rest_route=\/wp\/v2\/pages"}],"about":[{"href":"http:\/\/museumek.eu\/index.php?rest_route=\/wp\/v2\/types\/page"}],"author":[{"embeddable":true,"href":"http:\/\/museumek.eu\/index.php?rest_route=\/wp\/v2\/users\/1"}],"replies":[{"embeddable":true,"href":"http:\/\/museumek.eu\/index.php?rest_route=%2Fwp%2Fv2%2Fcomments&post=24431"}],"version-history":[{"count":6,"href":"http:\/\/museumek.eu\/index.php?rest_route=\/wp\/v2\/pages\/24431\/revisions"}],"predecessor-version":[{"id":57256,"href":"http:\/\/museumek.eu\/index.php?rest_route=\/wp\/v2\/pages\/24431\/revisions\/57256"}],"up":[{"embeddable":true,"href":"http:\/\/museumek.eu\/index.php?rest_route=\/wp\/v2\/pages\/2053"}],"wp:attachment":[{"href":"http:\/\/museumek.eu\/index.php?rest_route=%2Fwp%2Fv2%2Fmedia&parent=24431"}],"curies":[{"name":"wp","href":"https:\/\/api.w.org\/{rel}","templated":true}]}}